{"id":3435,"date":"2022-06-01T13:48:31","date_gmt":"2022-06-01T12:48:31","guid":{"rendered":"https:\/\/verkeer.site\/?page_id=3435"},"modified":"2022-06-01T15:06:38","modified_gmt":"2022-06-01T14:06:38","slug":"fietsers-voetgangers-alcohol","status":"publish","type":"page","link":"https:\/\/verkeer.site\/ro\/fietsers-voetgangers-alcohol\/","title":{"rendered":"Bicicli\u0219tii, pietonii \u0219i alcoolul"},"content":{"rendered":"<div data-elementor-type=\"wp-page\" data-elementor-id=\"3435\" class=\"elementor elementor-3435\" data-elementor-post-type=\"page\">\n\t\t\t\t\t\t<div class=\"elementor-section elementor-top-section elementor-element elementor-element-ce48caf elementor-section-boxed elementor-section-height-default elementor-section-height-default\" data-id=\"ce48caf\" data-element_type=\"section\" data-settings=\"{&quot;background_background&quot;:&quot;classic&quot;,&quot;background_motion_fx_motion_fx_scrolling&quot;:&quot;yes&quot;,&quot;background_motion_fx_translateY_effect&quot;:&quot;yes&quot;,&quot;background_motion_fx_translateY_speed&quot;:{&quot;unit&quot;:&quot;px&quot;,&quot;size&quot;:4,&quot;sizes&quot;:[]},&quot;background_motion_fx_translateY_affectedRange&quot;:{&quot;unit&quot;:&quot;%&quot;,&quot;size&quot;:&quot;&quot;,&quot;sizes&quot;:{&quot;start&quot;:0,&quot;end&quot;:100}},&quot;background_motion_fx_devices&quot;:[&quot;desktop&quot;,&quot;laptop&quot;,&quot;tablet&quot;,&quot;mobile_extra&quot;,&quot;mobile&quot;]}\">\n\t\t\t\t\t\t\t<div class=\"elementor-background-overlay\"><\/div>\n\t\t\t\t\t\t\t<div class=\"elementor-container elementor-column-gap-default\">\n\t\t\t\t\t<div class=\"elementor-column elementor-col-100 elementor-top-column elementor-element elementor-element-c2bcda1\" data-id=\"c2bcda1\" data-element_type=\"column\">\n\t\t\t<div class=\"elementor-widget-wrap elementor-element-populated\">\n\t\t\t\t\t\t<div class=\"elementor-element elementor-element-7b5354e elementor-widget elementor-widget-heading\" data-id=\"7b5354e\" data-element_type=\"widget\" data-widget_type=\"heading.default\">\n\t\t\t\t<div class=\"elementor-widget-container\">\n\t\t\t\t\t<h2 class=\"elementor-heading-title elementor-size-default\">Bicicli\u0219tii, pietonii \u0219i alcoolul<\/h2>\t\t\t\t<\/div>\n\t\t\t\t<\/div>\n\t\t\t\t\t<\/div>\n\t\t<\/div>\n\t\t\t\t\t<\/div>\n\t\t<\/div>\n\t\t\t\t<div class=\"elementor-section elementor-top-section elementor-element elementor-element-c023ed4 elementor-section-boxed elementor-section-height-default elementor-section-height-default\" data-id=\"c023ed4\" data-element_type=\"section\">\n\t\t\t\t\t\t<div class=\"elementor-container elementor-column-gap-default\">\n\t\t\t\t\t<div class=\"elementor-column elementor-col-100 elementor-top-column elementor-element elementor-element-a4eee03\" data-id=\"a4eee03\" data-element_type=\"column\">\n\t\t\t<div class=\"elementor-widget-wrap elementor-element-populated\">\n\t\t\t\t\t\t<div class=\"elementor-element elementor-element-1eeebe7 elementor-invisible elementor-widget elementor-widget-text-editor\" data-id=\"1eeebe7\" data-element_type=\"widget\" data-settings=\"{&quot;_animation&quot;:&quot;fadeInUp&quot;}\" data-widget_type=\"text-editor.default\">\n\t\t\t\t<div class=\"elementor-widget-container\">\n\t\t\t\t\t\t\t\t\tProcentele de alcoolemie fac astfel o distinc\u021bie \u00eentre conduc\u0103torii \u00eencep\u0103tori de autovehicule \u0219i (al\u021bi) conduc\u0103tori de vehicule. Ce se \u00een\u021belege prin vehicul nu este explicat \u00een lege, dar din explica\u021bia legii reiese c\u0103 sensul poate fi dedus din vorbire. Un vehicul ar putea fi orice lucru care se deplaseaz\u0103. A\u0219adar, chiar dac\u0103 merge\u021bi pe biciclet\u0103 \u00een stare de ebrietate, pute\u021bi fi pedepsit. Prin urmare, \u00een calitate de biciclist, sunte\u021bi pasibil de pedeaps\u0103 dac\u0103 ave\u021bi mai mult de 220 micrograme de alcool pe aer expirat sau mai mult de 0,5 mililitri de alcool pe mililitru de s\u00e2nge.\t\t\t\t\t\t\t\t<\/div>\n\t\t\t\t<\/div>\n\t\t\t\t<div class=\"elementor-element elementor-element-c687e5d elementor-widget elementor-widget-image\" data-id=\"c687e5d\" data-element_type=\"widget\" data-widget_type=\"image.default\">\n\t\t\t\t<div class=\"elementor-widget-container\">\n\t\t\t\t\t\t\t\t\t\t\t\t\t\t\t<img fetchpriority=\"high\" decoding=\"async\" width=\"1920\" height=\"682\" src=\"https:\/\/verkeer.site\/wp-content\/uploads\/2018\/05\/Crossroad.jpg\" class=\"attachment-full size-full wp-image-1988\" alt=\"Fietsers, voetgangers &amp; alcohol\" srcset=\"https:\/\/verkeer.site\/wp-content\/uploads\/2018\/05\/Crossroad.jpg 1920w, https:\/\/verkeer.site\/wp-content\/uploads\/2018\/05\/Crossroad-300x107.jpg 300w, https:\/\/verkeer.site\/wp-content\/uploads\/2018\/05\/Crossroad-768x273.jpg 768w, https:\/\/verkeer.site\/wp-content\/uploads\/2018\/05\/Crossroad-1024x364.jpg 1024w, https:\/\/verkeer.site\/wp-content\/uploads\/2018\/05\/Crossroad-1670x593.jpg 1670w, https:\/\/verkeer.site\/wp-content\/uploads\/2018\/05\/Crossroad-880x313.jpg 880w, https:\/\/verkeer.site\/wp-content\/uploads\/2018\/05\/Crossroad-450x160.jpg 450w\" sizes=\"(max-width: 1920px) 100vw, 1920px\" \/>\t\t\t\t\t\t\t\t\t\t\t\t\t\t\t<\/div>\n\t\t\t\t<\/div>\n\t\t\t\t<div class=\"elementor-element elementor-element-c4fe150 elementor-invisible elementor-widget elementor-widget-text-editor\" data-id=\"c4fe150\" data-element_type=\"widget\" data-settings=\"{&quot;_animation&quot;:&quot;fadeInUp&quot;}\" data-widget_type=\"text-editor.default\">\n\t\t\t\t<div class=\"elementor-widget-container\">\n\t\t\t\t\t\t\t\t\tTo\u021bi participan\u021bii la trafic, inclusiv bicicli\u0219tii \u0219i pietonii, trebuie, desigur, s\u0103 se comporte astfel \u00eenc\u00e2t s\u0103 nu constituie un pericol pentru ceilal\u021bi sau s\u0103 nu obstruc\u021bioneze (sau s\u0103 nu fie susceptibili de a obstruc\u021biona) traficul rutier. Dac\u0103 se comport\u0103 \u00eentr-un mod periculos sau dac\u0103 traficul poate fi \u00eengreunat din cauza comportamentului lor, atunci legea este \u00eenc\u0103lcat\u0103 \u0219i persoana respectiv\u0103 este pasibil\u0103 de pedeaps\u0103. \u00cen plus, oricine provoac\u0103 accidente \u00een trafic care au ca rezultat v\u0103t\u0103marea corporal\u0103 sau moartea unei alte persoane este pasibil de pedeaps\u0103. Chiar \u0219i atunci c\u00e2nd merge\u021bi pe biciclet\u0103 sau pe jos, pute\u021bi fi un pericol pentru ceilal\u021bi participan\u021bi la trafic \u0219i, cu siguran\u021b\u0103, cu c\u00e2teva ochelari pe cap. A\u0219adar, \u00een calitate de biciclist sau pieton, pute\u021bi fi, de asemenea, pasibil de pedeaps\u0103 dac\u0103 reprezenta\u021bi un pericol pentru ceilal\u021bi sau dac\u0103 provoca\u021bi un accident care are ca rezultat v\u0103t\u0103marea corporal\u0103 sau moartea altei persoane.\t\t\t\t\t\t\t\t<\/div>\n\t\t\t\t<\/div>\n\t\t\t\t\t<\/div>\n\t\t<\/div>\n\t\t\t\t\t<\/div>\n\t\t<\/div>\n\t\t\t\t<div class=\"elementor-section elementor-top-section elementor-element elementor-element-af547d3 elementor-section-boxed elementor-section-height-default elementor-section-height-default\" data-id=\"af547d3\" data-element_type=\"section\" data-settings=\"{&quot;background_background&quot;:&quot;classic&quot;}\">\n\t\t\t\t\t\t<div class=\"elementor-container elementor-column-gap-default\">\n\t\t\t\t\t<div class=\"elementor-column elementor-col-66 elementor-top-column elementor-element elementor-element-ddfcaa7\" data-id=\"ddfcaa7\" data-element_type=\"column\">\n\t\t\t<div class=\"elementor-widget-wrap elementor-element-populated\">\n\t\t\t\t\t\t<div class=\"elementor-element elementor-element-5f82a45 elementor-widget elementor-widget-text-editor\" data-id=\"5f82a45\" data-element_type=\"widget\" data-widget_type=\"text-editor.default\">\n\t\t\t\t<div class=\"elementor-widget-container\">\n\t\t\t\t\t\t\t\t\t<p>Ave\u021bi nevoie de un avocat pentru dreptul penal de circula\u021bie?<br \/>V\u0103 rug\u0103m s\u0103 ne contacta\u021bi la num\u0103rul de telefon +31 40 369 06 80 sau s\u0103 ne trimite\u021bi un e-mail la:<br \/>Tom Meevis, avocat la Law &amp; More - tom.meevis@lawandmore.nl<br \/>Domnul Maxim Hodak, avocat la Law &amp; More - maxim.hodak@lawandmore.nl<\/p>\t\t\t\t\t\t\t\t<\/div>\n\t\t\t\t<\/div>\n\t\t\t\t\t<\/div>\n\t\t<\/div>\n\t\t\t\t<div class=\"elementor-column elementor-col-33 elementor-top-column elementor-element elementor-element-11ccdb2\" data-id=\"11ccdb2\" data-element_type=\"column\">\n\t\t\t<div class=\"elementor-widget-wrap elementor-element-populated\">\n\t\t\t\t\t\t<div class=\"elementor-element elementor-element-330a0af elementor-align-center elementor-mobile-align-left elementor-invisible elementor-widget elementor-widget-button\" data-id=\"330a0af\" data-element_type=\"widget\" data-settings=\"{&quot;_animation&quot;:&quot;fadeInUp&quot;,&quot;_animation_delay&quot;:500}\" data-widget_type=\"button.default\">\n\t\t\t\t<div class=\"elementor-widget-container\">\n\t\t\t\t\t\t\t\t\t<div class=\"elementor-button-wrapper\">\n\t\t\t\t\t<a class=\"elementor-button elementor-button-link elementor-size-md\" href=\"https:\/\/verkeer.site\/ro\/contact\/\">\n\t\t\t\t\t\t<span class=\"elementor-button-content-wrapper\">\n\t\t\t\t\t\t\t\t\t<span class=\"elementor-button-text\">CONTACTA\u021aI-NE<\/span>\n\t\t\t\t\t<\/span>\n\t\t\t\t\t<\/a>\n\t\t\t\t<\/div>\n\t\t\t\t\t\t\t\t<\/div>\n\t\t\t\t<\/div>\n\t\t\t\t\t<\/div>\n\t\t<\/div>\n\t\t\t\t\t<\/div>\n\t\t<\/div>\n\t\t\t\t<\/div>","protected":false},"excerpt":{"rendered":"<p>Bicicli\u0219tii, pietonii \u0219i alcoolul Astfel, ratele de alcoolemie fac distinc\u021bia \u00eentre conduc\u0103torii de autovehicule \u00eencep\u0103tori \u0219i (al\u021bi) conduc\u0103tori de autovehicule. Ce se \u00een\u021belege prin vehicul nu este explicat \u00een lege, ci din explica\u021biile [...]<\/p>","protected":false},"author":1,"featured_media":3105,"parent":0,"menu_order":0,"comment_status":"closed","ping_status":"closed","template":"","meta":{"footnotes":""},"class_list":["post-3435","page","type-page","status-publish","has-post-thumbnail","hentry"],"yoast_head":"<!-- This site is optimized with the Yoast SEO plugin v25.6 - https:\/\/yoast.com\/wordpress\/plugins\/seo\/ -->\n<title>Fietsers, voetgangers &amp; alcohol - Verkeer.site<\/title>\n<meta name=\"description\" content=\"Bij de alcoholpercentages wordt dus een onderscheid gemaakt tussen beginnende bestuurders van motorrijtuigen en (andere) bestuurders...\" \/>\n<meta name=\"robots\" content=\"index, follow, max-snippet:-1, max-image-preview:large, max-video-preview:-1\" \/>\n<link rel=\"canonical\" href=\"https:\/\/verkeer.site\/ro\/fietsers-voetgangers-alcohol\/\" \/>\n<meta property=\"og:locale\" content=\"ro_RO\" \/>\n<meta property=\"og:type\" content=\"article\" \/>\n<meta property=\"og:title\" content=\"Fietsers, voetgangers &amp; alcohol - Verkeer.site\" \/>\n<meta property=\"og:description\" content=\"Bij de alcoholpercentages wordt dus een onderscheid gemaakt tussen beginnende bestuurders van motorrijtuigen en (andere) bestuurders...\" \/>\n<meta property=\"og:url\" content=\"https:\/\/verkeer.site\/ro\/fietsers-voetgangers-alcohol\/\" \/>\n<meta property=\"og:site_name\" content=\"Verkeer.site\" \/>\n<meta property=\"article:publisher\" content=\"https:\/\/www.facebook.com\/LawAndMoreNl\" \/>\n<meta property=\"article:modified_time\" content=\"2022-06-01T14:06:38+00:00\" \/>\n<meta property=\"og:image\" content=\"https:\/\/verkeer.site\/wp-content\/uploads\/2022\/06\/police-1.jpg\" \/>\n\t<meta property=\"og:image:width\" content=\"960\" \/>\n\t<meta property=\"og:image:height\" content=\"720\" \/>\n\t<meta property=\"og:image:type\" content=\"image\/jpeg\" \/>\n<meta name=\"twitter:card\" content=\"summary_large_image\" \/>\n<meta name=\"twitter:site\" content=\"@LawandMorenl\" \/>\n<meta name=\"twitter:label1\" content=\"Est. reading time\" \/>\n\t<meta name=\"twitter:data1\" content=\"2 minutes\" \/>\n<script type=\"application\/ld+json\" class=\"yoast-schema-graph\">{\"@context\":\"https:\/\/schema.org\",\"@graph\":[{\"@type\":\"WebPage\",\"@id\":\"https:\/\/verkeer.site\/fietsers-voetgangers-alcohol\/\",\"url\":\"https:\/\/verkeer.site\/fietsers-voetgangers-alcohol\/\",\"name\":\"Fietsers, voetgangers & alcohol - Verkeer.site\",\"isPartOf\":{\"@id\":\"https:\/\/verkeer.site\/#website\"},\"primaryImageOfPage\":{\"@id\":\"https:\/\/verkeer.site\/fietsers-voetgangers-alcohol\/#primaryimage\"},\"image\":{\"@id\":\"https:\/\/verkeer.site\/fietsers-voetgangers-alcohol\/#primaryimage\"},\"thumbnailUrl\":\"https:\/\/verkeer.site\/wp-content\/uploads\/2022\/06\/police-1.jpg\",\"datePublished\":\"2022-06-01T12:48:31+00:00\",\"dateModified\":\"2022-06-01T14:06:38+00:00\",\"description\":\"Bij de alcoholpercentages wordt dus een onderscheid gemaakt tussen beginnende bestuurders van motorrijtuigen en (andere) bestuurders...\",\"breadcrumb\":{\"@id\":\"https:\/\/verkeer.site\/fietsers-voetgangers-alcohol\/#breadcrumb\"},\"inLanguage\":\"ro-RO\",\"potentialAction\":[{\"@type\":\"ReadAction\",\"target\":[\"https:\/\/verkeer.site\/fietsers-voetgangers-alcohol\/\"]}]},{\"@type\":\"ImageObject\",\"inLanguage\":\"ro-RO\",\"@id\":\"https:\/\/verkeer.site\/fietsers-voetgangers-alcohol\/#primaryimage\",\"url\":\"https:\/\/verkeer.site\/wp-content\/uploads\/2022\/06\/police-1.jpg\",\"contentUrl\":\"https:\/\/verkeer.site\/wp-content\/uploads\/2022\/06\/police-1.jpg\",\"width\":960,\"height\":720,\"caption\":\"police-1\"},{\"@type\":\"BreadcrumbList\",\"@id\":\"https:\/\/verkeer.site\/fietsers-voetgangers-alcohol\/#breadcrumb\",\"itemListElement\":[{\"@type\":\"ListItem\",\"position\":1,\"name\":\"Home\",\"item\":\"https:\/\/verkeer.site\/\"},{\"@type\":\"ListItem\",\"position\":2,\"name\":\"Fietsers, voetgangers &#038; alcohol\"}]},{\"@type\":\"WebSite\",\"@id\":\"https:\/\/verkeer.site\/#website\",\"url\":\"https:\/\/verkeer.site\/\",\"name\":\"Verkeer.site\",\"description\":\"Advocaten Verkeersstrafrecht\",\"publisher\":{\"@id\":\"https:\/\/verkeer.site\/#organization\"},\"potentialAction\":[{\"@type\":\"SearchAction\",\"target\":{\"@type\":\"EntryPoint\",\"urlTemplate\":\"https:\/\/verkeer.site\/?s={search_term_string}\"},\"query-input\":{\"@type\":\"PropertyValueSpecification\",\"valueRequired\":true,\"valueName\":\"search_term_string\"}}],\"inLanguage\":\"ro-RO\"},{\"@type\":\"Organization\",\"@id\":\"https:\/\/verkeer.site\/#organization\",\"name\":\"Law & More B.V.\",\"url\":\"https:\/\/verkeer.site\/\",\"logo\":{\"@type\":\"ImageObject\",\"inLanguage\":\"ro-RO\",\"@id\":\"https:\/\/verkeer.site\/#\/schema\/logo\/image\/\",\"url\":\"https:\/\/verkeer.site\/wp-content\/uploads\/2019\/04\/lawmore_logo_LM_only_copy.jpg\",\"contentUrl\":\"https:\/\/verkeer.site\/wp-content\/uploads\/2019\/04\/lawmore_logo_LM_only_copy.jpg\",\"width\":665,\"height\":665,\"caption\":\"Law & More B.V.\"},\"image\":{\"@id\":\"https:\/\/verkeer.site\/#\/schema\/logo\/image\/\"},\"sameAs\":[\"https:\/\/www.facebook.com\/LawAndMoreNl\",\"https:\/\/x.com\/LawandMorenl\",\"https:\/\/www.instagram.com\/lawandmore\/\",\"https:\/\/nl.linkedin.com\/company\/5339401\"]}]}<\/script>\n<!-- \/ Yoast SEO plugin. -->","yoast_head_json":{"title":"Bicicli\u0219tii, pietonii \u0219i alcoolul - Verkeer.site","description":"\u00cen procentele de alcool, se face astfel o distinc\u021bie \u00eentre \u0219oferii \u00eencep\u0103tori de autovehicule \u0219i (al\u021bi) \u0219oferi...","robots":{"index":"index","follow":"follow","max-snippet":"max-snippet:-1","max-image-preview":"max-image-preview:large","max-video-preview":"max-video-preview:-1"},"canonical":"https:\/\/verkeer.site\/ro\/fietsers-voetgangers-alcohol\/","og_locale":"ro_RO","og_type":"article","og_title":"Fietsers, voetgangers & alcohol - Verkeer.site","og_description":"Bij de alcoholpercentages wordt dus een onderscheid gemaakt tussen beginnende bestuurders van motorrijtuigen en (andere) bestuurders...","og_url":"https:\/\/verkeer.site\/ro\/fietsers-voetgangers-alcohol\/","og_site_name":"Verkeer.site","article_publisher":"https:\/\/www.facebook.com\/LawAndMoreNl","article_modified_time":"2022-06-01T14:06:38+00:00","og_image":[{"width":960,"height":720,"url":"https:\/\/verkeer.site\/wp-content\/uploads\/2022\/06\/police-1.jpg","type":"image\/jpeg"}],"twitter_card":"summary_large_image","twitter_site":"@LawandMorenl","twitter_misc":{"Est. reading time":"2 minutes"},"schema":{"@context":"https:\/\/schema.org","@graph":[{"@type":"WebPage","@id":"https:\/\/verkeer.site\/fietsers-voetgangers-alcohol\/","url":"https:\/\/verkeer.site\/fietsers-voetgangers-alcohol\/","name":"Bicicli\u0219tii, pietonii \u0219i alcoolul - Verkeer.site","isPartOf":{"@id":"https:\/\/verkeer.site\/#website"},"primaryImageOfPage":{"@id":"https:\/\/verkeer.site\/fietsers-voetgangers-alcohol\/#primaryimage"},"image":{"@id":"https:\/\/verkeer.site\/fietsers-voetgangers-alcohol\/#primaryimage"},"thumbnailUrl":"https:\/\/verkeer.site\/wp-content\/uploads\/2022\/06\/police-1.jpg","datePublished":"2022-06-01T12:48:31+00:00","dateModified":"2022-06-01T14:06:38+00:00","description":"\u00cen procentele de alcool, se face astfel o distinc\u021bie \u00eentre \u0219oferii \u00eencep\u0103tori de autovehicule \u0219i (al\u021bi) \u0219oferi...","breadcrumb":{"@id":"https:\/\/verkeer.site\/fietsers-voetgangers-alcohol\/#breadcrumb"},"inLanguage":"ro-RO","potentialAction":[{"@type":"ReadAction","target":["https:\/\/verkeer.site\/fietsers-voetgangers-alcohol\/"]}]},{"@type":"ImageObject","inLanguage":"ro-RO","@id":"https:\/\/verkeer.site\/fietsers-voetgangers-alcohol\/#primaryimage","url":"https:\/\/verkeer.site\/wp-content\/uploads\/2022\/06\/police-1.jpg","contentUrl":"https:\/\/verkeer.site\/wp-content\/uploads\/2022\/06\/police-1.jpg","width":960,"height":720,"caption":"police-1"},{"@type":"BreadcrumbList","@id":"https:\/\/verkeer.site\/fietsers-voetgangers-alcohol\/#breadcrumb","itemListElement":[{"@type":"ListItem","position":1,"name":"Home","item":"https:\/\/verkeer.site\/"},{"@type":"ListItem","position":2,"name":"Fietsers, voetgangers &#038; alcohol"}]},{"@type":"WebSite","@id":"https:\/\/verkeer.site\/#website","url":"https:\/\/verkeer.site\/","name":"Trafic.site","description":"Trafic Penal Avoca\u021bi","publisher":{"@id":"https:\/\/verkeer.site\/#organization"},"potentialAction":[{"@type":"SearchAction","target":{"@type":"EntryPoint","urlTemplate":"https:\/\/verkeer.site\/?s={search_term_string}"},"query-input":{"@type":"PropertyValueSpecification","valueRequired":true,"valueName":"search_term_string"}}],"inLanguage":"ro-RO"},{"@type":"Organization","@id":"https:\/\/verkeer.site\/#organization","name":"Law &amp; More B.V.","url":"https:\/\/verkeer.site\/","logo":{"@type":"ImageObject","inLanguage":"ro-RO","@id":"https:\/\/verkeer.site\/#\/schema\/logo\/image\/","url":"https:\/\/verkeer.site\/wp-content\/uploads\/2019\/04\/lawmore_logo_LM_only_copy.jpg","contentUrl":"https:\/\/verkeer.site\/wp-content\/uploads\/2019\/04\/lawmore_logo_LM_only_copy.jpg","width":665,"height":665,"caption":"Law & More B.V."},"image":{"@id":"https:\/\/verkeer.site\/#\/schema\/logo\/image\/"},"sameAs":["https:\/\/www.facebook.com\/LawAndMoreNl","https:\/\/x.com\/LawandMorenl","https:\/\/www.instagram.com\/lawandmore\/","https:\/\/nl.linkedin.com\/company\/5339401"]}]}},"_links":{"self":[{"href":"https:\/\/verkeer.site\/ro\/wp-json\/wp\/v2\/pages\/3435","targetHints":{"allow":["GET"]}}],"collection":[{"href":"https:\/\/verkeer.site\/ro\/wp-json\/wp\/v2\/pages"}],"about":[{"href":"https:\/\/verkeer.site\/ro\/wp-json\/wp\/v2\/types\/page"}],"author":[{"embeddable":true,"href":"https:\/\/verkeer.site\/ro\/wp-json\/wp\/v2\/users\/1"}],"replies":[{"embeddable":true,"href":"https:\/\/verkeer.site\/ro\/wp-json\/wp\/v2\/comments?post=3435"}],"version-history":[{"count":0,"href":"https:\/\/verkeer.site\/ro\/wp-json\/wp\/v2\/pages\/3435\/revisions"}],"wp:featuredmedia":[{"embeddable":true,"href":"https:\/\/verkeer.site\/ro\/wp-json\/wp\/v2\/media\/3105"}],"wp:attachment":[{"href":"https:\/\/verkeer.site\/ro\/wp-json\/wp\/v2\/media?parent=3435"}],"curies":[{"name":"wp","href":"https:\/\/api.w.org\/{rel}","templated":true}]}}