{"id":3345,"date":"2022-06-01T13:02:05","date_gmt":"2022-06-01T12:02:05","guid":{"rendered":"https:\/\/verkeer.site\/?page_id=3345"},"modified":"2022-06-01T13:29:28","modified_gmt":"2022-06-01T12:29:28","slug":"cookie-statement","status":"publish","type":"page","link":"https:\/\/verkeer.site\/ro\/cookie-statement\/","title":{"rendered":"Declara\u021bia privind cookie-urile"},"content":{"rendered":"<div data-elementor-type=\"wp-page\" data-elementor-id=\"3345\" class=\"elementor elementor-3345\" data-elementor-post-type=\"page\">\n\t\t\t\t\t\t<div class=\"elementor-section elementor-top-section elementor-element elementor-element-ce48caf elementor-section-boxed elementor-section-height-default elementor-section-height-default\" data-id=\"ce48caf\" data-element_type=\"section\" data-settings=\"{&quot;background_background&quot;:&quot;classic&quot;,&quot;background_motion_fx_motion_fx_scrolling&quot;:&quot;yes&quot;,&quot;background_motion_fx_translateY_effect&quot;:&quot;yes&quot;,&quot;background_motion_fx_translateY_speed&quot;:{&quot;unit&quot;:&quot;px&quot;,&quot;size&quot;:4,&quot;sizes&quot;:[]},&quot;background_motion_fx_translateY_affectedRange&quot;:{&quot;unit&quot;:&quot;%&quot;,&quot;size&quot;:&quot;&quot;,&quot;sizes&quot;:{&quot;start&quot;:0,&quot;end&quot;:100}},&quot;background_motion_fx_devices&quot;:[&quot;desktop&quot;,&quot;laptop&quot;,&quot;tablet&quot;,&quot;mobile_extra&quot;,&quot;mobile&quot;]}\">\n\t\t\t\t\t\t\t<div class=\"elementor-background-overlay\"><\/div>\n\t\t\t\t\t\t\t<div class=\"elementor-container elementor-column-gap-default\">\n\t\t\t\t\t<div class=\"elementor-column elementor-col-100 elementor-top-column elementor-element elementor-element-c2bcda1\" data-id=\"c2bcda1\" data-element_type=\"column\">\n\t\t\t<div class=\"elementor-widget-wrap elementor-element-populated\">\n\t\t\t\t\t\t<div class=\"elementor-element elementor-element-7b5354e elementor-widget elementor-widget-heading\" data-id=\"7b5354e\" data-element_type=\"widget\" data-widget_type=\"heading.default\">\n\t\t\t\t<div class=\"elementor-widget-container\">\n\t\t\t\t\t<h2 class=\"elementor-heading-title elementor-size-default\">Declara\u021bia privind cookie-urile<\/h2>\t\t\t\t<\/div>\n\t\t\t\t<\/div>\n\t\t\t\t\t<\/div>\n\t\t<\/div>\n\t\t\t\t\t<\/div>\n\t\t<\/div>\n\t\t\t\t<div class=\"elementor-section elementor-top-section elementor-element elementor-element-c023ed4 elementor-section-boxed elementor-section-height-default elementor-section-height-default\" data-id=\"c023ed4\" data-element_type=\"section\">\n\t\t\t\t\t\t<div class=\"elementor-container elementor-column-gap-default\">\n\t\t\t\t\t<div class=\"elementor-column elementor-col-100 elementor-top-column elementor-element elementor-element-a4eee03\" data-id=\"a4eee03\" data-element_type=\"column\">\n\t\t\t<div class=\"elementor-widget-wrap elementor-element-populated\">\n\t\t\t\t\t\t<div class=\"elementor-element elementor-element-c4fe150 elementor-invisible elementor-widget elementor-widget-text-editor\" data-id=\"c4fe150\" data-element_type=\"widget\" data-settings=\"{&quot;_animation&quot;:&quot;fadeInUp&quot;}\" data-widget_type=\"text-editor.default\">\n\t\t\t\t<div class=\"elementor-widget-container\">\n\t\t\t\t\t\t\t\t\t<h2>Ce sunt cookie-urile?<\/h2><p>Un cookie este un fi\u0219ier text simplu \u0219i mic care este plasat pe computerul, telefonul sau tableta dvs. \u00een timpul vizitei dvs. pe site-urile Law &amp; More. Cookie-urile sunt trimise \u00eempreun\u0103 cu paginile de pe site-urile web ale Law &amp; More. Informa\u021biile stocate \u00een acestea pot fi trimise \u00eenapoi la servere \u00een timpul urm\u0103toarei dvs. vizite pe site. Acest lucru permite site-ului s\u0103 v\u0103 recunoasc\u0103, ca s\u0103 spunem a\u0219a, la urm\u0103toarea vizit\u0103. Principala func\u021bie a modulelor cookie este de a distinge un utilizator de altul. De aceea, cookie-urile sunt adesea folosite pe site-urile web unde trebuie s\u0103 v\u0103 conecta\u021bi. Un cookie, de exemplu, asigur\u0103 faptul c\u0103 r\u0103m\u00e2ne\u021bi conectat atunci c\u00e2nd utiliza\u021bi site-ul web. Pute\u021bi refuza utilizarea acestor module cookie \u00een orice moment, de\u0219i acest lucru poate limita func\u021bionalitatea \u0219i u\u0219urin\u021ba de utilizare a site-urilor web.<\/p><h2>Cookie-uri func\u021bionale<\/h2><p>Law &amp; More utilizeaz\u0103 cookie-uri func\u021bionale. Acestea sunt cookie-uri pe care site-ul web le instaleaz\u0103 \u0219i le adreseaz\u0103 el \u00eensu\u0219i. Cookie-urile func\u021bionale sunt necesare pentru ca site-ul web s\u0103 func\u021bioneze \u00een mod corespunz\u0103tor. Aceste module cookie sunt plasate \u00een mod implicit \u0219i nu sunt \u0219terse atunci c\u00e2nd nu le accepta\u021bi. Cookie-urile func\u021bionale nu stocheaz\u0103 date cu caracter personal \u0219i nu con\u021bin date care pot fi utilizate pentru a v\u0103 urm\u0103ri. Cookie-urile func\u021bionale sunt utilizate, de exemplu, pentru a plasa harta geografic\u0103 a Google Maps pe site-ul web. Aceste informa\u021bii sunt f\u0103cute anonime pe c\u00e2t posibil. Adresa dumneavoastr\u0103 IP nu va fi transmis\u0103 c\u0103tre Google. \u00cen plus, Law &amp; More a precizat c\u0103 nu va partaja datele cu Google \u0219i c\u0103, prin urmare, Google nu poate utiliza datele ob\u021binute prin intermediul site-ului web \u00een scopuri proprii.<\/p><h2>Google Analytics<\/h2><p>Law &amp; More utilizeaz\u0103 cookie-uri de la Google Analytics pentru a urm\u0103ri comportamentul utilizatorilor \u0219i tendin\u021bele generale \u0219i pentru a produce rapoarte. Cookie-urile analitice sunt utilizate pentru a procesa datele personale ale vizitatorilor site-ului web. Cookie-urile analitice permit Law &amp; More s\u0103 m\u0103soare num\u0103rul de vizitatori ai site-ului s\u0103u web. Aceste statistici permit Law &amp; More s\u0103 \u00een\u021beleag\u0103 c\u00e2t de des este utilizat site-ul web, ce informa\u021bii caut\u0103 vizitatorii \u0219i ce pagini de pe site-ul web sunt cel mai des vizitate. Acest lucru permite Law &amp; More s\u0103 stabileasc\u0103 ce p\u0103r\u021bi ale site-ului web sunt populare \u0219i ce puncte pot fi \u00eembun\u0103t\u0103\u021bite. Traficul de pe site-ul web este analizat pentru a \u00eembun\u0103t\u0103\u021bi site-ul web \u0219i pentru a face experien\u021ba c\u00e2t mai pl\u0103cut\u0103 pentru vizitatori. Statisticile colectate nu pot fi urm\u0103rite p\u00e2n\u0103 la persoanele fizice \u0219i sunt anonimizate pe c\u00e2t posibil. Prin utilizarea site-urilor web Law &amp; More, sunte\u021bi de acord cu prelucrarea datelor dumneavoastr\u0103 de c\u0103tre Google \u00een modul \u0219i \u00een scopurile stabilite mai sus. Google poate furniza aceste informa\u021bii unor ter\u021be p\u0103r\u021bi \u00een cazul \u00een care Google este obligat prin lege s\u0103 fac\u0103 acest lucru sau \u00een m\u0103sura \u00een care ter\u021be p\u0103r\u021bi proceseaz\u0103 informa\u021bii \u00een numele Google.<\/p><h2>Cookie-uri pentru integrarea social media<\/h2><p>Law &amp; More utilizeaz\u0103, de asemenea, cookie-uri pentru a permite integrarea \u00een social media. Site-ul web con\u021bine linkuri c\u0103tre re\u021belele de socializare Facebook, Instagram, Twitter \u0219i LinkedIn. Aceste linkuri fac posibil\u0103 partajarea sau promovarea paginilor pe aceste re\u021bele. Codul pentru realizarea acestor linkuri este furnizat de Facebook, Instagram, Twitter \u0219i LinkedIn. Aceste coduri plaseaz\u0103, de asemenea, un cookie. Acest lucru permite re\u021belelor de socializare s\u0103 v\u0103 recunoasc\u0103 atunci c\u00e2nd v\u0103 conecta\u021bi la re\u021beaua de socializare respectiv\u0103. De asemenea, acestea colecteaz\u0103 date despre paginile pe care le partaja\u021bi. Law &amp; More nu are nicio influen\u021b\u0103 asupra plas\u0103rii \u0219i utiliz\u0103rii cookie-urilor de c\u0103tre aceste ter\u021be p\u0103r\u021bi. Pentru mai multe informa\u021bii despre datele colectate de re\u021belele de socializare, Law &amp; More face trimitere la declara\u021biile de confiden\u021bialitate ale Facebook, Instagram, Twitter \u0219i LinkedIn.<\/p><h2>\u0218tergerea cookie-urilor<\/h2><p>Dac\u0103 nu dori\u021bi ca Law &amp; More s\u0103 stocheze cookie-uri prin intermediul site-ului web, pute\u021bi dezactiva acceptarea cookie-urilor \u00een set\u0103rile browserului dumneavoastr\u0103. Astfel, cookie-urile nu vor mai fi stocate. Cu toate acestea, f\u0103r\u0103 cookie-uri, este posibil ca unele func\u021bii ale site-ului web s\u0103 nu func\u021bioneze corect sau s\u0103 nu func\u021bioneze deloc. Deoarece modulele cookie sunt stocate pe computerul dumneavoastr\u0103, le pute\u021bi \u0219terge doar dumneavoastr\u0103. Pentru a face acest lucru, v\u0103 rug\u0103m s\u0103 consulta\u021bi instruc\u021biunile pentru browserul dumneavoastr\u0103.<\/p>\t\t\t\t\t\t\t\t<\/div>\n\t\t\t\t<\/div>\n\t\t\t\t\t<\/div>\n\t\t<\/div>\n\t\t\t\t\t<\/div>\n\t\t<\/div>\n\t\t\t\t<div class=\"elementor-section elementor-top-section elementor-element elementor-element-af547d3 elementor-section-boxed elementor-section-height-default elementor-section-height-default\" data-id=\"af547d3\" data-element_type=\"section\" data-settings=\"{&quot;background_background&quot;:&quot;classic&quot;}\">\n\t\t\t\t\t\t<div class=\"elementor-container elementor-column-gap-default\">\n\t\t\t\t\t<div class=\"elementor-column elementor-col-66 elementor-top-column elementor-element elementor-element-ddfcaa7\" data-id=\"ddfcaa7\" data-element_type=\"column\">\n\t\t\t<div class=\"elementor-widget-wrap elementor-element-populated\">\n\t\t\t\t\t\t<div class=\"elementor-element elementor-element-5f82a45 elementor-widget elementor-widget-text-editor\" data-id=\"5f82a45\" data-element_type=\"widget\" data-widget_type=\"text-editor.default\">\n\t\t\t\t<div class=\"elementor-widget-container\">\n\t\t\t\t\t\t\t\t\t<p>Ave\u021bi nevoie de un avocat pentru dreptul penal de circula\u021bie?<br \/>V\u0103 rug\u0103m s\u0103 ne contacta\u021bi la num\u0103rul de telefon +31 40 369 06 80 sau s\u0103 ne trimite\u021bi un e-mail la:<br \/>Tom Meevis, avocat la Law &amp; More - tom.meevis@lawandmore.nl<br \/>Domnul Maxim Hodak, avocat la Law &amp; More - maxim.hodak@lawandmore.nl<\/p>\t\t\t\t\t\t\t\t<\/div>\n\t\t\t\t<\/div>\n\t\t\t\t\t<\/div>\n\t\t<\/div>\n\t\t\t\t<div class=\"elementor-column elementor-col-33 elementor-top-column elementor-element elementor-element-11ccdb2\" data-id=\"11ccdb2\" data-element_type=\"column\">\n\t\t\t<div class=\"elementor-widget-wrap elementor-element-populated\">\n\t\t\t\t\t\t<div class=\"elementor-element elementor-element-330a0af elementor-align-center elementor-mobile-align-left elementor-invisible elementor-widget elementor-widget-button\" data-id=\"330a0af\" data-element_type=\"widget\" data-settings=\"{&quot;_animation&quot;:&quot;fadeInUp&quot;,&quot;_animation_delay&quot;:500}\" data-widget_type=\"button.default\">\n\t\t\t\t<div class=\"elementor-widget-container\">\n\t\t\t\t\t\t\t\t\t<div class=\"elementor-button-wrapper\">\n\t\t\t\t\t<a class=\"elementor-button elementor-button-link elementor-size-md\" href=\"https:\/\/verkeer.site\/ro\/contact\/\">\n\t\t\t\t\t\t<span class=\"elementor-button-content-wrapper\">\n\t\t\t\t\t\t\t\t\t<span class=\"elementor-button-text\">CONTACTA\u021aI-NE<\/span>\n\t\t\t\t\t<\/span>\n\t\t\t\t\t<\/a>\n\t\t\t\t<\/div>\n\t\t\t\t\t\t\t\t<\/div>\n\t\t\t\t<\/div>\n\t\t\t\t\t<\/div>\n\t\t<\/div>\n\t\t\t\t\t<\/div>\n\t\t<\/div>\n\t\t\t\t<\/div>","protected":false},"excerpt":{"rendered":"<p>Declara\u021bia privind cookie-urile Ce sunt cookie-urile? Un cookie este un simplu fi\u0219ier text de mici dimensiuni care este plasat pe computerul, telefonul sau tableta dvs. \u00een timpul vizitei dvs. pe site-urile Law &amp; More. Cookie-urile sunt trimise \u00eempreun\u0103 cu paginile de pe [...]<\/p>","protected":false},"author":1,"featured_media":3105,"parent":0,"menu_order":0,"comment_status":"closed","ping_status":"closed","template":"","meta":{"footnotes":""},"class_list":["post-3345","page","type-page","status-publish","has-post-thumbnail","hentry"],"yoast_head":"<!-- This site is optimized with the Yoast SEO plugin v25.6 - https:\/\/yoast.com\/wordpress\/plugins\/seo\/ -->\n<title>Cookie statement - Verkeer.site<\/title>\n<meta name=\"description\" content=\"Cookies worden met de pagina\u2019s op de websites van Law &amp; More meegestuurd. De daarin opgeslagen informatie kan bij een volgend bezoek aan...\" \/>\n<meta name=\"robots\" content=\"index, follow, max-snippet:-1, max-image-preview:large, max-video-preview:-1\" \/>\n<link rel=\"canonical\" href=\"https:\/\/verkeer.site\/ro\/cookie-statement\/\" \/>\n<meta property=\"og:locale\" content=\"ro_RO\" \/>\n<meta property=\"og:type\" content=\"article\" \/>\n<meta property=\"og:title\" content=\"Cookie statement - Verkeer.site\" \/>\n<meta property=\"og:description\" content=\"Cookies worden met de pagina\u2019s op de websites van Law &amp; More meegestuurd. De daarin opgeslagen informatie kan bij een volgend bezoek aan...\" \/>\n<meta property=\"og:url\" content=\"https:\/\/verkeer.site\/ro\/cookie-statement\/\" \/>\n<meta property=\"og:site_name\" content=\"Verkeer.site\" \/>\n<meta property=\"article:publisher\" content=\"https:\/\/www.facebook.com\/LawAndMoreNl\" \/>\n<meta property=\"article:modified_time\" content=\"2022-06-01T12:29:28+00:00\" \/>\n<meta property=\"og:image\" content=\"https:\/\/verkeer.site\/wp-content\/uploads\/2022\/06\/police-1.jpg\" \/>\n\t<meta property=\"og:image:width\" content=\"960\" \/>\n\t<meta property=\"og:image:height\" content=\"720\" \/>\n\t<meta property=\"og:image:type\" content=\"image\/jpeg\" \/>\n<meta name=\"twitter:card\" content=\"summary_large_image\" \/>\n<meta name=\"twitter:site\" content=\"@LawandMorenl\" \/>\n<meta name=\"twitter:label1\" content=\"Est. reading time\" \/>\n\t<meta name=\"twitter:data1\" content=\"4 minutes\" \/>\n<script type=\"application\/ld+json\" class=\"yoast-schema-graph\">{\"@context\":\"https:\/\/schema.org\",\"@graph\":[{\"@type\":\"WebPage\",\"@id\":\"https:\/\/verkeer.site\/cookie-statement\/\",\"url\":\"https:\/\/verkeer.site\/cookie-statement\/\",\"name\":\"Cookie statement - Verkeer.site\",\"isPartOf\":{\"@id\":\"https:\/\/verkeer.site\/#website\"},\"primaryImageOfPage\":{\"@id\":\"https:\/\/verkeer.site\/cookie-statement\/#primaryimage\"},\"image\":{\"@id\":\"https:\/\/verkeer.site\/cookie-statement\/#primaryimage\"},\"thumbnailUrl\":\"https:\/\/verkeer.site\/wp-content\/uploads\/2022\/06\/police-1.jpg\",\"datePublished\":\"2022-06-01T12:02:05+00:00\",\"dateModified\":\"2022-06-01T12:29:28+00:00\",\"description\":\"Cookies worden met de pagina\u2019s op de websites van Law & More meegestuurd. De daarin opgeslagen informatie kan bij een volgend bezoek aan...\",\"breadcrumb\":{\"@id\":\"https:\/\/verkeer.site\/cookie-statement\/#breadcrumb\"},\"inLanguage\":\"ro-RO\",\"potentialAction\":[{\"@type\":\"ReadAction\",\"target\":[\"https:\/\/verkeer.site\/cookie-statement\/\"]}]},{\"@type\":\"ImageObject\",\"inLanguage\":\"ro-RO\",\"@id\":\"https:\/\/verkeer.site\/cookie-statement\/#primaryimage\",\"url\":\"https:\/\/verkeer.site\/wp-content\/uploads\/2022\/06\/police-1.jpg\",\"contentUrl\":\"https:\/\/verkeer.site\/wp-content\/uploads\/2022\/06\/police-1.jpg\",\"width\":960,\"height\":720,\"caption\":\"police-1\"},{\"@type\":\"BreadcrumbList\",\"@id\":\"https:\/\/verkeer.site\/cookie-statement\/#breadcrumb\",\"itemListElement\":[{\"@type\":\"ListItem\",\"position\":1,\"name\":\"Home\",\"item\":\"https:\/\/verkeer.site\/\"},{\"@type\":\"ListItem\",\"position\":2,\"name\":\"Cookie statement\"}]},{\"@type\":\"WebSite\",\"@id\":\"https:\/\/verkeer.site\/#website\",\"url\":\"https:\/\/verkeer.site\/\",\"name\":\"Verkeer.site\",\"description\":\"Advocaten Verkeersstrafrecht\",\"publisher\":{\"@id\":\"https:\/\/verkeer.site\/#organization\"},\"potentialAction\":[{\"@type\":\"SearchAction\",\"target\":{\"@type\":\"EntryPoint\",\"urlTemplate\":\"https:\/\/verkeer.site\/?s={search_term_string}\"},\"query-input\":{\"@type\":\"PropertyValueSpecification\",\"valueRequired\":true,\"valueName\":\"search_term_string\"}}],\"inLanguage\":\"ro-RO\"},{\"@type\":\"Organization\",\"@id\":\"https:\/\/verkeer.site\/#organization\",\"name\":\"Law & More B.V.\",\"url\":\"https:\/\/verkeer.site\/\",\"logo\":{\"@type\":\"ImageObject\",\"inLanguage\":\"ro-RO\",\"@id\":\"https:\/\/verkeer.site\/#\/schema\/logo\/image\/\",\"url\":\"https:\/\/verkeer.site\/wp-content\/uploads\/2019\/04\/lawmore_logo_LM_only_copy.jpg\",\"contentUrl\":\"https:\/\/verkeer.site\/wp-content\/uploads\/2019\/04\/lawmore_logo_LM_only_copy.jpg\",\"width\":665,\"height\":665,\"caption\":\"Law & More B.V.\"},\"image\":{\"@id\":\"https:\/\/verkeer.site\/#\/schema\/logo\/image\/\"},\"sameAs\":[\"https:\/\/www.facebook.com\/LawAndMoreNl\",\"https:\/\/x.com\/LawandMorenl\",\"https:\/\/www.instagram.com\/lawandmore\/\",\"https:\/\/nl.linkedin.com\/company\/5339401\"]}]}<\/script>\n<!-- \/ Yoast SEO plugin. -->","yoast_head_json":{"title":"Declara\u021bie privind cookie-urile - Traffic.site","description":"Cookie-urile sunt trimise \u00eempreun\u0103 cu paginile de pe site-urile web ale Law &amp; More. Informa\u021biile stocate \u00een aceste module cookie pot fi utilizate \u00een timpul unei vizite viitoare la...","robots":{"index":"index","follow":"follow","max-snippet":"max-snippet:-1","max-image-preview":"max-image-preview:large","max-video-preview":"max-video-preview:-1"},"canonical":"https:\/\/verkeer.site\/ro\/cookie-statement\/","og_locale":"ro_RO","og_type":"article","og_title":"Cookie statement - Verkeer.site","og_description":"Cookies worden met de pagina\u2019s op de websites van Law & More meegestuurd. De daarin opgeslagen informatie kan bij een volgend bezoek aan...","og_url":"https:\/\/verkeer.site\/ro\/cookie-statement\/","og_site_name":"Verkeer.site","article_publisher":"https:\/\/www.facebook.com\/LawAndMoreNl","article_modified_time":"2022-06-01T12:29:28+00:00","og_image":[{"width":960,"height":720,"url":"https:\/\/verkeer.site\/wp-content\/uploads\/2022\/06\/police-1.jpg","type":"image\/jpeg"}],"twitter_card":"summary_large_image","twitter_site":"@LawandMorenl","twitter_misc":{"Est. reading time":"4 minutes"},"schema":{"@context":"https:\/\/schema.org","@graph":[{"@type":"WebPage","@id":"https:\/\/verkeer.site\/cookie-statement\/","url":"https:\/\/verkeer.site\/cookie-statement\/","name":"Declara\u021bie privind cookie-urile - Traffic.site","isPartOf":{"@id":"https:\/\/verkeer.site\/#website"},"primaryImageOfPage":{"@id":"https:\/\/verkeer.site\/cookie-statement\/#primaryimage"},"image":{"@id":"https:\/\/verkeer.site\/cookie-statement\/#primaryimage"},"thumbnailUrl":"https:\/\/verkeer.site\/wp-content\/uploads\/2022\/06\/police-1.jpg","datePublished":"2022-06-01T12:02:05+00:00","dateModified":"2022-06-01T12:29:28+00:00","description":"Cookie-urile sunt trimise \u00eempreun\u0103 cu paginile de pe site-urile web ale Law &amp; More. Informa\u021biile stocate \u00een aceste module cookie pot fi utilizate \u00een timpul unei vizite viitoare la...","breadcrumb":{"@id":"https:\/\/verkeer.site\/cookie-statement\/#breadcrumb"},"inLanguage":"ro-RO","potentialAction":[{"@type":"ReadAction","target":["https:\/\/verkeer.site\/cookie-statement\/"]}]},{"@type":"ImageObject","inLanguage":"ro-RO","@id":"https:\/\/verkeer.site\/cookie-statement\/#primaryimage","url":"https:\/\/verkeer.site\/wp-content\/uploads\/2022\/06\/police-1.jpg","contentUrl":"https:\/\/verkeer.site\/wp-content\/uploads\/2022\/06\/police-1.jpg","width":960,"height":720,"caption":"police-1"},{"@type":"BreadcrumbList","@id":"https:\/\/verkeer.site\/cookie-statement\/#breadcrumb","itemListElement":[{"@type":"ListItem","position":1,"name":"Home","item":"https:\/\/verkeer.site\/"},{"@type":"ListItem","position":2,"name":"Cookie statement"}]},{"@type":"WebSite","@id":"https:\/\/verkeer.site\/#website","url":"https:\/\/verkeer.site\/","name":"Trafic.site","description":"Trafic Penal Avoca\u021bi","publisher":{"@id":"https:\/\/verkeer.site\/#organization"},"potentialAction":[{"@type":"SearchAction","target":{"@type":"EntryPoint","urlTemplate":"https:\/\/verkeer.site\/?s={search_term_string}"},"query-input":{"@type":"PropertyValueSpecification","valueRequired":true,"valueName":"search_term_string"}}],"inLanguage":"ro-RO"},{"@type":"Organization","@id":"https:\/\/verkeer.site\/#organization","name":"Law &amp; More B.V.","url":"https:\/\/verkeer.site\/","logo":{"@type":"ImageObject","inLanguage":"ro-RO","@id":"https:\/\/verkeer.site\/#\/schema\/logo\/image\/","url":"https:\/\/verkeer.site\/wp-content\/uploads\/2019\/04\/lawmore_logo_LM_only_copy.jpg","contentUrl":"https:\/\/verkeer.site\/wp-content\/uploads\/2019\/04\/lawmore_logo_LM_only_copy.jpg","width":665,"height":665,"caption":"Law & More B.V."},"image":{"@id":"https:\/\/verkeer.site\/#\/schema\/logo\/image\/"},"sameAs":["https:\/\/www.facebook.com\/LawAndMoreNl","https:\/\/x.com\/LawandMorenl","https:\/\/www.instagram.com\/lawandmore\/","https:\/\/nl.linkedin.com\/company\/5339401"]}]}},"_links":{"self":[{"href":"https:\/\/verkeer.site\/ro\/wp-json\/wp\/v2\/pages\/3345","targetHints":{"allow":["GET"]}}],"collection":[{"href":"https:\/\/verkeer.site\/ro\/wp-json\/wp\/v2\/pages"}],"about":[{"href":"https:\/\/verkeer.site\/ro\/wp-json\/wp\/v2\/types\/page"}],"author":[{"embeddable":true,"href":"https:\/\/verkeer.site\/ro\/wp-json\/wp\/v2\/users\/1"}],"replies":[{"embeddable":true,"href":"https:\/\/verkeer.site\/ro\/wp-json\/wp\/v2\/comments?post=3345"}],"version-history":[{"count":0,"href":"https:\/\/verkeer.site\/ro\/wp-json\/wp\/v2\/pages\/3345\/revisions"}],"wp:featuredmedia":[{"embeddable":true,"href":"https:\/\/verkeer.site\/ro\/wp-json\/wp\/v2\/media\/3105"}],"wp:attachment":[{"href":"https:\/\/verkeer.site\/ro\/wp-json\/wp\/v2\/media?parent=3345"}],"curies":[{"name":"wp","href":"https:\/\/api.w.org\/{rel}","templated":true}]}}