{"id":3475,"date":"2022-06-01T14:14:58","date_gmt":"2022-06-01T13:14:58","guid":{"rendered":"https:\/\/verkeer.site\/?page_id=3475"},"modified":"2022-06-01T15:06:17","modified_gmt":"2022-06-01T14:06:17","slug":"verplichtingen-meewerken-2","status":"publish","type":"page","link":"https:\/\/verkeer.site\/pl\/verplichtingen-meewerken-2\/","title":{"rendered":"Obowi\u0105zki \/ Wsp\u00f3\u0142praca"},"content":{"rendered":"<div data-elementor-type=\"wp-page\" data-elementor-id=\"3475\" class=\"elementor elementor-3475\" data-elementor-post-type=\"page\">\n\t\t\t\t\t\t<div class=\"elementor-section elementor-top-section elementor-element elementor-element-ce48caf elementor-section-boxed elementor-section-height-default elementor-section-height-default\" data-id=\"ce48caf\" data-element_type=\"section\" data-settings=\"{&quot;background_background&quot;:&quot;classic&quot;,&quot;background_motion_fx_motion_fx_scrolling&quot;:&quot;yes&quot;,&quot;background_motion_fx_translateY_effect&quot;:&quot;yes&quot;,&quot;background_motion_fx_translateY_speed&quot;:{&quot;unit&quot;:&quot;px&quot;,&quot;size&quot;:4,&quot;sizes&quot;:[]},&quot;background_motion_fx_translateY_affectedRange&quot;:{&quot;unit&quot;:&quot;%&quot;,&quot;size&quot;:&quot;&quot;,&quot;sizes&quot;:{&quot;start&quot;:0,&quot;end&quot;:100}},&quot;background_motion_fx_devices&quot;:[&quot;desktop&quot;,&quot;laptop&quot;,&quot;tablet&quot;,&quot;mobile_extra&quot;,&quot;mobile&quot;]}\">\n\t\t\t\t\t\t\t<div class=\"elementor-background-overlay\"><\/div>\n\t\t\t\t\t\t\t<div class=\"elementor-container elementor-column-gap-default\">\n\t\t\t\t\t<div class=\"elementor-column elementor-col-100 elementor-top-column elementor-element elementor-element-c2bcda1\" data-id=\"c2bcda1\" data-element_type=\"column\">\n\t\t\t<div class=\"elementor-widget-wrap elementor-element-populated\">\n\t\t\t\t\t\t<div class=\"elementor-element elementor-element-7b5354e elementor-widget elementor-widget-heading\" data-id=\"7b5354e\" data-element_type=\"widget\" data-widget_type=\"heading.default\">\n\t\t\t\t<div class=\"elementor-widget-container\">\n\t\t\t\t\t<h2 class=\"elementor-heading-title elementor-size-default\">Obowi\u0105zki \/ Wsp\u00f3\u0142praca<\/h2>\t\t\t\t<\/div>\n\t\t\t\t<\/div>\n\t\t\t\t\t<\/div>\n\t\t<\/div>\n\t\t\t\t\t<\/div>\n\t\t<\/div>\n\t\t\t\t<div class=\"elementor-section elementor-top-section elementor-element elementor-element-c023ed4 elementor-section-boxed elementor-section-height-default elementor-section-height-default\" data-id=\"c023ed4\" data-element_type=\"section\">\n\t\t\t\t\t\t<div class=\"elementor-container elementor-column-gap-default\">\n\t\t\t\t\t<div class=\"elementor-column elementor-col-100 elementor-top-column elementor-element elementor-element-a4eee03\" data-id=\"a4eee03\" data-element_type=\"column\">\n\t\t\t<div class=\"elementor-widget-wrap elementor-element-populated\">\n\t\t\t\t\t\t<div class=\"elementor-element elementor-element-96b682d elementor-invisible elementor-widget elementor-widget-text-editor\" data-id=\"96b682d\" data-element_type=\"widget\" data-settings=\"{&quot;_animation&quot;:&quot;fadeInUp&quot;}\" data-widget_type=\"text-editor.default\">\n\t\t\t\t<div class=\"elementor-widget-container\">\n\t\t\t\t\t\t\t\t\t<p>W ramach egzekwowania przepis\u00f3w ustawy o ruchu drogowym i wykrywania wykrocze\u0144 z tej ustawy, funkcjonariusz prowadz\u0105cy dochodzenie mo\u017ce nakaza\u0107 Tobie, kierowcy pojazdu, wsp\u00f3\u0142prac\u0119 przy kontroli pod k\u0105tem zawarto\u015bci alkoholu. Jeste\u015bcie zobowi\u0105zani do wsp\u00f3\u0142pracy. Je\u015bli chodzi o analiz\u0119 oddechu, mo\u017ce ona zosta\u0107 zlecona tylko w przypadku podejrzenia. Dlatego te\u017c, je\u017celi nie pi\u0142e\u015b alkoholu, ale wykaza\u0142e\u015b si\u0119 na tyle nienormalnym zachowaniem podczas jazdy, \u017ce podejrzewa si\u0119, \u017ce prowadzi\u0142e\u015b pojazd pod wp\u0142ywem, nadal jeste\u015b zobowi\u0105zany do wsp\u00f3\u0142pracy przy badaniu alkomatem.<\/p><p>Je\u017celi nie ma jeszcze podejrze\u0144, kierowca ka\u017cdego pojazdu, osoba, kt\u00f3ra ma prowadzi\u0107 pojazd mechaniczny oraz konwojent s\u0105 zobowi\u0105zani do wsp\u00f3\u0142pracy przy wst\u0119pnym badaniu alkomatem. S\u0105 to badania alkomatem, na przyk\u0142ad podczas kontroli na du\u017c\u0105 skal\u0119. W przeciwie\u0144stwie do analizy oddechu opartej na podejrzeniu, nie odbywa si\u0119 ona zazwyczaj na posterunku policji. Je\u015bli nie pi\u0142e\u015b alkoholu i nie wykazywa\u0142e\u015b \u017cadnych nietypowych zachowa\u0144 podczas jazdy, nadal mo\u017cesz by\u0107 zobowi\u0105zany do oddychania. (art. 160 ust. 5 lit. b WVW).<\/p><p>Je\u015bli jeste\u015b podejrzany o prowadzenie (kierowanie jakimkolwiek pojazdem) pod wp\u0142ywem wi\u0119kszej ilo\u015bci alkoholu ni\u017c dozwolona, mo\u017cesz zosta\u0107 zatrzymany wraz z pojazdem. Je\u017celi policjant prowadz\u0105cy dochodzenie na podstawie podejrzenia naka\u017ce Tobie, kierowcy pojazdu, wsp\u00f3\u0142prac\u0119 przy kontroli alkoholowej, jeste\u015b do tego zobowi\u0105zany. Podejrzenie to mo\u017ce wynika\u0107 np. z wynik\u00f3w wst\u0119pnego badania alkomatem. Jak przebiega kontrola alkoholu na podstawie podejrzenia?<\/p>\t\t\t\t\t\t\t\t<\/div>\n\t\t\t\t<\/div>\n\t\t\t\t<div class=\"elementor-element elementor-element-1eeebe7 elementor-invisible elementor-widget elementor-widget-text-editor\" data-id=\"1eeebe7\" data-element_type=\"widget\" data-settings=\"{&quot;_animation&quot;:&quot;fadeInUp&quot;}\" data-widget_type=\"text-editor.default\">\n\t\t\t\t<div class=\"elementor-widget-container\">\n\t\t\t\t\t\t\t\t\t<ul><li>Dowody rejestracyjne na pojazd i ewentualnie przyczep\u0119;<\/li><li>Prawo jazdy;<\/li><li>Je\u017celi jest to obowi\u0105zkowe: \u015bwiadectwo kwalifikacji zawodowej dla kierowc\u00f3w;<\/li><li>W stosownych przypadkach: decyzja o przyznaniu zwolnienia;<\/li><li>W razie potrzeby: karta osoby niepe\u0142nosprawnej.<\/li><\/ul><p>(art. 160 ust. 1 WVW)<\/p>\t\t\t\t\t\t\t\t<\/div>\n\t\t\t\t<\/div>\n\t\t\t\t<div class=\"elementor-element elementor-element-c687e5d elementor-widget elementor-widget-image\" data-id=\"c687e5d\" data-element_type=\"widget\" data-widget_type=\"image.default\">\n\t\t\t\t<div class=\"elementor-widget-container\">\n\t\t\t\t\t\t\t\t\t\t\t\t\t\t\t<img fetchpriority=\"high\" decoding=\"async\" width=\"1600\" height=\"651\" src=\"https:\/\/verkeer.site\/wp-content\/uploads\/2022\/06\/header_page_004.2.jpg\" class=\"attachment-full size-full wp-image-3483\" alt=\"verplichtingen meewerken\" srcset=\"https:\/\/verkeer.site\/wp-content\/uploads\/2022\/06\/header_page_004.2.jpg 1600w, https:\/\/verkeer.site\/wp-content\/uploads\/2022\/06\/header_page_004.2-1536x625.jpg 1536w, https:\/\/verkeer.site\/wp-content\/uploads\/2022\/06\/header_page_004.2-18x7.jpg 18w\" sizes=\"(max-width: 1600px) 100vw, 1600px\" \/>\t\t\t\t\t\t\t\t\t\t\t\t\t\t\t<\/div>\n\t\t\t\t<\/div>\n\t\t\t\t<div class=\"elementor-element elementor-element-c4fe150 elementor-invisible elementor-widget elementor-widget-text-editor\" data-id=\"c4fe150\" data-element_type=\"widget\" data-settings=\"{&quot;_animation&quot;:&quot;fadeInUp&quot;}\" data-widget_type=\"text-editor.default\">\n\t\t\t\t<div class=\"elementor-widget-container\">\n\t\t\t\t\t\t\t\t\t<p><strong><span style=\"color: #333333;\">1.<\/span><\/strong> Pocz\u0105tkowo oficer \u015bledczy mo\u017ce jedynie nakaza\u0107 Ci wsp\u00f3\u0142prac\u0119 przy analizie oddechu. Nast\u0119pnie u\u017cytkownik jest zobowi\u0105zany do dmuchania w urz\u0105dzenie.<\/p><p><span style=\"color: #333333;\"><strong>2.<\/strong><\/span> Je\u017celi ze wzgl\u0119d\u00f3w medycznych nie mo\u017cna wymaga\u0107 u\u017cycia alkomatu lub gdy wsp\u00f3\u0142praca podejrzanego nie skutkuje zako\u0144czonym badaniem alkomatem, lub gdy zachodzi podejrzenie, \u017ce podejrzany jest pod wp\u0142ywem okre\u015blonych \u015brodk\u00f3w odurzaj\u0105cych lub po\u0142\u0105czenia \u015brodk\u00f3w odurzaj\u0105cych i alkoholu, funkcjonariusz prowadz\u0105cy post\u0119powanie mo\u017ce wyst\u0105pi\u0107 o zgod\u0119 na przeprowadzenie badania krwi.<\/p><p><strong><span style=\"color: #333333;\">3.<\/span><\/strong> W przypadku braku zgody osoba uprawniona, cz\u0119sto prokurator (asystent), mo\u017ce nakaza\u0107 podejrzanemu wsp\u00f3\u0142prac\u0119 przy badaniu krwi. Jest Pan w\u00f3wczas zobowi\u0105zany do wykonania tego polecenia.<\/p><p><strong><span style=\"color: #333333;\">4.<\/span><\/strong> Je\u017celi nie jeste\u015b w stanie wyrazi\u0107 swej woli, ilo\u015b\u0107 krwi, o kt\u00f3rej mowa w ust\u0119pie sz\u00f3stym, mo\u017ce by\u0107 od Ciebie pobrana przez lekarza lub piel\u0119gniark\u0119 za zgod\u0105 prokuratora, oskar\u017cyciela posi\u0142kowego lub jednego z funkcjonariuszy policji, powo\u0142anych do tego celu na mocy zarz\u0105dzenia Naszego Ministra Bezpiecze\u0144stwa i Sprawiedliwo\u015bci, chyba \u017ce zostanie uprawdopodobnione, \u017ce jest to niepo\u017c\u0105dane ze szczeg\u00f3lnych wzgl\u0119d\u00f3w medycznych. Podejrzany zawsze musia\u0142 mie\u0107 mo\u017cliwo\u015b\u0107 wcze\u015bniejszego wyra\u017cenia zgody. W razie potrzeby mo\u017cna nakaza\u0107 Pa\u0144stwu wsp\u00f3\u0142prac\u0119 i wtedy s\u0105 Pa\u0144stwo do niej zobowi\u0105zani. Je\u015bli odm\u00f3wisz wsp\u00f3\u0142pracy, pr\u00f3bka krwi zostanie zniszczona.<\/p><p>Je\u017celi oka\u017ce si\u0119 lub istnieje powa\u017cne podejrzenie, \u017ce wypi\u0142 Pan\/Pani tak du\u017co, \u017ce pope\u0142ni\u0142\/a Pan\/Pani czyn karalny, sporz\u0105dzony zostanie protok\u00f3\u0142 urz\u0119dowy i b\u0119dzie Pan\/Pani zobowi\u0105zany\/a do oddania prawa jazdy oficerowi \u015bledczemu (\u00a7 164 ust. 1 WVW?).<\/p>\t\t\t\t\t\t\t\t<\/div>\n\t\t\t\t<\/div>\n\t\t\t\t\t<\/div>\n\t\t<\/div>\n\t\t\t\t\t<\/div>\n\t\t<\/div>\n\t\t\t\t<div class=\"elementor-section elementor-top-section elementor-element elementor-element-af547d3 elementor-section-boxed elementor-section-height-default elementor-section-height-default\" data-id=\"af547d3\" data-element_type=\"section\" data-settings=\"{&quot;background_background&quot;:&quot;classic&quot;}\">\n\t\t\t\t\t\t<div class=\"elementor-container elementor-column-gap-default\">\n\t\t\t\t\t<div class=\"elementor-column elementor-col-66 elementor-top-column elementor-element elementor-element-ddfcaa7\" data-id=\"ddfcaa7\" data-element_type=\"column\">\n\t\t\t<div class=\"elementor-widget-wrap elementor-element-populated\">\n\t\t\t\t\t\t<div class=\"elementor-element elementor-element-5f82a45 elementor-widget elementor-widget-text-editor\" data-id=\"5f82a45\" data-element_type=\"widget\" data-widget_type=\"text-editor.default\">\n\t\t\t\t<div class=\"elementor-widget-container\">\n\t\t\t\t\t\t\t\t\t<p>Potrzebujesz prawnika specjalizuj\u0105cego si\u0119 w prawie karnym drogowym?<br \/>Skontaktuj si\u0119 z nami telefonicznie pod numerem +31 40 369 06 80 lub wy\u015blij wiadomo\u015b\u0107 e-mail na adres:<br \/>Tom Meevis, prawnik z Law &amp; More - tom.meevis@lawandmore.nl<br \/>Maksym Hodak, prawnik z Law &amp; More - maxim.hodak@lawandmore.nl<\/p>\t\t\t\t\t\t\t\t<\/div>\n\t\t\t\t<\/div>\n\t\t\t\t\t<\/div>\n\t\t<\/div>\n\t\t\t\t<div class=\"elementor-column elementor-col-33 elementor-top-column elementor-element elementor-element-11ccdb2\" data-id=\"11ccdb2\" data-element_type=\"column\">\n\t\t\t<div class=\"elementor-widget-wrap elementor-element-populated\">\n\t\t\t\t\t\t<div class=\"elementor-element elementor-element-330a0af elementor-align-center elementor-mobile-align-left elementor-invisible elementor-widget elementor-widget-button\" data-id=\"330a0af\" data-element_type=\"widget\" data-settings=\"{&quot;_animation&quot;:&quot;fadeInUp&quot;,&quot;_animation_delay&quot;:500}\" data-widget_type=\"button.default\">\n\t\t\t\t<div class=\"elementor-widget-container\">\n\t\t\t\t\t\t\t\t\t<div class=\"elementor-button-wrapper\">\n\t\t\t\t\t<a class=\"elementor-button elementor-button-link elementor-size-md\" href=\"https:\/\/verkeer.site\/pl\/contact\/\">\n\t\t\t\t\t\t<span class=\"elementor-button-content-wrapper\">\n\t\t\t\t\t\t\t\t\t<span class=\"elementor-button-text\">KONTAKT Z NAMI<\/span>\n\t\t\t\t\t<\/span>\n\t\t\t\t\t<\/a>\n\t\t\t\t<\/div>\n\t\t\t\t\t\t\t\t<\/div>\n\t\t\t\t<\/div>\n\t\t\t\t\t<\/div>\n\t\t<\/div>\n\t\t\t\t\t<\/div>\n\t\t<\/div>\n\t\t\t\t<\/div>","protected":false},"excerpt":{"rendered":"<p>W ramach egzekwowania przepis\u00f3w ustawy o ruchu drogowym i wykrywania przest\u0119pstw i wykrocze\u0144 z ustawy o ruchu drogowym, funkcjonariusz prowadz\u0105cy post\u0119powanie mo\u017ce nakaza\u0107 Tobie, kieruj\u0105cemu pojazdem, wsp\u00f3\u0142prac\u0119 przy prowadzeniu post\u0119powania.<\/p>","protected":false},"author":1,"featured_media":3467,"parent":0,"menu_order":0,"comment_status":"closed","ping_status":"closed","template":"","meta":{"footnotes":""},"class_list":["post-3475","page","type-page","status-publish","has-post-thumbnail","hentry"],"yoast_head":"<!-- This site is optimized with the Yoast SEO plugin v25.6 - https:\/\/yoast.com\/wordpress\/plugins\/seo\/ -->\n<title>Verplichtingen \/ Meewerken - Verkeer.site<\/title>\n<meta name=\"description\" content=\"De personen die met de opsporing van de feiten die strafbaar zijn gesteld in de Wegenverkeerswet belast zijn, kunnen in dit kader aan...\" \/>\n<meta name=\"robots\" content=\"index, follow, max-snippet:-1, max-image-preview:large, max-video-preview:-1\" \/>\n<link rel=\"canonical\" href=\"https:\/\/verkeer.site\/pl\/verplichtingen-meewerken-2\/\" \/>\n<meta property=\"og:locale\" content=\"pl_PL\" \/>\n<meta property=\"og:type\" content=\"article\" \/>\n<meta property=\"og:title\" content=\"Verplichtingen \/ Meewerken - Verkeer.site\" \/>\n<meta property=\"og:description\" content=\"De personen die met de opsporing van de feiten die strafbaar zijn gesteld in de Wegenverkeerswet belast zijn, kunnen in dit kader aan...\" \/>\n<meta property=\"og:url\" content=\"https:\/\/verkeer.site\/pl\/verplichtingen-meewerken-2\/\" \/>\n<meta property=\"og:site_name\" content=\"Verkeer.site\" \/>\n<meta property=\"article:publisher\" content=\"https:\/\/www.facebook.com\/LawAndMoreNl\" \/>\n<meta property=\"article:modified_time\" content=\"2022-06-01T14:06:17+00:00\" \/>\n<meta property=\"og:image\" content=\"https:\/\/verkeer.site\/wp-content\/uploads\/2022\/06\/header_page_008.2.jpg\" \/>\n\t<meta property=\"og:image:width\" content=\"1600\" \/>\n\t<meta property=\"og:image:height\" content=\"676\" \/>\n\t<meta property=\"og:image:type\" content=\"image\/jpeg\" \/>\n<meta name=\"twitter:card\" content=\"summary_large_image\" \/>\n<meta name=\"twitter:site\" content=\"@LawandMorenl\" \/>\n<meta name=\"twitter:label1\" content=\"Est. reading time\" \/>\n\t<meta name=\"twitter:data1\" content=\"4 minutes\" \/>\n<script type=\"application\/ld+json\" class=\"yoast-schema-graph\">{\"@context\":\"https:\/\/schema.org\",\"@graph\":[{\"@type\":\"WebPage\",\"@id\":\"https:\/\/verkeer.site\/verplichtingen-meewerken-2\/\",\"url\":\"https:\/\/verkeer.site\/verplichtingen-meewerken-2\/\",\"name\":\"Verplichtingen \/ Meewerken - Verkeer.site\",\"isPartOf\":{\"@id\":\"https:\/\/verkeer.site\/#website\"},\"primaryImageOfPage\":{\"@id\":\"https:\/\/verkeer.site\/verplichtingen-meewerken-2\/#primaryimage\"},\"image\":{\"@id\":\"https:\/\/verkeer.site\/verplichtingen-meewerken-2\/#primaryimage\"},\"thumbnailUrl\":\"https:\/\/verkeer.site\/wp-content\/uploads\/2022\/06\/header_page_008.2.jpg\",\"datePublished\":\"2022-06-01T13:14:58+00:00\",\"dateModified\":\"2022-06-01T14:06:17+00:00\",\"description\":\"De personen die met de opsporing van de feiten die strafbaar zijn gesteld in de Wegenverkeerswet belast zijn, kunnen in dit kader aan...\",\"breadcrumb\":{\"@id\":\"https:\/\/verkeer.site\/verplichtingen-meewerken-2\/#breadcrumb\"},\"inLanguage\":\"pl-PL\",\"potentialAction\":[{\"@type\":\"ReadAction\",\"target\":[\"https:\/\/verkeer.site\/verplichtingen-meewerken-2\/\"]}]},{\"@type\":\"ImageObject\",\"inLanguage\":\"pl-PL\",\"@id\":\"https:\/\/verkeer.site\/verplichtingen-meewerken-2\/#primaryimage\",\"url\":\"https:\/\/verkeer.site\/wp-content\/uploads\/2022\/06\/header_page_008.2.jpg\",\"contentUrl\":\"https:\/\/verkeer.site\/wp-content\/uploads\/2022\/06\/header_page_008.2.jpg\",\"width\":1600,\"height\":676,\"caption\":\"Toezicht en opsporing\"},{\"@type\":\"BreadcrumbList\",\"@id\":\"https:\/\/verkeer.site\/verplichtingen-meewerken-2\/#breadcrumb\",\"itemListElement\":[{\"@type\":\"ListItem\",\"position\":1,\"name\":\"Home\",\"item\":\"https:\/\/verkeer.site\/\"},{\"@type\":\"ListItem\",\"position\":2,\"name\":\"Verplichtingen \/ Meewerken\"}]},{\"@type\":\"WebSite\",\"@id\":\"https:\/\/verkeer.site\/#website\",\"url\":\"https:\/\/verkeer.site\/\",\"name\":\"Verkeer.site\",\"description\":\"Advocaten Verkeersstrafrecht\",\"publisher\":{\"@id\":\"https:\/\/verkeer.site\/#organization\"},\"potentialAction\":[{\"@type\":\"SearchAction\",\"target\":{\"@type\":\"EntryPoint\",\"urlTemplate\":\"https:\/\/verkeer.site\/?s={search_term_string}\"},\"query-input\":{\"@type\":\"PropertyValueSpecification\",\"valueRequired\":true,\"valueName\":\"search_term_string\"}}],\"inLanguage\":\"pl-PL\"},{\"@type\":\"Organization\",\"@id\":\"https:\/\/verkeer.site\/#organization\",\"name\":\"Law & More B.V.\",\"url\":\"https:\/\/verkeer.site\/\",\"logo\":{\"@type\":\"ImageObject\",\"inLanguage\":\"pl-PL\",\"@id\":\"https:\/\/verkeer.site\/#\/schema\/logo\/image\/\",\"url\":\"https:\/\/verkeer.site\/wp-content\/uploads\/2019\/04\/lawmore_logo_LM_only_copy.jpg\",\"contentUrl\":\"https:\/\/verkeer.site\/wp-content\/uploads\/2019\/04\/lawmore_logo_LM_only_copy.jpg\",\"width\":665,\"height\":665,\"caption\":\"Law & More B.V.\"},\"image\":{\"@id\":\"https:\/\/verkeer.site\/#\/schema\/logo\/image\/\"},\"sameAs\":[\"https:\/\/www.facebook.com\/LawAndMoreNl\",\"https:\/\/x.com\/LawandMorenl\",\"https:\/\/www.instagram.com\/lawandmore\/\",\"https:\/\/nl.linkedin.com\/company\/5339401\"]}]}<\/script>\n<!-- \/ Yoast SEO plugin. -->","yoast_head_json":{"title":"Obowi\u0105zki \/ Wsp\u00f3\u0142praca - Traffic.site","description":"Osoby, kt\u00f3rym powierzono prowadzenie czynno\u015bci wyja\u015bniaj\u0105cych w sprawach o wykroczenia karane na podstawie ustawy Prawo o ruchu drogowym, mog\u0105 w tym kontek\u015bcie przed\u0142o\u017cy\u0107...","robots":{"index":"index","follow":"follow","max-snippet":"max-snippet:-1","max-image-preview":"max-image-preview:large","max-video-preview":"max-video-preview:-1"},"canonical":"https:\/\/verkeer.site\/pl\/verplichtingen-meewerken-2\/","og_locale":"pl_PL","og_type":"article","og_title":"Verplichtingen \/ Meewerken - Verkeer.site","og_description":"De personen die met de opsporing van de feiten die strafbaar zijn gesteld in de Wegenverkeerswet belast zijn, kunnen in dit kader aan...","og_url":"https:\/\/verkeer.site\/pl\/verplichtingen-meewerken-2\/","og_site_name":"Verkeer.site","article_publisher":"https:\/\/www.facebook.com\/LawAndMoreNl","article_modified_time":"2022-06-01T14:06:17+00:00","og_image":[{"width":1600,"height":676,"url":"https:\/\/verkeer.site\/wp-content\/uploads\/2022\/06\/header_page_008.2.jpg","type":"image\/jpeg"}],"twitter_card":"summary_large_image","twitter_site":"@LawandMorenl","twitter_misc":{"Est. reading time":"4 minutes"},"schema":{"@context":"https:\/\/schema.org","@graph":[{"@type":"WebPage","@id":"https:\/\/verkeer.site\/verplichtingen-meewerken-2\/","url":"https:\/\/verkeer.site\/verplichtingen-meewerken-2\/","name":"Obowi\u0105zki \/ Wsp\u00f3\u0142praca - Traffic.site","isPartOf":{"@id":"https:\/\/verkeer.site\/#website"},"primaryImageOfPage":{"@id":"https:\/\/verkeer.site\/verplichtingen-meewerken-2\/#primaryimage"},"image":{"@id":"https:\/\/verkeer.site\/verplichtingen-meewerken-2\/#primaryimage"},"thumbnailUrl":"https:\/\/verkeer.site\/wp-content\/uploads\/2022\/06\/header_page_008.2.jpg","datePublished":"2022-06-01T13:14:58+00:00","dateModified":"2022-06-01T14:06:17+00:00","description":"Osoby, kt\u00f3rym powierzono prowadzenie czynno\u015bci wyja\u015bniaj\u0105cych w sprawach o wykroczenia karane na podstawie ustawy Prawo o ruchu drogowym, mog\u0105 w tym kontek\u015bcie przed\u0142o\u017cy\u0107...","breadcrumb":{"@id":"https:\/\/verkeer.site\/verplichtingen-meewerken-2\/#breadcrumb"},"inLanguage":"pl-PL","potentialAction":[{"@type":"ReadAction","target":["https:\/\/verkeer.site\/verplichtingen-meewerken-2\/"]}]},{"@type":"ImageObject","inLanguage":"pl-PL","@id":"https:\/\/verkeer.site\/verplichtingen-meewerken-2\/#primaryimage","url":"https:\/\/verkeer.site\/wp-content\/uploads\/2022\/06\/header_page_008.2.jpg","contentUrl":"https:\/\/verkeer.site\/wp-content\/uploads\/2022\/06\/header_page_008.2.jpg","width":1600,"height":676,"caption":"Toezicht en opsporing"},{"@type":"BreadcrumbList","@id":"https:\/\/verkeer.site\/verplichtingen-meewerken-2\/#breadcrumb","itemListElement":[{"@type":"ListItem","position":1,"name":"Home","item":"https:\/\/verkeer.site\/"},{"@type":"ListItem","position":2,"name":"Verplichtingen \/ Meewerken"}]},{"@type":"WebSite","@id":"https:\/\/verkeer.site\/#website","url":"https:\/\/verkeer.site\/","name":"Traffic.site","description":"Ruch drogowy Prawnicy kryminalni","publisher":{"@id":"https:\/\/verkeer.site\/#organization"},"potentialAction":[{"@type":"SearchAction","target":{"@type":"EntryPoint","urlTemplate":"https:\/\/verkeer.site\/?s={search_term_string}"},"query-input":{"@type":"PropertyValueSpecification","valueRequired":true,"valueName":"search_term_string"}}],"inLanguage":"pl-PL"},{"@type":"Organization","@id":"https:\/\/verkeer.site\/#organization","name":"Law &amp; More B.V.","url":"https:\/\/verkeer.site\/","logo":{"@type":"ImageObject","inLanguage":"pl-PL","@id":"https:\/\/verkeer.site\/#\/schema\/logo\/image\/","url":"https:\/\/verkeer.site\/wp-content\/uploads\/2019\/04\/lawmore_logo_LM_only_copy.jpg","contentUrl":"https:\/\/verkeer.site\/wp-content\/uploads\/2019\/04\/lawmore_logo_LM_only_copy.jpg","width":665,"height":665,"caption":"Law & More B.V."},"image":{"@id":"https:\/\/verkeer.site\/#\/schema\/logo\/image\/"},"sameAs":["https:\/\/www.facebook.com\/LawAndMoreNl","https:\/\/x.com\/LawandMorenl","https:\/\/www.instagram.com\/lawandmore\/","https:\/\/nl.linkedin.com\/company\/5339401"]}]}},"_links":{"self":[{"href":"https:\/\/verkeer.site\/pl\/wp-json\/wp\/v2\/pages\/3475","targetHints":{"allow":["GET"]}}],"collection":[{"href":"https:\/\/verkeer.site\/pl\/wp-json\/wp\/v2\/pages"}],"about":[{"href":"https:\/\/verkeer.site\/pl\/wp-json\/wp\/v2\/types\/page"}],"author":[{"embeddable":true,"href":"https:\/\/verkeer.site\/pl\/wp-json\/wp\/v2\/users\/1"}],"replies":[{"embeddable":true,"href":"https:\/\/verkeer.site\/pl\/wp-json\/wp\/v2\/comments?post=3475"}],"version-history":[{"count":0,"href":"https:\/\/verkeer.site\/pl\/wp-json\/wp\/v2\/pages\/3475\/revisions"}],"wp:featuredmedia":[{"embeddable":true,"href":"https:\/\/verkeer.site\/pl\/wp-json\/wp\/v2\/media\/3467"}],"wp:attachment":[{"href":"https:\/\/verkeer.site\/pl\/wp-json\/wp\/v2\/media?parent=3475"}],"curies":[{"name":"wp","href":"https:\/\/api.w.org\/{rel}","templated":true}]}}