{"id":3460,"date":"2022-06-01T14:02:01","date_gmt":"2022-06-01T13:02:01","guid":{"rendered":"https:\/\/verkeer.site\/?page_id=3460"},"modified":"2022-06-01T15:06:59","modified_gmt":"2022-06-01T14:06:59","slug":"toezicht-en-opsporing-2","status":"publish","type":"page","link":"https:\/\/verkeer.site\/pl\/toezicht-en-opsporing-2\/","title":{"rendered":"Monitorowanie i dochodzenie"},"content":{"rendered":"<div data-elementor-type=\"wp-page\" data-elementor-id=\"3460\" class=\"elementor elementor-3460\" data-elementor-post-type=\"page\">\n\t\t\t\t\t\t<div class=\"elementor-section elementor-top-section elementor-element elementor-element-ce48caf elementor-section-boxed elementor-section-height-default elementor-section-height-default\" data-id=\"ce48caf\" data-element_type=\"section\" data-settings=\"{&quot;background_background&quot;:&quot;classic&quot;,&quot;background_motion_fx_motion_fx_scrolling&quot;:&quot;yes&quot;,&quot;background_motion_fx_translateY_effect&quot;:&quot;yes&quot;,&quot;background_motion_fx_translateY_speed&quot;:{&quot;unit&quot;:&quot;px&quot;,&quot;size&quot;:4,&quot;sizes&quot;:[]},&quot;background_motion_fx_translateY_affectedRange&quot;:{&quot;unit&quot;:&quot;%&quot;,&quot;size&quot;:&quot;&quot;,&quot;sizes&quot;:{&quot;start&quot;:0,&quot;end&quot;:100}},&quot;background_motion_fx_devices&quot;:[&quot;desktop&quot;,&quot;laptop&quot;,&quot;tablet&quot;,&quot;mobile_extra&quot;,&quot;mobile&quot;]}\">\n\t\t\t\t\t\t\t<div class=\"elementor-background-overlay\"><\/div>\n\t\t\t\t\t\t\t<div class=\"elementor-container elementor-column-gap-default\">\n\t\t\t\t\t<div class=\"elementor-column elementor-col-100 elementor-top-column elementor-element elementor-element-c2bcda1\" data-id=\"c2bcda1\" data-element_type=\"column\">\n\t\t\t<div class=\"elementor-widget-wrap elementor-element-populated\">\n\t\t\t\t\t\t<div class=\"elementor-element elementor-element-7b5354e elementor-widget elementor-widget-heading\" data-id=\"7b5354e\" data-element_type=\"widget\" data-widget_type=\"heading.default\">\n\t\t\t\t<div class=\"elementor-widget-container\">\n\t\t\t\t\t<h2 class=\"elementor-heading-title elementor-size-default\">Monitorowanie i dochodzenie<\/h2>\t\t\t\t<\/div>\n\t\t\t\t<\/div>\n\t\t\t\t\t<\/div>\n\t\t<\/div>\n\t\t\t\t\t<\/div>\n\t\t<\/div>\n\t\t\t\t<div class=\"elementor-section elementor-top-section elementor-element elementor-element-c023ed4 elementor-section-boxed elementor-section-height-default elementor-section-height-default\" data-id=\"c023ed4\" data-element_type=\"section\">\n\t\t\t\t\t\t<div class=\"elementor-container elementor-column-gap-default\">\n\t\t\t\t\t<div class=\"elementor-column elementor-col-100 elementor-top-column elementor-element elementor-element-a4eee03\" data-id=\"a4eee03\" data-element_type=\"column\">\n\t\t\t<div class=\"elementor-widget-wrap elementor-element-populated\">\n\t\t\t\t\t\t<div class=\"elementor-element elementor-element-1eeebe7 elementor-invisible elementor-widget elementor-widget-text-editor\" data-id=\"1eeebe7\" data-element_type=\"widget\" data-settings=\"{&quot;_animation&quot;:&quot;fadeInUp&quot;}\" data-widget_type=\"text-editor.default\">\n\t\t\t\t<div class=\"elementor-widget-container\">\n\t\t\t\t\t\t\t\t\t<p>Istnieje rozr\u00f3\u017cnienie mi\u0119dzy represyjn\u0105 kontrol\u0105 karn\u0105 a nadzorem administracyjnym.<\/p><p>Policji mo\u017cna zarzuci\u0107 zar\u00f3wno karne egzekwowanie prawa i porz\u0105dku, jak i utrzymywanie porz\u0105dku publicznego. W przypadku ustawy o ruchu drogowym policja ma za zadanie zar\u00f3wno nadzorowa\u0107 przestrzeganie przepis\u00f3w ustawy o ruchu drogowym, jak i prowadzi\u0107 dochodzenia w sprawie wykrocze\u0144 karanych na mocy tej ustawy. Oznacza to, \u017ce maj\u0105 oni uprawnienia do prowadzenia dochodze\u0144 w sprawie tego, czy dana osoba wsiad\u0142a za kierownic\u0119 po spo\u017cyciu zbyt du\u017cej ilo\u015bci alkoholu. Ponadto przyznano im r\u00f3wnie\u017c uprawnienia dochodzeniowe na mocy ustawy o ruchu drogowym.<\/p>\t\t\t\t\t\t\t\t<\/div>\n\t\t\t\t<\/div>\n\t\t\t\t<div class=\"elementor-element elementor-element-c687e5d elementor-widget elementor-widget-image\" data-id=\"c687e5d\" data-element_type=\"widget\" data-widget_type=\"image.default\">\n\t\t\t\t<div class=\"elementor-widget-container\">\n\t\t\t\t\t\t\t\t\t\t\t\t\t\t\t<img fetchpriority=\"high\" decoding=\"async\" width=\"1600\" height=\"676\" src=\"https:\/\/verkeer.site\/wp-content\/uploads\/2022\/06\/header_page_008.2.jpg\" class=\"attachment-full size-full wp-image-3467\" alt=\"Toezicht en opsporing\" srcset=\"https:\/\/verkeer.site\/wp-content\/uploads\/2022\/06\/header_page_008.2.jpg 1600w, https:\/\/verkeer.site\/wp-content\/uploads\/2022\/06\/header_page_008.2-1536x649.jpg 1536w, https:\/\/verkeer.site\/wp-content\/uploads\/2022\/06\/header_page_008.2-18x8.jpg 18w\" sizes=\"(max-width: 1600px) 100vw, 1600px\" \/>\t\t\t\t\t\t\t\t\t\t\t\t\t\t\t<\/div>\n\t\t\t\t<\/div>\n\t\t\t\t<div class=\"elementor-element elementor-element-c4fe150 elementor-invisible elementor-widget elementor-widget-text-editor\" data-id=\"c4fe150\" data-element_type=\"widget\" data-settings=\"{&quot;_animation&quot;:&quot;fadeInUp&quot;}\" data-widget_type=\"text-editor.default\">\n\t\t\t\t<div class=\"elementor-widget-container\">\n\t\t\t\t\t\t\t\t\t<p>Na przyk\u0142ad, policja mo\u017ce zleci\u0107 analiz\u0119 oddechu (lub badanie krwi), je\u015bli podejrzewa, \u017ce prowadzisz pojazd z nadmiern\u0105 ilo\u015bci\u0105 alkoholu. Nie wolno im odebra\u0107 Ci\u0119 bez powodu i zabra\u0107 na komisariat na test alkomatowy. Policja mo\u017ce jednak przeprowadzi\u0107 wst\u0119pne badanie alkomatem ka\u017cdego pojazdu, w sprawie kt\u00f3rego chce przeprowadzi\u0107 dochodzenie. W tym celu mog\u0105 r\u00f3wnie\u017c zabra\u0107 kierowc\u0119 w inne miejsce. Musisz si\u0119 do tego stosowa\u0107 (160 paragraf 4 WVW). A je\u015bli wst\u0119pny test wyka\u017ce, \u017ce wypi\u0142e\u015b za du\u017co, istnieje podejrzenie, \u017ce mo\u017cesz zosta\u0107 poddany pe\u0142nemu testowi na obecno\u015b\u0107 alkoholu.<\/p><p>Dlatego te\u017c wa\u017cne jest, aby sprawdzi\u0107 z perspektywy czasu, czy u\u017cyto w\u0142a\u015bciwych uprawnie\u0144 i czy u\u017cyto ich zgodnie z prawem. W przeciwnym razie dochodzenie nie mo\u017ce by\u0107 wykorzystane jako dow\u00f3d i mo\u017ce skutkowa\u0107 uniewinnieniem.<\/p>\t\t\t\t\t\t\t\t<\/div>\n\t\t\t\t<\/div>\n\t\t\t\t\t<\/div>\n\t\t<\/div>\n\t\t\t\t\t<\/div>\n\t\t<\/div>\n\t\t\t\t<div class=\"elementor-section elementor-top-section elementor-element elementor-element-af547d3 elementor-section-boxed elementor-section-height-default elementor-section-height-default\" data-id=\"af547d3\" data-element_type=\"section\" data-settings=\"{&quot;background_background&quot;:&quot;classic&quot;}\">\n\t\t\t\t\t\t<div class=\"elementor-container elementor-column-gap-default\">\n\t\t\t\t\t<div class=\"elementor-column elementor-col-66 elementor-top-column elementor-element elementor-element-ddfcaa7\" data-id=\"ddfcaa7\" data-element_type=\"column\">\n\t\t\t<div class=\"elementor-widget-wrap elementor-element-populated\">\n\t\t\t\t\t\t<div class=\"elementor-element elementor-element-5f82a45 elementor-widget elementor-widget-text-editor\" data-id=\"5f82a45\" data-element_type=\"widget\" data-widget_type=\"text-editor.default\">\n\t\t\t\t<div class=\"elementor-widget-container\">\n\t\t\t\t\t\t\t\t\t<p>Potrzebujesz prawnika specjalizuj\u0105cego si\u0119 w prawie karnym drogowym?<br \/>Skontaktuj si\u0119 z nami telefonicznie pod numerem +31 40 369 06 80 lub wy\u015blij wiadomo\u015b\u0107 e-mail na adres:<br \/>Tom Meevis, prawnik z Law &amp; More - tom.meevis@lawandmore.nl<br \/>Maksym Hodak, prawnik z Law &amp; More - maxim.hodak@lawandmore.nl<\/p>\t\t\t\t\t\t\t\t<\/div>\n\t\t\t\t<\/div>\n\t\t\t\t\t<\/div>\n\t\t<\/div>\n\t\t\t\t<div class=\"elementor-column elementor-col-33 elementor-top-column elementor-element elementor-element-11ccdb2\" data-id=\"11ccdb2\" data-element_type=\"column\">\n\t\t\t<div class=\"elementor-widget-wrap elementor-element-populated\">\n\t\t\t\t\t\t<div class=\"elementor-element elementor-element-330a0af elementor-align-center elementor-mobile-align-left elementor-invisible elementor-widget elementor-widget-button\" data-id=\"330a0af\" data-element_type=\"widget\" data-settings=\"{&quot;_animation&quot;:&quot;fadeInUp&quot;,&quot;_animation_delay&quot;:500}\" data-widget_type=\"button.default\">\n\t\t\t\t<div class=\"elementor-widget-container\">\n\t\t\t\t\t\t\t\t\t<div class=\"elementor-button-wrapper\">\n\t\t\t\t\t<a class=\"elementor-button elementor-button-link elementor-size-md\" href=\"https:\/\/verkeer.site\/pl\/contact\/\">\n\t\t\t\t\t\t<span class=\"elementor-button-content-wrapper\">\n\t\t\t\t\t\t\t\t\t<span class=\"elementor-button-text\">KONTAKT Z NAMI<\/span>\n\t\t\t\t\t<\/span>\n\t\t\t\t\t<\/a>\n\t\t\t\t<\/div>\n\t\t\t\t\t\t\t\t<\/div>\n\t\t\t\t<\/div>\n\t\t\t\t\t<\/div>\n\t\t<\/div>\n\t\t\t\t\t<\/div>\n\t\t<\/div>\n\t\t\t\t<\/div>","protected":false},"excerpt":{"rendered":"<p>Nadz\u00f3r i dochodzenie Istnieje rozr\u00f3\u017cnienie pomi\u0119dzy nadzorem represyjnym w sprawach karnych a nadzorem w sprawach administracyjnych. Policji mo\u017cna zarzuci\u0107 zar\u00f3wno karne egzekwowanie prawa, jak i porz\u0105dku. W [...]<\/p>","protected":false},"author":1,"featured_media":3105,"parent":0,"menu_order":0,"comment_status":"closed","ping_status":"closed","template":"","meta":{"footnotes":""},"class_list":["post-3460","page","type-page","status-publish","has-post-thumbnail","hentry"],"yoast_head":"<!-- This site is optimized with the Yoast SEO plugin v25.6 - https:\/\/yoast.com\/wordpress\/plugins\/seo\/ -->\n<title>Toezicht en opsporing - Verkeer.site<\/title>\n<meta name=\"description\" content=\"Er is een onderscheid tussen strafrechtelijke repressieve controle en bestuursrechtelijk toezicht. De politie kan zowel belast...\" \/>\n<meta name=\"robots\" content=\"index, follow, max-snippet:-1, max-image-preview:large, max-video-preview:-1\" \/>\n<link rel=\"canonical\" href=\"https:\/\/verkeer.site\/pl\/toezicht-en-opsporing-2\/\" \/>\n<meta property=\"og:locale\" content=\"pl_PL\" \/>\n<meta property=\"og:type\" content=\"article\" \/>\n<meta property=\"og:title\" content=\"Toezicht en opsporing - Verkeer.site\" \/>\n<meta property=\"og:description\" content=\"Er is een onderscheid tussen strafrechtelijke repressieve controle en bestuursrechtelijk toezicht. De politie kan zowel belast...\" \/>\n<meta property=\"og:url\" content=\"https:\/\/verkeer.site\/pl\/toezicht-en-opsporing-2\/\" \/>\n<meta property=\"og:site_name\" content=\"Verkeer.site\" \/>\n<meta property=\"article:publisher\" content=\"https:\/\/www.facebook.com\/LawAndMoreNl\" \/>\n<meta property=\"article:modified_time\" content=\"2022-06-01T14:06:59+00:00\" \/>\n<meta property=\"og:image\" content=\"https:\/\/verkeer.site\/wp-content\/uploads\/2022\/06\/police-1.jpg\" \/>\n\t<meta property=\"og:image:width\" content=\"960\" \/>\n\t<meta property=\"og:image:height\" content=\"720\" \/>\n\t<meta property=\"og:image:type\" content=\"image\/jpeg\" \/>\n<meta name=\"twitter:card\" content=\"summary_large_image\" \/>\n<meta name=\"twitter:site\" content=\"@LawandMorenl\" \/>\n<meta name=\"twitter:label1\" content=\"Est. reading time\" \/>\n\t<meta name=\"twitter:data1\" content=\"2 minutes\" \/>\n<script type=\"application\/ld+json\" class=\"yoast-schema-graph\">{\"@context\":\"https:\/\/schema.org\",\"@graph\":[{\"@type\":\"WebPage\",\"@id\":\"https:\/\/verkeer.site\/toezicht-en-opsporing-2\/\",\"url\":\"https:\/\/verkeer.site\/toezicht-en-opsporing-2\/\",\"name\":\"Toezicht en opsporing - Verkeer.site\",\"isPartOf\":{\"@id\":\"https:\/\/verkeer.site\/#website\"},\"primaryImageOfPage\":{\"@id\":\"https:\/\/verkeer.site\/toezicht-en-opsporing-2\/#primaryimage\"},\"image\":{\"@id\":\"https:\/\/verkeer.site\/toezicht-en-opsporing-2\/#primaryimage\"},\"thumbnailUrl\":\"https:\/\/verkeer.site\/wp-content\/uploads\/2022\/06\/police-1.jpg\",\"datePublished\":\"2022-06-01T13:02:01+00:00\",\"dateModified\":\"2022-06-01T14:06:59+00:00\",\"description\":\"Er is een onderscheid tussen strafrechtelijke repressieve controle en bestuursrechtelijk toezicht. De politie kan zowel belast...\",\"breadcrumb\":{\"@id\":\"https:\/\/verkeer.site\/toezicht-en-opsporing-2\/#breadcrumb\"},\"inLanguage\":\"pl-PL\",\"potentialAction\":[{\"@type\":\"ReadAction\",\"target\":[\"https:\/\/verkeer.site\/toezicht-en-opsporing-2\/\"]}]},{\"@type\":\"ImageObject\",\"inLanguage\":\"pl-PL\",\"@id\":\"https:\/\/verkeer.site\/toezicht-en-opsporing-2\/#primaryimage\",\"url\":\"https:\/\/verkeer.site\/wp-content\/uploads\/2022\/06\/police-1.jpg\",\"contentUrl\":\"https:\/\/verkeer.site\/wp-content\/uploads\/2022\/06\/police-1.jpg\",\"width\":960,\"height\":720,\"caption\":\"police-1\"},{\"@type\":\"BreadcrumbList\",\"@id\":\"https:\/\/verkeer.site\/toezicht-en-opsporing-2\/#breadcrumb\",\"itemListElement\":[{\"@type\":\"ListItem\",\"position\":1,\"name\":\"Home\",\"item\":\"https:\/\/verkeer.site\/\"},{\"@type\":\"ListItem\",\"position\":2,\"name\":\"Toezicht en opsporing\"}]},{\"@type\":\"WebSite\",\"@id\":\"https:\/\/verkeer.site\/#website\",\"url\":\"https:\/\/verkeer.site\/\",\"name\":\"Verkeer.site\",\"description\":\"Advocaten Verkeersstrafrecht\",\"publisher\":{\"@id\":\"https:\/\/verkeer.site\/#organization\"},\"potentialAction\":[{\"@type\":\"SearchAction\",\"target\":{\"@type\":\"EntryPoint\",\"urlTemplate\":\"https:\/\/verkeer.site\/?s={search_term_string}\"},\"query-input\":{\"@type\":\"PropertyValueSpecification\",\"valueRequired\":true,\"valueName\":\"search_term_string\"}}],\"inLanguage\":\"pl-PL\"},{\"@type\":\"Organization\",\"@id\":\"https:\/\/verkeer.site\/#organization\",\"name\":\"Law & More B.V.\",\"url\":\"https:\/\/verkeer.site\/\",\"logo\":{\"@type\":\"ImageObject\",\"inLanguage\":\"pl-PL\",\"@id\":\"https:\/\/verkeer.site\/#\/schema\/logo\/image\/\",\"url\":\"https:\/\/verkeer.site\/wp-content\/uploads\/2019\/04\/lawmore_logo_LM_only_copy.jpg\",\"contentUrl\":\"https:\/\/verkeer.site\/wp-content\/uploads\/2019\/04\/lawmore_logo_LM_only_copy.jpg\",\"width\":665,\"height\":665,\"caption\":\"Law & More B.V.\"},\"image\":{\"@id\":\"https:\/\/verkeer.site\/#\/schema\/logo\/image\/\"},\"sameAs\":[\"https:\/\/www.facebook.com\/LawAndMoreNl\",\"https:\/\/x.com\/LawandMorenl\",\"https:\/\/www.instagram.com\/lawandmore\/\",\"https:\/\/nl.linkedin.com\/company\/5339401\"]}]}<\/script>\n<!-- \/ Yoast SEO plugin. -->","yoast_head_json":{"title":"Monitorowanie i dochodzenie - Traffic.site","description":"Istnieje rozr\u00f3\u017cnienie mi\u0119dzy represyjn\u0105 kontrol\u0105 karn\u0105 a kontrol\u0105 administracyjn\u0105. Policja mo\u017ce zosta\u0107 oskar\u017cona o...","robots":{"index":"index","follow":"follow","max-snippet":"max-snippet:-1","max-image-preview":"max-image-preview:large","max-video-preview":"max-video-preview:-1"},"canonical":"https:\/\/verkeer.site\/pl\/toezicht-en-opsporing-2\/","og_locale":"pl_PL","og_type":"article","og_title":"Toezicht en opsporing - Verkeer.site","og_description":"Er is een onderscheid tussen strafrechtelijke repressieve controle en bestuursrechtelijk toezicht. De politie kan zowel belast...","og_url":"https:\/\/verkeer.site\/pl\/toezicht-en-opsporing-2\/","og_site_name":"Verkeer.site","article_publisher":"https:\/\/www.facebook.com\/LawAndMoreNl","article_modified_time":"2022-06-01T14:06:59+00:00","og_image":[{"width":960,"height":720,"url":"https:\/\/verkeer.site\/wp-content\/uploads\/2022\/06\/police-1.jpg","type":"image\/jpeg"}],"twitter_card":"summary_large_image","twitter_site":"@LawandMorenl","twitter_misc":{"Est. reading time":"2 minutes"},"schema":{"@context":"https:\/\/schema.org","@graph":[{"@type":"WebPage","@id":"https:\/\/verkeer.site\/toezicht-en-opsporing-2\/","url":"https:\/\/verkeer.site\/toezicht-en-opsporing-2\/","name":"Monitorowanie i dochodzenie - Traffic.site","isPartOf":{"@id":"https:\/\/verkeer.site\/#website"},"primaryImageOfPage":{"@id":"https:\/\/verkeer.site\/toezicht-en-opsporing-2\/#primaryimage"},"image":{"@id":"https:\/\/verkeer.site\/toezicht-en-opsporing-2\/#primaryimage"},"thumbnailUrl":"https:\/\/verkeer.site\/wp-content\/uploads\/2022\/06\/police-1.jpg","datePublished":"2022-06-01T13:02:01+00:00","dateModified":"2022-06-01T14:06:59+00:00","description":"Istnieje rozr\u00f3\u017cnienie mi\u0119dzy represyjn\u0105 kontrol\u0105 karn\u0105 a kontrol\u0105 administracyjn\u0105. Policja mo\u017ce zosta\u0107 oskar\u017cona o...","breadcrumb":{"@id":"https:\/\/verkeer.site\/toezicht-en-opsporing-2\/#breadcrumb"},"inLanguage":"pl-PL","potentialAction":[{"@type":"ReadAction","target":["https:\/\/verkeer.site\/toezicht-en-opsporing-2\/"]}]},{"@type":"ImageObject","inLanguage":"pl-PL","@id":"https:\/\/verkeer.site\/toezicht-en-opsporing-2\/#primaryimage","url":"https:\/\/verkeer.site\/wp-content\/uploads\/2022\/06\/police-1.jpg","contentUrl":"https:\/\/verkeer.site\/wp-content\/uploads\/2022\/06\/police-1.jpg","width":960,"height":720,"caption":"police-1"},{"@type":"BreadcrumbList","@id":"https:\/\/verkeer.site\/toezicht-en-opsporing-2\/#breadcrumb","itemListElement":[{"@type":"ListItem","position":1,"name":"Home","item":"https:\/\/verkeer.site\/"},{"@type":"ListItem","position":2,"name":"Toezicht en opsporing"}]},{"@type":"WebSite","@id":"https:\/\/verkeer.site\/#website","url":"https:\/\/verkeer.site\/","name":"Traffic.site","description":"Ruch drogowy Prawnicy kryminalni","publisher":{"@id":"https:\/\/verkeer.site\/#organization"},"potentialAction":[{"@type":"SearchAction","target":{"@type":"EntryPoint","urlTemplate":"https:\/\/verkeer.site\/?s={search_term_string}"},"query-input":{"@type":"PropertyValueSpecification","valueRequired":true,"valueName":"search_term_string"}}],"inLanguage":"pl-PL"},{"@type":"Organization","@id":"https:\/\/verkeer.site\/#organization","name":"Law &amp; More B.V.","url":"https:\/\/verkeer.site\/","logo":{"@type":"ImageObject","inLanguage":"pl-PL","@id":"https:\/\/verkeer.site\/#\/schema\/logo\/image\/","url":"https:\/\/verkeer.site\/wp-content\/uploads\/2019\/04\/lawmore_logo_LM_only_copy.jpg","contentUrl":"https:\/\/verkeer.site\/wp-content\/uploads\/2019\/04\/lawmore_logo_LM_only_copy.jpg","width":665,"height":665,"caption":"Law & More B.V."},"image":{"@id":"https:\/\/verkeer.site\/#\/schema\/logo\/image\/"},"sameAs":["https:\/\/www.facebook.com\/LawAndMoreNl","https:\/\/x.com\/LawandMorenl","https:\/\/www.instagram.com\/lawandmore\/","https:\/\/nl.linkedin.com\/company\/5339401"]}]}},"_links":{"self":[{"href":"https:\/\/verkeer.site\/pl\/wp-json\/wp\/v2\/pages\/3460","targetHints":{"allow":["GET"]}}],"collection":[{"href":"https:\/\/verkeer.site\/pl\/wp-json\/wp\/v2\/pages"}],"about":[{"href":"https:\/\/verkeer.site\/pl\/wp-json\/wp\/v2\/types\/page"}],"author":[{"embeddable":true,"href":"https:\/\/verkeer.site\/pl\/wp-json\/wp\/v2\/users\/1"}],"replies":[{"embeddable":true,"href":"https:\/\/verkeer.site\/pl\/wp-json\/wp\/v2\/comments?post=3460"}],"version-history":[{"count":0,"href":"https:\/\/verkeer.site\/pl\/wp-json\/wp\/v2\/pages\/3460\/revisions"}],"wp:featuredmedia":[{"embeddable":true,"href":"https:\/\/verkeer.site\/pl\/wp-json\/wp\/v2\/media\/3105"}],"wp:attachment":[{"href":"https:\/\/verkeer.site\/pl\/wp-json\/wp\/v2\/media?parent=3460"}],"curies":[{"name":"wp","href":"https:\/\/api.w.org\/{rel}","templated":true}]}}