{"id":3435,"date":"2022-06-01T13:48:31","date_gmt":"2022-06-01T12:48:31","guid":{"rendered":"https:\/\/verkeer.site\/?page_id=3435"},"modified":"2022-06-01T15:06:38","modified_gmt":"2022-06-01T14:06:38","slug":"fietsers-voetgangers-alcohol","status":"publish","type":"page","link":"https:\/\/verkeer.site\/pl\/fietsers-voetgangers-alcohol\/","title":{"rendered":"Rowerzy\u015bci, piesi i alkohol"},"content":{"rendered":"<div data-elementor-type=\"wp-page\" data-elementor-id=\"3435\" class=\"elementor elementor-3435\" data-elementor-post-type=\"page\">\n\t\t\t\t\t\t<div class=\"elementor-section elementor-top-section elementor-element elementor-element-ce48caf elementor-section-boxed elementor-section-height-default elementor-section-height-default\" data-id=\"ce48caf\" data-element_type=\"section\" data-settings=\"{&quot;background_background&quot;:&quot;classic&quot;,&quot;background_motion_fx_motion_fx_scrolling&quot;:&quot;yes&quot;,&quot;background_motion_fx_translateY_effect&quot;:&quot;yes&quot;,&quot;background_motion_fx_translateY_speed&quot;:{&quot;unit&quot;:&quot;px&quot;,&quot;size&quot;:4,&quot;sizes&quot;:[]},&quot;background_motion_fx_translateY_affectedRange&quot;:{&quot;unit&quot;:&quot;%&quot;,&quot;size&quot;:&quot;&quot;,&quot;sizes&quot;:{&quot;start&quot;:0,&quot;end&quot;:100}},&quot;background_motion_fx_devices&quot;:[&quot;desktop&quot;,&quot;laptop&quot;,&quot;tablet&quot;,&quot;mobile_extra&quot;,&quot;mobile&quot;]}\">\n\t\t\t\t\t\t\t<div class=\"elementor-background-overlay\"><\/div>\n\t\t\t\t\t\t\t<div class=\"elementor-container elementor-column-gap-default\">\n\t\t\t\t\t<div class=\"elementor-column elementor-col-100 elementor-top-column elementor-element elementor-element-c2bcda1\" data-id=\"c2bcda1\" data-element_type=\"column\">\n\t\t\t<div class=\"elementor-widget-wrap elementor-element-populated\">\n\t\t\t\t\t\t<div class=\"elementor-element elementor-element-7b5354e elementor-widget elementor-widget-heading\" data-id=\"7b5354e\" data-element_type=\"widget\" data-widget_type=\"heading.default\">\n\t\t\t\t<div class=\"elementor-widget-container\">\n\t\t\t\t\t<h2 class=\"elementor-heading-title elementor-size-default\">Rowerzy\u015bci, piesi i alkohol<\/h2>\t\t\t\t<\/div>\n\t\t\t\t<\/div>\n\t\t\t\t\t<\/div>\n\t\t<\/div>\n\t\t\t\t\t<\/div>\n\t\t<\/div>\n\t\t\t\t<div class=\"elementor-section elementor-top-section elementor-element elementor-element-c023ed4 elementor-section-boxed elementor-section-height-default elementor-section-height-default\" data-id=\"c023ed4\" data-element_type=\"section\">\n\t\t\t\t\t\t<div class=\"elementor-container elementor-column-gap-default\">\n\t\t\t\t\t<div class=\"elementor-column elementor-col-100 elementor-top-column elementor-element elementor-element-a4eee03\" data-id=\"a4eee03\" data-element_type=\"column\">\n\t\t\t<div class=\"elementor-widget-wrap elementor-element-populated\">\n\t\t\t\t\t\t<div class=\"elementor-element elementor-element-1eeebe7 elementor-invisible elementor-widget elementor-widget-text-editor\" data-id=\"1eeebe7\" data-element_type=\"widget\" data-settings=\"{&quot;_animation&quot;:&quot;fadeInUp&quot;}\" data-widget_type=\"text-editor.default\">\n\t\t\t\t<div class=\"elementor-widget-container\">\n\t\t\t\t\t\t\t\t\tOdsetek alkoholu wprowadza zatem rozr\u00f3\u017cnienie mi\u0119dzy pocz\u0105tkuj\u0105cymi kierowcami pojazd\u00f3w silnikowych a (innymi) kierowcami pojazd\u00f3w. Co nale\u017cy rozumie\u0107 przez pojazd, nie jest wyja\u015bnione w ustawie, ale z wyja\u015bnienia ustawy wynika, \u017ce znaczenie mo\u017cna wyprowadzi\u0107 z mowy. Pojazdem mo\u017ce by\u0107 wi\u0119c wszystko, co je\u017adzi. Tak wi\u0119c nawet je\u015bli jedziesz na rowerze b\u0119d\u0105c pijanym, mo\u017cesz zosta\u0107 ukarany. Jako rowerzysta jeste\u015b zatem karany, gdy masz wi\u0119cej ni\u017c 220 mikrogram\u00f3w alkoholu w wydychanym powietrzu lub wi\u0119cej ni\u017c 0,5 mililitra alkoholu w mililitrze krwi.\t\t\t\t\t\t\t\t<\/div>\n\t\t\t\t<\/div>\n\t\t\t\t<div class=\"elementor-element elementor-element-c687e5d elementor-widget elementor-widget-image\" data-id=\"c687e5d\" data-element_type=\"widget\" data-widget_type=\"image.default\">\n\t\t\t\t<div class=\"elementor-widget-container\">\n\t\t\t\t\t\t\t\t\t\t\t\t\t\t\t<img fetchpriority=\"high\" decoding=\"async\" width=\"1920\" height=\"682\" src=\"https:\/\/verkeer.site\/wp-content\/uploads\/2018\/05\/Crossroad.jpg\" class=\"attachment-full size-full wp-image-1988\" alt=\"Fietsers, voetgangers &amp; alcohol\" srcset=\"https:\/\/verkeer.site\/wp-content\/uploads\/2018\/05\/Crossroad.jpg 1920w, https:\/\/verkeer.site\/wp-content\/uploads\/2018\/05\/Crossroad-300x107.jpg 300w, https:\/\/verkeer.site\/wp-content\/uploads\/2018\/05\/Crossroad-768x273.jpg 768w, https:\/\/verkeer.site\/wp-content\/uploads\/2018\/05\/Crossroad-1024x364.jpg 1024w, https:\/\/verkeer.site\/wp-content\/uploads\/2018\/05\/Crossroad-1670x593.jpg 1670w, https:\/\/verkeer.site\/wp-content\/uploads\/2018\/05\/Crossroad-880x313.jpg 880w, https:\/\/verkeer.site\/wp-content\/uploads\/2018\/05\/Crossroad-450x160.jpg 450w\" sizes=\"(max-width: 1920px) 100vw, 1920px\" \/>\t\t\t\t\t\t\t\t\t\t\t\t\t\t\t<\/div>\n\t\t\t\t<\/div>\n\t\t\t\t<div class=\"elementor-element elementor-element-c4fe150 elementor-invisible elementor-widget elementor-widget-text-editor\" data-id=\"c4fe150\" data-element_type=\"widget\" data-settings=\"{&quot;_animation&quot;:&quot;fadeInUp&quot;}\" data-widget_type=\"text-editor.default\">\n\t\t\t\t<div class=\"elementor-widget-container\">\n\t\t\t\t\t\t\t\t\tWszyscy u\u017cytkownicy dr\u00f3g, w tym rowerzy\u015bci i piesi, musz\u0105 oczywi\u015bcie zachowywa\u0107 si\u0119 w taki spos\u00f3b, aby nie stwarza\u0107 zagro\u017cenia dla innych ani nie utrudnia\u0107 (lub nie stwarza\u0107 prawdopodobie\u0144stwa utrudnienia) ruchu na drodze. Je\u015bli zachowuj\u0105 si\u0119 w spos\u00f3b niebezpieczny lub je\u015bli ich zachowanie mo\u017ce utrudni\u0107 ruch drogowy, w\u00f3wczas prawo jest z\u0142amane i osoba ta podlega karze. Ponadto karany jest ka\u017cdy, kto powoduje wypadki drogowe, kt\u00f3rych skutkiem jest uszkodzenie cia\u0142a lub \u015bmier\u0107 innej osoby. Nawet podczas jazdy na rowerze czy spaceru mo\u017cna oczywi\u015bcie stanowi\u0107 zagro\u017cenie dla innych u\u017cytkownik\u00f3w dr\u00f3g, a ju\u017c na pewno z kilkoma okularami na oczach. Tak wi\u0119c jako rowerzysta lub pieszy mo\u017cesz by\u0107 r\u00f3wnie\u017c karany, je\u015bli stwarzasz zagro\u017cenie dla innych lub je\u015bli spowodujesz wypadek, kt\u00f3rego skutkiem s\u0105 obra\u017cenia fizyczne lub \u015bmier\u0107 innej osoby.\t\t\t\t\t\t\t\t<\/div>\n\t\t\t\t<\/div>\n\t\t\t\t\t<\/div>\n\t\t<\/div>\n\t\t\t\t\t<\/div>\n\t\t<\/div>\n\t\t\t\t<div class=\"elementor-section elementor-top-section elementor-element elementor-element-af547d3 elementor-section-boxed elementor-section-height-default elementor-section-height-default\" data-id=\"af547d3\" data-element_type=\"section\" data-settings=\"{&quot;background_background&quot;:&quot;classic&quot;}\">\n\t\t\t\t\t\t<div class=\"elementor-container elementor-column-gap-default\">\n\t\t\t\t\t<div class=\"elementor-column elementor-col-66 elementor-top-column elementor-element elementor-element-ddfcaa7\" data-id=\"ddfcaa7\" data-element_type=\"column\">\n\t\t\t<div class=\"elementor-widget-wrap elementor-element-populated\">\n\t\t\t\t\t\t<div class=\"elementor-element elementor-element-5f82a45 elementor-widget elementor-widget-text-editor\" data-id=\"5f82a45\" data-element_type=\"widget\" data-widget_type=\"text-editor.default\">\n\t\t\t\t<div class=\"elementor-widget-container\">\n\t\t\t\t\t\t\t\t\t<p>Potrzebujesz prawnika specjalizuj\u0105cego si\u0119 w prawie karnym drogowym?<br \/>Skontaktuj si\u0119 z nami telefonicznie pod numerem +31 40 369 06 80 lub wy\u015blij wiadomo\u015b\u0107 e-mail na adres:<br \/>Tom Meevis, prawnik z Law &amp; More - tom.meevis@lawandmore.nl<br \/>Maksym Hodak, prawnik z Law &amp; More - maxim.hodak@lawandmore.nl<\/p>\t\t\t\t\t\t\t\t<\/div>\n\t\t\t\t<\/div>\n\t\t\t\t\t<\/div>\n\t\t<\/div>\n\t\t\t\t<div class=\"elementor-column elementor-col-33 elementor-top-column elementor-element elementor-element-11ccdb2\" data-id=\"11ccdb2\" data-element_type=\"column\">\n\t\t\t<div class=\"elementor-widget-wrap elementor-element-populated\">\n\t\t\t\t\t\t<div class=\"elementor-element elementor-element-330a0af elementor-align-center elementor-mobile-align-left elementor-invisible elementor-widget elementor-widget-button\" data-id=\"330a0af\" data-element_type=\"widget\" data-settings=\"{&quot;_animation&quot;:&quot;fadeInUp&quot;,&quot;_animation_delay&quot;:500}\" data-widget_type=\"button.default\">\n\t\t\t\t<div class=\"elementor-widget-container\">\n\t\t\t\t\t\t\t\t\t<div class=\"elementor-button-wrapper\">\n\t\t\t\t\t<a class=\"elementor-button elementor-button-link elementor-size-md\" href=\"https:\/\/verkeer.site\/pl\/contact\/\">\n\t\t\t\t\t\t<span class=\"elementor-button-content-wrapper\">\n\t\t\t\t\t\t\t\t\t<span class=\"elementor-button-text\">KONTAKT Z NAMI<\/span>\n\t\t\t\t\t<\/span>\n\t\t\t\t\t<\/a>\n\t\t\t\t<\/div>\n\t\t\t\t\t\t\t\t<\/div>\n\t\t\t\t<\/div>\n\t\t\t\t\t<\/div>\n\t\t<\/div>\n\t\t\t\t\t<\/div>\n\t\t<\/div>\n\t\t\t\t<\/div>","protected":false},"excerpt":{"rendered":"<p>Rowerzy\u015bci, piesi &amp; alkohol Je\u015bli chodzi o procenty alkoholu, rozr\u00f3\u017cnia si\u0119 pocz\u0105tkuj\u0105cych kierowc\u00f3w pojazd\u00f3w mechanicznych i (innych) kierowc\u00f3w pojazd\u00f3w. Co oznacza pojazd, nie jest wyja\u015bnione w ustawie, ale z wyja\u015bnie\u0144 [...]<\/p>","protected":false},"author":1,"featured_media":3105,"parent":0,"menu_order":0,"comment_status":"closed","ping_status":"closed","template":"","meta":{"footnotes":""},"class_list":["post-3435","page","type-page","status-publish","has-post-thumbnail","hentry"],"yoast_head":"<!-- This site is optimized with the Yoast SEO plugin v25.6 - https:\/\/yoast.com\/wordpress\/plugins\/seo\/ -->\n<title>Fietsers, voetgangers &amp; alcohol - Verkeer.site<\/title>\n<meta name=\"description\" content=\"Bij de alcoholpercentages wordt dus een onderscheid gemaakt tussen beginnende bestuurders van motorrijtuigen en (andere) bestuurders...\" \/>\n<meta name=\"robots\" content=\"index, follow, max-snippet:-1, max-image-preview:large, max-video-preview:-1\" \/>\n<link rel=\"canonical\" href=\"https:\/\/verkeer.site\/pl\/fietsers-voetgangers-alcohol\/\" \/>\n<meta property=\"og:locale\" content=\"pl_PL\" \/>\n<meta property=\"og:type\" content=\"article\" \/>\n<meta property=\"og:title\" content=\"Fietsers, voetgangers &amp; alcohol - Verkeer.site\" \/>\n<meta property=\"og:description\" content=\"Bij de alcoholpercentages wordt dus een onderscheid gemaakt tussen beginnende bestuurders van motorrijtuigen en (andere) bestuurders...\" \/>\n<meta property=\"og:url\" content=\"https:\/\/verkeer.site\/pl\/fietsers-voetgangers-alcohol\/\" \/>\n<meta property=\"og:site_name\" content=\"Verkeer.site\" \/>\n<meta property=\"article:publisher\" content=\"https:\/\/www.facebook.com\/LawAndMoreNl\" \/>\n<meta property=\"article:modified_time\" content=\"2022-06-01T14:06:38+00:00\" \/>\n<meta property=\"og:image\" content=\"https:\/\/verkeer.site\/wp-content\/uploads\/2022\/06\/police-1.jpg\" \/>\n\t<meta property=\"og:image:width\" content=\"960\" \/>\n\t<meta property=\"og:image:height\" content=\"720\" \/>\n\t<meta property=\"og:image:type\" content=\"image\/jpeg\" \/>\n<meta name=\"twitter:card\" content=\"summary_large_image\" \/>\n<meta name=\"twitter:site\" content=\"@LawandMorenl\" \/>\n<meta name=\"twitter:label1\" content=\"Est. reading time\" \/>\n\t<meta name=\"twitter:data1\" content=\"2 minutes\" \/>\n<script type=\"application\/ld+json\" class=\"yoast-schema-graph\">{\"@context\":\"https:\/\/schema.org\",\"@graph\":[{\"@type\":\"WebPage\",\"@id\":\"https:\/\/verkeer.site\/fietsers-voetgangers-alcohol\/\",\"url\":\"https:\/\/verkeer.site\/fietsers-voetgangers-alcohol\/\",\"name\":\"Fietsers, voetgangers & alcohol - Verkeer.site\",\"isPartOf\":{\"@id\":\"https:\/\/verkeer.site\/#website\"},\"primaryImageOfPage\":{\"@id\":\"https:\/\/verkeer.site\/fietsers-voetgangers-alcohol\/#primaryimage\"},\"image\":{\"@id\":\"https:\/\/verkeer.site\/fietsers-voetgangers-alcohol\/#primaryimage\"},\"thumbnailUrl\":\"https:\/\/verkeer.site\/wp-content\/uploads\/2022\/06\/police-1.jpg\",\"datePublished\":\"2022-06-01T12:48:31+00:00\",\"dateModified\":\"2022-06-01T14:06:38+00:00\",\"description\":\"Bij de alcoholpercentages wordt dus een onderscheid gemaakt tussen beginnende bestuurders van motorrijtuigen en (andere) bestuurders...\",\"breadcrumb\":{\"@id\":\"https:\/\/verkeer.site\/fietsers-voetgangers-alcohol\/#breadcrumb\"},\"inLanguage\":\"pl-PL\",\"potentialAction\":[{\"@type\":\"ReadAction\",\"target\":[\"https:\/\/verkeer.site\/fietsers-voetgangers-alcohol\/\"]}]},{\"@type\":\"ImageObject\",\"inLanguage\":\"pl-PL\",\"@id\":\"https:\/\/verkeer.site\/fietsers-voetgangers-alcohol\/#primaryimage\",\"url\":\"https:\/\/verkeer.site\/wp-content\/uploads\/2022\/06\/police-1.jpg\",\"contentUrl\":\"https:\/\/verkeer.site\/wp-content\/uploads\/2022\/06\/police-1.jpg\",\"width\":960,\"height\":720,\"caption\":\"police-1\"},{\"@type\":\"BreadcrumbList\",\"@id\":\"https:\/\/verkeer.site\/fietsers-voetgangers-alcohol\/#breadcrumb\",\"itemListElement\":[{\"@type\":\"ListItem\",\"position\":1,\"name\":\"Home\",\"item\":\"https:\/\/verkeer.site\/\"},{\"@type\":\"ListItem\",\"position\":2,\"name\":\"Fietsers, voetgangers &#038; alcohol\"}]},{\"@type\":\"WebSite\",\"@id\":\"https:\/\/verkeer.site\/#website\",\"url\":\"https:\/\/verkeer.site\/\",\"name\":\"Verkeer.site\",\"description\":\"Advocaten Verkeersstrafrecht\",\"publisher\":{\"@id\":\"https:\/\/verkeer.site\/#organization\"},\"potentialAction\":[{\"@type\":\"SearchAction\",\"target\":{\"@type\":\"EntryPoint\",\"urlTemplate\":\"https:\/\/verkeer.site\/?s={search_term_string}\"},\"query-input\":{\"@type\":\"PropertyValueSpecification\",\"valueRequired\":true,\"valueName\":\"search_term_string\"}}],\"inLanguage\":\"pl-PL\"},{\"@type\":\"Organization\",\"@id\":\"https:\/\/verkeer.site\/#organization\",\"name\":\"Law & More B.V.\",\"url\":\"https:\/\/verkeer.site\/\",\"logo\":{\"@type\":\"ImageObject\",\"inLanguage\":\"pl-PL\",\"@id\":\"https:\/\/verkeer.site\/#\/schema\/logo\/image\/\",\"url\":\"https:\/\/verkeer.site\/wp-content\/uploads\/2019\/04\/lawmore_logo_LM_only_copy.jpg\",\"contentUrl\":\"https:\/\/verkeer.site\/wp-content\/uploads\/2019\/04\/lawmore_logo_LM_only_copy.jpg\",\"width\":665,\"height\":665,\"caption\":\"Law & More B.V.\"},\"image\":{\"@id\":\"https:\/\/verkeer.site\/#\/schema\/logo\/image\/\"},\"sameAs\":[\"https:\/\/www.facebook.com\/LawAndMoreNl\",\"https:\/\/x.com\/LawandMorenl\",\"https:\/\/www.instagram.com\/lawandmore\/\",\"https:\/\/nl.linkedin.com\/company\/5339401\"]}]}<\/script>\n<!-- \/ Yoast SEO plugin. -->","yoast_head_json":{"title":"Rowerzy\u015bci, piesi i alkohol - Verkeer.site","description":"W procentach alkoholu rozr\u00f3\u017cnia si\u0119 zatem mi\u0119dzy pocz\u0105tkuj\u0105cymi kierowcami pojazd\u00f3w mechanicznych a (innymi) kierowcami...","robots":{"index":"index","follow":"follow","max-snippet":"max-snippet:-1","max-image-preview":"max-image-preview:large","max-video-preview":"max-video-preview:-1"},"canonical":"https:\/\/verkeer.site\/pl\/fietsers-voetgangers-alcohol\/","og_locale":"pl_PL","og_type":"article","og_title":"Fietsers, voetgangers & alcohol - Verkeer.site","og_description":"Bij de alcoholpercentages wordt dus een onderscheid gemaakt tussen beginnende bestuurders van motorrijtuigen en (andere) bestuurders...","og_url":"https:\/\/verkeer.site\/pl\/fietsers-voetgangers-alcohol\/","og_site_name":"Verkeer.site","article_publisher":"https:\/\/www.facebook.com\/LawAndMoreNl","article_modified_time":"2022-06-01T14:06:38+00:00","og_image":[{"width":960,"height":720,"url":"https:\/\/verkeer.site\/wp-content\/uploads\/2022\/06\/police-1.jpg","type":"image\/jpeg"}],"twitter_card":"summary_large_image","twitter_site":"@LawandMorenl","twitter_misc":{"Est. reading time":"2 minutes"},"schema":{"@context":"https:\/\/schema.org","@graph":[{"@type":"WebPage","@id":"https:\/\/verkeer.site\/fietsers-voetgangers-alcohol\/","url":"https:\/\/verkeer.site\/fietsers-voetgangers-alcohol\/","name":"Rowerzy\u015bci, piesi i alkohol - Verkeer.site","isPartOf":{"@id":"https:\/\/verkeer.site\/#website"},"primaryImageOfPage":{"@id":"https:\/\/verkeer.site\/fietsers-voetgangers-alcohol\/#primaryimage"},"image":{"@id":"https:\/\/verkeer.site\/fietsers-voetgangers-alcohol\/#primaryimage"},"thumbnailUrl":"https:\/\/verkeer.site\/wp-content\/uploads\/2022\/06\/police-1.jpg","datePublished":"2022-06-01T12:48:31+00:00","dateModified":"2022-06-01T14:06:38+00:00","description":"W procentach alkoholu rozr\u00f3\u017cnia si\u0119 zatem mi\u0119dzy pocz\u0105tkuj\u0105cymi kierowcami pojazd\u00f3w mechanicznych a (innymi) kierowcami...","breadcrumb":{"@id":"https:\/\/verkeer.site\/fietsers-voetgangers-alcohol\/#breadcrumb"},"inLanguage":"pl-PL","potentialAction":[{"@type":"ReadAction","target":["https:\/\/verkeer.site\/fietsers-voetgangers-alcohol\/"]}]},{"@type":"ImageObject","inLanguage":"pl-PL","@id":"https:\/\/verkeer.site\/fietsers-voetgangers-alcohol\/#primaryimage","url":"https:\/\/verkeer.site\/wp-content\/uploads\/2022\/06\/police-1.jpg","contentUrl":"https:\/\/verkeer.site\/wp-content\/uploads\/2022\/06\/police-1.jpg","width":960,"height":720,"caption":"police-1"},{"@type":"BreadcrumbList","@id":"https:\/\/verkeer.site\/fietsers-voetgangers-alcohol\/#breadcrumb","itemListElement":[{"@type":"ListItem","position":1,"name":"Home","item":"https:\/\/verkeer.site\/"},{"@type":"ListItem","position":2,"name":"Fietsers, voetgangers &#038; alcohol"}]},{"@type":"WebSite","@id":"https:\/\/verkeer.site\/#website","url":"https:\/\/verkeer.site\/","name":"Traffic.site","description":"Ruch drogowy Prawnicy kryminalni","publisher":{"@id":"https:\/\/verkeer.site\/#organization"},"potentialAction":[{"@type":"SearchAction","target":{"@type":"EntryPoint","urlTemplate":"https:\/\/verkeer.site\/?s={search_term_string}"},"query-input":{"@type":"PropertyValueSpecification","valueRequired":true,"valueName":"search_term_string"}}],"inLanguage":"pl-PL"},{"@type":"Organization","@id":"https:\/\/verkeer.site\/#organization","name":"Law &amp; More B.V.","url":"https:\/\/verkeer.site\/","logo":{"@type":"ImageObject","inLanguage":"pl-PL","@id":"https:\/\/verkeer.site\/#\/schema\/logo\/image\/","url":"https:\/\/verkeer.site\/wp-content\/uploads\/2019\/04\/lawmore_logo_LM_only_copy.jpg","contentUrl":"https:\/\/verkeer.site\/wp-content\/uploads\/2019\/04\/lawmore_logo_LM_only_copy.jpg","width":665,"height":665,"caption":"Law & More B.V."},"image":{"@id":"https:\/\/verkeer.site\/#\/schema\/logo\/image\/"},"sameAs":["https:\/\/www.facebook.com\/LawAndMoreNl","https:\/\/x.com\/LawandMorenl","https:\/\/www.instagram.com\/lawandmore\/","https:\/\/nl.linkedin.com\/company\/5339401"]}]}},"_links":{"self":[{"href":"https:\/\/verkeer.site\/pl\/wp-json\/wp\/v2\/pages\/3435","targetHints":{"allow":["GET"]}}],"collection":[{"href":"https:\/\/verkeer.site\/pl\/wp-json\/wp\/v2\/pages"}],"about":[{"href":"https:\/\/verkeer.site\/pl\/wp-json\/wp\/v2\/types\/page"}],"author":[{"embeddable":true,"href":"https:\/\/verkeer.site\/pl\/wp-json\/wp\/v2\/users\/1"}],"replies":[{"embeddable":true,"href":"https:\/\/verkeer.site\/pl\/wp-json\/wp\/v2\/comments?post=3435"}],"version-history":[{"count":0,"href":"https:\/\/verkeer.site\/pl\/wp-json\/wp\/v2\/pages\/3435\/revisions"}],"wp:featuredmedia":[{"embeddable":true,"href":"https:\/\/verkeer.site\/pl\/wp-json\/wp\/v2\/media\/3105"}],"wp:attachment":[{"href":"https:\/\/verkeer.site\/pl\/wp-json\/wp\/v2\/media?parent=3435"}],"curies":[{"name":"wp","href":"https:\/\/api.w.org\/{rel}","templated":true}]}}