{"id":3345,"date":"2022-06-01T13:02:05","date_gmt":"2022-06-01T12:02:05","guid":{"rendered":"https:\/\/verkeer.site\/?page_id=3345"},"modified":"2022-06-01T13:29:28","modified_gmt":"2022-06-01T12:29:28","slug":"cookie-statement","status":"publish","type":"page","link":"https:\/\/verkeer.site\/pl\/cookie-statement\/","title":{"rendered":"O\u015bwiadczenie o plikach cookie"},"content":{"rendered":"<div data-elementor-type=\"wp-page\" data-elementor-id=\"3345\" class=\"elementor elementor-3345\" data-elementor-post-type=\"page\">\n\t\t\t\t\t\t<div class=\"elementor-section elementor-top-section elementor-element elementor-element-ce48caf elementor-section-boxed elementor-section-height-default elementor-section-height-default\" data-id=\"ce48caf\" data-element_type=\"section\" data-settings=\"{&quot;background_background&quot;:&quot;classic&quot;,&quot;background_motion_fx_motion_fx_scrolling&quot;:&quot;yes&quot;,&quot;background_motion_fx_translateY_effect&quot;:&quot;yes&quot;,&quot;background_motion_fx_translateY_speed&quot;:{&quot;unit&quot;:&quot;px&quot;,&quot;size&quot;:4,&quot;sizes&quot;:[]},&quot;background_motion_fx_translateY_affectedRange&quot;:{&quot;unit&quot;:&quot;%&quot;,&quot;size&quot;:&quot;&quot;,&quot;sizes&quot;:{&quot;start&quot;:0,&quot;end&quot;:100}},&quot;background_motion_fx_devices&quot;:[&quot;desktop&quot;,&quot;laptop&quot;,&quot;tablet&quot;,&quot;mobile_extra&quot;,&quot;mobile&quot;]}\">\n\t\t\t\t\t\t\t<div class=\"elementor-background-overlay\"><\/div>\n\t\t\t\t\t\t\t<div class=\"elementor-container elementor-column-gap-default\">\n\t\t\t\t\t<div class=\"elementor-column elementor-col-100 elementor-top-column elementor-element elementor-element-c2bcda1\" data-id=\"c2bcda1\" data-element_type=\"column\">\n\t\t\t<div class=\"elementor-widget-wrap elementor-element-populated\">\n\t\t\t\t\t\t<div class=\"elementor-element elementor-element-7b5354e elementor-widget elementor-widget-heading\" data-id=\"7b5354e\" data-element_type=\"widget\" data-widget_type=\"heading.default\">\n\t\t\t\t<div class=\"elementor-widget-container\">\n\t\t\t\t\t<h2 class=\"elementor-heading-title elementor-size-default\">O\u015bwiadczenie o plikach cookie<\/h2>\t\t\t\t<\/div>\n\t\t\t\t<\/div>\n\t\t\t\t\t<\/div>\n\t\t<\/div>\n\t\t\t\t\t<\/div>\n\t\t<\/div>\n\t\t\t\t<div class=\"elementor-section elementor-top-section elementor-element elementor-element-c023ed4 elementor-section-boxed elementor-section-height-default elementor-section-height-default\" data-id=\"c023ed4\" data-element_type=\"section\">\n\t\t\t\t\t\t<div class=\"elementor-container elementor-column-gap-default\">\n\t\t\t\t\t<div class=\"elementor-column elementor-col-100 elementor-top-column elementor-element elementor-element-a4eee03\" data-id=\"a4eee03\" data-element_type=\"column\">\n\t\t\t<div class=\"elementor-widget-wrap elementor-element-populated\">\n\t\t\t\t\t\t<div class=\"elementor-element elementor-element-c4fe150 elementor-invisible elementor-widget elementor-widget-text-editor\" data-id=\"c4fe150\" data-element_type=\"widget\" data-settings=\"{&quot;_animation&quot;:&quot;fadeInUp&quot;}\" data-widget_type=\"text-editor.default\">\n\t\t\t\t<div class=\"elementor-widget-container\">\n\t\t\t\t\t\t\t\t\t<h2>Co to s\u0105 ciasteczka?<\/h2><p>Cookie to prosty, ma\u0142y plik tekstowy, kt\u00f3ry jest umieszczany na komputerze, telefonie lub tablecie u\u017cytkownika podczas jego wizyty na stronach internetowych Law &amp; More. Pliki cookie s\u0105 wysy\u0142ane razem ze stronami na stronach internetowych Law &amp; More. Zapisane w nich informacje mog\u0105 zosta\u0107 przes\u0142ane z powrotem na serwery podczas kolejnej wizyty na stronie. Dzi\u0119ki temu strona mo\u017ce Ci\u0119 rozpozna\u0107, niejako przy okazji nast\u0119pnej wizyty. G\u0142\u00f3wn\u0105 funkcj\u0105 plik\u00f3w cookie jest odr\u00f3\u017cnienie jednego u\u017cytkownika od drugiego. Dlatego te\u017c pliki cookie s\u0105 cz\u0119sto wykorzystywane na stronach internetowych, na kt\u00f3rych trzeba si\u0119 zalogowa\u0107. Plik cookie, na przyk\u0142ad, zapewnia, \u017ce u\u017cytkownik pozostaje zalogowany podczas korzystania z witryny. U\u017cytkownik mo\u017ce w ka\u017cdej chwili odm\u00f3wi\u0107 korzystania z tych plik\u00f3w cookie, jednak mo\u017ce to ograniczy\u0107 funkcjonalno\u015b\u0107 i \u0142atwo\u015b\u0107 korzystania ze stron internetowych.<\/p><h2>Funkcjonalne pliki cookie<\/h2><p>Law &amp; More korzysta z funkcjonalnych plik\u00f3w cookie. S\u0105 to pliki cookie, kt\u00f3re sama strona internetowa instaluje i do kt\u00f3rych adresuje. Funkcjonalne pliki cookie s\u0105 niezb\u0119dne do prawid\u0142owego funkcjonowania strony internetowej. Te pliki cookie s\u0105 umieszczane domy\u015blnie i nie s\u0105 usuwane, gdy u\u017cytkownik ich nie akceptuje. Funkcjonalne pliki cookie nie przechowuj\u0105 \u017cadnych danych osobowych i nie zawieraj\u0105 \u017cadnych danych, kt\u00f3re mog\u0142yby zosta\u0107 wykorzystane do \u015bledzenia u\u017cytkownika. Funkcjonalne pliki cookie s\u0105 wykorzystywane np. do umieszczenia na stronie internetowej mapy geograficznej Google Maps. Informacje te s\u0105 w miar\u0119 mo\u017cliwo\u015bci anonimowe. Tw\u00f3j adres IP nie zostanie przekazany do Google. Ponadto Law &amp; More poinformowa\u0142o, \u017ce nie b\u0119dzie udost\u0119pnia\u0107 danych firmie Google i \u017ce w zwi\u0105zku z tym firma Google nie mo\u017ce wykorzystywa\u0107 danych uzyskanych za po\u015brednictwem strony internetowej do w\u0142asnych cel\u00f3w.<\/p><h2>Google Analytics<\/h2><p>Law &amp; More korzysta z plik\u00f3w cookie z Google Analytics w celu \u015bledzenia zachowa\u0144 u\u017cytkownik\u00f3w i og\u00f3lnych trend\u00f3w oraz tworzenia raport\u00f3w. Analityczne pliki cookie s\u0105 wykorzystywane do przetwarzania danych osobowych os\u00f3b odwiedzaj\u0105cych stron\u0119 internetow\u0105. Analityczne pliki cookie umo\u017cliwiaj\u0105 Law &amp; More pomiar liczby odwiedzaj\u0105cych jej stron\u0119 internetow\u0105. Statystyki te umo\u017cliwiaj\u0105 Law &amp; More zrozumienie, jak cz\u0119sto witryna jest wykorzystywana, jakich informacji poszukuj\u0105 odwiedzaj\u0105cy oraz jakie strony witryny s\u0105 najcz\u0119\u015bciej odwiedzane. Dzi\u0119ki temu Law &amp; More mo\u017ce stwierdzi\u0107, kt\u00f3re cz\u0119\u015bci strony internetowej s\u0105 popularne, a kt\u00f3re mo\u017cna poprawi\u0107. Ruch na stronie internetowej jest analizowany w celu ulepszenia strony internetowej i uczynienia do\u015bwiadczenia jak najbardziej przyjemnym dla odwiedzaj\u0105cych. Gromadzone dane statystyczne nie s\u0105 identyfikowalne z konkretnymi osobami i s\u0105 w jak najwi\u0119kszym stopniu anonimowe. Korzystaj\u0105c z witryn internetowych Law &amp; More, u\u017cytkownik wyra\u017ca zgod\u0119 na przetwarzanie swoich danych przez Google w spos\u00f3b i w celach okre\u015blonych powy\u017cej. Google mo\u017ce przekazywa\u0107 te informacje osobom trzecim, je\u017celi jest do tego prawnie zobowi\u0105zana lub je\u017celi osoby trzecie przetwarzaj\u0105 informacje w imieniu Google.<\/p><h2>Pliki cookie do integracji z mediami spo\u0142eczno\u015bciowymi<\/h2><p>Law &amp; More u\u017cywa r\u00f3wnie\u017c plik\u00f3w cookie, aby umo\u017cliwi\u0107 integracj\u0119 z mediami spo\u0142eczno\u015bciowymi. Strona zawiera linki do portali spo\u0142eczno\u015bciowych Facebook, Instagram, Twitter i LinkedIn. Linki te umo\u017cliwiaj\u0105 udost\u0119pnianie lub promowanie stron w tych sieciach. Kod do realizacji tych link\u00f3w jest dostarczany przez same serwisy Facebook, Instagram, Twitter i LinkedIn. Kody te r\u00f3wnie\u017c umieszczaj\u0105 plik cookie. Dzi\u0119ki temu serwisy spo\u0142eczno\u015bciowe mog\u0105 rozpozna\u0107 u\u017cytkownika, gdy jest on zalogowany w danym serwisie spo\u0142eczno\u015bciowym. Zbieraj\u0105 one r\u00f3wnie\u017c dane o stronach, kt\u00f3re udost\u0119pniasz. Law &amp; More nie ma wp\u0142ywu na umieszczanie i wykorzystywanie plik\u00f3w cookie przez te strony trzecie. Aby uzyska\u0107 wi\u0119cej informacji na temat danych gromadzonych przez portale spo\u0142eczno\u015bciowe, Law &amp; More odsy\u0142a do deklaracji prywatno\u015bci portali Facebook, Instagram, Twitter i LinkedIn.<\/p><h2>Usuwanie plik\u00f3w cookie<\/h2><p>Je\u015bli nie chcesz, aby Law &amp; More przechowywa\u0142 pliki cookie za po\u015brednictwem strony internetowej, mo\u017cesz wy\u0142\u0105czy\u0107 akceptacj\u0119 plik\u00f3w cookie w ustawieniach swojej przegl\u0105darki. Dzi\u0119ki temu pliki cookie nie b\u0119d\u0105 ju\u017c przechowywane. Jednak bez plik\u00f3w cookie niekt\u00f3re funkcje strony internetowej mog\u0105 nie dzia\u0142a\u0107 prawid\u0142owo lub w og\u00f3le. Poniewa\u017c pliki cookie s\u0105 zapisywane na Pa\u0144stwa komputerze, mog\u0105 je Pa\u0144stwo usun\u0105\u0107 tylko samodzielnie. W tym celu nale\u017cy zapozna\u0107 si\u0119 z instrukcj\u0105 obs\u0142ugi przegl\u0105darki internetowej.<\/p>\t\t\t\t\t\t\t\t<\/div>\n\t\t\t\t<\/div>\n\t\t\t\t\t<\/div>\n\t\t<\/div>\n\t\t\t\t\t<\/div>\n\t\t<\/div>\n\t\t\t\t<div class=\"elementor-section elementor-top-section elementor-element elementor-element-af547d3 elementor-section-boxed elementor-section-height-default elementor-section-height-default\" data-id=\"af547d3\" data-element_type=\"section\" data-settings=\"{&quot;background_background&quot;:&quot;classic&quot;}\">\n\t\t\t\t\t\t<div class=\"elementor-container elementor-column-gap-default\">\n\t\t\t\t\t<div class=\"elementor-column elementor-col-66 elementor-top-column elementor-element elementor-element-ddfcaa7\" data-id=\"ddfcaa7\" data-element_type=\"column\">\n\t\t\t<div class=\"elementor-widget-wrap elementor-element-populated\">\n\t\t\t\t\t\t<div class=\"elementor-element elementor-element-5f82a45 elementor-widget elementor-widget-text-editor\" data-id=\"5f82a45\" data-element_type=\"widget\" data-widget_type=\"text-editor.default\">\n\t\t\t\t<div class=\"elementor-widget-container\">\n\t\t\t\t\t\t\t\t\t<p>Potrzebujesz prawnika specjalizuj\u0105cego si\u0119 w prawie karnym drogowym?<br \/>Skontaktuj si\u0119 z nami telefonicznie pod numerem +31 40 369 06 80 lub wy\u015blij wiadomo\u015b\u0107 e-mail na adres:<br \/>Tom Meevis, prawnik z Law &amp; More - tom.meevis@lawandmore.nl<br \/>Maksym Hodak, prawnik z Law &amp; More - maxim.hodak@lawandmore.nl<\/p>\t\t\t\t\t\t\t\t<\/div>\n\t\t\t\t<\/div>\n\t\t\t\t\t<\/div>\n\t\t<\/div>\n\t\t\t\t<div class=\"elementor-column elementor-col-33 elementor-top-column elementor-element elementor-element-11ccdb2\" data-id=\"11ccdb2\" data-element_type=\"column\">\n\t\t\t<div class=\"elementor-widget-wrap elementor-element-populated\">\n\t\t\t\t\t\t<div class=\"elementor-element elementor-element-330a0af elementor-align-center elementor-mobile-align-left elementor-invisible elementor-widget elementor-widget-button\" data-id=\"330a0af\" data-element_type=\"widget\" data-settings=\"{&quot;_animation&quot;:&quot;fadeInUp&quot;,&quot;_animation_delay&quot;:500}\" data-widget_type=\"button.default\">\n\t\t\t\t<div class=\"elementor-widget-container\">\n\t\t\t\t\t\t\t\t\t<div class=\"elementor-button-wrapper\">\n\t\t\t\t\t<a class=\"elementor-button elementor-button-link elementor-size-md\" href=\"https:\/\/verkeer.site\/pl\/contact\/\">\n\t\t\t\t\t\t<span class=\"elementor-button-content-wrapper\">\n\t\t\t\t\t\t\t\t\t<span class=\"elementor-button-text\">KONTAKT Z NAMI<\/span>\n\t\t\t\t\t<\/span>\n\t\t\t\t\t<\/a>\n\t\t\t\t<\/div>\n\t\t\t\t\t\t\t\t<\/div>\n\t\t\t\t<\/div>\n\t\t\t\t\t<\/div>\n\t\t<\/div>\n\t\t\t\t\t<\/div>\n\t\t<\/div>\n\t\t\t\t<\/div>","protected":false},"excerpt":{"rendered":"<p>O\u015bwiadczenie o plikach cookies Czym s\u0105 pliki cookies? Plik cookie to prosty, ma\u0142y plik tekstowy umieszczany na komputerze, telefonie lub tablecie u\u017cytkownika podczas jego wizyty na stronach internetowych Law &amp; More. Pliki cookie s\u0105 wysy\u0142ane wraz ze stronami na [...]<\/p>","protected":false},"author":1,"featured_media":3105,"parent":0,"menu_order":0,"comment_status":"closed","ping_status":"closed","template":"","meta":{"footnotes":""},"class_list":["post-3345","page","type-page","status-publish","has-post-thumbnail","hentry"],"yoast_head":"<!-- This site is optimized with the Yoast SEO plugin v25.6 - https:\/\/yoast.com\/wordpress\/plugins\/seo\/ -->\n<title>Cookie statement - Verkeer.site<\/title>\n<meta name=\"description\" content=\"Cookies worden met de pagina\u2019s op de websites van Law &amp; More meegestuurd. De daarin opgeslagen informatie kan bij een volgend bezoek aan...\" \/>\n<meta name=\"robots\" content=\"index, follow, max-snippet:-1, max-image-preview:large, max-video-preview:-1\" \/>\n<link rel=\"canonical\" href=\"https:\/\/verkeer.site\/pl\/cookie-statement\/\" \/>\n<meta property=\"og:locale\" content=\"pl_PL\" \/>\n<meta property=\"og:type\" content=\"article\" \/>\n<meta property=\"og:title\" content=\"Cookie statement - Verkeer.site\" \/>\n<meta property=\"og:description\" content=\"Cookies worden met de pagina\u2019s op de websites van Law &amp; More meegestuurd. De daarin opgeslagen informatie kan bij een volgend bezoek aan...\" \/>\n<meta property=\"og:url\" content=\"https:\/\/verkeer.site\/pl\/cookie-statement\/\" \/>\n<meta property=\"og:site_name\" content=\"Verkeer.site\" \/>\n<meta property=\"article:publisher\" content=\"https:\/\/www.facebook.com\/LawAndMoreNl\" \/>\n<meta property=\"article:modified_time\" content=\"2022-06-01T12:29:28+00:00\" \/>\n<meta property=\"og:image\" content=\"https:\/\/verkeer.site\/wp-content\/uploads\/2022\/06\/police-1.jpg\" \/>\n\t<meta property=\"og:image:width\" content=\"960\" \/>\n\t<meta property=\"og:image:height\" content=\"720\" \/>\n\t<meta property=\"og:image:type\" content=\"image\/jpeg\" \/>\n<meta name=\"twitter:card\" content=\"summary_large_image\" \/>\n<meta name=\"twitter:site\" content=\"@LawandMorenl\" \/>\n<meta name=\"twitter:label1\" content=\"Est. reading time\" \/>\n\t<meta name=\"twitter:data1\" content=\"4 minutes\" \/>\n<script type=\"application\/ld+json\" class=\"yoast-schema-graph\">{\"@context\":\"https:\/\/schema.org\",\"@graph\":[{\"@type\":\"WebPage\",\"@id\":\"https:\/\/verkeer.site\/cookie-statement\/\",\"url\":\"https:\/\/verkeer.site\/cookie-statement\/\",\"name\":\"Cookie statement - Verkeer.site\",\"isPartOf\":{\"@id\":\"https:\/\/verkeer.site\/#website\"},\"primaryImageOfPage\":{\"@id\":\"https:\/\/verkeer.site\/cookie-statement\/#primaryimage\"},\"image\":{\"@id\":\"https:\/\/verkeer.site\/cookie-statement\/#primaryimage\"},\"thumbnailUrl\":\"https:\/\/verkeer.site\/wp-content\/uploads\/2022\/06\/police-1.jpg\",\"datePublished\":\"2022-06-01T12:02:05+00:00\",\"dateModified\":\"2022-06-01T12:29:28+00:00\",\"description\":\"Cookies worden met de pagina\u2019s op de websites van Law & More meegestuurd. De daarin opgeslagen informatie kan bij een volgend bezoek aan...\",\"breadcrumb\":{\"@id\":\"https:\/\/verkeer.site\/cookie-statement\/#breadcrumb\"},\"inLanguage\":\"pl-PL\",\"potentialAction\":[{\"@type\":\"ReadAction\",\"target\":[\"https:\/\/verkeer.site\/cookie-statement\/\"]}]},{\"@type\":\"ImageObject\",\"inLanguage\":\"pl-PL\",\"@id\":\"https:\/\/verkeer.site\/cookie-statement\/#primaryimage\",\"url\":\"https:\/\/verkeer.site\/wp-content\/uploads\/2022\/06\/police-1.jpg\",\"contentUrl\":\"https:\/\/verkeer.site\/wp-content\/uploads\/2022\/06\/police-1.jpg\",\"width\":960,\"height\":720,\"caption\":\"police-1\"},{\"@type\":\"BreadcrumbList\",\"@id\":\"https:\/\/verkeer.site\/cookie-statement\/#breadcrumb\",\"itemListElement\":[{\"@type\":\"ListItem\",\"position\":1,\"name\":\"Home\",\"item\":\"https:\/\/verkeer.site\/\"},{\"@type\":\"ListItem\",\"position\":2,\"name\":\"Cookie statement\"}]},{\"@type\":\"WebSite\",\"@id\":\"https:\/\/verkeer.site\/#website\",\"url\":\"https:\/\/verkeer.site\/\",\"name\":\"Verkeer.site\",\"description\":\"Advocaten Verkeersstrafrecht\",\"publisher\":{\"@id\":\"https:\/\/verkeer.site\/#organization\"},\"potentialAction\":[{\"@type\":\"SearchAction\",\"target\":{\"@type\":\"EntryPoint\",\"urlTemplate\":\"https:\/\/verkeer.site\/?s={search_term_string}\"},\"query-input\":{\"@type\":\"PropertyValueSpecification\",\"valueRequired\":true,\"valueName\":\"search_term_string\"}}],\"inLanguage\":\"pl-PL\"},{\"@type\":\"Organization\",\"@id\":\"https:\/\/verkeer.site\/#organization\",\"name\":\"Law & More B.V.\",\"url\":\"https:\/\/verkeer.site\/\",\"logo\":{\"@type\":\"ImageObject\",\"inLanguage\":\"pl-PL\",\"@id\":\"https:\/\/verkeer.site\/#\/schema\/logo\/image\/\",\"url\":\"https:\/\/verkeer.site\/wp-content\/uploads\/2019\/04\/lawmore_logo_LM_only_copy.jpg\",\"contentUrl\":\"https:\/\/verkeer.site\/wp-content\/uploads\/2019\/04\/lawmore_logo_LM_only_copy.jpg\",\"width\":665,\"height\":665,\"caption\":\"Law & More B.V.\"},\"image\":{\"@id\":\"https:\/\/verkeer.site\/#\/schema\/logo\/image\/\"},\"sameAs\":[\"https:\/\/www.facebook.com\/LawAndMoreNl\",\"https:\/\/x.com\/LawandMorenl\",\"https:\/\/www.instagram.com\/lawandmore\/\",\"https:\/\/nl.linkedin.com\/company\/5339401\"]}]}<\/script>\n<!-- \/ Yoast SEO plugin. -->","yoast_head_json":{"title":"O\u015bwiadczenie o plikach cookie - Traffic.site","description":"Pliki cookies s\u0105 wysy\u0142ane wraz ze stronami na serwisach internetowych Law &amp; More. Informacje przechowywane w tych ciasteczkach mog\u0105 by\u0107 wykorzystane podczas przysz\u0142ej wizyty na...","robots":{"index":"index","follow":"follow","max-snippet":"max-snippet:-1","max-image-preview":"max-image-preview:large","max-video-preview":"max-video-preview:-1"},"canonical":"https:\/\/verkeer.site\/pl\/cookie-statement\/","og_locale":"pl_PL","og_type":"article","og_title":"Cookie statement - Verkeer.site","og_description":"Cookies worden met de pagina\u2019s op de websites van Law & More meegestuurd. De daarin opgeslagen informatie kan bij een volgend bezoek aan...","og_url":"https:\/\/verkeer.site\/pl\/cookie-statement\/","og_site_name":"Verkeer.site","article_publisher":"https:\/\/www.facebook.com\/LawAndMoreNl","article_modified_time":"2022-06-01T12:29:28+00:00","og_image":[{"width":960,"height":720,"url":"https:\/\/verkeer.site\/wp-content\/uploads\/2022\/06\/police-1.jpg","type":"image\/jpeg"}],"twitter_card":"summary_large_image","twitter_site":"@LawandMorenl","twitter_misc":{"Est. reading time":"4 minutes"},"schema":{"@context":"https:\/\/schema.org","@graph":[{"@type":"WebPage","@id":"https:\/\/verkeer.site\/cookie-statement\/","url":"https:\/\/verkeer.site\/cookie-statement\/","name":"O\u015bwiadczenie o plikach cookie - Traffic.site","isPartOf":{"@id":"https:\/\/verkeer.site\/#website"},"primaryImageOfPage":{"@id":"https:\/\/verkeer.site\/cookie-statement\/#primaryimage"},"image":{"@id":"https:\/\/verkeer.site\/cookie-statement\/#primaryimage"},"thumbnailUrl":"https:\/\/verkeer.site\/wp-content\/uploads\/2022\/06\/police-1.jpg","datePublished":"2022-06-01T12:02:05+00:00","dateModified":"2022-06-01T12:29:28+00:00","description":"Pliki cookies s\u0105 wysy\u0142ane wraz ze stronami na serwisach internetowych Law &amp; More. Informacje przechowywane w tych ciasteczkach mog\u0105 by\u0107 wykorzystane podczas przysz\u0142ej wizyty na...","breadcrumb":{"@id":"https:\/\/verkeer.site\/cookie-statement\/#breadcrumb"},"inLanguage":"pl-PL","potentialAction":[{"@type":"ReadAction","target":["https:\/\/verkeer.site\/cookie-statement\/"]}]},{"@type":"ImageObject","inLanguage":"pl-PL","@id":"https:\/\/verkeer.site\/cookie-statement\/#primaryimage","url":"https:\/\/verkeer.site\/wp-content\/uploads\/2022\/06\/police-1.jpg","contentUrl":"https:\/\/verkeer.site\/wp-content\/uploads\/2022\/06\/police-1.jpg","width":960,"height":720,"caption":"police-1"},{"@type":"BreadcrumbList","@id":"https:\/\/verkeer.site\/cookie-statement\/#breadcrumb","itemListElement":[{"@type":"ListItem","position":1,"name":"Home","item":"https:\/\/verkeer.site\/"},{"@type":"ListItem","position":2,"name":"Cookie statement"}]},{"@type":"WebSite","@id":"https:\/\/verkeer.site\/#website","url":"https:\/\/verkeer.site\/","name":"Traffic.site","description":"Ruch drogowy Prawnicy kryminalni","publisher":{"@id":"https:\/\/verkeer.site\/#organization"},"potentialAction":[{"@type":"SearchAction","target":{"@type":"EntryPoint","urlTemplate":"https:\/\/verkeer.site\/?s={search_term_string}"},"query-input":{"@type":"PropertyValueSpecification","valueRequired":true,"valueName":"search_term_string"}}],"inLanguage":"pl-PL"},{"@type":"Organization","@id":"https:\/\/verkeer.site\/#organization","name":"Law &amp; More B.V.","url":"https:\/\/verkeer.site\/","logo":{"@type":"ImageObject","inLanguage":"pl-PL","@id":"https:\/\/verkeer.site\/#\/schema\/logo\/image\/","url":"https:\/\/verkeer.site\/wp-content\/uploads\/2019\/04\/lawmore_logo_LM_only_copy.jpg","contentUrl":"https:\/\/verkeer.site\/wp-content\/uploads\/2019\/04\/lawmore_logo_LM_only_copy.jpg","width":665,"height":665,"caption":"Law & More B.V."},"image":{"@id":"https:\/\/verkeer.site\/#\/schema\/logo\/image\/"},"sameAs":["https:\/\/www.facebook.com\/LawAndMoreNl","https:\/\/x.com\/LawandMorenl","https:\/\/www.instagram.com\/lawandmore\/","https:\/\/nl.linkedin.com\/company\/5339401"]}]}},"_links":{"self":[{"href":"https:\/\/verkeer.site\/pl\/wp-json\/wp\/v2\/pages\/3345","targetHints":{"allow":["GET"]}}],"collection":[{"href":"https:\/\/verkeer.site\/pl\/wp-json\/wp\/v2\/pages"}],"about":[{"href":"https:\/\/verkeer.site\/pl\/wp-json\/wp\/v2\/types\/page"}],"author":[{"embeddable":true,"href":"https:\/\/verkeer.site\/pl\/wp-json\/wp\/v2\/users\/1"}],"replies":[{"embeddable":true,"href":"https:\/\/verkeer.site\/pl\/wp-json\/wp\/v2\/comments?post=3345"}],"version-history":[{"count":0,"href":"https:\/\/verkeer.site\/pl\/wp-json\/wp\/v2\/pages\/3345\/revisions"}],"wp:featuredmedia":[{"embeddable":true,"href":"https:\/\/verkeer.site\/pl\/wp-json\/wp\/v2\/media\/3105"}],"wp:attachment":[{"href":"https:\/\/verkeer.site\/pl\/wp-json\/wp\/v2\/media?parent=3345"}],"curies":[{"name":"wp","href":"https:\/\/api.w.org\/{rel}","templated":true}]}}