{"id":3475,"date":"2022-06-01T14:14:58","date_gmt":"2022-06-01T13:14:58","guid":{"rendered":"https:\/\/verkeer.site\/?page_id=3475"},"modified":"2022-06-01T15:06:17","modified_gmt":"2022-06-01T14:06:17","slug":"verplichtingen-meewerken-2","status":"publish","type":"page","link":"https:\/\/verkeer.site\/it\/verplichtingen-meewerken-2\/","title":{"rendered":"Obblighi \/ Cooperazione"},"content":{"rendered":"<div data-elementor-type=\"wp-page\" data-elementor-id=\"3475\" class=\"elementor elementor-3475\" data-elementor-post-type=\"page\">\n\t\t\t\t\t\t<div class=\"elementor-section elementor-top-section elementor-element elementor-element-ce48caf elementor-section-boxed elementor-section-height-default elementor-section-height-default\" data-id=\"ce48caf\" data-element_type=\"section\" data-settings=\"{&quot;background_background&quot;:&quot;classic&quot;,&quot;background_motion_fx_motion_fx_scrolling&quot;:&quot;yes&quot;,&quot;background_motion_fx_translateY_effect&quot;:&quot;yes&quot;,&quot;background_motion_fx_translateY_speed&quot;:{&quot;unit&quot;:&quot;px&quot;,&quot;size&quot;:4,&quot;sizes&quot;:[]},&quot;background_motion_fx_translateY_affectedRange&quot;:{&quot;unit&quot;:&quot;%&quot;,&quot;size&quot;:&quot;&quot;,&quot;sizes&quot;:{&quot;start&quot;:0,&quot;end&quot;:100}},&quot;background_motion_fx_devices&quot;:[&quot;desktop&quot;,&quot;laptop&quot;,&quot;tablet&quot;,&quot;mobile_extra&quot;,&quot;mobile&quot;]}\">\n\t\t\t\t\t\t\t<div class=\"elementor-background-overlay\"><\/div>\n\t\t\t\t\t\t\t<div class=\"elementor-container elementor-column-gap-default\">\n\t\t\t\t\t<div class=\"elementor-column elementor-col-100 elementor-top-column elementor-element elementor-element-c2bcda1\" data-id=\"c2bcda1\" data-element_type=\"column\">\n\t\t\t<div class=\"elementor-widget-wrap elementor-element-populated\">\n\t\t\t\t\t\t<div class=\"elementor-element elementor-element-7b5354e elementor-widget elementor-widget-heading\" data-id=\"7b5354e\" data-element_type=\"widget\" data-widget_type=\"heading.default\">\n\t\t\t\t<div class=\"elementor-widget-container\">\n\t\t\t\t\t<h2 class=\"elementor-heading-title elementor-size-default\">Obblighi \/ Cooperazione<\/h2>\t\t\t\t<\/div>\n\t\t\t\t<\/div>\n\t\t\t\t\t<\/div>\n\t\t<\/div>\n\t\t\t\t\t<\/div>\n\t\t<\/div>\n\t\t\t\t<div class=\"elementor-section elementor-top-section elementor-element elementor-element-c023ed4 elementor-section-boxed elementor-section-height-default elementor-section-height-default\" data-id=\"c023ed4\" data-element_type=\"section\">\n\t\t\t\t\t\t<div class=\"elementor-container elementor-column-gap-default\">\n\t\t\t\t\t<div class=\"elementor-column elementor-col-100 elementor-top-column elementor-element elementor-element-a4eee03\" data-id=\"a4eee03\" data-element_type=\"column\">\n\t\t\t<div class=\"elementor-widget-wrap elementor-element-populated\">\n\t\t\t\t\t\t<div class=\"elementor-element elementor-element-96b682d elementor-invisible elementor-widget elementor-widget-text-editor\" data-id=\"96b682d\" data-element_type=\"widget\" data-settings=\"{&quot;_animation&quot;:&quot;fadeInUp&quot;}\" data-widget_type=\"text-editor.default\">\n\t\t\t\t<div class=\"elementor-widget-container\">\n\t\t\t\t\t\t\t\t\t<p>Nell'ambito dell'applicazione del Road Traffic Act e dell'individuazione delle infrazioni al Road Traffic Act, l'agente investigativo pu\u00f2 ordinare a lei, conducente di un veicolo, di collaborare a un controllo dell'alcol. Siete obbligati a collaborare. Se si tratta di un'analisi dell'alito, questa pu\u00f2 essere ordinata solo se c'\u00e8 un sospetto. Pertanto, se non avete bevuto alcolici, ma avete mostrato un comportamento di guida cos\u00ec anormale che siete sospettati di guidare sotto l'influenza, siete ancora obbligati a cooperare con l'analisi dell'alito.<\/p><p>Se non c'\u00e8 ancora un sospetto, il conducente di ogni veicolo, la persona che sta per guidare un veicolo a motore e la scorta sono obbligati a cooperare con un test preliminare del respiro. Sono i test dell'etilometro, per esempio, durante i controlli su larga scala. A differenza dell'analisi dell'alito basata sul sospetto, questa non avviene di solito alla stazione di polizia. Se non avete bevuto alcolici e non avete mostrato alcun comportamento anomalo alla guida, potreste comunque essere tenuti a respirare. (Articolo 160 paragrafo 5 sub b WVW).<\/p><p>Se siete sospettati di guidare (alla guida di qualsiasi veicolo) sotto l'influenza di pi\u00f9 alcool del consentito, potete essere fermati con il vostro veicolo. Se l'agente investigativo ordina a lei, conducente di un veicolo, di cooperare in un controllo dell'alcol sulla base di un sospetto, lei \u00e8 obbligato a farlo. Questo sospetto pu\u00f2 nascere, per esempio, dai risultati del test preliminare del respiro. Come funziona un controllo dell'alcol basato sul sospetto?<\/p>\t\t\t\t\t\t\t\t<\/div>\n\t\t\t\t<\/div>\n\t\t\t\t<div class=\"elementor-element elementor-element-1eeebe7 elementor-invisible elementor-widget elementor-widget-text-editor\" data-id=\"1eeebe7\" data-element_type=\"widget\" data-settings=\"{&quot;_animation&quot;:&quot;fadeInUp&quot;}\" data-widget_type=\"text-editor.default\">\n\t\t\t\t<div class=\"elementor-widget-container\">\n\t\t\t\t\t\t\t\t\t<ul><li>Certificati di immatricolazione del veicolo ed eventualmente del rimorchio;<\/li><li>Patente di guida;<\/li><li>Se obbligatorio: certificato di idoneit\u00e0 professionale per i conducenti;<\/li><li>Se applicabile: decisione di concessione dell'esenzione;<\/li><li>Se richiesto: tessera per disabili.<\/li><\/ul><p>(Articolo 160 paragrafo 1 del WVW)<\/p>\t\t\t\t\t\t\t\t<\/div>\n\t\t\t\t<\/div>\n\t\t\t\t<div class=\"elementor-element elementor-element-c687e5d elementor-widget elementor-widget-image\" data-id=\"c687e5d\" data-element_type=\"widget\" data-widget_type=\"image.default\">\n\t\t\t\t<div class=\"elementor-widget-container\">\n\t\t\t\t\t\t\t\t\t\t\t\t\t\t\t<img fetchpriority=\"high\" decoding=\"async\" width=\"1600\" height=\"651\" src=\"https:\/\/verkeer.site\/wp-content\/uploads\/2022\/06\/header_page_004.2.jpg\" class=\"attachment-full size-full wp-image-3483\" alt=\"verplichtingen meewerken\" srcset=\"https:\/\/verkeer.site\/wp-content\/uploads\/2022\/06\/header_page_004.2.jpg 1600w, https:\/\/verkeer.site\/wp-content\/uploads\/2022\/06\/header_page_004.2-1536x625.jpg 1536w, https:\/\/verkeer.site\/wp-content\/uploads\/2022\/06\/header_page_004.2-18x7.jpg 18w\" sizes=\"(max-width: 1600px) 100vw, 1600px\" \/>\t\t\t\t\t\t\t\t\t\t\t\t\t\t\t<\/div>\n\t\t\t\t<\/div>\n\t\t\t\t<div class=\"elementor-element elementor-element-c4fe150 elementor-invisible elementor-widget elementor-widget-text-editor\" data-id=\"c4fe150\" data-element_type=\"widget\" data-settings=\"{&quot;_animation&quot;:&quot;fadeInUp&quot;}\" data-widget_type=\"text-editor.default\">\n\t\t\t\t<div class=\"elementor-widget-container\">\n\t\t\t\t\t\t\t\t\t<p><strong><span style=\"color: #333333;\">1.<\/span><\/strong> Inizialmente, l'agente investigativo pu\u00f2 solo ordinarvi di collaborare all'analisi dell'alito. A questo punto \u00e8 necessario soffiare nel dispositivo.<\/p><p><span style=\"color: #333333;\"><strong>2.<\/strong><\/span> Se, per ragioni mediche, non \u00e8 possibile richiedere l'etilometro, o se la collaborazione dell'indagato non consente di completare il test dell'etilometro, o se vi \u00e8 il sospetto che l'indagato sia sotto l'effetto di determinate droghe o di una combinazione di droghe e alcol, l'agente investigativo pu\u00f2 richiedere l'autorizzazione a effettuare un esame del sangue.<\/p><p><strong><span style=\"color: #333333;\">3.<\/span><\/strong> Se il consenso non viene dato, una persona autorizzata, spesso il procuratore (aggiunto), pu\u00f2 ordinare all'indagato di collaborare all'analisi del sangue. Il cliente \u00e8 quindi obbligato a rispettare l'ordine.<\/p><p><strong><span style=\"color: #333333;\">4.<\/span><\/strong> Se non siete in grado di esprimere la vostra volont\u00e0, la quantit\u00e0 di sangue di cui al sesto paragrafo pu\u00f2 essere prelevata da un medico o da un infermiere con l'autorizzazione del pubblico ministero, di un procuratore ausiliario o di uno dei funzionari di polizia nominati a tale scopo per ordine del nostro Ministro della Sicurezza e della Giustizia, a meno che non sia plausibile che ci\u00f2 non sia auspicabile per ragioni mediche speciali. L'indagato deve sempre avere la possibilit\u00e0 di dare il proprio consenso prima. Se necessario, vi pu\u00f2 essere ordinato di collaborare e allora siete obbligati a farlo. Se si rifiuta di collaborare, il campione di sangue verr\u00e0 distrutto.<\/p><p>Se risulta o c'\u00e8 un serio sospetto che lei abbia bevuto cos\u00ec tanto da aver commesso un reato, verr\u00e0 redatto un rapporto ufficiale e lei sar\u00e0 obbligato a consegnare la sua patente di guida all'ufficiale inquirente (sezione 164, paragrafo 1, WVW?).<\/p>\t\t\t\t\t\t\t\t<\/div>\n\t\t\t\t<\/div>\n\t\t\t\t\t<\/div>\n\t\t<\/div>\n\t\t\t\t\t<\/div>\n\t\t<\/div>\n\t\t\t\t<div class=\"elementor-section elementor-top-section elementor-element elementor-element-af547d3 elementor-section-boxed elementor-section-height-default elementor-section-height-default\" data-id=\"af547d3\" data-element_type=\"section\" data-settings=\"{&quot;background_background&quot;:&quot;classic&quot;}\">\n\t\t\t\t\t\t<div class=\"elementor-container elementor-column-gap-default\">\n\t\t\t\t\t<div class=\"elementor-column elementor-col-66 elementor-top-column elementor-element elementor-element-ddfcaa7\" data-id=\"ddfcaa7\" data-element_type=\"column\">\n\t\t\t<div class=\"elementor-widget-wrap elementor-element-populated\">\n\t\t\t\t\t\t<div class=\"elementor-element elementor-element-5f82a45 elementor-widget elementor-widget-text-editor\" data-id=\"5f82a45\" data-element_type=\"widget\" data-widget_type=\"text-editor.default\">\n\t\t\t\t<div class=\"elementor-widget-container\">\n\t\t\t\t\t\t\t\t\t<p>Avete bisogno di un avvocato per il diritto penale del traffico?<br \/>Contattateci telefonicamente al numero +31 40 369 06 80 o inviate un'e-mail a:<br \/>Tom Meevis, avvocato presso Law &amp; More - tom.meevis@lawandmore.nl<br \/>Maxim Hodak, avvocato presso Law &amp; More - maxim.hodak@lawandmore.nl<\/p>\t\t\t\t\t\t\t\t<\/div>\n\t\t\t\t<\/div>\n\t\t\t\t\t<\/div>\n\t\t<\/div>\n\t\t\t\t<div class=\"elementor-column elementor-col-33 elementor-top-column elementor-element elementor-element-11ccdb2\" data-id=\"11ccdb2\" data-element_type=\"column\">\n\t\t\t<div class=\"elementor-widget-wrap elementor-element-populated\">\n\t\t\t\t\t\t<div class=\"elementor-element elementor-element-330a0af elementor-align-center elementor-mobile-align-left elementor-invisible elementor-widget elementor-widget-button\" data-id=\"330a0af\" data-element_type=\"widget\" data-settings=\"{&quot;_animation&quot;:&quot;fadeInUp&quot;,&quot;_animation_delay&quot;:500}\" data-widget_type=\"button.default\">\n\t\t\t\t<div class=\"elementor-widget-container\">\n\t\t\t\t\t\t\t\t\t<div class=\"elementor-button-wrapper\">\n\t\t\t\t\t<a class=\"elementor-button elementor-button-link elementor-size-md\" href=\"https:\/\/verkeer.site\/it\/contact\/\">\n\t\t\t\t\t\t<span class=\"elementor-button-content-wrapper\">\n\t\t\t\t\t\t\t\t\t<span class=\"elementor-button-text\">CONTATTO<\/span>\n\t\t\t\t\t<\/span>\n\t\t\t\t\t<\/a>\n\t\t\t\t<\/div>\n\t\t\t\t\t\t\t\t<\/div>\n\t\t\t\t<\/div>\n\t\t\t\t\t<\/div>\n\t\t<\/div>\n\t\t\t\t\t<\/div>\n\t\t<\/div>\n\t\t\t\t<\/div>","protected":false},"excerpt":{"rendered":"<p>Nell'ambito dell'applicazione del codice della strada e dell'accertamento delle infrazioni previste dal codice della strada, l'agente investigativo pu\u00f2 ordinare al conducente di un veicolo di collaborare alle indagini.<\/p>","protected":false},"author":1,"featured_media":3467,"parent":0,"menu_order":0,"comment_status":"closed","ping_status":"closed","template":"","meta":{"footnotes":""},"class_list":["post-3475","page","type-page","status-publish","has-post-thumbnail","hentry"],"yoast_head":"<!-- This site is optimized with the Yoast SEO plugin v25.6 - https:\/\/yoast.com\/wordpress\/plugins\/seo\/ -->\n<title>Verplichtingen \/ Meewerken - Verkeer.site<\/title>\n<meta name=\"description\" content=\"De personen die met de opsporing van de feiten die strafbaar zijn gesteld in de Wegenverkeerswet belast zijn, kunnen in dit kader aan...\" \/>\n<meta name=\"robots\" content=\"index, follow, max-snippet:-1, max-image-preview:large, max-video-preview:-1\" \/>\n<link rel=\"canonical\" href=\"https:\/\/verkeer.site\/it\/verplichtingen-meewerken-2\/\" \/>\n<meta property=\"og:locale\" content=\"it_IT\" \/>\n<meta property=\"og:type\" content=\"article\" \/>\n<meta property=\"og:title\" content=\"Verplichtingen \/ Meewerken - Verkeer.site\" \/>\n<meta property=\"og:description\" content=\"De personen die met de opsporing van de feiten die strafbaar zijn gesteld in de Wegenverkeerswet belast zijn, kunnen in dit kader aan...\" \/>\n<meta property=\"og:url\" content=\"https:\/\/verkeer.site\/it\/verplichtingen-meewerken-2\/\" \/>\n<meta property=\"og:site_name\" content=\"Verkeer.site\" \/>\n<meta property=\"article:publisher\" content=\"https:\/\/www.facebook.com\/LawAndMoreNl\" \/>\n<meta property=\"article:modified_time\" content=\"2022-06-01T14:06:17+00:00\" \/>\n<meta property=\"og:image\" content=\"https:\/\/verkeer.site\/wp-content\/uploads\/2022\/06\/header_page_008.2.jpg\" \/>\n\t<meta property=\"og:image:width\" content=\"1600\" \/>\n\t<meta property=\"og:image:height\" content=\"676\" \/>\n\t<meta property=\"og:image:type\" content=\"image\/jpeg\" \/>\n<meta name=\"twitter:card\" content=\"summary_large_image\" \/>\n<meta name=\"twitter:site\" content=\"@LawandMorenl\" \/>\n<meta name=\"twitter:label1\" content=\"Est. reading time\" \/>\n\t<meta name=\"twitter:data1\" content=\"4 minutes\" \/>\n<script type=\"application\/ld+json\" class=\"yoast-schema-graph\">{\"@context\":\"https:\/\/schema.org\",\"@graph\":[{\"@type\":\"WebPage\",\"@id\":\"https:\/\/verkeer.site\/verplichtingen-meewerken-2\/\",\"url\":\"https:\/\/verkeer.site\/verplichtingen-meewerken-2\/\",\"name\":\"Verplichtingen \/ Meewerken - Verkeer.site\",\"isPartOf\":{\"@id\":\"https:\/\/verkeer.site\/#website\"},\"primaryImageOfPage\":{\"@id\":\"https:\/\/verkeer.site\/verplichtingen-meewerken-2\/#primaryimage\"},\"image\":{\"@id\":\"https:\/\/verkeer.site\/verplichtingen-meewerken-2\/#primaryimage\"},\"thumbnailUrl\":\"https:\/\/verkeer.site\/wp-content\/uploads\/2022\/06\/header_page_008.2.jpg\",\"datePublished\":\"2022-06-01T13:14:58+00:00\",\"dateModified\":\"2022-06-01T14:06:17+00:00\",\"description\":\"De personen die met de opsporing van de feiten die strafbaar zijn gesteld in de Wegenverkeerswet belast zijn, kunnen in dit kader aan...\",\"breadcrumb\":{\"@id\":\"https:\/\/verkeer.site\/verplichtingen-meewerken-2\/#breadcrumb\"},\"inLanguage\":\"it-IT\",\"potentialAction\":[{\"@type\":\"ReadAction\",\"target\":[\"https:\/\/verkeer.site\/verplichtingen-meewerken-2\/\"]}]},{\"@type\":\"ImageObject\",\"inLanguage\":\"it-IT\",\"@id\":\"https:\/\/verkeer.site\/verplichtingen-meewerken-2\/#primaryimage\",\"url\":\"https:\/\/verkeer.site\/wp-content\/uploads\/2022\/06\/header_page_008.2.jpg\",\"contentUrl\":\"https:\/\/verkeer.site\/wp-content\/uploads\/2022\/06\/header_page_008.2.jpg\",\"width\":1600,\"height\":676,\"caption\":\"Toezicht en opsporing\"},{\"@type\":\"BreadcrumbList\",\"@id\":\"https:\/\/verkeer.site\/verplichtingen-meewerken-2\/#breadcrumb\",\"itemListElement\":[{\"@type\":\"ListItem\",\"position\":1,\"name\":\"Home\",\"item\":\"https:\/\/verkeer.site\/\"},{\"@type\":\"ListItem\",\"position\":2,\"name\":\"Verplichtingen \/ Meewerken\"}]},{\"@type\":\"WebSite\",\"@id\":\"https:\/\/verkeer.site\/#website\",\"url\":\"https:\/\/verkeer.site\/\",\"name\":\"Verkeer.site\",\"description\":\"Advocaten Verkeersstrafrecht\",\"publisher\":{\"@id\":\"https:\/\/verkeer.site\/#organization\"},\"potentialAction\":[{\"@type\":\"SearchAction\",\"target\":{\"@type\":\"EntryPoint\",\"urlTemplate\":\"https:\/\/verkeer.site\/?s={search_term_string}\"},\"query-input\":{\"@type\":\"PropertyValueSpecification\",\"valueRequired\":true,\"valueName\":\"search_term_string\"}}],\"inLanguage\":\"it-IT\"},{\"@type\":\"Organization\",\"@id\":\"https:\/\/verkeer.site\/#organization\",\"name\":\"Law & More B.V.\",\"url\":\"https:\/\/verkeer.site\/\",\"logo\":{\"@type\":\"ImageObject\",\"inLanguage\":\"it-IT\",\"@id\":\"https:\/\/verkeer.site\/#\/schema\/logo\/image\/\",\"url\":\"https:\/\/verkeer.site\/wp-content\/uploads\/2019\/04\/lawmore_logo_LM_only_copy.jpg\",\"contentUrl\":\"https:\/\/verkeer.site\/wp-content\/uploads\/2019\/04\/lawmore_logo_LM_only_copy.jpg\",\"width\":665,\"height\":665,\"caption\":\"Law & More B.V.\"},\"image\":{\"@id\":\"https:\/\/verkeer.site\/#\/schema\/logo\/image\/\"},\"sameAs\":[\"https:\/\/www.facebook.com\/LawAndMoreNl\",\"https:\/\/x.com\/LawandMorenl\",\"https:\/\/www.instagram.com\/lawandmore\/\",\"https:\/\/nl.linkedin.com\/company\/5339401\"]}]}<\/script>\n<!-- \/ Yoast SEO plugin. -->","yoast_head_json":{"title":"Obblighi \/ Cooperazione - Traffic.site","description":"Le persone incaricate di indagare sulle infrazioni punibili ai sensi della legge sulla circolazione stradale possono, in questo contesto, presentare...","robots":{"index":"index","follow":"follow","max-snippet":"max-snippet:-1","max-image-preview":"max-image-preview:large","max-video-preview":"max-video-preview:-1"},"canonical":"https:\/\/verkeer.site\/it\/verplichtingen-meewerken-2\/","og_locale":"it_IT","og_type":"article","og_title":"Verplichtingen \/ Meewerken - Verkeer.site","og_description":"De personen die met de opsporing van de feiten die strafbaar zijn gesteld in de Wegenverkeerswet belast zijn, kunnen in dit kader aan...","og_url":"https:\/\/verkeer.site\/it\/verplichtingen-meewerken-2\/","og_site_name":"Verkeer.site","article_publisher":"https:\/\/www.facebook.com\/LawAndMoreNl","article_modified_time":"2022-06-01T14:06:17+00:00","og_image":[{"width":1600,"height":676,"url":"https:\/\/verkeer.site\/wp-content\/uploads\/2022\/06\/header_page_008.2.jpg","type":"image\/jpeg"}],"twitter_card":"summary_large_image","twitter_site":"@LawandMorenl","twitter_misc":{"Est. reading time":"4 minutes"},"schema":{"@context":"https:\/\/schema.org","@graph":[{"@type":"WebPage","@id":"https:\/\/verkeer.site\/verplichtingen-meewerken-2\/","url":"https:\/\/verkeer.site\/verplichtingen-meewerken-2\/","name":"Obblighi \/ Cooperazione - Traffic.site","isPartOf":{"@id":"https:\/\/verkeer.site\/#website"},"primaryImageOfPage":{"@id":"https:\/\/verkeer.site\/verplichtingen-meewerken-2\/#primaryimage"},"image":{"@id":"https:\/\/verkeer.site\/verplichtingen-meewerken-2\/#primaryimage"},"thumbnailUrl":"https:\/\/verkeer.site\/wp-content\/uploads\/2022\/06\/header_page_008.2.jpg","datePublished":"2022-06-01T13:14:58+00:00","dateModified":"2022-06-01T14:06:17+00:00","description":"Le persone incaricate di indagare sulle infrazioni punibili ai sensi della legge sulla circolazione stradale possono, in questo contesto, presentare...","breadcrumb":{"@id":"https:\/\/verkeer.site\/verplichtingen-meewerken-2\/#breadcrumb"},"inLanguage":"it-IT","potentialAction":[{"@type":"ReadAction","target":["https:\/\/verkeer.site\/verplichtingen-meewerken-2\/"]}]},{"@type":"ImageObject","inLanguage":"it-IT","@id":"https:\/\/verkeer.site\/verplichtingen-meewerken-2\/#primaryimage","url":"https:\/\/verkeer.site\/wp-content\/uploads\/2022\/06\/header_page_008.2.jpg","contentUrl":"https:\/\/verkeer.site\/wp-content\/uploads\/2022\/06\/header_page_008.2.jpg","width":1600,"height":676,"caption":"Toezicht en opsporing"},{"@type":"BreadcrumbList","@id":"https:\/\/verkeer.site\/verplichtingen-meewerken-2\/#breadcrumb","itemListElement":[{"@type":"ListItem","position":1,"name":"Home","item":"https:\/\/verkeer.site\/"},{"@type":"ListItem","position":2,"name":"Verplichtingen \/ Meewerken"}]},{"@type":"WebSite","@id":"https:\/\/verkeer.site\/#website","url":"https:\/\/verkeer.site\/","name":"Traffico.sito","description":"Avvocati del traffico penale","publisher":{"@id":"https:\/\/verkeer.site\/#organization"},"potentialAction":[{"@type":"SearchAction","target":{"@type":"EntryPoint","urlTemplate":"https:\/\/verkeer.site\/?s={search_term_string}"},"query-input":{"@type":"PropertyValueSpecification","valueRequired":true,"valueName":"search_term_string"}}],"inLanguage":"it-IT"},{"@type":"Organization","@id":"https:\/\/verkeer.site\/#organization","name":"Law &amp; More B.V.","url":"https:\/\/verkeer.site\/","logo":{"@type":"ImageObject","inLanguage":"it-IT","@id":"https:\/\/verkeer.site\/#\/schema\/logo\/image\/","url":"https:\/\/verkeer.site\/wp-content\/uploads\/2019\/04\/lawmore_logo_LM_only_copy.jpg","contentUrl":"https:\/\/verkeer.site\/wp-content\/uploads\/2019\/04\/lawmore_logo_LM_only_copy.jpg","width":665,"height":665,"caption":"Law & More B.V."},"image":{"@id":"https:\/\/verkeer.site\/#\/schema\/logo\/image\/"},"sameAs":["https:\/\/www.facebook.com\/LawAndMoreNl","https:\/\/x.com\/LawandMorenl","https:\/\/www.instagram.com\/lawandmore\/","https:\/\/nl.linkedin.com\/company\/5339401"]}]}},"_links":{"self":[{"href":"https:\/\/verkeer.site\/it\/wp-json\/wp\/v2\/pages\/3475","targetHints":{"allow":["GET"]}}],"collection":[{"href":"https:\/\/verkeer.site\/it\/wp-json\/wp\/v2\/pages"}],"about":[{"href":"https:\/\/verkeer.site\/it\/wp-json\/wp\/v2\/types\/page"}],"author":[{"embeddable":true,"href":"https:\/\/verkeer.site\/it\/wp-json\/wp\/v2\/users\/1"}],"replies":[{"embeddable":true,"href":"https:\/\/verkeer.site\/it\/wp-json\/wp\/v2\/comments?post=3475"}],"version-history":[{"count":0,"href":"https:\/\/verkeer.site\/it\/wp-json\/wp\/v2\/pages\/3475\/revisions"}],"wp:featuredmedia":[{"embeddable":true,"href":"https:\/\/verkeer.site\/it\/wp-json\/wp\/v2\/media\/3467"}],"wp:attachment":[{"href":"https:\/\/verkeer.site\/it\/wp-json\/wp\/v2\/media?parent=3475"}],"curies":[{"name":"wp","href":"https:\/\/api.w.org\/{rel}","templated":true}]}}