{"id":3420,"date":"2022-06-01T13:42:05","date_gmt":"2022-06-01T12:42:05","guid":{"rendered":"https:\/\/verkeer.site\/?page_id=3420"},"modified":"2022-06-01T15:05:25","modified_gmt":"2022-06-01T14:05:25","slug":"ansprakelijkheid-in-het-verkeer-185-wvw","status":"publish","type":"page","link":"https:\/\/verkeer.site\/it\/ansprakelijkheid-in-het-verkeer-185-wvw\/","title":{"rendered":"Responsabilit\u00e0 nel traffico (185 WVW)"},"content":{"rendered":"<div data-elementor-type=\"wp-page\" data-elementor-id=\"3420\" class=\"elementor elementor-3420\" data-elementor-post-type=\"page\">\n\t\t\t\t\t\t<div class=\"elementor-section elementor-top-section elementor-element elementor-element-ce48caf elementor-section-boxed elementor-section-height-default elementor-section-height-default\" data-id=\"ce48caf\" data-element_type=\"section\" data-settings=\"{&quot;background_background&quot;:&quot;classic&quot;,&quot;background_motion_fx_motion_fx_scrolling&quot;:&quot;yes&quot;,&quot;background_motion_fx_translateY_effect&quot;:&quot;yes&quot;,&quot;background_motion_fx_translateY_speed&quot;:{&quot;unit&quot;:&quot;px&quot;,&quot;size&quot;:4,&quot;sizes&quot;:[]},&quot;background_motion_fx_translateY_affectedRange&quot;:{&quot;unit&quot;:&quot;%&quot;,&quot;size&quot;:&quot;&quot;,&quot;sizes&quot;:{&quot;start&quot;:0,&quot;end&quot;:100}},&quot;background_motion_fx_devices&quot;:[&quot;desktop&quot;,&quot;laptop&quot;,&quot;tablet&quot;,&quot;mobile_extra&quot;,&quot;mobile&quot;]}\">\n\t\t\t\t\t\t\t<div class=\"elementor-background-overlay\"><\/div>\n\t\t\t\t\t\t\t<div class=\"elementor-container elementor-column-gap-default\">\n\t\t\t\t\t<div class=\"elementor-column elementor-col-100 elementor-top-column elementor-element elementor-element-c2bcda1\" data-id=\"c2bcda1\" data-element_type=\"column\">\n\t\t\t<div class=\"elementor-widget-wrap elementor-element-populated\">\n\t\t\t\t\t\t<div class=\"elementor-element elementor-element-7b5354e elementor-widget elementor-widget-heading\" data-id=\"7b5354e\" data-element_type=\"widget\" data-widget_type=\"heading.default\">\n\t\t\t\t<div class=\"elementor-widget-container\">\n\t\t\t\t\t<h2 class=\"elementor-heading-title elementor-size-default\">Responsabilit\u00e0 nel traffico <br>(185 WVW)<\/h2>\t\t\t\t<\/div>\n\t\t\t\t<\/div>\n\t\t\t\t\t<\/div>\n\t\t<\/div>\n\t\t\t\t\t<\/div>\n\t\t<\/div>\n\t\t\t\t<div class=\"elementor-section elementor-top-section elementor-element elementor-element-c023ed4 elementor-section-boxed elementor-section-height-default elementor-section-height-default\" data-id=\"c023ed4\" data-element_type=\"section\">\n\t\t\t\t\t\t<div class=\"elementor-container elementor-column-gap-default\">\n\t\t\t\t\t<div class=\"elementor-column elementor-col-100 elementor-top-column elementor-element elementor-element-a4eee03\" data-id=\"a4eee03\" data-element_type=\"column\">\n\t\t\t<div class=\"elementor-widget-wrap elementor-element-populated\">\n\t\t\t\t\t\t<div class=\"elementor-element elementor-element-1eeebe7 elementor-invisible elementor-widget elementor-widget-text-editor\" data-id=\"1eeebe7\" data-element_type=\"widget\" data-settings=\"{&quot;_animation&quot;:&quot;fadeInUp&quot;}\" data-widget_type=\"text-editor.default\">\n\t\t\t\t<div class=\"elementor-widget-container\">\n\t\t\t\t\t\t\t\t\t<p>Se causate un incidente nel traffico, potete essere responsabili non solo secondo il diritto penale, ma anche secondo il diritto civile per i danni che causa. Il proprietario di un veicolo a motore coinvolto in un incidente in cui vengono causati danni al traffico non motorizzato \u00e8 responsabile di tali danni (articolo 185 paragrafo 1 WVW). Tranne nei casi di forza maggiore. Regole speciali si applicano alla distribuzione dell'onere dei danni. Se lei, come conducente di un veicolo a motore, \u00e8 coinvolto in un incidente in cui l'altra persona non \u00e8 il conducente di un veicolo a motore e lei \u00e8 in difetto, \u00e8 sempre responsabile per almeno 50% del danno, a meno che non ci sia prova di dolo o imprudenza. Se la persona che subisce il danno ha meno di 14 anni, lei sar\u00e0 sempre responsabile per 100%. I bambini sotto i 14 anni non sono quindi mai ritenuti responsabili.<\/p><p>L'articolo 185 del Codice della Strada ha anche un effetto riflesso: se voi, come utente della strada motorizzato, avete un incidente con un altro utente della strada non motorizzato e subite un danno, siete responsabili del vostro danno. Solo se c'\u00e8 un caso di forza maggiore, lei, come utente della strada motorizzata, sar\u00e0 risarcito per il suo danno. La regola 50% e la regola 100% non sono soggette a un effetto riflesso. Pertanto, se lei, come utente non motorizzato delle strade, causa un incidente che provoca danni a un utente motorizzato delle strade, non dovr\u00e0 risarcire i danni subiti dall'altra parte.<\/p><p>Molte persone non sono consapevoli di queste regole speciali di responsabilit\u00e0 che si applicano ai danni causati nel traffico. Siete stati coinvolti in un incidente stradale e avete subito danni come risultato, o siete stati ritenuti responsabili? Se \u00e8 cos\u00ec, lasciate che un avvocato del Law &amp; More vi assista.<\/p>\t\t\t\t\t\t\t\t<\/div>\n\t\t\t\t<\/div>\n\t\t\t\t<div class=\"elementor-element elementor-element-c687e5d elementor-widget elementor-widget-image\" data-id=\"c687e5d\" data-element_type=\"widget\" data-widget_type=\"image.default\">\n\t\t\t\t<div class=\"elementor-widget-container\">\n\t\t\t\t\t\t\t\t\t\t\t\t\t\t\t<img fetchpriority=\"high\" decoding=\"async\" width=\"1920\" height=\"704\" src=\"https:\/\/verkeer.site\/wp-content\/uploads\/2018\/05\/Aansprakelijkheid-in-het-verkeer-185-WVW-.jpg\" class=\"attachment-full size-full wp-image-2053\" alt=\"Aansprakelijkheid in het verkeer (185 WVW)\" srcset=\"https:\/\/verkeer.site\/wp-content\/uploads\/2018\/05\/Aansprakelijkheid-in-het-verkeer-185-WVW-.jpg 1920w, https:\/\/verkeer.site\/wp-content\/uploads\/2018\/05\/Aansprakelijkheid-in-het-verkeer-185-WVW--300x110.jpg 300w, https:\/\/verkeer.site\/wp-content\/uploads\/2018\/05\/Aansprakelijkheid-in-het-verkeer-185-WVW--768x282.jpg 768w, https:\/\/verkeer.site\/wp-content\/uploads\/2018\/05\/Aansprakelijkheid-in-het-verkeer-185-WVW--1024x375.jpg 1024w, https:\/\/verkeer.site\/wp-content\/uploads\/2018\/05\/Aansprakelijkheid-in-het-verkeer-185-WVW--1670x612.jpg 1670w, https:\/\/verkeer.site\/wp-content\/uploads\/2018\/05\/Aansprakelijkheid-in-het-verkeer-185-WVW--880x323.jpg 880w, https:\/\/verkeer.site\/wp-content\/uploads\/2018\/05\/Aansprakelijkheid-in-het-verkeer-185-WVW--450x165.jpg 450w\" sizes=\"(max-width: 1920px) 100vw, 1920px\" \/>\t\t\t\t\t\t\t\t\t\t\t\t\t\t\t<\/div>\n\t\t\t\t<\/div>\n\t\t\t\t<div class=\"elementor-element elementor-element-c4fe150 elementor-invisible elementor-widget elementor-widget-text-editor\" data-id=\"c4fe150\" data-element_type=\"widget\" data-settings=\"{&quot;_animation&quot;:&quot;fadeInUp&quot;}\" data-widget_type=\"text-editor.default\">\n\t\t\t\t<div class=\"elementor-widget-container\">\n\t\t\t\t\t\t\t\t\t<h2>Come possiamo aiutarvi<\/h2><p>Law &amp; More pu\u00f2 assistervi se siete entrati in conflitto con la legge in relazione alla guida in stato di ebbrezza.<\/p><p>\u00c8 possibile che siano stati commessi degli errori durante il controllo dell'alcol, anche se la maggior parte delle persone, una volta trovato il livello di alcol, lascia perdere e accetta la multa o il ritiro della patente. Ma se sono stati commessi certi errori, il risultato potrebbe anche non essere usato come prova e potrebbe portare all'assoluzione.<\/p><p>Sia in caso di imposizione di una pena che in caso di condanna da parte del tribunale, riceverete un'iscrizione nella documentazione giudiziaria (popolarmente chiamata: casellario giudiziale). Naturalmente si vuole evitare questo.<\/p><p>Inoltre, possiamo aiutarvi a concludere una transazione con la Procura.<\/p>\t\t\t\t\t\t\t\t<\/div>\n\t\t\t\t<\/div>\n\t\t\t\t\t<\/div>\n\t\t<\/div>\n\t\t\t\t\t<\/div>\n\t\t<\/div>\n\t\t\t\t<div class=\"elementor-section elementor-top-section elementor-element elementor-element-af547d3 elementor-section-boxed elementor-section-height-default elementor-section-height-default\" data-id=\"af547d3\" data-element_type=\"section\" data-settings=\"{&quot;background_background&quot;:&quot;classic&quot;}\">\n\t\t\t\t\t\t<div class=\"elementor-container elementor-column-gap-default\">\n\t\t\t\t\t<div class=\"elementor-column elementor-col-66 elementor-top-column elementor-element elementor-element-ddfcaa7\" data-id=\"ddfcaa7\" data-element_type=\"column\">\n\t\t\t<div class=\"elementor-widget-wrap elementor-element-populated\">\n\t\t\t\t\t\t<div class=\"elementor-element elementor-element-5f82a45 elementor-widget elementor-widget-text-editor\" data-id=\"5f82a45\" data-element_type=\"widget\" data-widget_type=\"text-editor.default\">\n\t\t\t\t<div class=\"elementor-widget-container\">\n\t\t\t\t\t\t\t\t\t<p>Avete bisogno di un avvocato per il diritto penale del traffico?<br \/>Contattateci telefonicamente al numero +31 40 369 06 80 o inviate un'e-mail a:<br \/>Tom Meevis, avvocato presso Law &amp; More - tom.meevis@lawandmore.nl<br \/>Maxim Hodak, avvocato presso Law &amp; More - maxim.hodak@lawandmore.nl<\/p>\t\t\t\t\t\t\t\t<\/div>\n\t\t\t\t<\/div>\n\t\t\t\t\t<\/div>\n\t\t<\/div>\n\t\t\t\t<div class=\"elementor-column elementor-col-33 elementor-top-column elementor-element elementor-element-11ccdb2\" data-id=\"11ccdb2\" data-element_type=\"column\">\n\t\t\t<div class=\"elementor-widget-wrap elementor-element-populated\">\n\t\t\t\t\t\t<div class=\"elementor-element elementor-element-330a0af elementor-align-center elementor-mobile-align-left elementor-invisible elementor-widget elementor-widget-button\" data-id=\"330a0af\" data-element_type=\"widget\" data-settings=\"{&quot;_animation&quot;:&quot;fadeInUp&quot;,&quot;_animation_delay&quot;:500}\" data-widget_type=\"button.default\">\n\t\t\t\t<div class=\"elementor-widget-container\">\n\t\t\t\t\t\t\t\t\t<div class=\"elementor-button-wrapper\">\n\t\t\t\t\t<a class=\"elementor-button elementor-button-link elementor-size-md\" href=\"https:\/\/verkeer.site\/it\/contact\/\">\n\t\t\t\t\t\t<span class=\"elementor-button-content-wrapper\">\n\t\t\t\t\t\t\t\t\t<span class=\"elementor-button-text\">CONTATTO<\/span>\n\t\t\t\t\t<\/span>\n\t\t\t\t\t<\/a>\n\t\t\t\t<\/div>\n\t\t\t\t\t\t\t\t<\/div>\n\t\t\t\t<\/div>\n\t\t\t\t\t<\/div>\n\t\t<\/div>\n\t\t\t\t\t<\/div>\n\t\t<\/div>\n\t\t\t\t<\/div>","protected":false},"excerpt":{"rendered":"<p>Responsabilit\u00e0 nel traffico (185 WVW) Se causate un incidente nel traffico, oltre a essere punibili per legge potete anche essere responsabili civilmente per i danni causati. Il proprietario di un [...]<\/p>","protected":false},"author":1,"featured_media":3105,"parent":0,"menu_order":0,"comment_status":"closed","ping_status":"closed","template":"","meta":{"footnotes":""},"class_list":["post-3420","page","type-page","status-publish","has-post-thumbnail","hentry"],"yoast_head":"<!-- This site is optimized with the Yoast SEO plugin v25.6 - https:\/\/yoast.com\/wordpress\/plugins\/seo\/ -->\n<title>Aansprakelijkheid in het verkeer (185 WVW) - Verkeer.site<\/title>\n<meta name=\"description\" content=\"Als u een ongeluk veroorzaakt in het verkeer dan kunt naast strafbaar zijn ook nog civielrechtelijk aansprakelijk zijn voor de schade...\" \/>\n<meta name=\"robots\" content=\"index, follow, max-snippet:-1, max-image-preview:large, max-video-preview:-1\" \/>\n<link rel=\"canonical\" href=\"https:\/\/verkeer.site\/it\/ansprakelijkheid-in-het-verkeer-185-wvw\/\" \/>\n<meta property=\"og:locale\" content=\"it_IT\" \/>\n<meta property=\"og:type\" content=\"article\" \/>\n<meta property=\"og:title\" content=\"Aansprakelijkheid in het verkeer (185 WVW) - Verkeer.site\" \/>\n<meta property=\"og:description\" content=\"Als u een ongeluk veroorzaakt in het verkeer dan kunt naast strafbaar zijn ook nog civielrechtelijk aansprakelijk zijn voor de schade...\" \/>\n<meta property=\"og:url\" content=\"https:\/\/verkeer.site\/it\/ansprakelijkheid-in-het-verkeer-185-wvw\/\" \/>\n<meta property=\"og:site_name\" content=\"Verkeer.site\" \/>\n<meta property=\"article:publisher\" content=\"https:\/\/www.facebook.com\/LawAndMoreNl\" \/>\n<meta property=\"article:modified_time\" content=\"2022-06-01T14:05:25+00:00\" \/>\n<meta property=\"og:image\" content=\"https:\/\/verkeer.site\/wp-content\/uploads\/2022\/06\/police-1.jpg\" \/>\n\t<meta property=\"og:image:width\" content=\"960\" \/>\n\t<meta property=\"og:image:height\" content=\"720\" \/>\n\t<meta property=\"og:image:type\" content=\"image\/jpeg\" \/>\n<meta name=\"twitter:card\" content=\"summary_large_image\" \/>\n<meta name=\"twitter:site\" content=\"@LawandMorenl\" \/>\n<meta name=\"twitter:label1\" content=\"Est. reading time\" \/>\n\t<meta name=\"twitter:data1\" content=\"3 minutes\" \/>\n<script type=\"application\/ld+json\" class=\"yoast-schema-graph\">{\"@context\":\"https:\/\/schema.org\",\"@graph\":[{\"@type\":\"WebPage\",\"@id\":\"https:\/\/verkeer.site\/ansprakelijkheid-in-het-verkeer-185-wvw\/\",\"url\":\"https:\/\/verkeer.site\/ansprakelijkheid-in-het-verkeer-185-wvw\/\",\"name\":\"Aansprakelijkheid in het verkeer (185 WVW) - Verkeer.site\",\"isPartOf\":{\"@id\":\"https:\/\/verkeer.site\/#website\"},\"primaryImageOfPage\":{\"@id\":\"https:\/\/verkeer.site\/ansprakelijkheid-in-het-verkeer-185-wvw\/#primaryimage\"},\"image\":{\"@id\":\"https:\/\/verkeer.site\/ansprakelijkheid-in-het-verkeer-185-wvw\/#primaryimage\"},\"thumbnailUrl\":\"https:\/\/verkeer.site\/wp-content\/uploads\/2022\/06\/police-1.jpg\",\"datePublished\":\"2022-06-01T12:42:05+00:00\",\"dateModified\":\"2022-06-01T14:05:25+00:00\",\"description\":\"Als u een ongeluk veroorzaakt in het verkeer dan kunt naast strafbaar zijn ook nog civielrechtelijk aansprakelijk zijn voor de schade...\",\"breadcrumb\":{\"@id\":\"https:\/\/verkeer.site\/ansprakelijkheid-in-het-verkeer-185-wvw\/#breadcrumb\"},\"inLanguage\":\"it-IT\",\"potentialAction\":[{\"@type\":\"ReadAction\",\"target\":[\"https:\/\/verkeer.site\/ansprakelijkheid-in-het-verkeer-185-wvw\/\"]}]},{\"@type\":\"ImageObject\",\"inLanguage\":\"it-IT\",\"@id\":\"https:\/\/verkeer.site\/ansprakelijkheid-in-het-verkeer-185-wvw\/#primaryimage\",\"url\":\"https:\/\/verkeer.site\/wp-content\/uploads\/2022\/06\/police-1.jpg\",\"contentUrl\":\"https:\/\/verkeer.site\/wp-content\/uploads\/2022\/06\/police-1.jpg\",\"width\":960,\"height\":720,\"caption\":\"police-1\"},{\"@type\":\"BreadcrumbList\",\"@id\":\"https:\/\/verkeer.site\/ansprakelijkheid-in-het-verkeer-185-wvw\/#breadcrumb\",\"itemListElement\":[{\"@type\":\"ListItem\",\"position\":1,\"name\":\"Home\",\"item\":\"https:\/\/verkeer.site\/\"},{\"@type\":\"ListItem\",\"position\":2,\"name\":\"Aansprakelijkheid in het verkeer (185 WVW)\"}]},{\"@type\":\"WebSite\",\"@id\":\"https:\/\/verkeer.site\/#website\",\"url\":\"https:\/\/verkeer.site\/\",\"name\":\"Verkeer.site\",\"description\":\"Advocaten Verkeersstrafrecht\",\"publisher\":{\"@id\":\"https:\/\/verkeer.site\/#organization\"},\"potentialAction\":[{\"@type\":\"SearchAction\",\"target\":{\"@type\":\"EntryPoint\",\"urlTemplate\":\"https:\/\/verkeer.site\/?s={search_term_string}\"},\"query-input\":{\"@type\":\"PropertyValueSpecification\",\"valueRequired\":true,\"valueName\":\"search_term_string\"}}],\"inLanguage\":\"it-IT\"},{\"@type\":\"Organization\",\"@id\":\"https:\/\/verkeer.site\/#organization\",\"name\":\"Law & More B.V.\",\"url\":\"https:\/\/verkeer.site\/\",\"logo\":{\"@type\":\"ImageObject\",\"inLanguage\":\"it-IT\",\"@id\":\"https:\/\/verkeer.site\/#\/schema\/logo\/image\/\",\"url\":\"https:\/\/verkeer.site\/wp-content\/uploads\/2019\/04\/lawmore_logo_LM_only_copy.jpg\",\"contentUrl\":\"https:\/\/verkeer.site\/wp-content\/uploads\/2019\/04\/lawmore_logo_LM_only_copy.jpg\",\"width\":665,\"height\":665,\"caption\":\"Law & More B.V.\"},\"image\":{\"@id\":\"https:\/\/verkeer.site\/#\/schema\/logo\/image\/\"},\"sameAs\":[\"https:\/\/www.facebook.com\/LawAndMoreNl\",\"https:\/\/x.com\/LawandMorenl\",\"https:\/\/www.instagram.com\/lawandmore\/\",\"https:\/\/nl.linkedin.com\/company\/5339401\"]}]}<\/script>\n<!-- \/ Yoast SEO plugin. -->","yoast_head_json":{"title":"Responsabilit\u00e0 nel traffico (185 WVW) - Verkeer.site","description":"Se causate un incidente nel traffico, oltre ad essere punibile per legge potreste anche essere responsabili dei danni secondo il diritto civile.","robots":{"index":"index","follow":"follow","max-snippet":"max-snippet:-1","max-image-preview":"max-image-preview:large","max-video-preview":"max-video-preview:-1"},"canonical":"https:\/\/verkeer.site\/it\/ansprakelijkheid-in-het-verkeer-185-wvw\/","og_locale":"it_IT","og_type":"article","og_title":"Aansprakelijkheid in het verkeer (185 WVW) - Verkeer.site","og_description":"Als u een ongeluk veroorzaakt in het verkeer dan kunt naast strafbaar zijn ook nog civielrechtelijk aansprakelijk zijn voor de schade...","og_url":"https:\/\/verkeer.site\/it\/ansprakelijkheid-in-het-verkeer-185-wvw\/","og_site_name":"Verkeer.site","article_publisher":"https:\/\/www.facebook.com\/LawAndMoreNl","article_modified_time":"2022-06-01T14:05:25+00:00","og_image":[{"width":960,"height":720,"url":"https:\/\/verkeer.site\/wp-content\/uploads\/2022\/06\/police-1.jpg","type":"image\/jpeg"}],"twitter_card":"summary_large_image","twitter_site":"@LawandMorenl","twitter_misc":{"Est. reading time":"3 minutes"},"schema":{"@context":"https:\/\/schema.org","@graph":[{"@type":"WebPage","@id":"https:\/\/verkeer.site\/ansprakelijkheid-in-het-verkeer-185-wvw\/","url":"https:\/\/verkeer.site\/ansprakelijkheid-in-het-verkeer-185-wvw\/","name":"Responsabilit\u00e0 nel traffico (185 WVW) - Verkeer.site","isPartOf":{"@id":"https:\/\/verkeer.site\/#website"},"primaryImageOfPage":{"@id":"https:\/\/verkeer.site\/ansprakelijkheid-in-het-verkeer-185-wvw\/#primaryimage"},"image":{"@id":"https:\/\/verkeer.site\/ansprakelijkheid-in-het-verkeer-185-wvw\/#primaryimage"},"thumbnailUrl":"https:\/\/verkeer.site\/wp-content\/uploads\/2022\/06\/police-1.jpg","datePublished":"2022-06-01T12:42:05+00:00","dateModified":"2022-06-01T14:05:25+00:00","description":"Se causate un incidente nel traffico, oltre ad essere punibile per legge potreste anche essere responsabili dei danni secondo il diritto civile.","breadcrumb":{"@id":"https:\/\/verkeer.site\/ansprakelijkheid-in-het-verkeer-185-wvw\/#breadcrumb"},"inLanguage":"it-IT","potentialAction":[{"@type":"ReadAction","target":["https:\/\/verkeer.site\/ansprakelijkheid-in-het-verkeer-185-wvw\/"]}]},{"@type":"ImageObject","inLanguage":"it-IT","@id":"https:\/\/verkeer.site\/ansprakelijkheid-in-het-verkeer-185-wvw\/#primaryimage","url":"https:\/\/verkeer.site\/wp-content\/uploads\/2022\/06\/police-1.jpg","contentUrl":"https:\/\/verkeer.site\/wp-content\/uploads\/2022\/06\/police-1.jpg","width":960,"height":720,"caption":"police-1"},{"@type":"BreadcrumbList","@id":"https:\/\/verkeer.site\/ansprakelijkheid-in-het-verkeer-185-wvw\/#breadcrumb","itemListElement":[{"@type":"ListItem","position":1,"name":"Home","item":"https:\/\/verkeer.site\/"},{"@type":"ListItem","position":2,"name":"Aansprakelijkheid in het verkeer (185 WVW)"}]},{"@type":"WebSite","@id":"https:\/\/verkeer.site\/#website","url":"https:\/\/verkeer.site\/","name":"Traffico.sito","description":"Avvocati del traffico penale","publisher":{"@id":"https:\/\/verkeer.site\/#organization"},"potentialAction":[{"@type":"SearchAction","target":{"@type":"EntryPoint","urlTemplate":"https:\/\/verkeer.site\/?s={search_term_string}"},"query-input":{"@type":"PropertyValueSpecification","valueRequired":true,"valueName":"search_term_string"}}],"inLanguage":"it-IT"},{"@type":"Organization","@id":"https:\/\/verkeer.site\/#organization","name":"Law &amp; More B.V.","url":"https:\/\/verkeer.site\/","logo":{"@type":"ImageObject","inLanguage":"it-IT","@id":"https:\/\/verkeer.site\/#\/schema\/logo\/image\/","url":"https:\/\/verkeer.site\/wp-content\/uploads\/2019\/04\/lawmore_logo_LM_only_copy.jpg","contentUrl":"https:\/\/verkeer.site\/wp-content\/uploads\/2019\/04\/lawmore_logo_LM_only_copy.jpg","width":665,"height":665,"caption":"Law & More B.V."},"image":{"@id":"https:\/\/verkeer.site\/#\/schema\/logo\/image\/"},"sameAs":["https:\/\/www.facebook.com\/LawAndMoreNl","https:\/\/x.com\/LawandMorenl","https:\/\/www.instagram.com\/lawandmore\/","https:\/\/nl.linkedin.com\/company\/5339401"]}]}},"_links":{"self":[{"href":"https:\/\/verkeer.site\/it\/wp-json\/wp\/v2\/pages\/3420","targetHints":{"allow":["GET"]}}],"collection":[{"href":"https:\/\/verkeer.site\/it\/wp-json\/wp\/v2\/pages"}],"about":[{"href":"https:\/\/verkeer.site\/it\/wp-json\/wp\/v2\/types\/page"}],"author":[{"embeddable":true,"href":"https:\/\/verkeer.site\/it\/wp-json\/wp\/v2\/users\/1"}],"replies":[{"embeddable":true,"href":"https:\/\/verkeer.site\/it\/wp-json\/wp\/v2\/comments?post=3420"}],"version-history":[{"count":0,"href":"https:\/\/verkeer.site\/it\/wp-json\/wp\/v2\/pages\/3420\/revisions"}],"wp:featuredmedia":[{"embeddable":true,"href":"https:\/\/verkeer.site\/it\/wp-json\/wp\/v2\/media\/3105"}],"wp:attachment":[{"href":"https:\/\/verkeer.site\/it\/wp-json\/wp\/v2\/media?parent=3420"}],"curies":[{"name":"wp","href":"https:\/\/api.w.org\/{rel}","templated":true}]}}