{"id":3345,"date":"2022-06-01T13:02:05","date_gmt":"2022-06-01T12:02:05","guid":{"rendered":"https:\/\/verkeer.site\/?page_id=3345"},"modified":"2022-06-01T13:29:28","modified_gmt":"2022-06-01T12:29:28","slug":"cookie-statement","status":"publish","type":"page","link":"https:\/\/verkeer.site\/it\/cookie-statement\/","title":{"rendered":"Dichiarazione dei cookie"},"content":{"rendered":"<div data-elementor-type=\"wp-page\" data-elementor-id=\"3345\" class=\"elementor elementor-3345\" data-elementor-post-type=\"page\">\n\t\t\t\t\t\t<div class=\"elementor-section elementor-top-section elementor-element elementor-element-ce48caf elementor-section-boxed elementor-section-height-default elementor-section-height-default\" data-id=\"ce48caf\" data-element_type=\"section\" data-settings=\"{&quot;background_background&quot;:&quot;classic&quot;,&quot;background_motion_fx_motion_fx_scrolling&quot;:&quot;yes&quot;,&quot;background_motion_fx_translateY_effect&quot;:&quot;yes&quot;,&quot;background_motion_fx_translateY_speed&quot;:{&quot;unit&quot;:&quot;px&quot;,&quot;size&quot;:4,&quot;sizes&quot;:[]},&quot;background_motion_fx_translateY_affectedRange&quot;:{&quot;unit&quot;:&quot;%&quot;,&quot;size&quot;:&quot;&quot;,&quot;sizes&quot;:{&quot;start&quot;:0,&quot;end&quot;:100}},&quot;background_motion_fx_devices&quot;:[&quot;desktop&quot;,&quot;laptop&quot;,&quot;tablet&quot;,&quot;mobile_extra&quot;,&quot;mobile&quot;]}\">\n\t\t\t\t\t\t\t<div class=\"elementor-background-overlay\"><\/div>\n\t\t\t\t\t\t\t<div class=\"elementor-container elementor-column-gap-default\">\n\t\t\t\t\t<div class=\"elementor-column elementor-col-100 elementor-top-column elementor-element elementor-element-c2bcda1\" data-id=\"c2bcda1\" data-element_type=\"column\">\n\t\t\t<div class=\"elementor-widget-wrap elementor-element-populated\">\n\t\t\t\t\t\t<div class=\"elementor-element elementor-element-7b5354e elementor-widget elementor-widget-heading\" data-id=\"7b5354e\" data-element_type=\"widget\" data-widget_type=\"heading.default\">\n\t\t\t\t<div class=\"elementor-widget-container\">\n\t\t\t\t\t<h2 class=\"elementor-heading-title elementor-size-default\">Dichiarazione dei cookie<\/h2>\t\t\t\t<\/div>\n\t\t\t\t<\/div>\n\t\t\t\t\t<\/div>\n\t\t<\/div>\n\t\t\t\t\t<\/div>\n\t\t<\/div>\n\t\t\t\t<div class=\"elementor-section elementor-top-section elementor-element elementor-element-c023ed4 elementor-section-boxed elementor-section-height-default elementor-section-height-default\" data-id=\"c023ed4\" data-element_type=\"section\">\n\t\t\t\t\t\t<div class=\"elementor-container elementor-column-gap-default\">\n\t\t\t\t\t<div class=\"elementor-column elementor-col-100 elementor-top-column elementor-element elementor-element-a4eee03\" data-id=\"a4eee03\" data-element_type=\"column\">\n\t\t\t<div class=\"elementor-widget-wrap elementor-element-populated\">\n\t\t\t\t\t\t<div class=\"elementor-element elementor-element-c4fe150 elementor-invisible elementor-widget elementor-widget-text-editor\" data-id=\"c4fe150\" data-element_type=\"widget\" data-settings=\"{&quot;_animation&quot;:&quot;fadeInUp&quot;}\" data-widget_type=\"text-editor.default\">\n\t\t\t\t<div class=\"elementor-widget-container\">\n\t\t\t\t\t\t\t\t\t<h2>Cosa sono i biscotti?<\/h2><p>Un cookie \u00e8 un semplice file di testo di piccole dimensioni che viene collocato sul vostro computer, telefono o tablet durante la vostra visita ai siti web Law &amp; More. I cookie vengono inviati insieme alle pagine dei siti web di Law &amp; More. Le informazioni ivi memorizzate possono essere rinviate ai server durante la sua prossima visita al sito web. Questo permette al sito web di riconoscerti, per cos\u00ec dire, alla prossima visita. La funzione principale dei cookies \u00e8 quella di distinguere un utente dall'altro. \u00c8 per questo che i cookie sono spesso utilizzati sui siti web in cui \u00e8 necessario effettuare il login. Un cookie, per esempio, assicura che tu rimanga loggato quando usi il sito web. \u00c8 possibile rifiutare l'uso di questi cookie in qualsiasi momento, anche se questo pu\u00f2 limitare la funzionalit\u00e0 e la facilit\u00e0 d'uso dei siti web.<\/p><h2>Biscotti funzionali<\/h2><p>Law &amp; More fa uso di cookie funzionali. Si tratta di cookie che il sito stesso installa e indirizza. I cookie funzionali sono necessari per il corretto funzionamento del sito web. Questi cookie sono collocati di default e non vengono cancellati quando non li accettate. I cookie funzionali non memorizzano alcun dato personale e non contengono alcun dato che possa essere utilizzato per rintracciarti. I cookie funzionali sono utilizzati, ad esempio, per inserire la mappa geografica di Google Maps sul sito web. Queste informazioni sono rese anonime il pi\u00f9 possibile. Il tuo indirizzo IP non sar\u00e0 trasmesso a Google. Inoltre, Law &amp; More ha indicato che non condivider\u00e0 i dati con Google e che quindi Google non potr\u00e0 utilizzare i dati ottenuti attraverso il sito web per i propri scopi.<\/p><h2>Google Analytics<\/h2><p>Law &amp; More fa uso di cookie di Google Analytics per tracciare il comportamento degli utenti e le tendenze generali e per produrre rapporti. I cookie analitici sono utilizzati per elaborare i dati personali dei visitatori del sito web. I cookie analitici permettono a Law &amp; More di misurare il numero di visitatori del suo sito web. Queste statistiche permettono a Law &amp; More di capire quanto spesso viene utilizzato il sito web, quali informazioni cercano i visitatori e quali pagine del sito sono pi\u00f9 frequentemente visitate. Questo permette a Law &amp; More di accertare quali parti del sito sono popolari e quali punti possono essere migliorati. Il traffico sul sito web viene analizzato al fine di migliorare il sito e rendere l'esperienza il pi\u00f9 piacevole possibile per i visitatori. Le statistiche raccolte non possono essere ricondotte agli individui e sono rese anonime il pi\u00f9 possibile. Utilizzando i siti web di Law &amp; More, voi acconsentite al trattamento dei vostri dati da parte di Google nelle modalit\u00e0 e per le finalit\u00e0 di cui sopra. Google pu\u00f2 fornire queste informazioni a terzi se Google \u00e8 legalmente obbligato a farlo o nella misura in cui i terzi elaborano le informazioni per conto di Google.<\/p><h2>Cookie per l'integrazione dei social media<\/h2><p>Law &amp; More utilizza anche i cookie per consentire l'integrazione dei social media. Il sito web contiene link ai social network Facebook, Instagram, Twitter e LinkedIn. Questi link permettono di condividere o promuovere pagine su queste reti. Il codice per realizzare questi link \u00e8 fornito da Facebook, Instagram, Twitter e LinkedIn stessi. Questi codici inseriscono anche un cookie. Questo permette alle reti sociali di riconoscerti quando sei connesso a quella rete sociale. Raccolgono anche dati sulle pagine che condividi. Law &amp; More non ha alcuna influenza sulla collocazione e sull'uso dei cookie da parte di queste terze parti. Per maggiori informazioni sui dati raccolti dai social network, Law &amp; More fa riferimento alle dichiarazioni sulla privacy di Facebook, Instagram, Twitter e LinkedIn.<\/p><h2>Cancellare i cookie<\/h2><p>Se non vuole che Law &amp; More memorizzi i cookie attraverso il sito web, pu\u00f2 disabilitare l'accettazione dei cookie nelle impostazioni del suo browser. Questo far\u00e0 s\u00ec che i cookie non vengano pi\u00f9 memorizzati. Tuttavia, senza i cookie, alcune funzioni del sito web potrebbero non funzionare correttamente o affatto. Dato che i cookies sono immagazzinati nel suo computer, pu\u00f2 cancellarli solo lei stesso. Consultate le istruzioni del vostro browser per farlo.<\/p>\t\t\t\t\t\t\t\t<\/div>\n\t\t\t\t<\/div>\n\t\t\t\t\t<\/div>\n\t\t<\/div>\n\t\t\t\t\t<\/div>\n\t\t<\/div>\n\t\t\t\t<div class=\"elementor-section elementor-top-section elementor-element elementor-element-af547d3 elementor-section-boxed elementor-section-height-default elementor-section-height-default\" data-id=\"af547d3\" data-element_type=\"section\" data-settings=\"{&quot;background_background&quot;:&quot;classic&quot;}\">\n\t\t\t\t\t\t<div class=\"elementor-container elementor-column-gap-default\">\n\t\t\t\t\t<div class=\"elementor-column elementor-col-66 elementor-top-column elementor-element elementor-element-ddfcaa7\" data-id=\"ddfcaa7\" data-element_type=\"column\">\n\t\t\t<div class=\"elementor-widget-wrap elementor-element-populated\">\n\t\t\t\t\t\t<div class=\"elementor-element elementor-element-5f82a45 elementor-widget elementor-widget-text-editor\" data-id=\"5f82a45\" data-element_type=\"widget\" data-widget_type=\"text-editor.default\">\n\t\t\t\t<div class=\"elementor-widget-container\">\n\t\t\t\t\t\t\t\t\t<p>Avete bisogno di un avvocato per il diritto penale del traffico?<br \/>Contattateci telefonicamente al numero +31 40 369 06 80 o inviate un'e-mail a:<br \/>Tom Meevis, avvocato presso Law &amp; More - tom.meevis@lawandmore.nl<br \/>Maxim Hodak, avvocato presso Law &amp; More - maxim.hodak@lawandmore.nl<\/p>\t\t\t\t\t\t\t\t<\/div>\n\t\t\t\t<\/div>\n\t\t\t\t\t<\/div>\n\t\t<\/div>\n\t\t\t\t<div class=\"elementor-column elementor-col-33 elementor-top-column elementor-element elementor-element-11ccdb2\" data-id=\"11ccdb2\" data-element_type=\"column\">\n\t\t\t<div class=\"elementor-widget-wrap elementor-element-populated\">\n\t\t\t\t\t\t<div class=\"elementor-element elementor-element-330a0af elementor-align-center elementor-mobile-align-left elementor-invisible elementor-widget elementor-widget-button\" data-id=\"330a0af\" data-element_type=\"widget\" data-settings=\"{&quot;_animation&quot;:&quot;fadeInUp&quot;,&quot;_animation_delay&quot;:500}\" data-widget_type=\"button.default\">\n\t\t\t\t<div class=\"elementor-widget-container\">\n\t\t\t\t\t\t\t\t\t<div class=\"elementor-button-wrapper\">\n\t\t\t\t\t<a class=\"elementor-button elementor-button-link elementor-size-md\" href=\"https:\/\/verkeer.site\/it\/contact\/\">\n\t\t\t\t\t\t<span class=\"elementor-button-content-wrapper\">\n\t\t\t\t\t\t\t\t\t<span class=\"elementor-button-text\">CONTATTO<\/span>\n\t\t\t\t\t<\/span>\n\t\t\t\t\t<\/a>\n\t\t\t\t<\/div>\n\t\t\t\t\t\t\t\t<\/div>\n\t\t\t\t<\/div>\n\t\t\t\t\t<\/div>\n\t\t<\/div>\n\t\t\t\t\t<\/div>\n\t\t<\/div>\n\t\t\t\t<\/div>","protected":false},"excerpt":{"rendered":"<p>Dichiarazione sui cookie Cosa sono i cookie? Un cookie \u00e8 un semplice file di testo di piccole dimensioni che viene inserito nel computer, nel telefono o nel tablet dell'utente durante la visita ai siti Web di Law &amp; More. I cookie vengono inviati con le pagine [...]<\/p>","protected":false},"author":1,"featured_media":3105,"parent":0,"menu_order":0,"comment_status":"closed","ping_status":"closed","template":"","meta":{"footnotes":""},"class_list":["post-3345","page","type-page","status-publish","has-post-thumbnail","hentry"],"yoast_head":"<!-- This site is optimized with the Yoast SEO plugin v25.6 - https:\/\/yoast.com\/wordpress\/plugins\/seo\/ -->\n<title>Cookie statement - Verkeer.site<\/title>\n<meta name=\"description\" content=\"Cookies worden met de pagina\u2019s op de websites van Law &amp; More meegestuurd. De daarin opgeslagen informatie kan bij een volgend bezoek aan...\" \/>\n<meta name=\"robots\" content=\"index, follow, max-snippet:-1, max-image-preview:large, max-video-preview:-1\" \/>\n<link rel=\"canonical\" href=\"https:\/\/verkeer.site\/it\/cookie-statement\/\" \/>\n<meta property=\"og:locale\" content=\"it_IT\" \/>\n<meta property=\"og:type\" content=\"article\" \/>\n<meta property=\"og:title\" content=\"Cookie statement - Verkeer.site\" \/>\n<meta property=\"og:description\" content=\"Cookies worden met de pagina\u2019s op de websites van Law &amp; More meegestuurd. De daarin opgeslagen informatie kan bij een volgend bezoek aan...\" \/>\n<meta property=\"og:url\" content=\"https:\/\/verkeer.site\/it\/cookie-statement\/\" \/>\n<meta property=\"og:site_name\" content=\"Verkeer.site\" \/>\n<meta property=\"article:publisher\" content=\"https:\/\/www.facebook.com\/LawAndMoreNl\" \/>\n<meta property=\"article:modified_time\" content=\"2022-06-01T12:29:28+00:00\" \/>\n<meta property=\"og:image\" content=\"https:\/\/verkeer.site\/wp-content\/uploads\/2022\/06\/police-1.jpg\" \/>\n\t<meta property=\"og:image:width\" content=\"960\" \/>\n\t<meta property=\"og:image:height\" content=\"720\" \/>\n\t<meta property=\"og:image:type\" content=\"image\/jpeg\" \/>\n<meta name=\"twitter:card\" content=\"summary_large_image\" \/>\n<meta name=\"twitter:site\" content=\"@LawandMorenl\" \/>\n<meta name=\"twitter:label1\" content=\"Est. reading time\" \/>\n\t<meta name=\"twitter:data1\" content=\"4 minutes\" \/>\n<script type=\"application\/ld+json\" class=\"yoast-schema-graph\">{\"@context\":\"https:\/\/schema.org\",\"@graph\":[{\"@type\":\"WebPage\",\"@id\":\"https:\/\/verkeer.site\/cookie-statement\/\",\"url\":\"https:\/\/verkeer.site\/cookie-statement\/\",\"name\":\"Cookie statement - Verkeer.site\",\"isPartOf\":{\"@id\":\"https:\/\/verkeer.site\/#website\"},\"primaryImageOfPage\":{\"@id\":\"https:\/\/verkeer.site\/cookie-statement\/#primaryimage\"},\"image\":{\"@id\":\"https:\/\/verkeer.site\/cookie-statement\/#primaryimage\"},\"thumbnailUrl\":\"https:\/\/verkeer.site\/wp-content\/uploads\/2022\/06\/police-1.jpg\",\"datePublished\":\"2022-06-01T12:02:05+00:00\",\"dateModified\":\"2022-06-01T12:29:28+00:00\",\"description\":\"Cookies worden met de pagina\u2019s op de websites van Law & More meegestuurd. De daarin opgeslagen informatie kan bij een volgend bezoek aan...\",\"breadcrumb\":{\"@id\":\"https:\/\/verkeer.site\/cookie-statement\/#breadcrumb\"},\"inLanguage\":\"it-IT\",\"potentialAction\":[{\"@type\":\"ReadAction\",\"target\":[\"https:\/\/verkeer.site\/cookie-statement\/\"]}]},{\"@type\":\"ImageObject\",\"inLanguage\":\"it-IT\",\"@id\":\"https:\/\/verkeer.site\/cookie-statement\/#primaryimage\",\"url\":\"https:\/\/verkeer.site\/wp-content\/uploads\/2022\/06\/police-1.jpg\",\"contentUrl\":\"https:\/\/verkeer.site\/wp-content\/uploads\/2022\/06\/police-1.jpg\",\"width\":960,\"height\":720,\"caption\":\"police-1\"},{\"@type\":\"BreadcrumbList\",\"@id\":\"https:\/\/verkeer.site\/cookie-statement\/#breadcrumb\",\"itemListElement\":[{\"@type\":\"ListItem\",\"position\":1,\"name\":\"Home\",\"item\":\"https:\/\/verkeer.site\/\"},{\"@type\":\"ListItem\",\"position\":2,\"name\":\"Cookie statement\"}]},{\"@type\":\"WebSite\",\"@id\":\"https:\/\/verkeer.site\/#website\",\"url\":\"https:\/\/verkeer.site\/\",\"name\":\"Verkeer.site\",\"description\":\"Advocaten Verkeersstrafrecht\",\"publisher\":{\"@id\":\"https:\/\/verkeer.site\/#organization\"},\"potentialAction\":[{\"@type\":\"SearchAction\",\"target\":{\"@type\":\"EntryPoint\",\"urlTemplate\":\"https:\/\/verkeer.site\/?s={search_term_string}\"},\"query-input\":{\"@type\":\"PropertyValueSpecification\",\"valueRequired\":true,\"valueName\":\"search_term_string\"}}],\"inLanguage\":\"it-IT\"},{\"@type\":\"Organization\",\"@id\":\"https:\/\/verkeer.site\/#organization\",\"name\":\"Law & More B.V.\",\"url\":\"https:\/\/verkeer.site\/\",\"logo\":{\"@type\":\"ImageObject\",\"inLanguage\":\"it-IT\",\"@id\":\"https:\/\/verkeer.site\/#\/schema\/logo\/image\/\",\"url\":\"https:\/\/verkeer.site\/wp-content\/uploads\/2019\/04\/lawmore_logo_LM_only_copy.jpg\",\"contentUrl\":\"https:\/\/verkeer.site\/wp-content\/uploads\/2019\/04\/lawmore_logo_LM_only_copy.jpg\",\"width\":665,\"height\":665,\"caption\":\"Law & More B.V.\"},\"image\":{\"@id\":\"https:\/\/verkeer.site\/#\/schema\/logo\/image\/\"},\"sameAs\":[\"https:\/\/www.facebook.com\/LawAndMoreNl\",\"https:\/\/x.com\/LawandMorenl\",\"https:\/\/www.instagram.com\/lawandmore\/\",\"https:\/\/nl.linkedin.com\/company\/5339401\"]}]}<\/script>\n<!-- \/ Yoast SEO plugin. -->","yoast_head_json":{"title":"Dichiarazione dei cookie - Traffic.site","description":"I cookie vengono inviati insieme alle pagine dei siti web di Law &amp; More. Le informazioni memorizzate in questi cookie possono essere utilizzate durante una futura visita a...","robots":{"index":"index","follow":"follow","max-snippet":"max-snippet:-1","max-image-preview":"max-image-preview:large","max-video-preview":"max-video-preview:-1"},"canonical":"https:\/\/verkeer.site\/it\/cookie-statement\/","og_locale":"it_IT","og_type":"article","og_title":"Cookie statement - Verkeer.site","og_description":"Cookies worden met de pagina\u2019s op de websites van Law & More meegestuurd. De daarin opgeslagen informatie kan bij een volgend bezoek aan...","og_url":"https:\/\/verkeer.site\/it\/cookie-statement\/","og_site_name":"Verkeer.site","article_publisher":"https:\/\/www.facebook.com\/LawAndMoreNl","article_modified_time":"2022-06-01T12:29:28+00:00","og_image":[{"width":960,"height":720,"url":"https:\/\/verkeer.site\/wp-content\/uploads\/2022\/06\/police-1.jpg","type":"image\/jpeg"}],"twitter_card":"summary_large_image","twitter_site":"@LawandMorenl","twitter_misc":{"Est. reading time":"4 minutes"},"schema":{"@context":"https:\/\/schema.org","@graph":[{"@type":"WebPage","@id":"https:\/\/verkeer.site\/cookie-statement\/","url":"https:\/\/verkeer.site\/cookie-statement\/","name":"Dichiarazione dei cookie - Traffic.site","isPartOf":{"@id":"https:\/\/verkeer.site\/#website"},"primaryImageOfPage":{"@id":"https:\/\/verkeer.site\/cookie-statement\/#primaryimage"},"image":{"@id":"https:\/\/verkeer.site\/cookie-statement\/#primaryimage"},"thumbnailUrl":"https:\/\/verkeer.site\/wp-content\/uploads\/2022\/06\/police-1.jpg","datePublished":"2022-06-01T12:02:05+00:00","dateModified":"2022-06-01T12:29:28+00:00","description":"I cookie vengono inviati insieme alle pagine dei siti web di Law &amp; More. Le informazioni memorizzate in questi cookie possono essere utilizzate durante una futura visita a...","breadcrumb":{"@id":"https:\/\/verkeer.site\/cookie-statement\/#breadcrumb"},"inLanguage":"it-IT","potentialAction":[{"@type":"ReadAction","target":["https:\/\/verkeer.site\/cookie-statement\/"]}]},{"@type":"ImageObject","inLanguage":"it-IT","@id":"https:\/\/verkeer.site\/cookie-statement\/#primaryimage","url":"https:\/\/verkeer.site\/wp-content\/uploads\/2022\/06\/police-1.jpg","contentUrl":"https:\/\/verkeer.site\/wp-content\/uploads\/2022\/06\/police-1.jpg","width":960,"height":720,"caption":"police-1"},{"@type":"BreadcrumbList","@id":"https:\/\/verkeer.site\/cookie-statement\/#breadcrumb","itemListElement":[{"@type":"ListItem","position":1,"name":"Home","item":"https:\/\/verkeer.site\/"},{"@type":"ListItem","position":2,"name":"Cookie statement"}]},{"@type":"WebSite","@id":"https:\/\/verkeer.site\/#website","url":"https:\/\/verkeer.site\/","name":"Traffico.sito","description":"Avvocati del traffico penale","publisher":{"@id":"https:\/\/verkeer.site\/#organization"},"potentialAction":[{"@type":"SearchAction","target":{"@type":"EntryPoint","urlTemplate":"https:\/\/verkeer.site\/?s={search_term_string}"},"query-input":{"@type":"PropertyValueSpecification","valueRequired":true,"valueName":"search_term_string"}}],"inLanguage":"it-IT"},{"@type":"Organization","@id":"https:\/\/verkeer.site\/#organization","name":"Law &amp; More B.V.","url":"https:\/\/verkeer.site\/","logo":{"@type":"ImageObject","inLanguage":"it-IT","@id":"https:\/\/verkeer.site\/#\/schema\/logo\/image\/","url":"https:\/\/verkeer.site\/wp-content\/uploads\/2019\/04\/lawmore_logo_LM_only_copy.jpg","contentUrl":"https:\/\/verkeer.site\/wp-content\/uploads\/2019\/04\/lawmore_logo_LM_only_copy.jpg","width":665,"height":665,"caption":"Law & More B.V."},"image":{"@id":"https:\/\/verkeer.site\/#\/schema\/logo\/image\/"},"sameAs":["https:\/\/www.facebook.com\/LawAndMoreNl","https:\/\/x.com\/LawandMorenl","https:\/\/www.instagram.com\/lawandmore\/","https:\/\/nl.linkedin.com\/company\/5339401"]}]}},"_links":{"self":[{"href":"https:\/\/verkeer.site\/it\/wp-json\/wp\/v2\/pages\/3345","targetHints":{"allow":["GET"]}}],"collection":[{"href":"https:\/\/verkeer.site\/it\/wp-json\/wp\/v2\/pages"}],"about":[{"href":"https:\/\/verkeer.site\/it\/wp-json\/wp\/v2\/types\/page"}],"author":[{"embeddable":true,"href":"https:\/\/verkeer.site\/it\/wp-json\/wp\/v2\/users\/1"}],"replies":[{"embeddable":true,"href":"https:\/\/verkeer.site\/it\/wp-json\/wp\/v2\/comments?post=3345"}],"version-history":[{"count":0,"href":"https:\/\/verkeer.site\/it\/wp-json\/wp\/v2\/pages\/3345\/revisions"}],"wp:featuredmedia":[{"embeddable":true,"href":"https:\/\/verkeer.site\/it\/wp-json\/wp\/v2\/media\/3105"}],"wp:attachment":[{"href":"https:\/\/verkeer.site\/it\/wp-json\/wp\/v2\/media?parent=3345"}],"curies":[{"name":"wp","href":"https:\/\/api.w.org\/{rel}","templated":true}]}}