{"id":3329,"date":"2022-06-01T12:56:28","date_gmt":"2022-06-01T11:56:28","guid":{"rendered":"https:\/\/verkeer.site\/?page_id=3329"},"modified":"2022-06-01T13:26:15","modified_gmt":"2022-06-01T12:26:15","slug":"privacy-statement","status":"publish","type":"page","link":"https:\/\/verkeer.site\/it\/privacy-statement\/","title":{"rendered":"Dichiarazione sulla privacy"},"content":{"rendered":"<div data-elementor-type=\"wp-page\" data-elementor-id=\"3329\" class=\"elementor elementor-3329\" data-elementor-post-type=\"page\">\n\t\t\t\t\t\t<div class=\"elementor-section elementor-top-section elementor-element elementor-element-ce48caf elementor-section-boxed elementor-section-height-default elementor-section-height-default\" data-id=\"ce48caf\" data-element_type=\"section\" data-settings=\"{&quot;background_background&quot;:&quot;classic&quot;,&quot;background_motion_fx_motion_fx_scrolling&quot;:&quot;yes&quot;,&quot;background_motion_fx_translateY_effect&quot;:&quot;yes&quot;,&quot;background_motion_fx_translateY_speed&quot;:{&quot;unit&quot;:&quot;px&quot;,&quot;size&quot;:4,&quot;sizes&quot;:[]},&quot;background_motion_fx_translateY_affectedRange&quot;:{&quot;unit&quot;:&quot;%&quot;,&quot;size&quot;:&quot;&quot;,&quot;sizes&quot;:{&quot;start&quot;:0,&quot;end&quot;:100}},&quot;background_motion_fx_devices&quot;:[&quot;desktop&quot;,&quot;laptop&quot;,&quot;tablet&quot;,&quot;mobile_extra&quot;,&quot;mobile&quot;]}\">\n\t\t\t\t\t\t\t<div class=\"elementor-background-overlay\"><\/div>\n\t\t\t\t\t\t\t<div class=\"elementor-container elementor-column-gap-default\">\n\t\t\t\t\t<div class=\"elementor-column elementor-col-100 elementor-top-column elementor-element elementor-element-c2bcda1\" data-id=\"c2bcda1\" data-element_type=\"column\">\n\t\t\t<div class=\"elementor-widget-wrap elementor-element-populated\">\n\t\t\t\t\t\t<div class=\"elementor-element elementor-element-7b5354e elementor-widget elementor-widget-heading\" data-id=\"7b5354e\" data-element_type=\"widget\" data-widget_type=\"heading.default\">\n\t\t\t\t<div class=\"elementor-widget-container\">\n\t\t\t\t\t<h2 class=\"elementor-heading-title elementor-size-default\">Dichiarazione sulla privacy<\/h2>\t\t\t\t<\/div>\n\t\t\t\t<\/div>\n\t\t\t\t\t<\/div>\n\t\t<\/div>\n\t\t\t\t\t<\/div>\n\t\t<\/div>\n\t\t\t\t<div class=\"elementor-section elementor-top-section elementor-element elementor-element-c023ed4 elementor-section-boxed elementor-section-height-default elementor-section-height-default\" data-id=\"c023ed4\" data-element_type=\"section\">\n\t\t\t\t\t\t<div class=\"elementor-container elementor-column-gap-default\">\n\t\t\t\t\t<div class=\"elementor-column elementor-col-100 elementor-top-column elementor-element elementor-element-a4eee03\" data-id=\"a4eee03\" data-element_type=\"column\">\n\t\t\t<div class=\"elementor-widget-wrap elementor-element-populated\">\n\t\t\t\t\t\t<div class=\"elementor-element elementor-element-c4fe150 elementor-invisible elementor-widget elementor-widget-text-editor\" data-id=\"c4fe150\" data-element_type=\"widget\" data-settings=\"{&quot;_animation&quot;:&quot;fadeInUp&quot;}\" data-widget_type=\"text-editor.default\">\n\t\t\t\t<div class=\"elementor-widget-container\">\n\t\t\t\t\t\t\t\t\t<p>Law &amp; More tratta i dati personali. Questa dichiarazione sulla privacy \u00e8 stata redatta al fine di fornire informazioni chiare e trasparenti su questo argomento. Law &amp; More rispetta i tuoi dati personali e far\u00e0 in modo che le informazioni personali che ci fornisci siano trattate in modo confidenziale. La seguente dichiarazione attua l'obbligo, previsto dal Regolamento generale sulla protezione dei dati (AVG), di informare gli interessati sul trattamento dei loro dati personali da parte di Law &amp; More. Questa dichiarazione sulla privacy risponde alle domande pi\u00f9 importanti relative al trattamento dei dati personali da parte di Law &amp; More.<\/p><h2>Dettagli del contatto<\/h2><p>Law &amp; More \u00e8 il responsabile del trattamento dei suoi dati personali. Law &amp; More si trova al De Zaale 11 a (5612 AJ) Eindhoven. Se avete domande riguardanti questa dichiarazione sulla privacy, vi preghiamo di contattarci. Potete raggiungerci per telefono al numero +31 (0) 40 369 06 80 o per e-mail a info@lawandmore.nl.<strong>\u00a0<\/strong><\/p><h2>Dati personali<\/h2><p>I dati personali sono dati che dicono qualcosa su una persona o che possono essere associati a una persona. Anche i dati personali che rivelano indirettamente qualcosa su qualcuno sono dati personali. In questa dichiarazione sulla privacy, per dati personali si intendono tutti i dati che Law &amp; More elabora per identificarvi.<\/p><p>Law &amp; More tratta dati personali ai fini della prestazione dei propri servizi o dati personali forniti dall'interessato di propria iniziativa. Questo include, per esempio, i dati di contatto e altri dati personali che sono necessari per la gestione del suo caso, i dati personali che lei ha compilato su moduli di contatto o moduli web, i dati che lei ha fornito durante le conversazioni (introduttive), i dati personali disponibili su siti web pubblici o i dati personali che possono essere ottenuti da registri pubblici, come il catasto e il registro commerciale della Camera di Commercio. Law &amp; More tratta i dati personali al fine di fornire servizi, migliorare i servizi e comunicare con te personalmente come soggetto interessato.<\/p><h2>Da chi tratta i dati personali Law &amp; More?<\/h2><p>Questa dichiarazione sulla privacy \u00e8 applicabile a tutte le persone da cui Law &amp; More tratta i dati personali. Law &amp; More tratta dati personali di persone con cui ha, avr\u00e0 o ha avuto una relazione diretta o indiretta. Questo include le seguenti persone:<\/p><ul><li>Clienti (potenziali) di Law &amp; More;<\/li><li>richiedenti;<\/li><li>persone che mostrano interesse per i servizi di Law &amp; More;<\/li><li>Persone che sono associate a una societ\u00e0 o organizzazione con cui Law &amp; More ha, avr\u00e0 o ha avuto una relazione;<\/li><li>i visitatori dei siti web di Law &amp; More;<\/li><li>tutte le altre persone che contattano Law &amp; More.<\/li><\/ul><h2 style=\"text-align: left;\">Finalit\u00e0 del trattamento dei dati personali<\/h2><p>Law &amp; More tratta i suoi dati personali per le seguenti finalit\u00e0:<\/p><ul><li><u>Fornitura di servizi legali<\/u><\/li><\/ul><p>Se ci avete commissionato dei servizi legali, vi chiederemo di condividere con noi i vostri dati di contatto. Altri dati personali possono essere necessari per il trattamento del suo caso, a seconda della natura della questione. I suoi dati personali saranno utilizzati anche per la fatturazione in relazione ai servizi forniti. Nella misura necessaria per fornire i nostri servizi, forniremo i vostri dati personali a terzi.<\/p><ul><li><u>Fornitura di informazioni<\/u><\/li><\/ul><p>Law &amp; More registra i suoi dati nel suo sistema e li conserva per poterle fornire informazioni. Queste possono essere informazioni che riguardano la sua relazione con Law &amp; More. Se non hai (ancora) una relazione con Law &amp; More, puoi richiedere informazioni tramite il modulo di contatto sul sito web. A tal fine Law &amp; More tratta i dati personali per poterla contattare e fornirle le informazioni richieste.<\/p><ul><li><u>Rispetto degli obblighi legali<\/u><\/li><\/ul><p>Law &amp; More tratta i suoi dati personali al fine di rispettare gli obblighi di legge. In virt\u00f9 della legge e delle regole di condotta che si applicano agli avvocati, siamo tenuti a verificare la sua identit\u00e0 per mezzo di una forma di identificazione valida.<\/p><ul><li><u>Reclutamento e selezione<\/u><\/li><\/ul><p>Law &amp; More raccoglie i suoi dati personali ai fini del reclutamento e della selezione. Quando si candida per un lavoro con Law &amp; More, i suoi dati vengono memorizzati al fine di determinare se sar\u00e0 invitato per un colloquio di lavoro e per poterla contattare in merito alla sua candidatura.<\/p><ul><li><u>Media sociali<\/u><\/li><\/ul><p>Law &amp; More utilizza vari social media, in particolare Facebook, Instagram, Twitter e LinkedIn. Se utilizza le funzioni dei nostri siti web relative ai social media, potremmo ottenere i suoi dati personali dai relativi canali di social media.<\/p><h2 style=\"text-align: left;\">Base del trattamento dei dati personali<\/h2><p>Law &amp; More tratta i tuoi dati personali sulla base di uno o pi\u00f9 dei seguenti motivi:<\/p><ul><li><u>Permesso<\/u><\/li><\/ul><p>Law &amp; More pu\u00f2 trattare i dati personali che vi riguardano perch\u00e9 avete acconsentito a tale trattamento. Lei ha il diritto di ritirare il suo consenso in qualsiasi momento.<\/p><ul><li><u>Sulla base di un accordo (da concludere)<\/u><\/li><\/ul><p>Quando si incarica Law &amp; More di fornire servizi legali, tratteremo i dati personali se e nella misura in cui tale trattamento \u00e8 necessario per l'esecuzione dell'istruzione.<\/p><ul><li><u>Obblighi legali<\/u><\/li><\/ul><p>I suoi dati personali sono trattati anche per rispettare gli obblighi di legge. Ai sensi della legge sul riciclaggio di denaro e sul finanziamento del terrorismo (prevenzione), gli avvocati sono obbligati a raccogliere e registrare certe informazioni. Tra le altre cose, l'identit\u00e0 dei clienti deve essere verificata.<\/p><ul><li><u>Interesse legittimo<\/u><\/li><\/ul><p>Law &amp; More tratta i vostri dati personali se ha un interesse legittimo a farlo e il trattamento non costituisce una violazione sproporzionata della vostra privacy.<\/p><h2 style=\"text-align: left;\">Condivisione di dati personali con terzi<\/h2><p>Law &amp; More condivider\u00e0 i vostri dati personali con terzi solo nella misura necessaria per fornire servizi in conformit\u00e0 con le finalit\u00e0 di cui sopra. Ci\u00f2 include, ad esempio, la conclusione di un contratto, la fornitura dei vostri dati personali in relazione a procedimenti (legali), la corrispondenza con la controparte o l'ingaggio di un'altra terza parte per conto e sotto l'istruzione di Law &amp; More, come un fornitore IT. Inoltre, Law &amp; More pu\u00f2 fornire dati personali a terzi, come un organismo di regolamentazione o qualsiasi altro organismo a cui sia stata conferita un'autorit\u00e0 pubblica, nella misura in cui vi sia un obbligo legale di farlo.<\/p><p>Un accordo di trattamento sar\u00e0 concluso con la terza parte che elabora i vostri dati personali per conto e sotto le istruzioni di Law &amp; More. Questo accordo obbligher\u00e0 anche la terza parte a rispettare le disposizioni della AVG. I terzi che sono ingaggiati da Law &amp; More e che offrono servizi come responsabili del trattamento dei dati sono essi stessi responsabili del (ulteriore) trattamento dei vostri dati personali al fine di garantire il rispetto della AVG. Un esempio di queste terze parti sarebbe un contabile o un notaio.<\/p><h2>Sicurezza dei dati personali<\/h2><p>Law &amp; More attribuisce grande importanza alla sicurezza e alla protezione dei vostri dati personali e, tenendo conto dello stato dell'arte, attuer\u00e0 misure tecniche e organizzative appropriate per garantire un livello di sicurezza adeguato al rischio. Nel caso in cui Law &amp; More si avvalga dei servizi di terzi, Law &amp; More, nell'ambito della protezione dei dati personali, prender\u00e0 accordi in un contratto per il trattamento dei dati per garantire che vengano adottate adeguate misure di sicurezza.<\/p><h2>Periodo di stoccaggio<\/h2><p>Law &amp; More non conserva i dati personali pi\u00f9 a lungo di quanto sia necessario per le suddette finalit\u00e0 di trattamento dei dati o come richiesto dalla legge e dai regolamenti.<strong>\u00a0<\/strong><\/p><h2>Diritti di privacy delle persone interessate<\/h2><p>In base alla nuova legislazione sulla privacy, avete alcuni diritti quando i vostri dati personali vengono elaborati:<\/p><ul><li><u>Accesso<\/u><\/li><\/ul><p>Lei ha il diritto di chiedere quali dati personali Law &amp; More tratta e di visualizzare questi dati.<\/p><ul><li><u>Correzione o aggiunta<\/u><\/li><\/ul><p>Lei ha il diritto di richiedere la correzione o il completamento di dati personali errati o incompleti.<\/p><ul><li><u>Cancellazione dei dati<\/u><\/li><\/ul><p>Avete il diritto di richiedere che Law &amp; More cancelli i dati personali che sono trattati su di voi. Law &amp; More canceller\u00e0 tali dati personali nei seguenti casi:<\/p><ul><li>se non sono pi\u00f9 necessari per lo scopo per cui i dati sono stati ottenuti;<\/li><li>se lei ritira il suo consenso al trattamento dei dati e non esiste un'altra base legale per il trattamento dei dati;<\/li><li>se si oppone al trattamento dei dati e non ci sono motivi impellenti per un ulteriore trattamento;<\/li><li>se i dati sono stati trattati illegalmente;<\/li><li>se i dati devono essere cancellati sulla base di un requisito legale.<\/li><li><u>Limitazione del trattamento<\/u><\/li><\/ul><p>Avete il diritto di chiedere a Law &amp; More di limitare il trattamento dei dati personali se ritenete che non sia necessario che Law &amp; More tratti alcuni dati che vi riguardano.<\/p><ul><li><u>Trasferibilit\u00e0 dei dati<\/u><\/li><\/ul><p>Avete il diritto di ottenere una panoramica dei dati che Law &amp; More tratta su di voi e di trasferire questi dati a un'altra parte.<\/p><ul><li><u>Obiezione<\/u><\/li><\/ul><p>In qualsiasi momento, avete il diritto di opporvi al trattamento dei vostri dati personali da parte di Law &amp; More.<\/p><p>Una richiesta di accesso, correzione o aggiunta, cancellazione, restrizione, trasferibilit\u00e0 dei dati o revoca del consenso precedentemente dato pu\u00f2 essere presentata a Law &amp; More al seguente indirizzo e-mail\u00a0<a href=\"mailto:info@lawandmore.nl\">info@lawandmore.nl<\/a>. Riceverai ulteriori informazioni da noi entro quattro settimane dal ricevimento della tua richiesta. Ci possono essere circostanze in cui Law &amp; More non pu\u00f2 soddisfare completamente la tua richiesta come soggetto interessato. Questi includono, per esempio, il dovere di riservatezza dovuto agli avvocati e i periodi di conservazione legale.<\/p>\t\t\t\t\t\t\t\t<\/div>\n\t\t\t\t<\/div>\n\t\t\t\t\t<\/div>\n\t\t<\/div>\n\t\t\t\t\t<\/div>\n\t\t<\/div>\n\t\t\t\t<div class=\"elementor-section elementor-top-section elementor-element elementor-element-af547d3 elementor-section-boxed elementor-section-height-default elementor-section-height-default\" data-id=\"af547d3\" data-element_type=\"section\" data-settings=\"{&quot;background_background&quot;:&quot;classic&quot;}\">\n\t\t\t\t\t\t<div class=\"elementor-container elementor-column-gap-default\">\n\t\t\t\t\t<div class=\"elementor-column elementor-col-66 elementor-top-column elementor-element elementor-element-ddfcaa7\" data-id=\"ddfcaa7\" data-element_type=\"column\">\n\t\t\t<div class=\"elementor-widget-wrap elementor-element-populated\">\n\t\t\t\t\t\t<div class=\"elementor-element elementor-element-5f82a45 elementor-widget elementor-widget-text-editor\" data-id=\"5f82a45\" data-element_type=\"widget\" data-widget_type=\"text-editor.default\">\n\t\t\t\t<div class=\"elementor-widget-container\">\n\t\t\t\t\t\t\t\t\t<p>Avete bisogno di un avvocato per il diritto penale del traffico?<br \/>Contattateci telefonicamente al numero +31 40 369 06 80 o inviate un'e-mail a:<br \/>Tom Meevis, avvocato presso Law &amp; More - tom.meevis@lawandmore.nl<br \/>Maxim Hodak, avvocato presso Law &amp; More - maxim.hodak@lawandmore.nl<\/p>\t\t\t\t\t\t\t\t<\/div>\n\t\t\t\t<\/div>\n\t\t\t\t\t<\/div>\n\t\t<\/div>\n\t\t\t\t<div class=\"elementor-column elementor-col-33 elementor-top-column elementor-element elementor-element-11ccdb2\" data-id=\"11ccdb2\" data-element_type=\"column\">\n\t\t\t<div class=\"elementor-widget-wrap elementor-element-populated\">\n\t\t\t\t\t\t<div class=\"elementor-element elementor-element-330a0af elementor-align-center elementor-mobile-align-left elementor-invisible elementor-widget elementor-widget-button\" data-id=\"330a0af\" data-element_type=\"widget\" data-settings=\"{&quot;_animation&quot;:&quot;fadeInUp&quot;,&quot;_animation_delay&quot;:500}\" data-widget_type=\"button.default\">\n\t\t\t\t<div class=\"elementor-widget-container\">\n\t\t\t\t\t\t\t\t\t<div class=\"elementor-button-wrapper\">\n\t\t\t\t\t<a class=\"elementor-button elementor-button-link elementor-size-md\" href=\"https:\/\/verkeer.site\/it\/contact\/\">\n\t\t\t\t\t\t<span class=\"elementor-button-content-wrapper\">\n\t\t\t\t\t\t\t\t\t<span class=\"elementor-button-text\">CONTATTO<\/span>\n\t\t\t\t\t<\/span>\n\t\t\t\t\t<\/a>\n\t\t\t\t<\/div>\n\t\t\t\t\t\t\t\t<\/div>\n\t\t\t\t<\/div>\n\t\t\t\t\t<\/div>\n\t\t<\/div>\n\t\t\t\t\t<\/div>\n\t\t<\/div>\n\t\t\t\t<\/div>","protected":false},"excerpt":{"rendered":"<p>Dichiarazione sulla privacy Law &amp; More tratta dati personali. Al fine di fornire informazioni chiare e trasparenti al riguardo, \u00e8 stata redatta la presente dichiarazione sulla privacy. Law &amp; More rispetta i vostri dati personali e garantisce che le informazioni personali forniteci [...].<\/p>","protected":false},"author":1,"featured_media":3105,"parent":0,"menu_order":0,"comment_status":"closed","ping_status":"closed","template":"","meta":{"footnotes":""},"class_list":["post-3329","page","type-page","status-publish","has-post-thumbnail","hentry"],"yoast_head":"<!-- This site is optimized with the Yoast SEO plugin v25.6 - https:\/\/yoast.com\/wordpress\/plugins\/seo\/ -->\n<title>Privacy statement - Verkeer.site<\/title>\n<meta name=\"description\" content=\"Om u hierover duidelijk en transparant te informeren, is deze privacyverklaring opgesteld. Law &amp; More respecteert uw persoonsgegevens en...\" \/>\n<meta name=\"robots\" content=\"index, follow, max-snippet:-1, max-image-preview:large, max-video-preview:-1\" \/>\n<link rel=\"canonical\" href=\"https:\/\/verkeer.site\/it\/privacy-statement\/\" \/>\n<meta property=\"og:locale\" content=\"it_IT\" \/>\n<meta property=\"og:type\" content=\"article\" \/>\n<meta property=\"og:title\" content=\"Privacy statement - Verkeer.site\" \/>\n<meta property=\"og:description\" content=\"Om u hierover duidelijk en transparant te informeren, is deze privacyverklaring opgesteld. Law &amp; More respecteert uw persoonsgegevens en...\" \/>\n<meta property=\"og:url\" content=\"https:\/\/verkeer.site\/it\/privacy-statement\/\" \/>\n<meta property=\"og:site_name\" content=\"Verkeer.site\" \/>\n<meta property=\"article:publisher\" content=\"https:\/\/www.facebook.com\/LawAndMoreNl\" \/>\n<meta property=\"article:modified_time\" content=\"2022-06-01T12:26:15+00:00\" \/>\n<meta property=\"og:image\" content=\"https:\/\/verkeer.site\/wp-content\/uploads\/2022\/06\/police-1.jpg\" \/>\n\t<meta property=\"og:image:width\" content=\"960\" \/>\n\t<meta property=\"og:image:height\" content=\"720\" \/>\n\t<meta property=\"og:image:type\" content=\"image\/jpeg\" \/>\n<meta name=\"twitter:card\" content=\"summary_large_image\" \/>\n<meta name=\"twitter:site\" content=\"@LawandMorenl\" \/>\n<meta name=\"twitter:label1\" content=\"Est. reading time\" \/>\n\t<meta name=\"twitter:data1\" content=\"8 minutes\" \/>\n<script type=\"application\/ld+json\" class=\"yoast-schema-graph\">{\"@context\":\"https:\/\/schema.org\",\"@graph\":[{\"@type\":\"WebPage\",\"@id\":\"https:\/\/verkeer.site\/privacy-statement\/\",\"url\":\"https:\/\/verkeer.site\/privacy-statement\/\",\"name\":\"Privacy statement - Verkeer.site\",\"isPartOf\":{\"@id\":\"https:\/\/verkeer.site\/#website\"},\"primaryImageOfPage\":{\"@id\":\"https:\/\/verkeer.site\/privacy-statement\/#primaryimage\"},\"image\":{\"@id\":\"https:\/\/verkeer.site\/privacy-statement\/#primaryimage\"},\"thumbnailUrl\":\"https:\/\/verkeer.site\/wp-content\/uploads\/2022\/06\/police-1.jpg\",\"datePublished\":\"2022-06-01T11:56:28+00:00\",\"dateModified\":\"2022-06-01T12:26:15+00:00\",\"description\":\"Om u hierover duidelijk en transparant te informeren, is deze privacyverklaring opgesteld. Law & More respecteert uw persoonsgegevens en...\",\"breadcrumb\":{\"@id\":\"https:\/\/verkeer.site\/privacy-statement\/#breadcrumb\"},\"inLanguage\":\"it-IT\",\"potentialAction\":[{\"@type\":\"ReadAction\",\"target\":[\"https:\/\/verkeer.site\/privacy-statement\/\"]}]},{\"@type\":\"ImageObject\",\"inLanguage\":\"it-IT\",\"@id\":\"https:\/\/verkeer.site\/privacy-statement\/#primaryimage\",\"url\":\"https:\/\/verkeer.site\/wp-content\/uploads\/2022\/06\/police-1.jpg\",\"contentUrl\":\"https:\/\/verkeer.site\/wp-content\/uploads\/2022\/06\/police-1.jpg\",\"width\":960,\"height\":720,\"caption\":\"police-1\"},{\"@type\":\"BreadcrumbList\",\"@id\":\"https:\/\/verkeer.site\/privacy-statement\/#breadcrumb\",\"itemListElement\":[{\"@type\":\"ListItem\",\"position\":1,\"name\":\"Home\",\"item\":\"https:\/\/verkeer.site\/\"},{\"@type\":\"ListItem\",\"position\":2,\"name\":\"Privacy statement\"}]},{\"@type\":\"WebSite\",\"@id\":\"https:\/\/verkeer.site\/#website\",\"url\":\"https:\/\/verkeer.site\/\",\"name\":\"Verkeer.site\",\"description\":\"Advocaten Verkeersstrafrecht\",\"publisher\":{\"@id\":\"https:\/\/verkeer.site\/#organization\"},\"potentialAction\":[{\"@type\":\"SearchAction\",\"target\":{\"@type\":\"EntryPoint\",\"urlTemplate\":\"https:\/\/verkeer.site\/?s={search_term_string}\"},\"query-input\":{\"@type\":\"PropertyValueSpecification\",\"valueRequired\":true,\"valueName\":\"search_term_string\"}}],\"inLanguage\":\"it-IT\"},{\"@type\":\"Organization\",\"@id\":\"https:\/\/verkeer.site\/#organization\",\"name\":\"Law & More B.V.\",\"url\":\"https:\/\/verkeer.site\/\",\"logo\":{\"@type\":\"ImageObject\",\"inLanguage\":\"it-IT\",\"@id\":\"https:\/\/verkeer.site\/#\/schema\/logo\/image\/\",\"url\":\"https:\/\/verkeer.site\/wp-content\/uploads\/2019\/04\/lawmore_logo_LM_only_copy.jpg\",\"contentUrl\":\"https:\/\/verkeer.site\/wp-content\/uploads\/2019\/04\/lawmore_logo_LM_only_copy.jpg\",\"width\":665,\"height\":665,\"caption\":\"Law & More B.V.\"},\"image\":{\"@id\":\"https:\/\/verkeer.site\/#\/schema\/logo\/image\/\"},\"sameAs\":[\"https:\/\/www.facebook.com\/LawAndMoreNl\",\"https:\/\/x.com\/LawandMorenl\",\"https:\/\/www.instagram.com\/lawandmore\/\",\"https:\/\/nl.linkedin.com\/company\/5339401\"]}]}<\/script>\n<!-- \/ Yoast SEO plugin. -->","yoast_head_json":{"title":"Dichiarazione sulla privacy - Verkeer.site","description":"Al fine di fornire informazioni chiare e trasparenti, \u00e8 stata redatta la presente informativa sulla privacy. Law &amp; More rispetta i vostri dati personali e...","robots":{"index":"index","follow":"follow","max-snippet":"max-snippet:-1","max-image-preview":"max-image-preview:large","max-video-preview":"max-video-preview:-1"},"canonical":"https:\/\/verkeer.site\/it\/privacy-statement\/","og_locale":"it_IT","og_type":"article","og_title":"Privacy statement - Verkeer.site","og_description":"Om u hierover duidelijk en transparant te informeren, is deze privacyverklaring opgesteld. Law & More respecteert uw persoonsgegevens en...","og_url":"https:\/\/verkeer.site\/it\/privacy-statement\/","og_site_name":"Verkeer.site","article_publisher":"https:\/\/www.facebook.com\/LawAndMoreNl","article_modified_time":"2022-06-01T12:26:15+00:00","og_image":[{"width":960,"height":720,"url":"https:\/\/verkeer.site\/wp-content\/uploads\/2022\/06\/police-1.jpg","type":"image\/jpeg"}],"twitter_card":"summary_large_image","twitter_site":"@LawandMorenl","twitter_misc":{"Est. reading time":"8 minutes"},"schema":{"@context":"https:\/\/schema.org","@graph":[{"@type":"WebPage","@id":"https:\/\/verkeer.site\/privacy-statement\/","url":"https:\/\/verkeer.site\/privacy-statement\/","name":"Dichiarazione sulla privacy - Verkeer.site","isPartOf":{"@id":"https:\/\/verkeer.site\/#website"},"primaryImageOfPage":{"@id":"https:\/\/verkeer.site\/privacy-statement\/#primaryimage"},"image":{"@id":"https:\/\/verkeer.site\/privacy-statement\/#primaryimage"},"thumbnailUrl":"https:\/\/verkeer.site\/wp-content\/uploads\/2022\/06\/police-1.jpg","datePublished":"2022-06-01T11:56:28+00:00","dateModified":"2022-06-01T12:26:15+00:00","description":"Al fine di fornire informazioni chiare e trasparenti, \u00e8 stata redatta la presente informativa sulla privacy. Law &amp; More rispetta i vostri dati personali e...","breadcrumb":{"@id":"https:\/\/verkeer.site\/privacy-statement\/#breadcrumb"},"inLanguage":"it-IT","potentialAction":[{"@type":"ReadAction","target":["https:\/\/verkeer.site\/privacy-statement\/"]}]},{"@type":"ImageObject","inLanguage":"it-IT","@id":"https:\/\/verkeer.site\/privacy-statement\/#primaryimage","url":"https:\/\/verkeer.site\/wp-content\/uploads\/2022\/06\/police-1.jpg","contentUrl":"https:\/\/verkeer.site\/wp-content\/uploads\/2022\/06\/police-1.jpg","width":960,"height":720,"caption":"police-1"},{"@type":"BreadcrumbList","@id":"https:\/\/verkeer.site\/privacy-statement\/#breadcrumb","itemListElement":[{"@type":"ListItem","position":1,"name":"Home","item":"https:\/\/verkeer.site\/"},{"@type":"ListItem","position":2,"name":"Privacy statement"}]},{"@type":"WebSite","@id":"https:\/\/verkeer.site\/#website","url":"https:\/\/verkeer.site\/","name":"Traffico.sito","description":"Avvocati del traffico penale","publisher":{"@id":"https:\/\/verkeer.site\/#organization"},"potentialAction":[{"@type":"SearchAction","target":{"@type":"EntryPoint","urlTemplate":"https:\/\/verkeer.site\/?s={search_term_string}"},"query-input":{"@type":"PropertyValueSpecification","valueRequired":true,"valueName":"search_term_string"}}],"inLanguage":"it-IT"},{"@type":"Organization","@id":"https:\/\/verkeer.site\/#organization","name":"Law &amp; More B.V.","url":"https:\/\/verkeer.site\/","logo":{"@type":"ImageObject","inLanguage":"it-IT","@id":"https:\/\/verkeer.site\/#\/schema\/logo\/image\/","url":"https:\/\/verkeer.site\/wp-content\/uploads\/2019\/04\/lawmore_logo_LM_only_copy.jpg","contentUrl":"https:\/\/verkeer.site\/wp-content\/uploads\/2019\/04\/lawmore_logo_LM_only_copy.jpg","width":665,"height":665,"caption":"Law & More B.V."},"image":{"@id":"https:\/\/verkeer.site\/#\/schema\/logo\/image\/"},"sameAs":["https:\/\/www.facebook.com\/LawAndMoreNl","https:\/\/x.com\/LawandMorenl","https:\/\/www.instagram.com\/lawandmore\/","https:\/\/nl.linkedin.com\/company\/5339401"]}]}},"_links":{"self":[{"href":"https:\/\/verkeer.site\/it\/wp-json\/wp\/v2\/pages\/3329","targetHints":{"allow":["GET"]}}],"collection":[{"href":"https:\/\/verkeer.site\/it\/wp-json\/wp\/v2\/pages"}],"about":[{"href":"https:\/\/verkeer.site\/it\/wp-json\/wp\/v2\/types\/page"}],"author":[{"embeddable":true,"href":"https:\/\/verkeer.site\/it\/wp-json\/wp\/v2\/users\/1"}],"replies":[{"embeddable":true,"href":"https:\/\/verkeer.site\/it\/wp-json\/wp\/v2\/comments?post=3329"}],"version-history":[{"count":0,"href":"https:\/\/verkeer.site\/it\/wp-json\/wp\/v2\/pages\/3329\/revisions"}],"wp:featuredmedia":[{"embeddable":true,"href":"https:\/\/verkeer.site\/it\/wp-json\/wp\/v2\/media\/3105"}],"wp:attachment":[{"href":"https:\/\/verkeer.site\/it\/wp-json\/wp\/v2\/media?parent=3329"}],"curies":[{"name":"wp","href":"https:\/\/api.w.org\/{rel}","templated":true}]}}