{"id":3475,"date":"2022-06-01T14:14:58","date_gmt":"2022-06-01T13:14:58","guid":{"rendered":"https:\/\/verkeer.site\/?page_id=3475"},"modified":"2022-06-01T15:06:17","modified_gmt":"2022-06-01T14:06:17","slug":"verplichtingen-meewerken-2","status":"publish","type":"page","link":"https:\/\/verkeer.site\/hu\/verplichtingen-meewerken-2\/","title":{"rendered":"K\u00f6telezetts\u00e9gek \/ egy\u00fcttm\u0171k\u00f6d\u00e9s"},"content":{"rendered":"<div data-elementor-type=\"wp-page\" data-elementor-id=\"3475\" class=\"elementor elementor-3475\" data-elementor-post-type=\"page\">\n\t\t\t\t\t\t<div class=\"elementor-section elementor-top-section elementor-element elementor-element-ce48caf elementor-section-boxed elementor-section-height-default elementor-section-height-default\" data-id=\"ce48caf\" data-element_type=\"section\" data-settings=\"{&quot;background_background&quot;:&quot;classic&quot;,&quot;background_motion_fx_motion_fx_scrolling&quot;:&quot;yes&quot;,&quot;background_motion_fx_translateY_effect&quot;:&quot;yes&quot;,&quot;background_motion_fx_translateY_speed&quot;:{&quot;unit&quot;:&quot;px&quot;,&quot;size&quot;:4,&quot;sizes&quot;:[]},&quot;background_motion_fx_translateY_affectedRange&quot;:{&quot;unit&quot;:&quot;%&quot;,&quot;size&quot;:&quot;&quot;,&quot;sizes&quot;:{&quot;start&quot;:0,&quot;end&quot;:100}},&quot;background_motion_fx_devices&quot;:[&quot;desktop&quot;,&quot;laptop&quot;,&quot;tablet&quot;,&quot;mobile_extra&quot;,&quot;mobile&quot;]}\">\n\t\t\t\t\t\t\t<div class=\"elementor-background-overlay\"><\/div>\n\t\t\t\t\t\t\t<div class=\"elementor-container elementor-column-gap-default\">\n\t\t\t\t\t<div class=\"elementor-column elementor-col-100 elementor-top-column elementor-element elementor-element-c2bcda1\" data-id=\"c2bcda1\" data-element_type=\"column\">\n\t\t\t<div class=\"elementor-widget-wrap elementor-element-populated\">\n\t\t\t\t\t\t<div class=\"elementor-element elementor-element-7b5354e elementor-widget elementor-widget-heading\" data-id=\"7b5354e\" data-element_type=\"widget\" data-widget_type=\"heading.default\">\n\t\t\t\t<div class=\"elementor-widget-container\">\n\t\t\t\t\t<h2 class=\"elementor-heading-title elementor-size-default\">K\u00f6telezetts\u00e9gek \/ egy\u00fcttm\u0171k\u00f6d\u00e9s<\/h2>\t\t\t\t<\/div>\n\t\t\t\t<\/div>\n\t\t\t\t\t<\/div>\n\t\t<\/div>\n\t\t\t\t\t<\/div>\n\t\t<\/div>\n\t\t\t\t<div class=\"elementor-section elementor-top-section elementor-element elementor-element-c023ed4 elementor-section-boxed elementor-section-height-default elementor-section-height-default\" data-id=\"c023ed4\" data-element_type=\"section\">\n\t\t\t\t\t\t<div class=\"elementor-container elementor-column-gap-default\">\n\t\t\t\t\t<div class=\"elementor-column elementor-col-100 elementor-top-column elementor-element elementor-element-a4eee03\" data-id=\"a4eee03\" data-element_type=\"column\">\n\t\t\t<div class=\"elementor-widget-wrap elementor-element-populated\">\n\t\t\t\t\t\t<div class=\"elementor-element elementor-element-96b682d elementor-invisible elementor-widget elementor-widget-text-editor\" data-id=\"96b682d\" data-element_type=\"widget\" data-settings=\"{&quot;_animation&quot;:&quot;fadeInUp&quot;}\" data-widget_type=\"text-editor.default\">\n\t\t\t\t<div class=\"elementor-widget-container\">\n\t\t\t\t\t\t\t\t\t<p>A k\u00f6z\u00fati k\u00f6zleked\u00e9sr\u0151l sz\u00f3l\u00f3 t\u00f6rv\u00e9ny v\u00e9grehajt\u00e1sa \u00e9s a k\u00f6z\u00fati k\u00f6zleked\u00e9sr\u0151l sz\u00f3l\u00f3 t\u00f6rv\u00e9ny szerinti szab\u00e1lys\u00e9rt\u00e9sek felder\u00edt\u00e9se keret\u00e9ben a nyomoz\u00f3 tisztvisel\u0151 elrendelheti, hogy \u00d6n, a j\u00e1rm\u0171 vezet\u0151je m\u0171k\u00f6dj\u00f6n egy\u00fctt az alkoholellen\u0151rz\u00e9sben. \u00d6n k\u00f6teles egy\u00fcttm\u0171k\u00f6dni. Ha leheletvizsg\u00e1latr\u00f3l van sz\u00f3, azt csak gyan\u00fa eset\u00e9n lehet elrendelni. Ez\u00e9rt ha nem fogyasztott alkoholt, de olyan rendellenes vezet\u00e9si magatart\u00e1st tan\u00fas\u00edtott, hogy felmer\u00fcl a gyan\u00fa, hogy alkoholos befoly\u00e1solts\u00e1g alatt vezetett, akkor is k\u00f6teles egy\u00fcttm\u0171k\u00f6dni az alkoholszond\u00e1s vizsg\u00e1latban.<\/p><p>Ha m\u00e9g nem mer\u00fcl fel a gyan\u00fa, minden j\u00e1rm\u0171 vezet\u0151je, a g\u00e9pj\u00e1rm\u0171vet vezetni k\u00e9sz\u00fcl\u0151 szem\u00e9ly \u00e9s a k\u00eds\u00e9r\u0151 k\u00f6teles egy\u00fcttm\u0171k\u00f6dni az el\u0151zetes l\u00e9galkoholvizsg\u00e1latban. Ezek az alkoholszond\u00e1s tesztek p\u00e9ld\u00e1ul a nagyszab\u00e1s\u00fa ellen\u0151rz\u00e9sek sor\u00e1n. A gyan\u00fa alapj\u00e1n v\u00e9gzett l\u00e9gz\u00e9selemz\u00e9ssel ellent\u00e9tben erre \u00e1ltal\u00e1ban nem a rend\u0151r\u0151rs\u00f6n ker\u00fcl sor. Ha nem fogyasztott alkoholt, \u00e9s nem tan\u00fas\u00edtott rendellenes vezet\u00e9si magatart\u00e1st, akkor is megk\u00f6vetelhet\u0151 a l\u00e9gz\u00e9s. (a WVW 160. cikke (5) bekezd\u00e9s\u00e9nek b) pontja).<\/p><p>Ha \u00d6nt azzal gyan\u00fas\u00edtj\u00e1k, hogy a megengedettn\u00e9l t\u00f6bb alkoholos befoly\u00e1solts\u00e1g alatt vezet (b\u00e1rmilyen j\u00e1rm\u0171vet vezet), meg\u00e1ll\u00edthatj\u00e1k j\u00e1rm\u0171v\u00e9vel egy\u00fctt. Ha a nyomoz\u00f3tiszt a j\u00e1rm\u0171 vezet\u0151jek\u00e9nt a gyan\u00fa alapj\u00e1n az alkoholellen\u0151rz\u00e9sben val\u00f3 egy\u00fcttm\u0171k\u00f6d\u00e9sre utas\u00edtja \u00d6nt, k\u00f6teles ennek eleget tenni. Ez a gyan\u00fa felmer\u00fclhet p\u00e9ld\u00e1ul az el\u0151zetes alkoholszond\u00e1s vizsg\u00e1lat eredm\u00e9nyeib\u0151l. Hogyan m\u0171k\u00f6dik a gyan\u00fa alapj\u00e1n v\u00e9gzett alkoholellen\u0151rz\u00e9s?<\/p>\t\t\t\t\t\t\t\t<\/div>\n\t\t\t\t<\/div>\n\t\t\t\t<div class=\"elementor-element elementor-element-1eeebe7 elementor-invisible elementor-widget elementor-widget-text-editor\" data-id=\"1eeebe7\" data-element_type=\"widget\" data-settings=\"{&quot;_animation&quot;:&quot;fadeInUp&quot;}\" data-widget_type=\"text-editor.default\">\n\t\t\t\t<div class=\"elementor-widget-container\">\n\t\t\t\t\t\t\t\t\t<ul><li>A j\u00e1rm\u0171 \u00e9s esetleg a p\u00f3tkocsi forgalmi enged\u00e9lye;<\/li><li>Jogos\u00edtv\u00e1ny;<\/li><li>Ha k\u00f6telez\u0151: a j\u00e1rm\u0171vezet\u0151k szakmai alkalmass\u00e1gi bizony\u00edtv\u00e1nya;<\/li><li>Adott esetben: A mentess\u00e9get megad\u00f3 hat\u00e1rozat;<\/li><li>Ha sz\u00fcks\u00e9ges: fogyat\u00e9kkal \u00e9l\u0151 szem\u00e9lyi igazolv\u00e1ny.<\/li><\/ul><p>(A WVW 160. cikk\u00e9nek (1) bekezd\u00e9se)<\/p>\t\t\t\t\t\t\t\t<\/div>\n\t\t\t\t<\/div>\n\t\t\t\t<div class=\"elementor-element elementor-element-c687e5d elementor-widget elementor-widget-image\" data-id=\"c687e5d\" data-element_type=\"widget\" data-widget_type=\"image.default\">\n\t\t\t\t<div class=\"elementor-widget-container\">\n\t\t\t\t\t\t\t\t\t\t\t\t\t\t\t<img fetchpriority=\"high\" decoding=\"async\" width=\"1600\" height=\"651\" src=\"https:\/\/verkeer.site\/wp-content\/uploads\/2022\/06\/header_page_004.2.jpg\" class=\"attachment-full size-full wp-image-3483\" alt=\"verplichtingen meewerken\" srcset=\"https:\/\/verkeer.site\/wp-content\/uploads\/2022\/06\/header_page_004.2.jpg 1600w, https:\/\/verkeer.site\/wp-content\/uploads\/2022\/06\/header_page_004.2-1536x625.jpg 1536w, https:\/\/verkeer.site\/wp-content\/uploads\/2022\/06\/header_page_004.2-18x7.jpg 18w\" sizes=\"(max-width: 1600px) 100vw, 1600px\" \/>\t\t\t\t\t\t\t\t\t\t\t\t\t\t\t<\/div>\n\t\t\t\t<\/div>\n\t\t\t\t<div class=\"elementor-element elementor-element-c4fe150 elementor-invisible elementor-widget elementor-widget-text-editor\" data-id=\"c4fe150\" data-element_type=\"widget\" data-settings=\"{&quot;_animation&quot;:&quot;fadeInUp&quot;}\" data-widget_type=\"text-editor.default\">\n\t\t\t\t<div class=\"elementor-widget-container\">\n\t\t\t\t\t\t\t\t\t<p><strong><span style=\"color: #333333;\">1.<\/span><\/strong> Kezdetben a nyomoz\u00f3tiszt csak arra k\u00f6telezheti \u00d6nt, hogy m\u0171k\u00f6dj\u00f6n egy\u00fctt a l\u00e9gz\u00e9svizsg\u00e1latban. Ezut\u00e1n k\u00f6teles f\u00fajni a k\u00e9sz\u00fcl\u00e9kbe.<\/p><p><span style=\"color: #333333;\"><strong>2.<\/strong><\/span> Ha eg\u00e9szs\u00e9g\u00fcgyi okokb\u00f3l nem lehet megk\u00f6vetelni az alkoholszond\u00e1s vizsg\u00e1latot, vagy ha a gyan\u00fas\u00edtott egy\u00fcttm\u0171k\u00f6d\u00e9se nem eredm\u00e9nyezi az alkoholszond\u00e1s vizsg\u00e1lat elv\u00e9gz\u00e9s\u00e9t, vagy ha felmer\u00fcl a gyan\u00fa, hogy a gyan\u00fas\u00edtott bizonyos k\u00e1b\u00edt\u00f3szerek vagy k\u00e1b\u00edt\u00f3szerek \u00e9s alkohol kombin\u00e1ci\u00f3j\u00e1nak hat\u00e1sa alatt \u00e1ll, a nyomoz\u00f3 tisztvisel\u0151 enged\u00e9lyt k\u00e9rhet v\u00e9rvizsg\u00e1lat elv\u00e9gz\u00e9s\u00e9re.<\/p><p><strong><span style=\"color: #333333;\">3.<\/span><\/strong> Ha a gyan\u00fas\u00edtott nem j\u00e1rul hozz\u00e1, egy erre felhatalmazott szem\u00e9ly, gyakran az (helyettes) \u00fcgy\u00e9sz elrendelheti, hogy a gyan\u00fas\u00edtott m\u0171k\u00f6dj\u00f6n egy\u00fctt a v\u00e9rvizsg\u00e1latban. Ezt k\u00f6vet\u0151en \u00d6n k\u00f6teles eleget tenni a felsz\u00f3l\u00edt\u00e1snak.<\/p><p><strong><span style=\"color: #333333;\">4.<\/span><\/strong> Ha \u00d6n nem k\u00e9pes akarat\u00e1t kifejezni, a hatodik bekezd\u00e9sben eml\u00edtett v\u00e9rmennyis\u00e9get az \u00fcgy\u00e9sz, a seg\u00e9d\u00fcgy\u00e9sz vagy a biztons\u00e1gi \u00e9s igazs\u00e1g\u00fcgyi miniszter\u00fcnk utas\u00edt\u00e1s\u00e1ra erre a c\u00e9lra kijel\u00f6lt rend\u0151r\u00f6k egyike enged\u00e9ly\u00e9vel orvos vagy \u00e1pol\u00f3 veheti le \u00d6nt\u0151l, kiv\u00e9ve, ha ez k\u00fcl\u00f6nleges eg\u00e9szs\u00e9g\u00fcgyi okokb\u00f3l nem k\u00edv\u00e1natos. A gyan\u00fas\u00edtottnak minden esetben lehet\u0151s\u00e9get kell adni arra, hogy el\u0151bb enged\u00e9lyt adjon. Sz\u00fcks\u00e9g eset\u00e9n \u00d6nt egy\u00fcttm\u0171k\u00f6d\u00e9sre k\u00f6telezhetik, \u00e9s ezut\u00e1n k\u00f6teles is egy\u00fcttm\u0171k\u00f6dni. Ha megtagadja az egy\u00fcttm\u0171k\u00f6d\u00e9st, a v\u00e9rmint\u00e1t megsemmis\u00edtj\u00fck.<\/p><p>Ha kider\u00fcl, vagy alapos a gyan\u00fa, hogy \u00d6n olyan sokat ivott, hogy b\u0171ncselekm\u00e9nyt k\u00f6vetett el, hivatalos feljelent\u00e9s k\u00e9sz\u00fcl, \u00e9s \u00d6n k\u00f6teles lesz leadni a vezet\u0151i enged\u00e9ly\u00e9t a nyomoz\u00f3 tisztvisel\u0151nek (WVW? 164. szakasz, 1. bekezd\u00e9s).<\/p>\t\t\t\t\t\t\t\t<\/div>\n\t\t\t\t<\/div>\n\t\t\t\t\t<\/div>\n\t\t<\/div>\n\t\t\t\t\t<\/div>\n\t\t<\/div>\n\t\t\t\t<div class=\"elementor-section elementor-top-section elementor-element elementor-element-af547d3 elementor-section-boxed elementor-section-height-default elementor-section-height-default\" data-id=\"af547d3\" data-element_type=\"section\" data-settings=\"{&quot;background_background&quot;:&quot;classic&quot;}\">\n\t\t\t\t\t\t<div class=\"elementor-container elementor-column-gap-default\">\n\t\t\t\t\t<div class=\"elementor-column elementor-col-66 elementor-top-column elementor-element elementor-element-ddfcaa7\" data-id=\"ddfcaa7\" data-element_type=\"column\">\n\t\t\t<div class=\"elementor-widget-wrap elementor-element-populated\">\n\t\t\t\t\t\t<div class=\"elementor-element elementor-element-5f82a45 elementor-widget elementor-widget-text-editor\" data-id=\"5f82a45\" data-element_type=\"widget\" data-widget_type=\"text-editor.default\">\n\t\t\t\t<div class=\"elementor-widget-container\">\n\t\t\t\t\t\t\t\t\t<p>\u00dcgyv\u00e9dre van sz\u00fcks\u00e9ge a k\u00f6zleked\u00e9si b\u00fcntet\u0151jogban?<br \/>K\u00e9rj\u00fck, vegye fel vel\u00fcnk a kapcsolatot a +31 40 369 06 80-as telefonsz\u00e1mon, vagy k\u00fcldj\u00f6n e-mailt a k\u00f6vetkez\u0151 c\u00edmre:<br \/>Tom Meevis, az Law &amp; More \u00fcgyv\u00e9dje - tom.meevis@lawandmore.nl<br \/>Maxim Hodak \u00far, az Law &amp; More \u00fcgyv\u00e9dje - maxim.hodak@lawandmore.nl<\/p>\t\t\t\t\t\t\t\t<\/div>\n\t\t\t\t<\/div>\n\t\t\t\t\t<\/div>\n\t\t<\/div>\n\t\t\t\t<div class=\"elementor-column elementor-col-33 elementor-top-column elementor-element elementor-element-11ccdb2\" data-id=\"11ccdb2\" data-element_type=\"column\">\n\t\t\t<div class=\"elementor-widget-wrap elementor-element-populated\">\n\t\t\t\t\t\t<div class=\"elementor-element elementor-element-330a0af elementor-align-center elementor-mobile-align-left elementor-invisible elementor-widget elementor-widget-button\" data-id=\"330a0af\" data-element_type=\"widget\" data-settings=\"{&quot;_animation&quot;:&quot;fadeInUp&quot;,&quot;_animation_delay&quot;:500}\" data-widget_type=\"button.default\">\n\t\t\t\t<div class=\"elementor-widget-container\">\n\t\t\t\t\t\t\t\t\t<div class=\"elementor-button-wrapper\">\n\t\t\t\t\t<a class=\"elementor-button elementor-button-link elementor-size-md\" href=\"https:\/\/verkeer.site\/hu\/contact\/\">\n\t\t\t\t\t\t<span class=\"elementor-button-content-wrapper\">\n\t\t\t\t\t\t\t\t\t<span class=\"elementor-button-text\">KAPCSOLATFELV\u00c9TEL<\/span>\n\t\t\t\t\t<\/span>\n\t\t\t\t\t<\/a>\n\t\t\t\t<\/div>\n\t\t\t\t\t\t\t\t<\/div>\n\t\t\t\t<\/div>\n\t\t\t\t\t<\/div>\n\t\t<\/div>\n\t\t\t\t\t<\/div>\n\t\t<\/div>\n\t\t\t\t<\/div>","protected":false},"excerpt":{"rendered":"<p>A k\u00f6z\u00fati k\u00f6zleked\u00e9sr\u0151l sz\u00f3l\u00f3 t\u00f6rv\u00e9ny v\u00e9grehajt\u00e1sa \u00e9s a k\u00f6z\u00fati k\u00f6zleked\u00e9sr\u0151l sz\u00f3l\u00f3 t\u00f6rv\u00e9ny szerinti szab\u00e1lys\u00e9rt\u00e9sek felder\u00edt\u00e9se keret\u00e9ben a nyomoz\u00f3 tisztvisel\u0151 elrendelheti, hogy \u00d6n, a j\u00e1rm\u0171 vezet\u0151je m\u0171k\u00f6dj\u00f6n egy\u00fctt a nyomoz\u00e1sban.<\/p>","protected":false},"author":1,"featured_media":3467,"parent":0,"menu_order":0,"comment_status":"closed","ping_status":"closed","template":"","meta":{"footnotes":""},"class_list":["post-3475","page","type-page","status-publish","has-post-thumbnail","hentry"],"yoast_head":"<!-- This site is optimized with the Yoast SEO plugin v25.6 - https:\/\/yoast.com\/wordpress\/plugins\/seo\/ -->\n<title>Verplichtingen \/ Meewerken - Verkeer.site<\/title>\n<meta name=\"description\" content=\"De personen die met de opsporing van de feiten die strafbaar zijn gesteld in de Wegenverkeerswet belast zijn, kunnen in dit kader aan...\" \/>\n<meta name=\"robots\" content=\"index, follow, max-snippet:-1, max-image-preview:large, max-video-preview:-1\" \/>\n<link rel=\"canonical\" href=\"https:\/\/verkeer.site\/hu\/verplichtingen-meewerken-2\/\" \/>\n<meta property=\"og:locale\" content=\"hu_HU\" \/>\n<meta property=\"og:type\" content=\"article\" \/>\n<meta property=\"og:title\" content=\"Verplichtingen \/ Meewerken - Verkeer.site\" \/>\n<meta property=\"og:description\" content=\"De personen die met de opsporing van de feiten die strafbaar zijn gesteld in de Wegenverkeerswet belast zijn, kunnen in dit kader aan...\" \/>\n<meta property=\"og:url\" content=\"https:\/\/verkeer.site\/hu\/verplichtingen-meewerken-2\/\" \/>\n<meta property=\"og:site_name\" content=\"Verkeer.site\" \/>\n<meta property=\"article:publisher\" content=\"https:\/\/www.facebook.com\/LawAndMoreNl\" \/>\n<meta property=\"article:modified_time\" content=\"2022-06-01T14:06:17+00:00\" \/>\n<meta property=\"og:image\" content=\"https:\/\/verkeer.site\/wp-content\/uploads\/2022\/06\/header_page_008.2.jpg\" \/>\n\t<meta property=\"og:image:width\" content=\"1600\" \/>\n\t<meta property=\"og:image:height\" content=\"676\" \/>\n\t<meta property=\"og:image:type\" content=\"image\/jpeg\" \/>\n<meta name=\"twitter:card\" content=\"summary_large_image\" \/>\n<meta name=\"twitter:site\" content=\"@LawandMorenl\" \/>\n<meta name=\"twitter:label1\" content=\"Est. reading time\" \/>\n\t<meta name=\"twitter:data1\" content=\"4 minutes\" \/>\n<script type=\"application\/ld+json\" class=\"yoast-schema-graph\">{\"@context\":\"https:\/\/schema.org\",\"@graph\":[{\"@type\":\"WebPage\",\"@id\":\"https:\/\/verkeer.site\/verplichtingen-meewerken-2\/\",\"url\":\"https:\/\/verkeer.site\/verplichtingen-meewerken-2\/\",\"name\":\"Verplichtingen \/ Meewerken - Verkeer.site\",\"isPartOf\":{\"@id\":\"https:\/\/verkeer.site\/#website\"},\"primaryImageOfPage\":{\"@id\":\"https:\/\/verkeer.site\/verplichtingen-meewerken-2\/#primaryimage\"},\"image\":{\"@id\":\"https:\/\/verkeer.site\/verplichtingen-meewerken-2\/#primaryimage\"},\"thumbnailUrl\":\"https:\/\/verkeer.site\/wp-content\/uploads\/2022\/06\/header_page_008.2.jpg\",\"datePublished\":\"2022-06-01T13:14:58+00:00\",\"dateModified\":\"2022-06-01T14:06:17+00:00\",\"description\":\"De personen die met de opsporing van de feiten die strafbaar zijn gesteld in de Wegenverkeerswet belast zijn, kunnen in dit kader aan...\",\"breadcrumb\":{\"@id\":\"https:\/\/verkeer.site\/verplichtingen-meewerken-2\/#breadcrumb\"},\"inLanguage\":\"hu-HU\",\"potentialAction\":[{\"@type\":\"ReadAction\",\"target\":[\"https:\/\/verkeer.site\/verplichtingen-meewerken-2\/\"]}]},{\"@type\":\"ImageObject\",\"inLanguage\":\"hu-HU\",\"@id\":\"https:\/\/verkeer.site\/verplichtingen-meewerken-2\/#primaryimage\",\"url\":\"https:\/\/verkeer.site\/wp-content\/uploads\/2022\/06\/header_page_008.2.jpg\",\"contentUrl\":\"https:\/\/verkeer.site\/wp-content\/uploads\/2022\/06\/header_page_008.2.jpg\",\"width\":1600,\"height\":676,\"caption\":\"Toezicht en opsporing\"},{\"@type\":\"BreadcrumbList\",\"@id\":\"https:\/\/verkeer.site\/verplichtingen-meewerken-2\/#breadcrumb\",\"itemListElement\":[{\"@type\":\"ListItem\",\"position\":1,\"name\":\"Home\",\"item\":\"https:\/\/verkeer.site\/\"},{\"@type\":\"ListItem\",\"position\":2,\"name\":\"Verplichtingen \/ Meewerken\"}]},{\"@type\":\"WebSite\",\"@id\":\"https:\/\/verkeer.site\/#website\",\"url\":\"https:\/\/verkeer.site\/\",\"name\":\"Verkeer.site\",\"description\":\"Advocaten Verkeersstrafrecht\",\"publisher\":{\"@id\":\"https:\/\/verkeer.site\/#organization\"},\"potentialAction\":[{\"@type\":\"SearchAction\",\"target\":{\"@type\":\"EntryPoint\",\"urlTemplate\":\"https:\/\/verkeer.site\/?s={search_term_string}\"},\"query-input\":{\"@type\":\"PropertyValueSpecification\",\"valueRequired\":true,\"valueName\":\"search_term_string\"}}],\"inLanguage\":\"hu-HU\"},{\"@type\":\"Organization\",\"@id\":\"https:\/\/verkeer.site\/#organization\",\"name\":\"Law & More B.V.\",\"url\":\"https:\/\/verkeer.site\/\",\"logo\":{\"@type\":\"ImageObject\",\"inLanguage\":\"hu-HU\",\"@id\":\"https:\/\/verkeer.site\/#\/schema\/logo\/image\/\",\"url\":\"https:\/\/verkeer.site\/wp-content\/uploads\/2019\/04\/lawmore_logo_LM_only_copy.jpg\",\"contentUrl\":\"https:\/\/verkeer.site\/wp-content\/uploads\/2019\/04\/lawmore_logo_LM_only_copy.jpg\",\"width\":665,\"height\":665,\"caption\":\"Law & More B.V.\"},\"image\":{\"@id\":\"https:\/\/verkeer.site\/#\/schema\/logo\/image\/\"},\"sameAs\":[\"https:\/\/www.facebook.com\/LawAndMoreNl\",\"https:\/\/x.com\/LawandMorenl\",\"https:\/\/www.instagram.com\/lawandmore\/\",\"https:\/\/nl.linkedin.com\/company\/5339401\"]}]}<\/script>\n<!-- \/ Yoast SEO plugin. -->","yoast_head_json":{"title":"K\u00f6telezetts\u00e9gek \/ Egy\u00fcttm\u0171k\u00f6d\u00e9s - Traffic.site","description":"A k\u00f6z\u00fati k\u00f6zleked\u00e9sr\u0151l sz\u00f3l\u00f3 t\u00f6rv\u00e9ny szerint b\u00fcntetend\u0151 b\u0171ncselekm\u00e9nyek kivizsg\u00e1l\u00e1s\u00e1val megb\u00edzott szem\u00e9lyek ezzel \u00f6sszef\u00fcgg\u00e9sben beny\u00fajthatj\u00e1k...","robots":{"index":"index","follow":"follow","max-snippet":"max-snippet:-1","max-image-preview":"max-image-preview:large","max-video-preview":"max-video-preview:-1"},"canonical":"https:\/\/verkeer.site\/hu\/verplichtingen-meewerken-2\/","og_locale":"hu_HU","og_type":"article","og_title":"Verplichtingen \/ Meewerken - Verkeer.site","og_description":"De personen die met de opsporing van de feiten die strafbaar zijn gesteld in de Wegenverkeerswet belast zijn, kunnen in dit kader aan...","og_url":"https:\/\/verkeer.site\/hu\/verplichtingen-meewerken-2\/","og_site_name":"Verkeer.site","article_publisher":"https:\/\/www.facebook.com\/LawAndMoreNl","article_modified_time":"2022-06-01T14:06:17+00:00","og_image":[{"width":1600,"height":676,"url":"https:\/\/verkeer.site\/wp-content\/uploads\/2022\/06\/header_page_008.2.jpg","type":"image\/jpeg"}],"twitter_card":"summary_large_image","twitter_site":"@LawandMorenl","twitter_misc":{"Est. reading time":"4 minutes"},"schema":{"@context":"https:\/\/schema.org","@graph":[{"@type":"WebPage","@id":"https:\/\/verkeer.site\/verplichtingen-meewerken-2\/","url":"https:\/\/verkeer.site\/verplichtingen-meewerken-2\/","name":"K\u00f6telezetts\u00e9gek \/ Egy\u00fcttm\u0171k\u00f6d\u00e9s - Traffic.site","isPartOf":{"@id":"https:\/\/verkeer.site\/#website"},"primaryImageOfPage":{"@id":"https:\/\/verkeer.site\/verplichtingen-meewerken-2\/#primaryimage"},"image":{"@id":"https:\/\/verkeer.site\/verplichtingen-meewerken-2\/#primaryimage"},"thumbnailUrl":"https:\/\/verkeer.site\/wp-content\/uploads\/2022\/06\/header_page_008.2.jpg","datePublished":"2022-06-01T13:14:58+00:00","dateModified":"2022-06-01T14:06:17+00:00","description":"A k\u00f6z\u00fati k\u00f6zleked\u00e9sr\u0151l sz\u00f3l\u00f3 t\u00f6rv\u00e9ny szerint b\u00fcntetend\u0151 b\u0171ncselekm\u00e9nyek kivizsg\u00e1l\u00e1s\u00e1val megb\u00edzott szem\u00e9lyek ezzel \u00f6sszef\u00fcgg\u00e9sben beny\u00fajthatj\u00e1k...","breadcrumb":{"@id":"https:\/\/verkeer.site\/verplichtingen-meewerken-2\/#breadcrumb"},"inLanguage":"hu-HU","potentialAction":[{"@type":"ReadAction","target":["https:\/\/verkeer.site\/verplichtingen-meewerken-2\/"]}]},{"@type":"ImageObject","inLanguage":"hu-HU","@id":"https:\/\/verkeer.site\/verplichtingen-meewerken-2\/#primaryimage","url":"https:\/\/verkeer.site\/wp-content\/uploads\/2022\/06\/header_page_008.2.jpg","contentUrl":"https:\/\/verkeer.site\/wp-content\/uploads\/2022\/06\/header_page_008.2.jpg","width":1600,"height":676,"caption":"Toezicht en opsporing"},{"@type":"BreadcrumbList","@id":"https:\/\/verkeer.site\/verplichtingen-meewerken-2\/#breadcrumb","itemListElement":[{"@type":"ListItem","position":1,"name":"Home","item":"https:\/\/verkeer.site\/"},{"@type":"ListItem","position":2,"name":"Verplichtingen \/ Meewerken"}]},{"@type":"WebSite","@id":"https:\/\/verkeer.site\/#website","url":"https:\/\/verkeer.site\/","name":"Traffic.site","description":"K\u00f6zleked\u00e9si b\u00fcntet\u0151\u00fcgyv\u00e9dek","publisher":{"@id":"https:\/\/verkeer.site\/#organization"},"potentialAction":[{"@type":"SearchAction","target":{"@type":"EntryPoint","urlTemplate":"https:\/\/verkeer.site\/?s={search_term_string}"},"query-input":{"@type":"PropertyValueSpecification","valueRequired":true,"valueName":"search_term_string"}}],"inLanguage":"hu-HU"},{"@type":"Organization","@id":"https:\/\/verkeer.site\/#organization","name":"Law &amp; More B.V.","url":"https:\/\/verkeer.site\/","logo":{"@type":"ImageObject","inLanguage":"hu-HU","@id":"https:\/\/verkeer.site\/#\/schema\/logo\/image\/","url":"https:\/\/verkeer.site\/wp-content\/uploads\/2019\/04\/lawmore_logo_LM_only_copy.jpg","contentUrl":"https:\/\/verkeer.site\/wp-content\/uploads\/2019\/04\/lawmore_logo_LM_only_copy.jpg","width":665,"height":665,"caption":"Law & More B.V."},"image":{"@id":"https:\/\/verkeer.site\/#\/schema\/logo\/image\/"},"sameAs":["https:\/\/www.facebook.com\/LawAndMoreNl","https:\/\/x.com\/LawandMorenl","https:\/\/www.instagram.com\/lawandmore\/","https:\/\/nl.linkedin.com\/company\/5339401"]}]}},"_links":{"self":[{"href":"https:\/\/verkeer.site\/hu\/wp-json\/wp\/v2\/pages\/3475","targetHints":{"allow":["GET"]}}],"collection":[{"href":"https:\/\/verkeer.site\/hu\/wp-json\/wp\/v2\/pages"}],"about":[{"href":"https:\/\/verkeer.site\/hu\/wp-json\/wp\/v2\/types\/page"}],"author":[{"embeddable":true,"href":"https:\/\/verkeer.site\/hu\/wp-json\/wp\/v2\/users\/1"}],"replies":[{"embeddable":true,"href":"https:\/\/verkeer.site\/hu\/wp-json\/wp\/v2\/comments?post=3475"}],"version-history":[{"count":0,"href":"https:\/\/verkeer.site\/hu\/wp-json\/wp\/v2\/pages\/3475\/revisions"}],"wp:featuredmedia":[{"embeddable":true,"href":"https:\/\/verkeer.site\/hu\/wp-json\/wp\/v2\/media\/3467"}],"wp:attachment":[{"href":"https:\/\/verkeer.site\/hu\/wp-json\/wp\/v2\/media?parent=3475"}],"curies":[{"name":"wp","href":"https:\/\/api.w.org\/{rel}","templated":true}]}}