{"id":3460,"date":"2022-06-01T14:02:01","date_gmt":"2022-06-01T13:02:01","guid":{"rendered":"https:\/\/verkeer.site\/?page_id=3460"},"modified":"2022-06-01T15:06:59","modified_gmt":"2022-06-01T14:06:59","slug":"toezicht-en-opsporing-2","status":"publish","type":"page","link":"https:\/\/verkeer.site\/hu\/toezicht-en-opsporing-2\/","title":{"rendered":"Monitoring \u00e9s vizsg\u00e1lat"},"content":{"rendered":"<div data-elementor-type=\"wp-page\" data-elementor-id=\"3460\" class=\"elementor elementor-3460\" data-elementor-post-type=\"page\">\n\t\t\t\t\t\t<div class=\"elementor-section elementor-top-section elementor-element elementor-element-ce48caf elementor-section-boxed elementor-section-height-default elementor-section-height-default\" data-id=\"ce48caf\" data-element_type=\"section\" data-settings=\"{&quot;background_background&quot;:&quot;classic&quot;,&quot;background_motion_fx_motion_fx_scrolling&quot;:&quot;yes&quot;,&quot;background_motion_fx_translateY_effect&quot;:&quot;yes&quot;,&quot;background_motion_fx_translateY_speed&quot;:{&quot;unit&quot;:&quot;px&quot;,&quot;size&quot;:4,&quot;sizes&quot;:[]},&quot;background_motion_fx_translateY_affectedRange&quot;:{&quot;unit&quot;:&quot;%&quot;,&quot;size&quot;:&quot;&quot;,&quot;sizes&quot;:{&quot;start&quot;:0,&quot;end&quot;:100}},&quot;background_motion_fx_devices&quot;:[&quot;desktop&quot;,&quot;laptop&quot;,&quot;tablet&quot;,&quot;mobile_extra&quot;,&quot;mobile&quot;]}\">\n\t\t\t\t\t\t\t<div class=\"elementor-background-overlay\"><\/div>\n\t\t\t\t\t\t\t<div class=\"elementor-container elementor-column-gap-default\">\n\t\t\t\t\t<div class=\"elementor-column elementor-col-100 elementor-top-column elementor-element elementor-element-c2bcda1\" data-id=\"c2bcda1\" data-element_type=\"column\">\n\t\t\t<div class=\"elementor-widget-wrap elementor-element-populated\">\n\t\t\t\t\t\t<div class=\"elementor-element elementor-element-7b5354e elementor-widget elementor-widget-heading\" data-id=\"7b5354e\" data-element_type=\"widget\" data-widget_type=\"heading.default\">\n\t\t\t\t<div class=\"elementor-widget-container\">\n\t\t\t\t\t<h2 class=\"elementor-heading-title elementor-size-default\">Monitoring \u00e9s vizsg\u00e1lat<\/h2>\t\t\t\t<\/div>\n\t\t\t\t<\/div>\n\t\t\t\t\t<\/div>\n\t\t<\/div>\n\t\t\t\t\t<\/div>\n\t\t<\/div>\n\t\t\t\t<div class=\"elementor-section elementor-top-section elementor-element elementor-element-c023ed4 elementor-section-boxed elementor-section-height-default elementor-section-height-default\" data-id=\"c023ed4\" data-element_type=\"section\">\n\t\t\t\t\t\t<div class=\"elementor-container elementor-column-gap-default\">\n\t\t\t\t\t<div class=\"elementor-column elementor-col-100 elementor-top-column elementor-element elementor-element-a4eee03\" data-id=\"a4eee03\" data-element_type=\"column\">\n\t\t\t<div class=\"elementor-widget-wrap elementor-element-populated\">\n\t\t\t\t\t\t<div class=\"elementor-element elementor-element-1eeebe7 elementor-invisible elementor-widget elementor-widget-text-editor\" data-id=\"1eeebe7\" data-element_type=\"widget\" data-settings=\"{&quot;_animation&quot;:&quot;fadeInUp&quot;}\" data-widget_type=\"text-editor.default\">\n\t\t\t\t<div class=\"elementor-widget-container\">\n\t\t\t\t\t\t\t\t\t<p>K\u00fcl\u00f6nbs\u00e9get kell tenni a b\u00fcntet\u0151jogi repressz\u00edv ellen\u0151rz\u00e9s \u00e9s a k\u00f6zigazgat\u00e1si fel\u00fcgyelet k\u00f6z\u00f6tt.<\/p><p>A rend\u0151rs\u00e9g feladata lehet mind a b\u0171n\u00fcld\u00f6z\u00e9s, mind a rendfenntart\u00e1s. A k\u00f6z\u00fati k\u00f6zleked\u00e9sr\u0151l sz\u00f3l\u00f3 t\u00f6rv\u00e9ny eset\u00e9ben a rend\u0151rs\u00e9g feladata a k\u00f6z\u00fati k\u00f6zleked\u00e9sr\u0151l sz\u00f3l\u00f3 t\u00f6rv\u00e9ny rendelkez\u00e9seinek betart\u00e1s\u00e1nak fel\u00fcgyelete \u00e9s a t\u00f6rv\u00e9ny \u00e1ltal b\u00fcntetend\u0151 b\u0171ncselekm\u00e9nyek kivizsg\u00e1l\u00e1sa. Ez azt jelenti, hogy vizsg\u00e1lati jogk\u00f6rrel rendelkeznek annak meg\u00e1llap\u00edt\u00e1s\u00e1ra, hogy valaki t\u00fal sok alkohollal \u00fclt-e a vol\u00e1n m\u00f6g\u00e9. Ezen t\u00falmen\u0151en a k\u00f6z\u00fati k\u00f6zleked\u00e9sr\u0151l sz\u00f3l\u00f3 t\u00f6rv\u00e9ny alapj\u00e1n vizsg\u00e1lati jogk\u00f6rrel is felruh\u00e1zz\u00e1k \u0151ket.<\/p>\t\t\t\t\t\t\t\t<\/div>\n\t\t\t\t<\/div>\n\t\t\t\t<div class=\"elementor-element elementor-element-c687e5d elementor-widget elementor-widget-image\" data-id=\"c687e5d\" data-element_type=\"widget\" data-widget_type=\"image.default\">\n\t\t\t\t<div class=\"elementor-widget-container\">\n\t\t\t\t\t\t\t\t\t\t\t\t\t\t\t<img fetchpriority=\"high\" decoding=\"async\" width=\"1600\" height=\"676\" src=\"https:\/\/verkeer.site\/wp-content\/uploads\/2022\/06\/header_page_008.2.jpg\" class=\"attachment-full size-full wp-image-3467\" alt=\"Toezicht en opsporing\" srcset=\"https:\/\/verkeer.site\/wp-content\/uploads\/2022\/06\/header_page_008.2.jpg 1600w, https:\/\/verkeer.site\/wp-content\/uploads\/2022\/06\/header_page_008.2-1536x649.jpg 1536w, https:\/\/verkeer.site\/wp-content\/uploads\/2022\/06\/header_page_008.2-18x8.jpg 18w\" sizes=\"(max-width: 1600px) 100vw, 1600px\" \/>\t\t\t\t\t\t\t\t\t\t\t\t\t\t\t<\/div>\n\t\t\t\t<\/div>\n\t\t\t\t<div class=\"elementor-element elementor-element-c4fe150 elementor-invisible elementor-widget elementor-widget-text-editor\" data-id=\"c4fe150\" data-element_type=\"widget\" data-settings=\"{&quot;_animation&quot;:&quot;fadeInUp&quot;}\" data-widget_type=\"text-editor.default\">\n\t\t\t\t<div class=\"elementor-widget-container\">\n\t\t\t\t\t\t\t\t\t<p>A rend\u0151rs\u00e9g p\u00e9ld\u00e1ul elrendelheti az alkoholszond\u00e1s vizsg\u00e1latot (vagy v\u00e9rvizsg\u00e1latot), ha azt gyan\u00edtja, hogy \u00d6n t\u00falzott m\u00e9rt\u00e9k\u0171 alkoholfogyaszt\u00e1ssal vezet egy j\u00e1rm\u0171vet. Nem vehetik fel \u00d6nt minden ok n\u00e9lk\u00fcl, \u00e9s nem vihetik be az \u00e1llom\u00e1sra alkoholszond\u00e1s l\u00e9galkoholvizsg\u00e1latra. A rend\u0151rs\u00e9g azonban el\u0151zetes alkoholszond\u00e1s vizsg\u00e1latot v\u00e9gezhet b\u00e1rmely olyan j\u00e1rm\u0171v\u00f6n, amelyn\u00e9l vizsg\u00e1latot k\u00edv\u00e1n v\u00e9gezni. E c\u00e9lb\u00f3l a j\u00e1rm\u0171vezet\u0151t egy m\u00e1sik helysz\u00ednre is elvihetik. \u00d6nnek ebben egy\u00fctt kell m\u0171k\u00f6dnie (WVW 160. paragrafus 4. bekezd\u00e9s). Ha pedig az el\u0151zetes vizsg\u00e1lat azt mutatja, hogy t\u00fal sokat ivott, akkor fenn\u00e1ll a gyan\u00fa, \u00e9s elrendelhet\u0151 a teljes alkoholteszt.<\/p><p>Ez\u00e9rt fontos ut\u00f3lag ellen\u0151rizni, hogy a megfelel\u0151 hatalmat haszn\u00e1lt\u00e1k-e, \u00e9s hogy azt jogszer\u0171en haszn\u00e1lt\u00e1k-e. Ha ez nem \u00edgy van, a vizsg\u00e1lat nem haszn\u00e1lhat\u00f3 fel bizony\u00edt\u00e9kk\u00e9nt, \u00e9s felment\u0151 \u00edt\u00e9letet hozhat.<\/p>\t\t\t\t\t\t\t\t<\/div>\n\t\t\t\t<\/div>\n\t\t\t\t\t<\/div>\n\t\t<\/div>\n\t\t\t\t\t<\/div>\n\t\t<\/div>\n\t\t\t\t<div class=\"elementor-section elementor-top-section elementor-element elementor-element-af547d3 elementor-section-boxed elementor-section-height-default elementor-section-height-default\" data-id=\"af547d3\" data-element_type=\"section\" data-settings=\"{&quot;background_background&quot;:&quot;classic&quot;}\">\n\t\t\t\t\t\t<div class=\"elementor-container elementor-column-gap-default\">\n\t\t\t\t\t<div class=\"elementor-column elementor-col-66 elementor-top-column elementor-element elementor-element-ddfcaa7\" data-id=\"ddfcaa7\" data-element_type=\"column\">\n\t\t\t<div class=\"elementor-widget-wrap elementor-element-populated\">\n\t\t\t\t\t\t<div class=\"elementor-element elementor-element-5f82a45 elementor-widget elementor-widget-text-editor\" data-id=\"5f82a45\" data-element_type=\"widget\" data-widget_type=\"text-editor.default\">\n\t\t\t\t<div class=\"elementor-widget-container\">\n\t\t\t\t\t\t\t\t\t<p>\u00dcgyv\u00e9dre van sz\u00fcks\u00e9ge a k\u00f6zleked\u00e9si b\u00fcntet\u0151jogban?<br \/>K\u00e9rj\u00fck, vegye fel vel\u00fcnk a kapcsolatot a +31 40 369 06 80-as telefonsz\u00e1mon, vagy k\u00fcldj\u00f6n e-mailt a k\u00f6vetkez\u0151 c\u00edmre:<br \/>Tom Meevis, az Law &amp; More \u00fcgyv\u00e9dje - tom.meevis@lawandmore.nl<br \/>Maxim Hodak \u00far, az Law &amp; More \u00fcgyv\u00e9dje - maxim.hodak@lawandmore.nl<\/p>\t\t\t\t\t\t\t\t<\/div>\n\t\t\t\t<\/div>\n\t\t\t\t\t<\/div>\n\t\t<\/div>\n\t\t\t\t<div class=\"elementor-column elementor-col-33 elementor-top-column elementor-element elementor-element-11ccdb2\" data-id=\"11ccdb2\" data-element_type=\"column\">\n\t\t\t<div class=\"elementor-widget-wrap elementor-element-populated\">\n\t\t\t\t\t\t<div class=\"elementor-element elementor-element-330a0af elementor-align-center elementor-mobile-align-left elementor-invisible elementor-widget elementor-widget-button\" data-id=\"330a0af\" data-element_type=\"widget\" data-settings=\"{&quot;_animation&quot;:&quot;fadeInUp&quot;,&quot;_animation_delay&quot;:500}\" data-widget_type=\"button.default\">\n\t\t\t\t<div class=\"elementor-widget-container\">\n\t\t\t\t\t\t\t\t\t<div class=\"elementor-button-wrapper\">\n\t\t\t\t\t<a class=\"elementor-button elementor-button-link elementor-size-md\" href=\"https:\/\/verkeer.site\/hu\/contact\/\">\n\t\t\t\t\t\t<span class=\"elementor-button-content-wrapper\">\n\t\t\t\t\t\t\t\t\t<span class=\"elementor-button-text\">KAPCSOLATFELV\u00c9TEL<\/span>\n\t\t\t\t\t<\/span>\n\t\t\t\t\t<\/a>\n\t\t\t\t<\/div>\n\t\t\t\t\t\t\t\t<\/div>\n\t\t\t\t<\/div>\n\t\t\t\t\t<\/div>\n\t\t<\/div>\n\t\t\t\t\t<\/div>\n\t\t<\/div>\n\t\t\t\t<\/div>","protected":false},"excerpt":{"rendered":"<p>Fel\u00fcgyelet \u00e9s vizsg\u00e1lat K\u00fcl\u00f6nbs\u00e9get kell tenni a b\u00fcntet\u0151jogi repressz\u00edv ellen\u0151rz\u00e9s \u00e9s a k\u00f6zigazgat\u00e1si jogi fel\u00fcgyelet k\u00f6z\u00f6tt. A rend\u0151rs\u00e9g feladata lehet mind a b\u00fcntet\u0151jogi, mind a k\u00f6zrendv\u00e9delmi feladatok ell\u00e1t\u00e1sa. A [...]<\/p>","protected":false},"author":1,"featured_media":3105,"parent":0,"menu_order":0,"comment_status":"closed","ping_status":"closed","template":"","meta":{"footnotes":""},"class_list":["post-3460","page","type-page","status-publish","has-post-thumbnail","hentry"],"yoast_head":"<!-- This site is optimized with the Yoast SEO plugin v25.6 - https:\/\/yoast.com\/wordpress\/plugins\/seo\/ -->\n<title>Toezicht en opsporing - Verkeer.site<\/title>\n<meta name=\"description\" content=\"Er is een onderscheid tussen strafrechtelijke repressieve controle en bestuursrechtelijk toezicht. De politie kan zowel belast...\" \/>\n<meta name=\"robots\" content=\"index, follow, max-snippet:-1, max-image-preview:large, max-video-preview:-1\" \/>\n<link rel=\"canonical\" href=\"https:\/\/verkeer.site\/hu\/toezicht-en-opsporing-2\/\" \/>\n<meta property=\"og:locale\" content=\"hu_HU\" \/>\n<meta property=\"og:type\" content=\"article\" \/>\n<meta property=\"og:title\" content=\"Toezicht en opsporing - Verkeer.site\" \/>\n<meta property=\"og:description\" content=\"Er is een onderscheid tussen strafrechtelijke repressieve controle en bestuursrechtelijk toezicht. De politie kan zowel belast...\" \/>\n<meta property=\"og:url\" content=\"https:\/\/verkeer.site\/hu\/toezicht-en-opsporing-2\/\" \/>\n<meta property=\"og:site_name\" content=\"Verkeer.site\" \/>\n<meta property=\"article:publisher\" content=\"https:\/\/www.facebook.com\/LawAndMoreNl\" \/>\n<meta property=\"article:modified_time\" content=\"2022-06-01T14:06:59+00:00\" \/>\n<meta property=\"og:image\" content=\"https:\/\/verkeer.site\/wp-content\/uploads\/2022\/06\/police-1.jpg\" \/>\n\t<meta property=\"og:image:width\" content=\"960\" \/>\n\t<meta property=\"og:image:height\" content=\"720\" \/>\n\t<meta property=\"og:image:type\" content=\"image\/jpeg\" \/>\n<meta name=\"twitter:card\" content=\"summary_large_image\" \/>\n<meta name=\"twitter:site\" content=\"@LawandMorenl\" \/>\n<meta name=\"twitter:label1\" content=\"Est. reading time\" \/>\n\t<meta name=\"twitter:data1\" content=\"2 minutes\" \/>\n<script type=\"application\/ld+json\" class=\"yoast-schema-graph\">{\"@context\":\"https:\/\/schema.org\",\"@graph\":[{\"@type\":\"WebPage\",\"@id\":\"https:\/\/verkeer.site\/toezicht-en-opsporing-2\/\",\"url\":\"https:\/\/verkeer.site\/toezicht-en-opsporing-2\/\",\"name\":\"Toezicht en opsporing - Verkeer.site\",\"isPartOf\":{\"@id\":\"https:\/\/verkeer.site\/#website\"},\"primaryImageOfPage\":{\"@id\":\"https:\/\/verkeer.site\/toezicht-en-opsporing-2\/#primaryimage\"},\"image\":{\"@id\":\"https:\/\/verkeer.site\/toezicht-en-opsporing-2\/#primaryimage\"},\"thumbnailUrl\":\"https:\/\/verkeer.site\/wp-content\/uploads\/2022\/06\/police-1.jpg\",\"datePublished\":\"2022-06-01T13:02:01+00:00\",\"dateModified\":\"2022-06-01T14:06:59+00:00\",\"description\":\"Er is een onderscheid tussen strafrechtelijke repressieve controle en bestuursrechtelijk toezicht. De politie kan zowel belast...\",\"breadcrumb\":{\"@id\":\"https:\/\/verkeer.site\/toezicht-en-opsporing-2\/#breadcrumb\"},\"inLanguage\":\"hu-HU\",\"potentialAction\":[{\"@type\":\"ReadAction\",\"target\":[\"https:\/\/verkeer.site\/toezicht-en-opsporing-2\/\"]}]},{\"@type\":\"ImageObject\",\"inLanguage\":\"hu-HU\",\"@id\":\"https:\/\/verkeer.site\/toezicht-en-opsporing-2\/#primaryimage\",\"url\":\"https:\/\/verkeer.site\/wp-content\/uploads\/2022\/06\/police-1.jpg\",\"contentUrl\":\"https:\/\/verkeer.site\/wp-content\/uploads\/2022\/06\/police-1.jpg\",\"width\":960,\"height\":720,\"caption\":\"police-1\"},{\"@type\":\"BreadcrumbList\",\"@id\":\"https:\/\/verkeer.site\/toezicht-en-opsporing-2\/#breadcrumb\",\"itemListElement\":[{\"@type\":\"ListItem\",\"position\":1,\"name\":\"Home\",\"item\":\"https:\/\/verkeer.site\/\"},{\"@type\":\"ListItem\",\"position\":2,\"name\":\"Toezicht en opsporing\"}]},{\"@type\":\"WebSite\",\"@id\":\"https:\/\/verkeer.site\/#website\",\"url\":\"https:\/\/verkeer.site\/\",\"name\":\"Verkeer.site\",\"description\":\"Advocaten Verkeersstrafrecht\",\"publisher\":{\"@id\":\"https:\/\/verkeer.site\/#organization\"},\"potentialAction\":[{\"@type\":\"SearchAction\",\"target\":{\"@type\":\"EntryPoint\",\"urlTemplate\":\"https:\/\/verkeer.site\/?s={search_term_string}\"},\"query-input\":{\"@type\":\"PropertyValueSpecification\",\"valueRequired\":true,\"valueName\":\"search_term_string\"}}],\"inLanguage\":\"hu-HU\"},{\"@type\":\"Organization\",\"@id\":\"https:\/\/verkeer.site\/#organization\",\"name\":\"Law & More B.V.\",\"url\":\"https:\/\/verkeer.site\/\",\"logo\":{\"@type\":\"ImageObject\",\"inLanguage\":\"hu-HU\",\"@id\":\"https:\/\/verkeer.site\/#\/schema\/logo\/image\/\",\"url\":\"https:\/\/verkeer.site\/wp-content\/uploads\/2019\/04\/lawmore_logo_LM_only_copy.jpg\",\"contentUrl\":\"https:\/\/verkeer.site\/wp-content\/uploads\/2019\/04\/lawmore_logo_LM_only_copy.jpg\",\"width\":665,\"height\":665,\"caption\":\"Law & More B.V.\"},\"image\":{\"@id\":\"https:\/\/verkeer.site\/#\/schema\/logo\/image\/\"},\"sameAs\":[\"https:\/\/www.facebook.com\/LawAndMoreNl\",\"https:\/\/x.com\/LawandMorenl\",\"https:\/\/www.instagram.com\/lawandmore\/\",\"https:\/\/nl.linkedin.com\/company\/5339401\"]}]}<\/script>\n<!-- \/ Yoast SEO plugin. -->","yoast_head_json":{"title":"Monitoring \u00e9s vizsg\u00e1lat - Traffic.site","description":"K\u00fcl\u00f6nbs\u00e9get kell tenni a b\u00fcntet\u0151jogi \u00e9s a k\u00f6zigazgat\u00e1si ellen\u0151rz\u00e9s k\u00f6z\u00f6tt. A rend\u0151r\u00f6k v\u00e1dolhat\u00f3k...","robots":{"index":"index","follow":"follow","max-snippet":"max-snippet:-1","max-image-preview":"max-image-preview:large","max-video-preview":"max-video-preview:-1"},"canonical":"https:\/\/verkeer.site\/hu\/toezicht-en-opsporing-2\/","og_locale":"hu_HU","og_type":"article","og_title":"Toezicht en opsporing - Verkeer.site","og_description":"Er is een onderscheid tussen strafrechtelijke repressieve controle en bestuursrechtelijk toezicht. De politie kan zowel belast...","og_url":"https:\/\/verkeer.site\/hu\/toezicht-en-opsporing-2\/","og_site_name":"Verkeer.site","article_publisher":"https:\/\/www.facebook.com\/LawAndMoreNl","article_modified_time":"2022-06-01T14:06:59+00:00","og_image":[{"width":960,"height":720,"url":"https:\/\/verkeer.site\/wp-content\/uploads\/2022\/06\/police-1.jpg","type":"image\/jpeg"}],"twitter_card":"summary_large_image","twitter_site":"@LawandMorenl","twitter_misc":{"Est. reading time":"2 minutes"},"schema":{"@context":"https:\/\/schema.org","@graph":[{"@type":"WebPage","@id":"https:\/\/verkeer.site\/toezicht-en-opsporing-2\/","url":"https:\/\/verkeer.site\/toezicht-en-opsporing-2\/","name":"Monitoring \u00e9s vizsg\u00e1lat - Traffic.site","isPartOf":{"@id":"https:\/\/verkeer.site\/#website"},"primaryImageOfPage":{"@id":"https:\/\/verkeer.site\/toezicht-en-opsporing-2\/#primaryimage"},"image":{"@id":"https:\/\/verkeer.site\/toezicht-en-opsporing-2\/#primaryimage"},"thumbnailUrl":"https:\/\/verkeer.site\/wp-content\/uploads\/2022\/06\/police-1.jpg","datePublished":"2022-06-01T13:02:01+00:00","dateModified":"2022-06-01T14:06:59+00:00","description":"K\u00fcl\u00f6nbs\u00e9get kell tenni a b\u00fcntet\u0151jogi \u00e9s a k\u00f6zigazgat\u00e1si ellen\u0151rz\u00e9s k\u00f6z\u00f6tt. A rend\u0151r\u00f6k v\u00e1dolhat\u00f3k...","breadcrumb":{"@id":"https:\/\/verkeer.site\/toezicht-en-opsporing-2\/#breadcrumb"},"inLanguage":"hu-HU","potentialAction":[{"@type":"ReadAction","target":["https:\/\/verkeer.site\/toezicht-en-opsporing-2\/"]}]},{"@type":"ImageObject","inLanguage":"hu-HU","@id":"https:\/\/verkeer.site\/toezicht-en-opsporing-2\/#primaryimage","url":"https:\/\/verkeer.site\/wp-content\/uploads\/2022\/06\/police-1.jpg","contentUrl":"https:\/\/verkeer.site\/wp-content\/uploads\/2022\/06\/police-1.jpg","width":960,"height":720,"caption":"police-1"},{"@type":"BreadcrumbList","@id":"https:\/\/verkeer.site\/toezicht-en-opsporing-2\/#breadcrumb","itemListElement":[{"@type":"ListItem","position":1,"name":"Home","item":"https:\/\/verkeer.site\/"},{"@type":"ListItem","position":2,"name":"Toezicht en opsporing"}]},{"@type":"WebSite","@id":"https:\/\/verkeer.site\/#website","url":"https:\/\/verkeer.site\/","name":"Traffic.site","description":"K\u00f6zleked\u00e9si b\u00fcntet\u0151\u00fcgyv\u00e9dek","publisher":{"@id":"https:\/\/verkeer.site\/#organization"},"potentialAction":[{"@type":"SearchAction","target":{"@type":"EntryPoint","urlTemplate":"https:\/\/verkeer.site\/?s={search_term_string}"},"query-input":{"@type":"PropertyValueSpecification","valueRequired":true,"valueName":"search_term_string"}}],"inLanguage":"hu-HU"},{"@type":"Organization","@id":"https:\/\/verkeer.site\/#organization","name":"Law &amp; More B.V.","url":"https:\/\/verkeer.site\/","logo":{"@type":"ImageObject","inLanguage":"hu-HU","@id":"https:\/\/verkeer.site\/#\/schema\/logo\/image\/","url":"https:\/\/verkeer.site\/wp-content\/uploads\/2019\/04\/lawmore_logo_LM_only_copy.jpg","contentUrl":"https:\/\/verkeer.site\/wp-content\/uploads\/2019\/04\/lawmore_logo_LM_only_copy.jpg","width":665,"height":665,"caption":"Law & More B.V."},"image":{"@id":"https:\/\/verkeer.site\/#\/schema\/logo\/image\/"},"sameAs":["https:\/\/www.facebook.com\/LawAndMoreNl","https:\/\/x.com\/LawandMorenl","https:\/\/www.instagram.com\/lawandmore\/","https:\/\/nl.linkedin.com\/company\/5339401"]}]}},"_links":{"self":[{"href":"https:\/\/verkeer.site\/hu\/wp-json\/wp\/v2\/pages\/3460","targetHints":{"allow":["GET"]}}],"collection":[{"href":"https:\/\/verkeer.site\/hu\/wp-json\/wp\/v2\/pages"}],"about":[{"href":"https:\/\/verkeer.site\/hu\/wp-json\/wp\/v2\/types\/page"}],"author":[{"embeddable":true,"href":"https:\/\/verkeer.site\/hu\/wp-json\/wp\/v2\/users\/1"}],"replies":[{"embeddable":true,"href":"https:\/\/verkeer.site\/hu\/wp-json\/wp\/v2\/comments?post=3460"}],"version-history":[{"count":0,"href":"https:\/\/verkeer.site\/hu\/wp-json\/wp\/v2\/pages\/3460\/revisions"}],"wp:featuredmedia":[{"embeddable":true,"href":"https:\/\/verkeer.site\/hu\/wp-json\/wp\/v2\/media\/3105"}],"wp:attachment":[{"href":"https:\/\/verkeer.site\/hu\/wp-json\/wp\/v2\/media?parent=3460"}],"curies":[{"name":"wp","href":"https:\/\/api.w.org\/{rel}","templated":true}]}}