{"id":3420,"date":"2022-06-01T13:42:05","date_gmt":"2022-06-01T12:42:05","guid":{"rendered":"https:\/\/verkeer.site\/?page_id=3420"},"modified":"2022-06-01T15:05:25","modified_gmt":"2022-06-01T14:05:25","slug":"ansprakelijkheid-in-het-verkeer-185-wvw","status":"publish","type":"page","link":"https:\/\/verkeer.site\/hu\/ansprakelijkheid-in-het-verkeer-185-wvw\/","title":{"rendered":"Felel\u0151ss\u00e9g a forgalomban (185 WVW)"},"content":{"rendered":"<div data-elementor-type=\"wp-page\" data-elementor-id=\"3420\" class=\"elementor elementor-3420\" data-elementor-post-type=\"page\">\n\t\t\t\t\t\t<div class=\"elementor-section elementor-top-section elementor-element elementor-element-ce48caf elementor-section-boxed elementor-section-height-default elementor-section-height-default\" data-id=\"ce48caf\" data-element_type=\"section\" data-settings=\"{&quot;background_background&quot;:&quot;classic&quot;,&quot;background_motion_fx_motion_fx_scrolling&quot;:&quot;yes&quot;,&quot;background_motion_fx_translateY_effect&quot;:&quot;yes&quot;,&quot;background_motion_fx_translateY_speed&quot;:{&quot;unit&quot;:&quot;px&quot;,&quot;size&quot;:4,&quot;sizes&quot;:[]},&quot;background_motion_fx_translateY_affectedRange&quot;:{&quot;unit&quot;:&quot;%&quot;,&quot;size&quot;:&quot;&quot;,&quot;sizes&quot;:{&quot;start&quot;:0,&quot;end&quot;:100}},&quot;background_motion_fx_devices&quot;:[&quot;desktop&quot;,&quot;laptop&quot;,&quot;tablet&quot;,&quot;mobile_extra&quot;,&quot;mobile&quot;]}\">\n\t\t\t\t\t\t\t<div class=\"elementor-background-overlay\"><\/div>\n\t\t\t\t\t\t\t<div class=\"elementor-container elementor-column-gap-default\">\n\t\t\t\t\t<div class=\"elementor-column elementor-col-100 elementor-top-column elementor-element elementor-element-c2bcda1\" data-id=\"c2bcda1\" data-element_type=\"column\">\n\t\t\t<div class=\"elementor-widget-wrap elementor-element-populated\">\n\t\t\t\t\t\t<div class=\"elementor-element elementor-element-7b5354e elementor-widget elementor-widget-heading\" data-id=\"7b5354e\" data-element_type=\"widget\" data-widget_type=\"heading.default\">\n\t\t\t\t<div class=\"elementor-widget-container\">\n\t\t\t\t\t<h2 class=\"elementor-heading-title elementor-size-default\">Felel\u0151ss\u00e9g a forgalomban <br>(185 WVW)<\/h2>\t\t\t\t<\/div>\n\t\t\t\t<\/div>\n\t\t\t\t\t<\/div>\n\t\t<\/div>\n\t\t\t\t\t<\/div>\n\t\t<\/div>\n\t\t\t\t<div class=\"elementor-section elementor-top-section elementor-element elementor-element-c023ed4 elementor-section-boxed elementor-section-height-default elementor-section-height-default\" data-id=\"c023ed4\" data-element_type=\"section\">\n\t\t\t\t\t\t<div class=\"elementor-container elementor-column-gap-default\">\n\t\t\t\t\t<div class=\"elementor-column elementor-col-100 elementor-top-column elementor-element elementor-element-a4eee03\" data-id=\"a4eee03\" data-element_type=\"column\">\n\t\t\t<div class=\"elementor-widget-wrap elementor-element-populated\">\n\t\t\t\t\t\t<div class=\"elementor-element elementor-element-1eeebe7 elementor-invisible elementor-widget elementor-widget-text-editor\" data-id=\"1eeebe7\" data-element_type=\"widget\" data-settings=\"{&quot;_animation&quot;:&quot;fadeInUp&quot;}\" data-widget_type=\"text-editor.default\">\n\t\t\t\t<div class=\"elementor-widget-container\">\n\t\t\t\t\t\t\t\t\t<p>Ha \u00d6n k\u00f6zleked\u00e9si balesetet okoz, nemcsak b\u00fcntet\u0151jogi, hanem polg\u00e1ri jogi felel\u0151ss\u00e9ggel is tartozhat az okozott k\u00e1r\u00e9rt. Az olyan balesetben \u00e9rintett g\u00e9pj\u00e1rm\u0171 tulajdonosa, amelyben a nem motoriz\u00e1lt forgalomban keletkezett k\u00e1r a g\u00e9pj\u00e1rm\u0171 tulajdonosa, felel\u0151s a k\u00e1r\u00e9rt (WVW 185. cikk (1) bekezd\u00e9s). A vis maior eseteit kiv\u00e9ve. A k\u00e1rt\u00e9r\u00edt\u00e9si teher megoszt\u00e1s\u00e1ra k\u00fcl\u00f6nleges szab\u00e1lyok vonatkoznak. Ha \u00d6n, mint g\u00e9pj\u00e1rm\u0171 vezet\u0151je olyan balesetben vesz r\u00e9szt, amelyben a m\u00e1sik szem\u00e9ly nem g\u00e9pj\u00e1rm\u0171 vezet\u0151je, \u00e9s \u00d6n a hib\u00e1s, akkor mindig legal\u00e1bb 50% k\u00e1rt\u00e9r\u00edt\u00e9si felel\u0151ss\u00e9ggel tartozik, kiv\u00e9ve, ha sz\u00e1nd\u00e9koss\u00e1g vagy gondatlans\u00e1g bizony\u00edthat\u00f3. Ha a k\u00e1rt szenvedett szem\u00e9ly 14 \u00e9v alatti, akkor mindig \u00d6nt terheli az 100% felel\u0151ss\u00e9g. A 14 \u00e9v alatti gyermekek ez\u00e9rt soha nem vonhat\u00f3k felel\u0151ss\u00e9gre.<\/p><p>A k\u00f6z\u00fati k\u00f6zleked\u00e9sr\u0151l sz\u00f3l\u00f3 t\u00f6rv\u00e9ny 185. cikk\u00e9nek van egy reflexhat\u00e1sa is: ha \u00d6n, mint motoriz\u00e1lt \u00fathaszn\u00e1l\u00f3, balesetet szenved egy nem motoriz\u00e1lt m\u00e1s \u00fathaszn\u00e1l\u00f3val, \u00e9s \u00d6nt k\u00e1r \u00e9ri, akkor \u00d6n felel\u0151s a saj\u00e1t k\u00e1r\u00e1\u00e9rt. Csak vis maior eset\u00e9n kaphat k\u00e1rt\u00e9r\u00edt\u00e9st \u00d6n, mint motoriz\u00e1lt \u00fathaszn\u00e1l\u00f3. Az 50% \u00e9s az 100% szab\u00e1lyra nem vonatkozik a reflexhat\u00e1s. Ez\u00e9rt ha \u00d6n, mint a k\u00f6zutak nem motoriz\u00e1lt haszn\u00e1l\u00f3ja olyan balesetet okoz, amely k\u00e1rt okoz a k\u00f6zutak motoriz\u00e1lt haszn\u00e1l\u00f3j\u00e1nak, nem kell megt\u00e9r\u00edtenie a m\u00e1sik f\u00e9l \u00e1ltal elszenvedett k\u00e1rt.<\/p><p>Sokan nincsenek tiszt\u00e1ban ezekkel a speci\u00e1lis felel\u0151ss\u00e9gi szab\u00e1lyokkal, amelyek a k\u00f6zleked\u00e9s okozta k\u00e1rokra vonatkoznak. K\u00f6zleked\u00e9si balesetet szenvedett \u00e9s ennek k\u00f6vetkezt\u00e9ben k\u00e1rt szenvedett, vagy felel\u0151ss\u00e9gre vont\u00e1k? Ha igen, akkor hagyja, hogy az Law &amp; More \u00fcgyv\u00e9dje seg\u00edtsen \u00d6nnek.<\/p>\t\t\t\t\t\t\t\t<\/div>\n\t\t\t\t<\/div>\n\t\t\t\t<div class=\"elementor-element elementor-element-c687e5d elementor-widget elementor-widget-image\" data-id=\"c687e5d\" data-element_type=\"widget\" data-widget_type=\"image.default\">\n\t\t\t\t<div class=\"elementor-widget-container\">\n\t\t\t\t\t\t\t\t\t\t\t\t\t\t\t<img fetchpriority=\"high\" decoding=\"async\" width=\"1920\" height=\"704\" src=\"https:\/\/verkeer.site\/wp-content\/uploads\/2018\/05\/Aansprakelijkheid-in-het-verkeer-185-WVW-.jpg\" class=\"attachment-full size-full wp-image-2053\" alt=\"Aansprakelijkheid in het verkeer (185 WVW)\" srcset=\"https:\/\/verkeer.site\/wp-content\/uploads\/2018\/05\/Aansprakelijkheid-in-het-verkeer-185-WVW-.jpg 1920w, https:\/\/verkeer.site\/wp-content\/uploads\/2018\/05\/Aansprakelijkheid-in-het-verkeer-185-WVW--300x110.jpg 300w, https:\/\/verkeer.site\/wp-content\/uploads\/2018\/05\/Aansprakelijkheid-in-het-verkeer-185-WVW--768x282.jpg 768w, https:\/\/verkeer.site\/wp-content\/uploads\/2018\/05\/Aansprakelijkheid-in-het-verkeer-185-WVW--1024x375.jpg 1024w, https:\/\/verkeer.site\/wp-content\/uploads\/2018\/05\/Aansprakelijkheid-in-het-verkeer-185-WVW--1670x612.jpg 1670w, https:\/\/verkeer.site\/wp-content\/uploads\/2018\/05\/Aansprakelijkheid-in-het-verkeer-185-WVW--880x323.jpg 880w, https:\/\/verkeer.site\/wp-content\/uploads\/2018\/05\/Aansprakelijkheid-in-het-verkeer-185-WVW--450x165.jpg 450w\" sizes=\"(max-width: 1920px) 100vw, 1920px\" \/>\t\t\t\t\t\t\t\t\t\t\t\t\t\t\t<\/div>\n\t\t\t\t<\/div>\n\t\t\t\t<div class=\"elementor-element elementor-element-c4fe150 elementor-invisible elementor-widget elementor-widget-text-editor\" data-id=\"c4fe150\" data-element_type=\"widget\" data-settings=\"{&quot;_animation&quot;:&quot;fadeInUp&quot;}\" data-widget_type=\"text-editor.default\">\n\t\t\t\t<div class=\"elementor-widget-container\">\n\t\t\t\t\t\t\t\t\t<h2>Hogyan seg\u00edthet\u00fcnk<\/h2><p>Az Law &amp; More seg\u00edts\u00e9get ny\u00fajt \u00d6nnek, ha ittas vezet\u00e9s miatt \u00fctk\u00f6zik a t\u00f6rv\u00e9nnyel.<\/p><p>Az alkoholellen\u0151rz\u00e9s sor\u00e1n hiba t\u00f6rt\u00e9nhetett, b\u00e1r a legt\u00f6bb ember, miut\u00e1n meg\u00e1llap\u00edtott\u00e1k az alkoholszintet, nem t\u00f6r\u0151dik vele, \u00e9s elfogadja a b\u00edrs\u00e1got vagy a j\u00e1rm\u0171vezet\u00e9st\u0151l val\u00f3 eltilt\u00e1st. Ha azonban bizonyos hib\u00e1kat v\u00e9tettek, az eredm\u00e9nyt m\u00e9g bizony\u00edt\u00e9kk\u00e9nt sem lehet felhaszn\u00e1lni, \u00e9s felment\u0151 \u00edt\u00e9letet hozhat.<\/p><p>Mind a b\u00fcntet\u00e9s kiszab\u00e1sa, mind a b\u00edr\u00f3s\u00e1g \u00e1ltali el\u00edt\u00e9l\u00e9s eset\u00e9n bejegyz\u00e9st kap az igazs\u00e1g\u00fcgyi dokument\u00e1ci\u00f3ba (n\u00e9pszer\u0171 nev\u00e9n: b\u0171n\u00fcgyi nyilv\u00e1ntart\u00e1s). Term\u00e9szetesen ezt el akarod ker\u00fclni.<\/p><p>Ezenk\u00edv\u00fcl seg\u00edt\u00fcnk \u00d6nnek az \u00fcgy\u00e9szs\u00e9ggel val\u00f3 \u00fcgyletk\u00f6t\u00e9sben is.<\/p>\t\t\t\t\t\t\t\t<\/div>\n\t\t\t\t<\/div>\n\t\t\t\t\t<\/div>\n\t\t<\/div>\n\t\t\t\t\t<\/div>\n\t\t<\/div>\n\t\t\t\t<div class=\"elementor-section elementor-top-section elementor-element elementor-element-af547d3 elementor-section-boxed elementor-section-height-default elementor-section-height-default\" data-id=\"af547d3\" data-element_type=\"section\" data-settings=\"{&quot;background_background&quot;:&quot;classic&quot;}\">\n\t\t\t\t\t\t<div class=\"elementor-container elementor-column-gap-default\">\n\t\t\t\t\t<div class=\"elementor-column elementor-col-66 elementor-top-column elementor-element elementor-element-ddfcaa7\" data-id=\"ddfcaa7\" data-element_type=\"column\">\n\t\t\t<div class=\"elementor-widget-wrap elementor-element-populated\">\n\t\t\t\t\t\t<div class=\"elementor-element elementor-element-5f82a45 elementor-widget elementor-widget-text-editor\" data-id=\"5f82a45\" data-element_type=\"widget\" data-widget_type=\"text-editor.default\">\n\t\t\t\t<div class=\"elementor-widget-container\">\n\t\t\t\t\t\t\t\t\t<p>\u00dcgyv\u00e9dre van sz\u00fcks\u00e9ge a k\u00f6zleked\u00e9si b\u00fcntet\u0151jogban?<br \/>K\u00e9rj\u00fck, vegye fel vel\u00fcnk a kapcsolatot a +31 40 369 06 80-as telefonsz\u00e1mon, vagy k\u00fcldj\u00f6n e-mailt a k\u00f6vetkez\u0151 c\u00edmre:<br \/>Tom Meevis, az Law &amp; More \u00fcgyv\u00e9dje - tom.meevis@lawandmore.nl<br \/>Maxim Hodak \u00far, az Law &amp; More \u00fcgyv\u00e9dje - maxim.hodak@lawandmore.nl<\/p>\t\t\t\t\t\t\t\t<\/div>\n\t\t\t\t<\/div>\n\t\t\t\t\t<\/div>\n\t\t<\/div>\n\t\t\t\t<div class=\"elementor-column elementor-col-33 elementor-top-column elementor-element elementor-element-11ccdb2\" data-id=\"11ccdb2\" data-element_type=\"column\">\n\t\t\t<div class=\"elementor-widget-wrap elementor-element-populated\">\n\t\t\t\t\t\t<div class=\"elementor-element elementor-element-330a0af elementor-align-center elementor-mobile-align-left elementor-invisible elementor-widget elementor-widget-button\" data-id=\"330a0af\" data-element_type=\"widget\" data-settings=\"{&quot;_animation&quot;:&quot;fadeInUp&quot;,&quot;_animation_delay&quot;:500}\" data-widget_type=\"button.default\">\n\t\t\t\t<div class=\"elementor-widget-container\">\n\t\t\t\t\t\t\t\t\t<div class=\"elementor-button-wrapper\">\n\t\t\t\t\t<a class=\"elementor-button elementor-button-link elementor-size-md\" href=\"https:\/\/verkeer.site\/hu\/contact\/\">\n\t\t\t\t\t\t<span class=\"elementor-button-content-wrapper\">\n\t\t\t\t\t\t\t\t\t<span class=\"elementor-button-text\">KAPCSOLATFELV\u00c9TEL<\/span>\n\t\t\t\t\t<\/span>\n\t\t\t\t\t<\/a>\n\t\t\t\t<\/div>\n\t\t\t\t\t\t\t\t<\/div>\n\t\t\t\t<\/div>\n\t\t\t\t\t<\/div>\n\t\t<\/div>\n\t\t\t\t\t<\/div>\n\t\t<\/div>\n\t\t\t\t<\/div>","protected":false},"excerpt":{"rendered":"<p>Felel\u0151ss\u00e9g a k\u00f6z\u00fati forgalomban (185 WVW) Ha \u00d6n balesetet okoz a k\u00f6z\u00fati forgalomban, amellett, hogy b\u00fcntethet\u0151, polg\u00e1ri jogi felel\u0151ss\u00e9ggel is tartozhat az ebb\u0151l ered\u0151 k\u00e1rok\u00e9rt. A tulajdonos egy [...]<\/p>","protected":false},"author":1,"featured_media":3105,"parent":0,"menu_order":0,"comment_status":"closed","ping_status":"closed","template":"","meta":{"footnotes":""},"class_list":["post-3420","page","type-page","status-publish","has-post-thumbnail","hentry"],"yoast_head":"<!-- This site is optimized with the Yoast SEO plugin v25.6 - https:\/\/yoast.com\/wordpress\/plugins\/seo\/ -->\n<title>Aansprakelijkheid in het verkeer (185 WVW) - Verkeer.site<\/title>\n<meta name=\"description\" content=\"Als u een ongeluk veroorzaakt in het verkeer dan kunt naast strafbaar zijn ook nog civielrechtelijk aansprakelijk zijn voor de schade...\" \/>\n<meta name=\"robots\" content=\"index, follow, max-snippet:-1, max-image-preview:large, max-video-preview:-1\" \/>\n<link rel=\"canonical\" href=\"https:\/\/verkeer.site\/hu\/ansprakelijkheid-in-het-verkeer-185-wvw\/\" \/>\n<meta property=\"og:locale\" content=\"hu_HU\" \/>\n<meta property=\"og:type\" content=\"article\" \/>\n<meta property=\"og:title\" content=\"Aansprakelijkheid in het verkeer (185 WVW) - Verkeer.site\" \/>\n<meta property=\"og:description\" content=\"Als u een ongeluk veroorzaakt in het verkeer dan kunt naast strafbaar zijn ook nog civielrechtelijk aansprakelijk zijn voor de schade...\" \/>\n<meta property=\"og:url\" content=\"https:\/\/verkeer.site\/hu\/ansprakelijkheid-in-het-verkeer-185-wvw\/\" \/>\n<meta property=\"og:site_name\" content=\"Verkeer.site\" \/>\n<meta property=\"article:publisher\" content=\"https:\/\/www.facebook.com\/LawAndMoreNl\" \/>\n<meta property=\"article:modified_time\" content=\"2022-06-01T14:05:25+00:00\" \/>\n<meta property=\"og:image\" content=\"https:\/\/verkeer.site\/wp-content\/uploads\/2022\/06\/police-1.jpg\" \/>\n\t<meta property=\"og:image:width\" content=\"960\" \/>\n\t<meta property=\"og:image:height\" content=\"720\" \/>\n\t<meta property=\"og:image:type\" content=\"image\/jpeg\" \/>\n<meta name=\"twitter:card\" content=\"summary_large_image\" \/>\n<meta name=\"twitter:site\" content=\"@LawandMorenl\" \/>\n<meta name=\"twitter:label1\" content=\"Est. reading time\" \/>\n\t<meta name=\"twitter:data1\" content=\"3 minutes\" \/>\n<script type=\"application\/ld+json\" class=\"yoast-schema-graph\">{\"@context\":\"https:\/\/schema.org\",\"@graph\":[{\"@type\":\"WebPage\",\"@id\":\"https:\/\/verkeer.site\/ansprakelijkheid-in-het-verkeer-185-wvw\/\",\"url\":\"https:\/\/verkeer.site\/ansprakelijkheid-in-het-verkeer-185-wvw\/\",\"name\":\"Aansprakelijkheid in het verkeer (185 WVW) - Verkeer.site\",\"isPartOf\":{\"@id\":\"https:\/\/verkeer.site\/#website\"},\"primaryImageOfPage\":{\"@id\":\"https:\/\/verkeer.site\/ansprakelijkheid-in-het-verkeer-185-wvw\/#primaryimage\"},\"image\":{\"@id\":\"https:\/\/verkeer.site\/ansprakelijkheid-in-het-verkeer-185-wvw\/#primaryimage\"},\"thumbnailUrl\":\"https:\/\/verkeer.site\/wp-content\/uploads\/2022\/06\/police-1.jpg\",\"datePublished\":\"2022-06-01T12:42:05+00:00\",\"dateModified\":\"2022-06-01T14:05:25+00:00\",\"description\":\"Als u een ongeluk veroorzaakt in het verkeer dan kunt naast strafbaar zijn ook nog civielrechtelijk aansprakelijk zijn voor de schade...\",\"breadcrumb\":{\"@id\":\"https:\/\/verkeer.site\/ansprakelijkheid-in-het-verkeer-185-wvw\/#breadcrumb\"},\"inLanguage\":\"hu-HU\",\"potentialAction\":[{\"@type\":\"ReadAction\",\"target\":[\"https:\/\/verkeer.site\/ansprakelijkheid-in-het-verkeer-185-wvw\/\"]}]},{\"@type\":\"ImageObject\",\"inLanguage\":\"hu-HU\",\"@id\":\"https:\/\/verkeer.site\/ansprakelijkheid-in-het-verkeer-185-wvw\/#primaryimage\",\"url\":\"https:\/\/verkeer.site\/wp-content\/uploads\/2022\/06\/police-1.jpg\",\"contentUrl\":\"https:\/\/verkeer.site\/wp-content\/uploads\/2022\/06\/police-1.jpg\",\"width\":960,\"height\":720,\"caption\":\"police-1\"},{\"@type\":\"BreadcrumbList\",\"@id\":\"https:\/\/verkeer.site\/ansprakelijkheid-in-het-verkeer-185-wvw\/#breadcrumb\",\"itemListElement\":[{\"@type\":\"ListItem\",\"position\":1,\"name\":\"Home\",\"item\":\"https:\/\/verkeer.site\/\"},{\"@type\":\"ListItem\",\"position\":2,\"name\":\"Aansprakelijkheid in het verkeer (185 WVW)\"}]},{\"@type\":\"WebSite\",\"@id\":\"https:\/\/verkeer.site\/#website\",\"url\":\"https:\/\/verkeer.site\/\",\"name\":\"Verkeer.site\",\"description\":\"Advocaten Verkeersstrafrecht\",\"publisher\":{\"@id\":\"https:\/\/verkeer.site\/#organization\"},\"potentialAction\":[{\"@type\":\"SearchAction\",\"target\":{\"@type\":\"EntryPoint\",\"urlTemplate\":\"https:\/\/verkeer.site\/?s={search_term_string}\"},\"query-input\":{\"@type\":\"PropertyValueSpecification\",\"valueRequired\":true,\"valueName\":\"search_term_string\"}}],\"inLanguage\":\"hu-HU\"},{\"@type\":\"Organization\",\"@id\":\"https:\/\/verkeer.site\/#organization\",\"name\":\"Law & More B.V.\",\"url\":\"https:\/\/verkeer.site\/\",\"logo\":{\"@type\":\"ImageObject\",\"inLanguage\":\"hu-HU\",\"@id\":\"https:\/\/verkeer.site\/#\/schema\/logo\/image\/\",\"url\":\"https:\/\/verkeer.site\/wp-content\/uploads\/2019\/04\/lawmore_logo_LM_only_copy.jpg\",\"contentUrl\":\"https:\/\/verkeer.site\/wp-content\/uploads\/2019\/04\/lawmore_logo_LM_only_copy.jpg\",\"width\":665,\"height\":665,\"caption\":\"Law & More B.V.\"},\"image\":{\"@id\":\"https:\/\/verkeer.site\/#\/schema\/logo\/image\/\"},\"sameAs\":[\"https:\/\/www.facebook.com\/LawAndMoreNl\",\"https:\/\/x.com\/LawandMorenl\",\"https:\/\/www.instagram.com\/lawandmore\/\",\"https:\/\/nl.linkedin.com\/company\/5339401\"]}]}<\/script>\n<!-- \/ Yoast SEO plugin. -->","yoast_head_json":{"title":"Felel\u0151ss\u00e9g a forgalomban (185 WVW) - Verkeer.site","description":"Ha \u00d6n balesetet okoz a forgalomban, a b\u00fcntethet\u0151s\u00e9gen t\u00fal polg\u00e1ri jogi k\u00e1rt\u00e9r\u00edt\u00e9si felel\u0151ss\u00e9ggel is sz\u00e1molhat.","robots":{"index":"index","follow":"follow","max-snippet":"max-snippet:-1","max-image-preview":"max-image-preview:large","max-video-preview":"max-video-preview:-1"},"canonical":"https:\/\/verkeer.site\/hu\/ansprakelijkheid-in-het-verkeer-185-wvw\/","og_locale":"hu_HU","og_type":"article","og_title":"Aansprakelijkheid in het verkeer (185 WVW) - Verkeer.site","og_description":"Als u een ongeluk veroorzaakt in het verkeer dan kunt naast strafbaar zijn ook nog civielrechtelijk aansprakelijk zijn voor de schade...","og_url":"https:\/\/verkeer.site\/hu\/ansprakelijkheid-in-het-verkeer-185-wvw\/","og_site_name":"Verkeer.site","article_publisher":"https:\/\/www.facebook.com\/LawAndMoreNl","article_modified_time":"2022-06-01T14:05:25+00:00","og_image":[{"width":960,"height":720,"url":"https:\/\/verkeer.site\/wp-content\/uploads\/2022\/06\/police-1.jpg","type":"image\/jpeg"}],"twitter_card":"summary_large_image","twitter_site":"@LawandMorenl","twitter_misc":{"Est. reading time":"3 minutes"},"schema":{"@context":"https:\/\/schema.org","@graph":[{"@type":"WebPage","@id":"https:\/\/verkeer.site\/ansprakelijkheid-in-het-verkeer-185-wvw\/","url":"https:\/\/verkeer.site\/ansprakelijkheid-in-het-verkeer-185-wvw\/","name":"Felel\u0151ss\u00e9g a forgalomban (185 WVW) - Verkeer.site","isPartOf":{"@id":"https:\/\/verkeer.site\/#website"},"primaryImageOfPage":{"@id":"https:\/\/verkeer.site\/ansprakelijkheid-in-het-verkeer-185-wvw\/#primaryimage"},"image":{"@id":"https:\/\/verkeer.site\/ansprakelijkheid-in-het-verkeer-185-wvw\/#primaryimage"},"thumbnailUrl":"https:\/\/verkeer.site\/wp-content\/uploads\/2022\/06\/police-1.jpg","datePublished":"2022-06-01T12:42:05+00:00","dateModified":"2022-06-01T14:05:25+00:00","description":"Ha \u00d6n balesetet okoz a forgalomban, a b\u00fcntethet\u0151s\u00e9gen t\u00fal polg\u00e1ri jogi k\u00e1rt\u00e9r\u00edt\u00e9si felel\u0151ss\u00e9ggel is sz\u00e1molhat.","breadcrumb":{"@id":"https:\/\/verkeer.site\/ansprakelijkheid-in-het-verkeer-185-wvw\/#breadcrumb"},"inLanguage":"hu-HU","potentialAction":[{"@type":"ReadAction","target":["https:\/\/verkeer.site\/ansprakelijkheid-in-het-verkeer-185-wvw\/"]}]},{"@type":"ImageObject","inLanguage":"hu-HU","@id":"https:\/\/verkeer.site\/ansprakelijkheid-in-het-verkeer-185-wvw\/#primaryimage","url":"https:\/\/verkeer.site\/wp-content\/uploads\/2022\/06\/police-1.jpg","contentUrl":"https:\/\/verkeer.site\/wp-content\/uploads\/2022\/06\/police-1.jpg","width":960,"height":720,"caption":"police-1"},{"@type":"BreadcrumbList","@id":"https:\/\/verkeer.site\/ansprakelijkheid-in-het-verkeer-185-wvw\/#breadcrumb","itemListElement":[{"@type":"ListItem","position":1,"name":"Home","item":"https:\/\/verkeer.site\/"},{"@type":"ListItem","position":2,"name":"Aansprakelijkheid in het verkeer (185 WVW)"}]},{"@type":"WebSite","@id":"https:\/\/verkeer.site\/#website","url":"https:\/\/verkeer.site\/","name":"Traffic.site","description":"K\u00f6zleked\u00e9si b\u00fcntet\u0151\u00fcgyv\u00e9dek","publisher":{"@id":"https:\/\/verkeer.site\/#organization"},"potentialAction":[{"@type":"SearchAction","target":{"@type":"EntryPoint","urlTemplate":"https:\/\/verkeer.site\/?s={search_term_string}"},"query-input":{"@type":"PropertyValueSpecification","valueRequired":true,"valueName":"search_term_string"}}],"inLanguage":"hu-HU"},{"@type":"Organization","@id":"https:\/\/verkeer.site\/#organization","name":"Law &amp; More B.V.","url":"https:\/\/verkeer.site\/","logo":{"@type":"ImageObject","inLanguage":"hu-HU","@id":"https:\/\/verkeer.site\/#\/schema\/logo\/image\/","url":"https:\/\/verkeer.site\/wp-content\/uploads\/2019\/04\/lawmore_logo_LM_only_copy.jpg","contentUrl":"https:\/\/verkeer.site\/wp-content\/uploads\/2019\/04\/lawmore_logo_LM_only_copy.jpg","width":665,"height":665,"caption":"Law & More B.V."},"image":{"@id":"https:\/\/verkeer.site\/#\/schema\/logo\/image\/"},"sameAs":["https:\/\/www.facebook.com\/LawAndMoreNl","https:\/\/x.com\/LawandMorenl","https:\/\/www.instagram.com\/lawandmore\/","https:\/\/nl.linkedin.com\/company\/5339401"]}]}},"_links":{"self":[{"href":"https:\/\/verkeer.site\/hu\/wp-json\/wp\/v2\/pages\/3420","targetHints":{"allow":["GET"]}}],"collection":[{"href":"https:\/\/verkeer.site\/hu\/wp-json\/wp\/v2\/pages"}],"about":[{"href":"https:\/\/verkeer.site\/hu\/wp-json\/wp\/v2\/types\/page"}],"author":[{"embeddable":true,"href":"https:\/\/verkeer.site\/hu\/wp-json\/wp\/v2\/users\/1"}],"replies":[{"embeddable":true,"href":"https:\/\/verkeer.site\/hu\/wp-json\/wp\/v2\/comments?post=3420"}],"version-history":[{"count":0,"href":"https:\/\/verkeer.site\/hu\/wp-json\/wp\/v2\/pages\/3420\/revisions"}],"wp:featuredmedia":[{"embeddable":true,"href":"https:\/\/verkeer.site\/hu\/wp-json\/wp\/v2\/media\/3105"}],"wp:attachment":[{"href":"https:\/\/verkeer.site\/hu\/wp-json\/wp\/v2\/media?parent=3420"}],"curies":[{"name":"wp","href":"https:\/\/api.w.org\/{rel}","templated":true}]}}