{"id":3345,"date":"2022-06-01T13:02:05","date_gmt":"2022-06-01T12:02:05","guid":{"rendered":"https:\/\/verkeer.site\/?page_id=3345"},"modified":"2022-06-01T13:29:28","modified_gmt":"2022-06-01T12:29:28","slug":"cookie-statement","status":"publish","type":"page","link":"https:\/\/verkeer.site\/hu\/cookie-statement\/","title":{"rendered":"Cookie nyilatkozat"},"content":{"rendered":"<div data-elementor-type=\"wp-page\" data-elementor-id=\"3345\" class=\"elementor elementor-3345\" data-elementor-post-type=\"page\">\n\t\t\t\t\t\t<div class=\"elementor-section elementor-top-section elementor-element elementor-element-ce48caf elementor-section-boxed elementor-section-height-default elementor-section-height-default\" data-id=\"ce48caf\" data-element_type=\"section\" data-settings=\"{&quot;background_background&quot;:&quot;classic&quot;,&quot;background_motion_fx_motion_fx_scrolling&quot;:&quot;yes&quot;,&quot;background_motion_fx_translateY_effect&quot;:&quot;yes&quot;,&quot;background_motion_fx_translateY_speed&quot;:{&quot;unit&quot;:&quot;px&quot;,&quot;size&quot;:4,&quot;sizes&quot;:[]},&quot;background_motion_fx_translateY_affectedRange&quot;:{&quot;unit&quot;:&quot;%&quot;,&quot;size&quot;:&quot;&quot;,&quot;sizes&quot;:{&quot;start&quot;:0,&quot;end&quot;:100}},&quot;background_motion_fx_devices&quot;:[&quot;desktop&quot;,&quot;laptop&quot;,&quot;tablet&quot;,&quot;mobile_extra&quot;,&quot;mobile&quot;]}\">\n\t\t\t\t\t\t\t<div class=\"elementor-background-overlay\"><\/div>\n\t\t\t\t\t\t\t<div class=\"elementor-container elementor-column-gap-default\">\n\t\t\t\t\t<div class=\"elementor-column elementor-col-100 elementor-top-column elementor-element elementor-element-c2bcda1\" data-id=\"c2bcda1\" data-element_type=\"column\">\n\t\t\t<div class=\"elementor-widget-wrap elementor-element-populated\">\n\t\t\t\t\t\t<div class=\"elementor-element elementor-element-7b5354e elementor-widget elementor-widget-heading\" data-id=\"7b5354e\" data-element_type=\"widget\" data-widget_type=\"heading.default\">\n\t\t\t\t<div class=\"elementor-widget-container\">\n\t\t\t\t\t<h2 class=\"elementor-heading-title elementor-size-default\">Cookie nyilatkozat<\/h2>\t\t\t\t<\/div>\n\t\t\t\t<\/div>\n\t\t\t\t\t<\/div>\n\t\t<\/div>\n\t\t\t\t\t<\/div>\n\t\t<\/div>\n\t\t\t\t<div class=\"elementor-section elementor-top-section elementor-element elementor-element-c023ed4 elementor-section-boxed elementor-section-height-default elementor-section-height-default\" data-id=\"c023ed4\" data-element_type=\"section\">\n\t\t\t\t\t\t<div class=\"elementor-container elementor-column-gap-default\">\n\t\t\t\t\t<div class=\"elementor-column elementor-col-100 elementor-top-column elementor-element elementor-element-a4eee03\" data-id=\"a4eee03\" data-element_type=\"column\">\n\t\t\t<div class=\"elementor-widget-wrap elementor-element-populated\">\n\t\t\t\t\t\t<div class=\"elementor-element elementor-element-c4fe150 elementor-invisible elementor-widget elementor-widget-text-editor\" data-id=\"c4fe150\" data-element_type=\"widget\" data-settings=\"{&quot;_animation&quot;:&quot;fadeInUp&quot;}\" data-widget_type=\"text-editor.default\">\n\t\t\t\t<div class=\"elementor-widget-container\">\n\t\t\t\t\t\t\t\t\t<h2>Mik azok a s\u00fctik?<\/h2><p>A cookie egy egyszer\u0171 kis sz\u00f6veges f\u00e1jl, amely az \u00d6n sz\u00e1m\u00edt\u00f3g\u00e9p\u00e9n, telefonj\u00e1n vagy t\u00e1blag\u00e9p\u00e9n ker\u00fcl elhelyez\u00e9sre az Law &amp; More weboldalainak l\u00e1togat\u00e1sa sor\u00e1n. A s\u00fctik az Law &amp; More weboldalain tal\u00e1lhat\u00f3 oldalakkal egy\u00fctt ker\u00fclnek elk\u00fcld\u00e9sre. Az ott t\u00e1rolt inform\u00e1ci\u00f3k a weboldal k\u00f6vetkez\u0151 l\u00e1togat\u00e1sa sor\u00e1n visszak\u00fcldhet\u0151k a szerverekre. Ez lehet\u0151v\u00e9 teszi, hogy a weboldal felismerje \u00d6nt, amikor legk\u00f6zelebb megl\u00e1togatja. A s\u00fctik f\u0151 funkci\u00f3ja az, hogy megk\u00fcl\u00f6nb\u00f6ztess\u00e9k az egyes felhaszn\u00e1l\u00f3kat egym\u00e1st\u00f3l. Ez\u00e9rt gyakran haszn\u00e1lnak s\u00fctiket olyan weboldalakon, ahol be kell jelentkeznie. A cookie p\u00e9ld\u00e1ul biztos\u00edtja, hogy \u00d6n bejelentkezve maradjon, amikor haszn\u00e1lja a weboldalt. \u00d6n b\u00e1rmikor elutas\u00edthatja e s\u00fctik haszn\u00e1lat\u00e1t, b\u00e1r ez korl\u00e1tozhatja a weboldalak funkcionalit\u00e1s\u00e1t \u00e9s k\u00f6nny\u0171 haszn\u00e1lat\u00e1t.<\/p><h2>Funkcion\u00e1lis s\u00fctik<\/h2><p>Az Law &amp; More funkcion\u00e1lis s\u00fctiket haszn\u00e1l. Ezek olyan s\u00fctik, amelyeket maga a weboldal telep\u00edt \u00e9s c\u00edmez. A funkcion\u00e1lis cookie-k a weboldal megfelel\u0151 m\u0171k\u00f6d\u00e9s\u00e9hez sz\u00fcks\u00e9gesek. Ezek a s\u00fctik alap\u00e9rtelmez\u00e9s szerint ker\u00fclnek elhelyez\u00e9sre, \u00e9s nem t\u00f6rl\u0151dnek, ha \u00d6n nem fogadja el \u0151ket. A funkcion\u00e1lis s\u00fctik nem t\u00e1rolnak szem\u00e9lyes adatokat, \u00e9s nem tartalmaznak olyan adatokat, amelyek alapj\u00e1n \u00d6nt nyomon lehetne k\u00f6vetni. A funkcion\u00e1lis s\u00fctiket p\u00e9ld\u00e1ul a Google Maps f\u00f6ldrajzi t\u00e9rk\u00e9p\u00e9nek a weboldalon val\u00f3 elhelyez\u00e9s\u00e9re haszn\u00e1lj\u00e1k. Ezeket az inform\u00e1ci\u00f3kat a lehet\u0151 legnagyobb m\u00e9rt\u00e9kben anonimiz\u00e1ljuk. Az \u00d6n IP-c\u00edme nem ker\u00fcl tov\u00e1bb\u00edt\u00e1sra a Google-nak. Az Law &amp; More tov\u00e1bb\u00e1 jelezte, hogy nem osztja meg az adatokat a Google-lal, \u00e9s a Google ez\u00e9rt nem haszn\u00e1lhatja fel a weboldalon kereszt\u00fcl szerzett adatokat saj\u00e1t c\u00e9ljaira.<\/p><h2>Google Analytics<\/h2><p>Az Law &amp; More a Google Analytics cookie-kat haszn\u00e1l a felhaszn\u00e1l\u00f3i viselked\u00e9s \u00e9s az \u00e1ltal\u00e1nos trendek nyomon k\u00f6vet\u00e9se, valamint jelent\u00e9sek k\u00e9sz\u00edt\u00e9se c\u00e9lj\u00e1b\u00f3l. Az analitikai s\u00fctiket a weboldal l\u00e1togat\u00f3inak szem\u00e9lyes adatainak feldolgoz\u00e1s\u00e1ra haszn\u00e1lj\u00e1k. Az analitikai s\u00fctik lehet\u0151v\u00e9 teszik az Law &amp; More sz\u00e1m\u00e1ra, hogy m\u00e9rje a weboldal l\u00e1togat\u00f3inak sz\u00e1m\u00e1t. Ezek a statisztik\u00e1k lehet\u0151v\u00e9 teszik az Law &amp; More sz\u00e1m\u00e1ra, hogy meg\u00e9rtse, milyen gyakran haszn\u00e1lj\u00e1k a weboldalt, milyen inform\u00e1ci\u00f3kat keresnek a l\u00e1togat\u00f3k, \u00e9s a weboldal mely oldalait l\u00e1togatj\u00e1k a leggyakrabban. Ez lehet\u0151v\u00e9 teszi az Law &amp; More sz\u00e1m\u00e1ra, hogy meg\u00e1llap\u00edtsa, a weboldal mely r\u00e9szei n\u00e9pszer\u0171ek, \u00e9s mely pontokon lehet jav\u00edtani. A weboldal forgalm\u00e1t elemezz\u00fck annak \u00e9rdek\u00e9ben, hogy jav\u00edtsuk a weboldalt, \u00e9s a l\u00e1togat\u00f3k sz\u00e1m\u00e1ra a lehet\u0151 legkellemesebb\u00e9 tegy\u00fck az \u00e9lm\u00e9nyt. Az \u00f6sszegy\u0171jt\u00f6tt statisztik\u00e1k nem vezethet\u0151k vissza egy\u00e9nekre, \u00e9s a lehet\u0151 legnagyobb m\u00e9rt\u00e9kben anonimiz\u00e1ltak. Az Law &amp; More weboldalainak haszn\u00e1lat\u00e1val \u00d6n hozz\u00e1j\u00e1rul ahhoz, hogy a Google a fentiekben meghat\u00e1rozott m\u00f3don \u00e9s c\u00e9lokra feldolgozza az \u00d6nre vonatkoz\u00f3 adatokat. A Google \u00e1tadhatja ezeket az inform\u00e1ci\u00f3kat harmadik feleknek, ha a Google erre t\u00f6rv\u00e9nyileg k\u00f6telezett, vagy amennyiben harmadik felek a Google megb\u00edz\u00e1s\u00e1b\u00f3l dolgoznak fel inform\u00e1ci\u00f3kat.<\/p><h2>S\u00fctik a k\u00f6z\u00f6ss\u00e9gi m\u00e9dia integr\u00e1ci\u00f3hoz<\/h2><p>Az Law &amp; More s\u00fctiket haszn\u00e1l a k\u00f6z\u00f6ss\u00e9gi m\u00e9dia integr\u00e1ci\u00f3j\u00e1nak lehet\u0151v\u00e9 t\u00e9tel\u00e9hez is. A weboldal linkeket tartalmaz a Facebook, Instagram, Twitter \u00e9s LinkedIn k\u00f6z\u00f6ss\u00e9gi h\u00e1l\u00f3zatokra. Ezek a linkek lehet\u0151v\u00e9 teszik az oldalak megoszt\u00e1s\u00e1t vagy n\u00e9pszer\u0171s\u00edt\u00e9s\u00e9t ezeken a h\u00e1l\u00f3zatokon. A linkek megval\u00f3s\u00edt\u00e1s\u00e1hoz sz\u00fcks\u00e9ges k\u00f3dot maguk a Facebook, az Instagram, a Twitter \u00e9s a LinkedIn szolg\u00e1ltatja. Ezek a k\u00f3dok egy s\u00fctit is elhelyeznek. Ez lehet\u0151v\u00e9 teszi a k\u00f6z\u00f6ss\u00e9gi h\u00e1l\u00f3zatok sz\u00e1m\u00e1ra, hogy felismerj\u00e9k \u00d6nt, amikor bejelentkezik az adott k\u00f6z\u00f6ss\u00e9gi h\u00e1l\u00f3zatba. Emellett adatokat gy\u0171jtenek az \u00d6n \u00e1ltal megosztott oldalakr\u00f3l is. Az Law &amp; More-nek nincs befoly\u00e1sa arra, hogy ezek a harmadik felek hogyan helyezik el \u00e9s haszn\u00e1lj\u00e1k a s\u00fctiket. A k\u00f6z\u00f6ss\u00e9gi h\u00e1l\u00f3zatok \u00e1ltal gy\u0171jt\u00f6tt adatokkal kapcsolatos tov\u00e1bbi inform\u00e1ci\u00f3k\u00e9rt az Law &amp; More a Facebook, az Instagram, a Twitter \u00e9s a LinkedIn adatv\u00e9delmi nyilatkozataira hivatkozik.<\/p><h2>S\u00fctik t\u00f6rl\u00e9se<\/h2><p>Ha nem szeretn\u00e9, hogy az Law &amp; More cookie-kat t\u00e1roljon a weboldalon kereszt\u00fcl, akkor a b\u00f6ng\u00e9sz\u0151 be\u00e1ll\u00edt\u00e1saiban letilthatja a cookie-k elfogad\u00e1s\u00e1t. Ez biztos\u00edtja, hogy a cookie-kat t\u00f6bb\u00e9 nem t\u00e1rolj\u00e1k. A s\u00fctik n\u00e9lk\u00fcl azonban el\u0151fordulhat, hogy a weboldal egyes funkci\u00f3i nem vagy nem megfelel\u0151en m\u0171k\u00f6dnek. Mivel a cookie-kat az \u00d6n saj\u00e1t sz\u00e1m\u00edt\u00f3g\u00e9p\u00e9n t\u00e1rolj\u00e1k, azokat csak saj\u00e1t maga t\u00f6r\u00f6lheti. Ehhez k\u00e9rj\u00fck, olvassa el a b\u00f6ng\u00e9sz\u0151je utas\u00edt\u00e1sait.<\/p>\t\t\t\t\t\t\t\t<\/div>\n\t\t\t\t<\/div>\n\t\t\t\t\t<\/div>\n\t\t<\/div>\n\t\t\t\t\t<\/div>\n\t\t<\/div>\n\t\t\t\t<div class=\"elementor-section elementor-top-section elementor-element elementor-element-af547d3 elementor-section-boxed elementor-section-height-default elementor-section-height-default\" data-id=\"af547d3\" data-element_type=\"section\" data-settings=\"{&quot;background_background&quot;:&quot;classic&quot;}\">\n\t\t\t\t\t\t<div class=\"elementor-container elementor-column-gap-default\">\n\t\t\t\t\t<div class=\"elementor-column elementor-col-66 elementor-top-column elementor-element elementor-element-ddfcaa7\" data-id=\"ddfcaa7\" data-element_type=\"column\">\n\t\t\t<div class=\"elementor-widget-wrap elementor-element-populated\">\n\t\t\t\t\t\t<div class=\"elementor-element elementor-element-5f82a45 elementor-widget elementor-widget-text-editor\" data-id=\"5f82a45\" data-element_type=\"widget\" data-widget_type=\"text-editor.default\">\n\t\t\t\t<div class=\"elementor-widget-container\">\n\t\t\t\t\t\t\t\t\t<p>\u00dcgyv\u00e9dre van sz\u00fcks\u00e9ge a k\u00f6zleked\u00e9si b\u00fcntet\u0151jogban?<br \/>K\u00e9rj\u00fck, vegye fel vel\u00fcnk a kapcsolatot a +31 40 369 06 80-as telefonsz\u00e1mon, vagy k\u00fcldj\u00f6n e-mailt a k\u00f6vetkez\u0151 c\u00edmre:<br \/>Tom Meevis, az Law &amp; More \u00fcgyv\u00e9dje - tom.meevis@lawandmore.nl<br \/>Maxim Hodak \u00far, az Law &amp; More \u00fcgyv\u00e9dje - maxim.hodak@lawandmore.nl<\/p>\t\t\t\t\t\t\t\t<\/div>\n\t\t\t\t<\/div>\n\t\t\t\t\t<\/div>\n\t\t<\/div>\n\t\t\t\t<div class=\"elementor-column elementor-col-33 elementor-top-column elementor-element elementor-element-11ccdb2\" data-id=\"11ccdb2\" data-element_type=\"column\">\n\t\t\t<div class=\"elementor-widget-wrap elementor-element-populated\">\n\t\t\t\t\t\t<div class=\"elementor-element elementor-element-330a0af elementor-align-center elementor-mobile-align-left elementor-invisible elementor-widget elementor-widget-button\" data-id=\"330a0af\" data-element_type=\"widget\" data-settings=\"{&quot;_animation&quot;:&quot;fadeInUp&quot;,&quot;_animation_delay&quot;:500}\" data-widget_type=\"button.default\">\n\t\t\t\t<div class=\"elementor-widget-container\">\n\t\t\t\t\t\t\t\t\t<div class=\"elementor-button-wrapper\">\n\t\t\t\t\t<a class=\"elementor-button elementor-button-link elementor-size-md\" href=\"https:\/\/verkeer.site\/hu\/contact\/\">\n\t\t\t\t\t\t<span class=\"elementor-button-content-wrapper\">\n\t\t\t\t\t\t\t\t\t<span class=\"elementor-button-text\">KAPCSOLATFELV\u00c9TEL<\/span>\n\t\t\t\t\t<\/span>\n\t\t\t\t\t<\/a>\n\t\t\t\t<\/div>\n\t\t\t\t\t\t\t\t<\/div>\n\t\t\t\t<\/div>\n\t\t\t\t\t<\/div>\n\t\t<\/div>\n\t\t\t\t\t<\/div>\n\t\t<\/div>\n\t\t\t\t<\/div>","protected":false},"excerpt":{"rendered":"<p>Cookie nyilatkozat Mik azok a s\u00fctik? A cookie egy egyszer\u0171 kis sz\u00f6veges f\u00e1jl, amely az \u00d6n sz\u00e1m\u00edt\u00f3g\u00e9p\u00e9n, telefonj\u00e1n vagy t\u00e1blag\u00e9p\u00e9n ker\u00fcl elhelyez\u00e9sre az Law &amp; More weboldalainak l\u00e1togat\u00e1sa sor\u00e1n. A cookie-kat a [...]<\/p>","protected":false},"author":1,"featured_media":3105,"parent":0,"menu_order":0,"comment_status":"closed","ping_status":"closed","template":"","meta":{"footnotes":""},"class_list":["post-3345","page","type-page","status-publish","has-post-thumbnail","hentry"],"yoast_head":"<!-- This site is optimized with the Yoast SEO plugin v25.6 - https:\/\/yoast.com\/wordpress\/plugins\/seo\/ -->\n<title>Cookie statement - Verkeer.site<\/title>\n<meta name=\"description\" content=\"Cookies worden met de pagina\u2019s op de websites van Law &amp; More meegestuurd. De daarin opgeslagen informatie kan bij een volgend bezoek aan...\" \/>\n<meta name=\"robots\" content=\"index, follow, max-snippet:-1, max-image-preview:large, max-video-preview:-1\" \/>\n<link rel=\"canonical\" href=\"https:\/\/verkeer.site\/hu\/cookie-statement\/\" \/>\n<meta property=\"og:locale\" content=\"hu_HU\" \/>\n<meta property=\"og:type\" content=\"article\" \/>\n<meta property=\"og:title\" content=\"Cookie statement - Verkeer.site\" \/>\n<meta property=\"og:description\" content=\"Cookies worden met de pagina\u2019s op de websites van Law &amp; More meegestuurd. De daarin opgeslagen informatie kan bij een volgend bezoek aan...\" \/>\n<meta property=\"og:url\" content=\"https:\/\/verkeer.site\/hu\/cookie-statement\/\" \/>\n<meta property=\"og:site_name\" content=\"Verkeer.site\" \/>\n<meta property=\"article:publisher\" content=\"https:\/\/www.facebook.com\/LawAndMoreNl\" \/>\n<meta property=\"article:modified_time\" content=\"2022-06-01T12:29:28+00:00\" \/>\n<meta property=\"og:image\" content=\"https:\/\/verkeer.site\/wp-content\/uploads\/2022\/06\/police-1.jpg\" \/>\n\t<meta property=\"og:image:width\" content=\"960\" \/>\n\t<meta property=\"og:image:height\" content=\"720\" \/>\n\t<meta property=\"og:image:type\" content=\"image\/jpeg\" \/>\n<meta name=\"twitter:card\" content=\"summary_large_image\" \/>\n<meta name=\"twitter:site\" content=\"@LawandMorenl\" \/>\n<meta name=\"twitter:label1\" content=\"Est. reading time\" \/>\n\t<meta name=\"twitter:data1\" content=\"4 minutes\" \/>\n<script type=\"application\/ld+json\" class=\"yoast-schema-graph\">{\"@context\":\"https:\/\/schema.org\",\"@graph\":[{\"@type\":\"WebPage\",\"@id\":\"https:\/\/verkeer.site\/cookie-statement\/\",\"url\":\"https:\/\/verkeer.site\/cookie-statement\/\",\"name\":\"Cookie statement - Verkeer.site\",\"isPartOf\":{\"@id\":\"https:\/\/verkeer.site\/#website\"},\"primaryImageOfPage\":{\"@id\":\"https:\/\/verkeer.site\/cookie-statement\/#primaryimage\"},\"image\":{\"@id\":\"https:\/\/verkeer.site\/cookie-statement\/#primaryimage\"},\"thumbnailUrl\":\"https:\/\/verkeer.site\/wp-content\/uploads\/2022\/06\/police-1.jpg\",\"datePublished\":\"2022-06-01T12:02:05+00:00\",\"dateModified\":\"2022-06-01T12:29:28+00:00\",\"description\":\"Cookies worden met de pagina\u2019s op de websites van Law & More meegestuurd. De daarin opgeslagen informatie kan bij een volgend bezoek aan...\",\"breadcrumb\":{\"@id\":\"https:\/\/verkeer.site\/cookie-statement\/#breadcrumb\"},\"inLanguage\":\"hu-HU\",\"potentialAction\":[{\"@type\":\"ReadAction\",\"target\":[\"https:\/\/verkeer.site\/cookie-statement\/\"]}]},{\"@type\":\"ImageObject\",\"inLanguage\":\"hu-HU\",\"@id\":\"https:\/\/verkeer.site\/cookie-statement\/#primaryimage\",\"url\":\"https:\/\/verkeer.site\/wp-content\/uploads\/2022\/06\/police-1.jpg\",\"contentUrl\":\"https:\/\/verkeer.site\/wp-content\/uploads\/2022\/06\/police-1.jpg\",\"width\":960,\"height\":720,\"caption\":\"police-1\"},{\"@type\":\"BreadcrumbList\",\"@id\":\"https:\/\/verkeer.site\/cookie-statement\/#breadcrumb\",\"itemListElement\":[{\"@type\":\"ListItem\",\"position\":1,\"name\":\"Home\",\"item\":\"https:\/\/verkeer.site\/\"},{\"@type\":\"ListItem\",\"position\":2,\"name\":\"Cookie statement\"}]},{\"@type\":\"WebSite\",\"@id\":\"https:\/\/verkeer.site\/#website\",\"url\":\"https:\/\/verkeer.site\/\",\"name\":\"Verkeer.site\",\"description\":\"Advocaten Verkeersstrafrecht\",\"publisher\":{\"@id\":\"https:\/\/verkeer.site\/#organization\"},\"potentialAction\":[{\"@type\":\"SearchAction\",\"target\":{\"@type\":\"EntryPoint\",\"urlTemplate\":\"https:\/\/verkeer.site\/?s={search_term_string}\"},\"query-input\":{\"@type\":\"PropertyValueSpecification\",\"valueRequired\":true,\"valueName\":\"search_term_string\"}}],\"inLanguage\":\"hu-HU\"},{\"@type\":\"Organization\",\"@id\":\"https:\/\/verkeer.site\/#organization\",\"name\":\"Law & More B.V.\",\"url\":\"https:\/\/verkeer.site\/\",\"logo\":{\"@type\":\"ImageObject\",\"inLanguage\":\"hu-HU\",\"@id\":\"https:\/\/verkeer.site\/#\/schema\/logo\/image\/\",\"url\":\"https:\/\/verkeer.site\/wp-content\/uploads\/2019\/04\/lawmore_logo_LM_only_copy.jpg\",\"contentUrl\":\"https:\/\/verkeer.site\/wp-content\/uploads\/2019\/04\/lawmore_logo_LM_only_copy.jpg\",\"width\":665,\"height\":665,\"caption\":\"Law & More B.V.\"},\"image\":{\"@id\":\"https:\/\/verkeer.site\/#\/schema\/logo\/image\/\"},\"sameAs\":[\"https:\/\/www.facebook.com\/LawAndMoreNl\",\"https:\/\/x.com\/LawandMorenl\",\"https:\/\/www.instagram.com\/lawandmore\/\",\"https:\/\/nl.linkedin.com\/company\/5339401\"]}]}<\/script>\n<!-- \/ Yoast SEO plugin. -->","yoast_head_json":{"title":"Cookie nyilatkozat - Traffic.site","description":"A s\u00fctik az Law &amp; More weboldalain tal\u00e1lhat\u00f3 oldalakkal egy\u00fctt ker\u00fclnek elk\u00fcld\u00e9sre. Az ezekben a cookie-kban t\u00e1rolt inform\u00e1ci\u00f3k felhaszn\u00e1lhat\u00f3k a j\u00f6v\u0151beni l\u00e1togat\u00e1s sor\u00e1n....","robots":{"index":"index","follow":"follow","max-snippet":"max-snippet:-1","max-image-preview":"max-image-preview:large","max-video-preview":"max-video-preview:-1"},"canonical":"https:\/\/verkeer.site\/hu\/cookie-statement\/","og_locale":"hu_HU","og_type":"article","og_title":"Cookie statement - Verkeer.site","og_description":"Cookies worden met de pagina\u2019s op de websites van Law & More meegestuurd. De daarin opgeslagen informatie kan bij een volgend bezoek aan...","og_url":"https:\/\/verkeer.site\/hu\/cookie-statement\/","og_site_name":"Verkeer.site","article_publisher":"https:\/\/www.facebook.com\/LawAndMoreNl","article_modified_time":"2022-06-01T12:29:28+00:00","og_image":[{"width":960,"height":720,"url":"https:\/\/verkeer.site\/wp-content\/uploads\/2022\/06\/police-1.jpg","type":"image\/jpeg"}],"twitter_card":"summary_large_image","twitter_site":"@LawandMorenl","twitter_misc":{"Est. reading time":"4 minutes"},"schema":{"@context":"https:\/\/schema.org","@graph":[{"@type":"WebPage","@id":"https:\/\/verkeer.site\/cookie-statement\/","url":"https:\/\/verkeer.site\/cookie-statement\/","name":"Cookie nyilatkozat - Traffic.site","isPartOf":{"@id":"https:\/\/verkeer.site\/#website"},"primaryImageOfPage":{"@id":"https:\/\/verkeer.site\/cookie-statement\/#primaryimage"},"image":{"@id":"https:\/\/verkeer.site\/cookie-statement\/#primaryimage"},"thumbnailUrl":"https:\/\/verkeer.site\/wp-content\/uploads\/2022\/06\/police-1.jpg","datePublished":"2022-06-01T12:02:05+00:00","dateModified":"2022-06-01T12:29:28+00:00","description":"A s\u00fctik az Law &amp; More weboldalain tal\u00e1lhat\u00f3 oldalakkal egy\u00fctt ker\u00fclnek elk\u00fcld\u00e9sre. Az ezekben a cookie-kban t\u00e1rolt inform\u00e1ci\u00f3k felhaszn\u00e1lhat\u00f3k a j\u00f6v\u0151beni l\u00e1togat\u00e1s sor\u00e1n....","breadcrumb":{"@id":"https:\/\/verkeer.site\/cookie-statement\/#breadcrumb"},"inLanguage":"hu-HU","potentialAction":[{"@type":"ReadAction","target":["https:\/\/verkeer.site\/cookie-statement\/"]}]},{"@type":"ImageObject","inLanguage":"hu-HU","@id":"https:\/\/verkeer.site\/cookie-statement\/#primaryimage","url":"https:\/\/verkeer.site\/wp-content\/uploads\/2022\/06\/police-1.jpg","contentUrl":"https:\/\/verkeer.site\/wp-content\/uploads\/2022\/06\/police-1.jpg","width":960,"height":720,"caption":"police-1"},{"@type":"BreadcrumbList","@id":"https:\/\/verkeer.site\/cookie-statement\/#breadcrumb","itemListElement":[{"@type":"ListItem","position":1,"name":"Home","item":"https:\/\/verkeer.site\/"},{"@type":"ListItem","position":2,"name":"Cookie statement"}]},{"@type":"WebSite","@id":"https:\/\/verkeer.site\/#website","url":"https:\/\/verkeer.site\/","name":"Traffic.site","description":"K\u00f6zleked\u00e9si b\u00fcntet\u0151\u00fcgyv\u00e9dek","publisher":{"@id":"https:\/\/verkeer.site\/#organization"},"potentialAction":[{"@type":"SearchAction","target":{"@type":"EntryPoint","urlTemplate":"https:\/\/verkeer.site\/?s={search_term_string}"},"query-input":{"@type":"PropertyValueSpecification","valueRequired":true,"valueName":"search_term_string"}}],"inLanguage":"hu-HU"},{"@type":"Organization","@id":"https:\/\/verkeer.site\/#organization","name":"Law &amp; More B.V.","url":"https:\/\/verkeer.site\/","logo":{"@type":"ImageObject","inLanguage":"hu-HU","@id":"https:\/\/verkeer.site\/#\/schema\/logo\/image\/","url":"https:\/\/verkeer.site\/wp-content\/uploads\/2019\/04\/lawmore_logo_LM_only_copy.jpg","contentUrl":"https:\/\/verkeer.site\/wp-content\/uploads\/2019\/04\/lawmore_logo_LM_only_copy.jpg","width":665,"height":665,"caption":"Law & More B.V."},"image":{"@id":"https:\/\/verkeer.site\/#\/schema\/logo\/image\/"},"sameAs":["https:\/\/www.facebook.com\/LawAndMoreNl","https:\/\/x.com\/LawandMorenl","https:\/\/www.instagram.com\/lawandmore\/","https:\/\/nl.linkedin.com\/company\/5339401"]}]}},"_links":{"self":[{"href":"https:\/\/verkeer.site\/hu\/wp-json\/wp\/v2\/pages\/3345","targetHints":{"allow":["GET"]}}],"collection":[{"href":"https:\/\/verkeer.site\/hu\/wp-json\/wp\/v2\/pages"}],"about":[{"href":"https:\/\/verkeer.site\/hu\/wp-json\/wp\/v2\/types\/page"}],"author":[{"embeddable":true,"href":"https:\/\/verkeer.site\/hu\/wp-json\/wp\/v2\/users\/1"}],"replies":[{"embeddable":true,"href":"https:\/\/verkeer.site\/hu\/wp-json\/wp\/v2\/comments?post=3345"}],"version-history":[{"count":0,"href":"https:\/\/verkeer.site\/hu\/wp-json\/wp\/v2\/pages\/3345\/revisions"}],"wp:featuredmedia":[{"embeddable":true,"href":"https:\/\/verkeer.site\/hu\/wp-json\/wp\/v2\/media\/3105"}],"wp:attachment":[{"href":"https:\/\/verkeer.site\/hu\/wp-json\/wp\/v2\/media?parent=3345"}],"curies":[{"name":"wp","href":"https:\/\/api.w.org\/{rel}","templated":true}]}}