{"id":3295,"date":"2022-06-01T12:29:29","date_gmt":"2022-06-01T11:29:29","guid":{"rendered":"https:\/\/verkeer.site\/?page_id=3295"},"modified":"2022-06-01T15:04:49","modified_gmt":"2022-06-01T14:04:49","slug":"blog","status":"publish","type":"page","link":"https:\/\/verkeer.site\/hu\/blog\/","title":{"rendered":"Blog"},"content":{"rendered":"<div data-elementor-type=\"wp-page\" data-elementor-id=\"3295\" class=\"elementor elementor-3295\" data-elementor-post-type=\"page\">\n\t\t\t\t\t\t<div class=\"elementor-section elementor-top-section elementor-element elementor-element-ce48caf elementor-section-boxed elementor-section-height-default elementor-section-height-default\" data-id=\"ce48caf\" data-element_type=\"section\" data-settings=\"{&quot;background_background&quot;:&quot;classic&quot;,&quot;background_motion_fx_motion_fx_scrolling&quot;:&quot;yes&quot;,&quot;background_motion_fx_translateY_effect&quot;:&quot;yes&quot;,&quot;background_motion_fx_translateY_speed&quot;:{&quot;unit&quot;:&quot;px&quot;,&quot;size&quot;:4,&quot;sizes&quot;:[]},&quot;background_motion_fx_translateY_affectedRange&quot;:{&quot;unit&quot;:&quot;%&quot;,&quot;size&quot;:&quot;&quot;,&quot;sizes&quot;:{&quot;start&quot;:0,&quot;end&quot;:100}},&quot;background_motion_fx_devices&quot;:[&quot;desktop&quot;,&quot;laptop&quot;,&quot;tablet&quot;,&quot;mobile_extra&quot;,&quot;mobile&quot;]}\">\n\t\t\t\t\t\t\t<div class=\"elementor-background-overlay\"><\/div>\n\t\t\t\t\t\t\t<div class=\"elementor-container elementor-column-gap-default\">\n\t\t\t\t\t<div class=\"elementor-column elementor-col-100 elementor-top-column elementor-element elementor-element-c2bcda1\" data-id=\"c2bcda1\" data-element_type=\"column\">\n\t\t\t<div class=\"elementor-widget-wrap elementor-element-populated\">\n\t\t\t\t\t\t<div class=\"elementor-element elementor-element-7b5354e elementor-widget elementor-widget-heading\" data-id=\"7b5354e\" data-element_type=\"widget\" data-widget_type=\"heading.default\">\n\t\t\t\t<div class=\"elementor-widget-container\">\n\t\t\t\t\t<h2 class=\"elementor-heading-title elementor-size-default\">Blog<\/h2>\t\t\t\t<\/div>\n\t\t\t\t<\/div>\n\t\t\t\t\t<\/div>\n\t\t<\/div>\n\t\t\t\t\t<\/div>\n\t\t<\/div>\n\t\t\t\t<div class=\"elementor-section elementor-top-section elementor-element elementor-element-c023ed4 elementor-section-boxed elementor-section-height-default elementor-section-height-default\" data-id=\"c023ed4\" data-element_type=\"section\">\n\t\t\t\t\t\t<div class=\"elementor-container elementor-column-gap-default\">\n\t\t\t\t\t<div class=\"elementor-column elementor-col-100 elementor-top-column elementor-element elementor-element-a4eee03\" data-id=\"a4eee03\" data-element_type=\"column\">\n\t\t\t<div class=\"elementor-widget-wrap elementor-element-populated\">\n\t\t\t\t\t\t<div class=\"elementor-element elementor-element-0ea49f5 elementor-widget elementor-widget-spacer\" data-id=\"0ea49f5\" data-element_type=\"widget\" data-widget_type=\"spacer.default\">\n\t\t\t\t<div class=\"elementor-widget-container\">\n\t\t\t\t\t\t\t<div class=\"elementor-spacer\">\n\t\t\t<div class=\"elementor-spacer-inner\"><\/div>\n\t\t<\/div>\n\t\t\t\t\t\t<\/div>\n\t\t\t\t<\/div>\n\t\t\t\t<div class=\"elementor-element elementor-element-6a559e8 elementor-widget elementor-widget-image\" data-id=\"6a559e8\" data-element_type=\"widget\" data-widget_type=\"image.default\">\n\t\t\t\t<div class=\"elementor-widget-container\">\n\t\t\t\t\t\t\t\t\t\t\t\t\t\t\t<img fetchpriority=\"high\" decoding=\"async\" width=\"1200\" height=\"469\" src=\"https:\/\/verkeer.site\/wp-content\/uploads\/2022\/05\/drive_05.jpg\" class=\"attachment-full size-full wp-image-3073\" alt=\"drive_05\" srcset=\"https:\/\/verkeer.site\/wp-content\/uploads\/2022\/05\/drive_05.jpg 1200w, https:\/\/verkeer.site\/wp-content\/uploads\/2022\/05\/drive_05-18x7.jpg 18w\" sizes=\"(max-width: 1200px) 100vw, 1200px\" \/>\t\t\t\t\t\t\t\t\t\t\t\t\t\t\t<\/div>\n\t\t\t\t<\/div>\n\t\t\t\t<div class=\"elementor-element elementor-element-6137534 elementor-invisible elementor-widget elementor-widget-heading\" data-id=\"6137534\" data-element_type=\"widget\" data-settings=\"{&quot;_animation&quot;:&quot;fadeInUp&quot;}\" data-widget_type=\"heading.default\">\n\t\t\t\t<div class=\"elementor-widget-container\">\n\t\t\t\t\t<h2 class=\"elementor-heading-title elementor-size-default\"><a href=\"https:\/\/verkeer.site\/hu\/rijden-met-een-brandend-waarschuwingslampje\/\">Vezet\u00e9s bekapcsolt figyelmeztet\u0151 l\u00e1mp\u00e1val<\/a><\/h2>\t\t\t\t<\/div>\n\t\t\t\t<\/div>\n\t\t\t\t<div class=\"elementor-element elementor-element-c4fe150 elementor-invisible elementor-widget elementor-widget-text-editor\" data-id=\"c4fe150\" data-element_type=\"widget\" data-settings=\"{&quot;_animation&quot;:&quot;fadeInUp&quot;}\" data-widget_type=\"text-editor.default\">\n\t\t\t\t<div class=\"elementor-widget-container\">\n\t\t\t\t\t\t\t\t\t<p>Az aut\u00f3sok gyakran egy ideig a m\u0171szerfalon vil\u00e1g\u00edt\u00f3 l\u00e1mp\u00e1val vezetnek tov\u00e1bb. Majd k\u00e9s\u0151bb megn\u00e9zik, mert t\u00e9nyleg munk\u00e1ba vagy a boltba kell menni\u00fck. Ez a gondolkod\u00e1sm\u00f3d s\u00falyos k\u00f6vetkezm\u00e9nyekkel j\u00e1rhat, ha k\u00e9s\u0151bb balesetet okoz egy, a m\u0171szerfalon jelzett probl\u00e9ma. A b\u00edr\u00f3s\u00e1g egy ilyen helyzetben d\u00f6nt\u00f6tt. [...]<\/p>\t\t\t\t\t\t\t\t<\/div>\n\t\t\t\t<\/div>\n\t\t\t\t<div class=\"elementor-element elementor-element-33826c1 elementor-invisible elementor-widget elementor-widget-button\" data-id=\"33826c1\" data-element_type=\"widget\" data-settings=\"{&quot;_animation&quot;:&quot;fadeInUp&quot;,&quot;_animation_delay&quot;:500}\" data-widget_type=\"button.default\">\n\t\t\t\t<div class=\"elementor-widget-container\">\n\t\t\t\t\t\t\t\t\t<div class=\"elementor-button-wrapper\">\n\t\t\t\t\t<a class=\"elementor-button elementor-button-link elementor-size-sm\" href=\"https:\/\/verkeer.site\/hu\/rijden-met-een-brandend-waarschuwingslampje\/\">\n\t\t\t\t\t\t<span class=\"elementor-button-content-wrapper\">\n\t\t\t\t\t\t\t\t\t<span class=\"elementor-button-text\">Olvass tov\u00e1bb<\/span>\n\t\t\t\t\t<\/span>\n\t\t\t\t\t<\/a>\n\t\t\t\t<\/div>\n\t\t\t\t\t\t\t\t<\/div>\n\t\t\t\t<\/div>\n\t\t\t\t<div class=\"elementor-element elementor-element-b27abe7 elementor-widget elementor-widget-spacer\" data-id=\"b27abe7\" data-element_type=\"widget\" data-widget_type=\"spacer.default\">\n\t\t\t\t<div class=\"elementor-widget-container\">\n\t\t\t\t\t\t\t<div class=\"elementor-spacer\">\n\t\t\t<div class=\"elementor-spacer-inner\"><\/div>\n\t\t<\/div>\n\t\t\t\t\t\t<\/div>\n\t\t\t\t<\/div>\n\t\t\t\t<div class=\"elementor-element elementor-element-27c219e elementor-widget elementor-widget-image\" data-id=\"27c219e\" data-element_type=\"widget\" data-widget_type=\"image.default\">\n\t\t\t\t<div class=\"elementor-widget-container\">\n\t\t\t\t\t\t\t\t\t\t\t\t\t\t\t<img decoding=\"async\" width=\"1200\" height=\"469\" src=\"https:\/\/verkeer.site\/wp-content\/uploads\/2022\/05\/drive_06.jpg\" class=\"attachment-full size-full wp-image-3074\" alt=\"drive_06\" srcset=\"https:\/\/verkeer.site\/wp-content\/uploads\/2022\/05\/drive_06.jpg 1200w, https:\/\/verkeer.site\/wp-content\/uploads\/2022\/05\/drive_06-18x7.jpg 18w\" sizes=\"(max-width: 1200px) 100vw, 1200px\" \/>\t\t\t\t\t\t\t\t\t\t\t\t\t\t\t<\/div>\n\t\t\t\t<\/div>\n\t\t\t\t<div class=\"elementor-element elementor-element-02871e6 elementor-invisible elementor-widget elementor-widget-heading\" data-id=\"02871e6\" data-element_type=\"widget\" data-settings=\"{&quot;_animation&quot;:&quot;fadeInUp&quot;}\" data-widget_type=\"heading.default\">\n\t\t\t\t<div class=\"elementor-widget-container\">\n\t\t\t\t\t<h2 class=\"elementor-heading-title elementor-size-default\"><a href=\"https:\/\/verkeer.site\/hu\/straftoemeting-bij-rijden-onder-invloed-van-drugs\/\">A k\u00e1b\u00edt\u00f3szer hat\u00e1sa alatt t\u00f6rt\u00e9n\u0151 vezet\u00e9s b\u00fcntet\u00e9se<\/a><\/h2>\t\t\t\t<\/div>\n\t\t\t\t<\/div>\n\t\t\t\t<div class=\"elementor-element elementor-element-ca1d64f elementor-invisible elementor-widget elementor-widget-text-editor\" data-id=\"ca1d64f\" data-element_type=\"widget\" data-settings=\"{&quot;_animation&quot;:&quot;fadeInUp&quot;}\" data-widget_type=\"text-editor.default\">\n\t\t\t\t<div class=\"elementor-widget-container\">\n\t\t\t\t\t\t\t\t\t<p>Rendszeresen el\u0151fordul, hogy a g\u00e9pj\u00e1rm\u0171vezet\u0151knek alkoholos befoly\u00e1solts\u00e1g alatt t\u00f6rt\u00e9n\u0151 j\u00e1rm\u0171vezet\u00e9s gyan\u00faj\u00e1val kell felelni\u00fck a rend\u0151rb\u00edr\u00f3s\u00e1g el\u0151tt. De mi a helyzet a k\u00e1b\u00edt\u00f3szeres vezet\u00e9s gyan\u00faja miatt kiszabott b\u00fcntet\u00e9sekkel? A k\u00e1b\u00edt\u00f3szer-haszn\u00e1lat az elm\u00falt \u00e9vtizedekben \u00f3ri\u00e1si m\u00e9rt\u00e9kben megn\u0151tt. Ennek eredm\u00e9nyek\u00e9ppen a k\u00e1b\u00edt\u00f3szer hat\u00e1sa alatt t\u00f6rt\u00e9n\u0151 vezet\u00e9s [...]<\/p>\t\t\t\t\t\t\t\t<\/div>\n\t\t\t\t<\/div>\n\t\t\t\t<div class=\"elementor-element elementor-element-bf2266b elementor-invisible elementor-widget elementor-widget-button\" data-id=\"bf2266b\" data-element_type=\"widget\" data-settings=\"{&quot;_animation&quot;:&quot;fadeInUp&quot;,&quot;_animation_delay&quot;:500}\" data-widget_type=\"button.default\">\n\t\t\t\t<div class=\"elementor-widget-container\">\n\t\t\t\t\t\t\t\t\t<div class=\"elementor-button-wrapper\">\n\t\t\t\t\t<a class=\"elementor-button elementor-button-link elementor-size-sm\" href=\"https:\/\/verkeer.site\/hu\/rijden-met-een-brandend-waarschuwingslampje\/\">\n\t\t\t\t\t\t<span class=\"elementor-button-content-wrapper\">\n\t\t\t\t\t\t\t\t\t<span class=\"elementor-button-text\">Olvass tov\u00e1bb<\/span>\n\t\t\t\t\t<\/span>\n\t\t\t\t\t<\/a>\n\t\t\t\t<\/div>\n\t\t\t\t\t\t\t\t<\/div>\n\t\t\t\t<\/div>\n\t\t\t\t\t<\/div>\n\t\t<\/div>\n\t\t\t\t\t<\/div>\n\t\t<\/div>\n\t\t\t\t<div class=\"elementor-section elementor-top-section elementor-element elementor-element-af547d3 elementor-section-boxed elementor-section-height-default elementor-section-height-default\" data-id=\"af547d3\" data-element_type=\"section\" data-settings=\"{&quot;background_background&quot;:&quot;classic&quot;}\">\n\t\t\t\t\t\t<div class=\"elementor-container elementor-column-gap-default\">\n\t\t\t\t\t<div class=\"elementor-column elementor-col-66 elementor-top-column elementor-element elementor-element-ddfcaa7\" data-id=\"ddfcaa7\" data-element_type=\"column\">\n\t\t\t<div class=\"elementor-widget-wrap elementor-element-populated\">\n\t\t\t\t\t\t<div class=\"elementor-element elementor-element-5f82a45 elementor-widget elementor-widget-text-editor\" data-id=\"5f82a45\" data-element_type=\"widget\" data-widget_type=\"text-editor.default\">\n\t\t\t\t<div class=\"elementor-widget-container\">\n\t\t\t\t\t\t\t\t\t<p>\u00dcgyv\u00e9dre van sz\u00fcks\u00e9ge a k\u00f6zleked\u00e9si b\u00fcntet\u0151jogban?<br \/>K\u00e9rj\u00fck, vegye fel vel\u00fcnk a kapcsolatot a +31 40 369 06 80-as telefonsz\u00e1mon, vagy k\u00fcldj\u00f6n e-mailt a k\u00f6vetkez\u0151 c\u00edmre:<br \/>Tom Meevis, az Law &amp; More \u00fcgyv\u00e9dje - tom.meevis@lawandmore.nl<br \/>Maxim Hodak \u00far, az Law &amp; More \u00fcgyv\u00e9dje - maxim.hodak@lawandmore.nl<\/p>\t\t\t\t\t\t\t\t<\/div>\n\t\t\t\t<\/div>\n\t\t\t\t\t<\/div>\n\t\t<\/div>\n\t\t\t\t<div class=\"elementor-column elementor-col-33 elementor-top-column elementor-element elementor-element-11ccdb2\" data-id=\"11ccdb2\" data-element_type=\"column\">\n\t\t\t<div class=\"elementor-widget-wrap elementor-element-populated\">\n\t\t\t\t\t\t<div class=\"elementor-element elementor-element-330a0af elementor-align-center elementor-mobile-align-left elementor-invisible elementor-widget elementor-widget-button\" data-id=\"330a0af\" data-element_type=\"widget\" data-settings=\"{&quot;_animation&quot;:&quot;fadeInUp&quot;,&quot;_animation_delay&quot;:500}\" data-widget_type=\"button.default\">\n\t\t\t\t<div class=\"elementor-widget-container\">\n\t\t\t\t\t\t\t\t\t<div class=\"elementor-button-wrapper\">\n\t\t\t\t\t<a class=\"elementor-button elementor-button-link elementor-size-md\" href=\"https:\/\/verkeer.site\/hu\/contact\/\">\n\t\t\t\t\t\t<span class=\"elementor-button-content-wrapper\">\n\t\t\t\t\t\t\t\t\t<span class=\"elementor-button-text\">KAPCSOLATFELV\u00c9TEL<\/span>\n\t\t\t\t\t<\/span>\n\t\t\t\t\t<\/a>\n\t\t\t\t<\/div>\n\t\t\t\t\t\t\t\t<\/div>\n\t\t\t\t<\/div>\n\t\t\t\t\t<\/div>\n\t\t<\/div>\n\t\t\t\t\t<\/div>\n\t\t<\/div>\n\t\t\t\t<\/div>","protected":false},"excerpt":{"rendered":"<p>Blog Vezet\u00e9s \u00e9g\u0151 figyelmeztet\u0151 l\u00e1mp\u00e1val Az aut\u00f3sok gyakran vezetnek egy ideig \u00e9g\u0151 l\u00e1mp\u00e1val a m\u0171szerfalon. Majd k\u00e9s\u0151bb megn\u00e9zik, mert t\u00e9nyleg dolgozniuk kell, vagy [...].<\/p>","protected":false},"author":1,"featured_media":0,"parent":0,"menu_order":0,"comment_status":"closed","ping_status":"closed","template":"","meta":{"footnotes":""},"class_list":["post-3295","page","type-page","status-publish","hentry"],"yoast_head":"<!-- This site is optimized with the Yoast SEO plugin v25.6 - https:\/\/yoast.com\/wordpress\/plugins\/seo\/ -->\n<title>Blog - Verkeer.site<\/title>\n<meta name=\"description\" content=\"Automobilisten rijden vaak nog enige tijd door met een brandend lampje op het dashboard. Ze kijken er later wel even naar, want ze moeten...\" \/>\n<meta name=\"robots\" content=\"index, follow, max-snippet:-1, max-image-preview:large, max-video-preview:-1\" \/>\n<link rel=\"canonical\" href=\"https:\/\/verkeer.site\/hu\/blog\/\" \/>\n<meta property=\"og:locale\" content=\"hu_HU\" \/>\n<meta property=\"og:type\" content=\"article\" \/>\n<meta property=\"og:title\" content=\"Blog - Verkeer.site\" \/>\n<meta property=\"og:description\" content=\"Automobilisten rijden vaak nog enige tijd door met een brandend lampje op het dashboard. Ze kijken er later wel even naar, want ze moeten...\" \/>\n<meta property=\"og:url\" content=\"https:\/\/verkeer.site\/hu\/blog\/\" \/>\n<meta property=\"og:site_name\" content=\"Verkeer.site\" \/>\n<meta property=\"article:publisher\" content=\"https:\/\/www.facebook.com\/LawAndMoreNl\" \/>\n<meta property=\"article:modified_time\" content=\"2022-06-01T14:04:49+00:00\" \/>\n<meta property=\"og:image\" content=\"https:\/\/verkeer.site\/wp-content\/uploads\/2022\/05\/drive_05.jpg\" \/>\n<meta name=\"twitter:card\" content=\"summary_large_image\" \/>\n<meta name=\"twitter:site\" content=\"@LawandMorenl\" \/>\n<meta name=\"twitter:label1\" content=\"Est. reading time\" \/>\n\t<meta name=\"twitter:data1\" content=\"2 minutes\" \/>\n<script type=\"application\/ld+json\" class=\"yoast-schema-graph\">{\"@context\":\"https:\/\/schema.org\",\"@graph\":[{\"@type\":\"WebPage\",\"@id\":\"https:\/\/verkeer.site\/blog\/\",\"url\":\"https:\/\/verkeer.site\/blog\/\",\"name\":\"Blog - Verkeer.site\",\"isPartOf\":{\"@id\":\"https:\/\/verkeer.site\/#website\"},\"primaryImageOfPage\":{\"@id\":\"https:\/\/verkeer.site\/blog\/#primaryimage\"},\"image\":{\"@id\":\"https:\/\/verkeer.site\/blog\/#primaryimage\"},\"thumbnailUrl\":\"https:\/\/verkeer.site\/wp-content\/uploads\/2022\/05\/drive_05.jpg\",\"datePublished\":\"2022-06-01T11:29:29+00:00\",\"dateModified\":\"2022-06-01T14:04:49+00:00\",\"description\":\"Automobilisten rijden vaak nog enige tijd door met een brandend lampje op het dashboard. Ze kijken er later wel even naar, want ze moeten...\",\"breadcrumb\":{\"@id\":\"https:\/\/verkeer.site\/blog\/#breadcrumb\"},\"inLanguage\":\"hu-HU\",\"potentialAction\":[{\"@type\":\"ReadAction\",\"target\":[\"https:\/\/verkeer.site\/blog\/\"]}]},{\"@type\":\"ImageObject\",\"inLanguage\":\"hu-HU\",\"@id\":\"https:\/\/verkeer.site\/blog\/#primaryimage\",\"url\":\"https:\/\/verkeer.site\/wp-content\/uploads\/2022\/05\/drive_05.jpg\",\"contentUrl\":\"https:\/\/verkeer.site\/wp-content\/uploads\/2022\/05\/drive_05.jpg\"},{\"@type\":\"BreadcrumbList\",\"@id\":\"https:\/\/verkeer.site\/blog\/#breadcrumb\",\"itemListElement\":[{\"@type\":\"ListItem\",\"position\":1,\"name\":\"Home\",\"item\":\"https:\/\/verkeer.site\/\"},{\"@type\":\"ListItem\",\"position\":2,\"name\":\"Blog\"}]},{\"@type\":\"WebSite\",\"@id\":\"https:\/\/verkeer.site\/#website\",\"url\":\"https:\/\/verkeer.site\/\",\"name\":\"Verkeer.site\",\"description\":\"Advocaten Verkeersstrafrecht\",\"publisher\":{\"@id\":\"https:\/\/verkeer.site\/#organization\"},\"potentialAction\":[{\"@type\":\"SearchAction\",\"target\":{\"@type\":\"EntryPoint\",\"urlTemplate\":\"https:\/\/verkeer.site\/?s={search_term_string}\"},\"query-input\":{\"@type\":\"PropertyValueSpecification\",\"valueRequired\":true,\"valueName\":\"search_term_string\"}}],\"inLanguage\":\"hu-HU\"},{\"@type\":\"Organization\",\"@id\":\"https:\/\/verkeer.site\/#organization\",\"name\":\"Law & More B.V.\",\"url\":\"https:\/\/verkeer.site\/\",\"logo\":{\"@type\":\"ImageObject\",\"inLanguage\":\"hu-HU\",\"@id\":\"https:\/\/verkeer.site\/#\/schema\/logo\/image\/\",\"url\":\"https:\/\/verkeer.site\/wp-content\/uploads\/2019\/04\/lawmore_logo_LM_only_copy.jpg\",\"contentUrl\":\"https:\/\/verkeer.site\/wp-content\/uploads\/2019\/04\/lawmore_logo_LM_only_copy.jpg\",\"width\":665,\"height\":665,\"caption\":\"Law & More B.V.\"},\"image\":{\"@id\":\"https:\/\/verkeer.site\/#\/schema\/logo\/image\/\"},\"sameAs\":[\"https:\/\/www.facebook.com\/LawAndMoreNl\",\"https:\/\/x.com\/LawandMorenl\",\"https:\/\/www.instagram.com\/lawandmore\/\",\"https:\/\/nl.linkedin.com\/company\/5339401\"]}]}<\/script>\n<!-- \/ Yoast SEO plugin. -->","yoast_head_json":{"title":"Blog - Traffic.site","description":"Az aut\u00f3sok gyakran egy ideig a m\u0171szerfalon vil\u00e1g\u00edt\u00f3 l\u00e1mp\u00e1val vezetnek tov\u00e1bb. Majd k\u00e9s\u0151bb megn\u00e9zik, mert musz\u00e1j...","robots":{"index":"index","follow":"follow","max-snippet":"max-snippet:-1","max-image-preview":"max-image-preview:large","max-video-preview":"max-video-preview:-1"},"canonical":"https:\/\/verkeer.site\/hu\/blog\/","og_locale":"hu_HU","og_type":"article","og_title":"Blog - Verkeer.site","og_description":"Automobilisten rijden vaak nog enige tijd door met een brandend lampje op het dashboard. Ze kijken er later wel even naar, want ze moeten...","og_url":"https:\/\/verkeer.site\/hu\/blog\/","og_site_name":"Verkeer.site","article_publisher":"https:\/\/www.facebook.com\/LawAndMoreNl","article_modified_time":"2022-06-01T14:04:49+00:00","og_image":[{"url":"https:\/\/verkeer.site\/wp-content\/uploads\/2022\/05\/drive_05.jpg","type":"","width":"","height":""}],"twitter_card":"summary_large_image","twitter_site":"@LawandMorenl","twitter_misc":{"Est. reading time":"2 minutes"},"schema":{"@context":"https:\/\/schema.org","@graph":[{"@type":"WebPage","@id":"https:\/\/verkeer.site\/blog\/","url":"https:\/\/verkeer.site\/blog\/","name":"Blog - Traffic.site","isPartOf":{"@id":"https:\/\/verkeer.site\/#website"},"primaryImageOfPage":{"@id":"https:\/\/verkeer.site\/blog\/#primaryimage"},"image":{"@id":"https:\/\/verkeer.site\/blog\/#primaryimage"},"thumbnailUrl":"https:\/\/verkeer.site\/wp-content\/uploads\/2022\/05\/drive_05.jpg","datePublished":"2022-06-01T11:29:29+00:00","dateModified":"2022-06-01T14:04:49+00:00","description":"Az aut\u00f3sok gyakran egy ideig a m\u0171szerfalon vil\u00e1g\u00edt\u00f3 l\u00e1mp\u00e1val vezetnek tov\u00e1bb. Majd k\u00e9s\u0151bb megn\u00e9zik, mert musz\u00e1j...","breadcrumb":{"@id":"https:\/\/verkeer.site\/blog\/#breadcrumb"},"inLanguage":"hu-HU","potentialAction":[{"@type":"ReadAction","target":["https:\/\/verkeer.site\/blog\/"]}]},{"@type":"ImageObject","inLanguage":"hu-HU","@id":"https:\/\/verkeer.site\/blog\/#primaryimage","url":"https:\/\/verkeer.site\/wp-content\/uploads\/2022\/05\/drive_05.jpg","contentUrl":"https:\/\/verkeer.site\/wp-content\/uploads\/2022\/05\/drive_05.jpg"},{"@type":"BreadcrumbList","@id":"https:\/\/verkeer.site\/blog\/#breadcrumb","itemListElement":[{"@type":"ListItem","position":1,"name":"Home","item":"https:\/\/verkeer.site\/"},{"@type":"ListItem","position":2,"name":"Blog"}]},{"@type":"WebSite","@id":"https:\/\/verkeer.site\/#website","url":"https:\/\/verkeer.site\/","name":"Traffic.site","description":"K\u00f6zleked\u00e9si b\u00fcntet\u0151\u00fcgyv\u00e9dek","publisher":{"@id":"https:\/\/verkeer.site\/#organization"},"potentialAction":[{"@type":"SearchAction","target":{"@type":"EntryPoint","urlTemplate":"https:\/\/verkeer.site\/?s={search_term_string}"},"query-input":{"@type":"PropertyValueSpecification","valueRequired":true,"valueName":"search_term_string"}}],"inLanguage":"hu-HU"},{"@type":"Organization","@id":"https:\/\/verkeer.site\/#organization","name":"Law &amp; More B.V.","url":"https:\/\/verkeer.site\/","logo":{"@type":"ImageObject","inLanguage":"hu-HU","@id":"https:\/\/verkeer.site\/#\/schema\/logo\/image\/","url":"https:\/\/verkeer.site\/wp-content\/uploads\/2019\/04\/lawmore_logo_LM_only_copy.jpg","contentUrl":"https:\/\/verkeer.site\/wp-content\/uploads\/2019\/04\/lawmore_logo_LM_only_copy.jpg","width":665,"height":665,"caption":"Law & More B.V."},"image":{"@id":"https:\/\/verkeer.site\/#\/schema\/logo\/image\/"},"sameAs":["https:\/\/www.facebook.com\/LawAndMoreNl","https:\/\/x.com\/LawandMorenl","https:\/\/www.instagram.com\/lawandmore\/","https:\/\/nl.linkedin.com\/company\/5339401"]}]}},"_links":{"self":[{"href":"https:\/\/verkeer.site\/hu\/wp-json\/wp\/v2\/pages\/3295","targetHints":{"allow":["GET"]}}],"collection":[{"href":"https:\/\/verkeer.site\/hu\/wp-json\/wp\/v2\/pages"}],"about":[{"href":"https:\/\/verkeer.site\/hu\/wp-json\/wp\/v2\/types\/page"}],"author":[{"embeddable":true,"href":"https:\/\/verkeer.site\/hu\/wp-json\/wp\/v2\/users\/1"}],"replies":[{"embeddable":true,"href":"https:\/\/verkeer.site\/hu\/wp-json\/wp\/v2\/comments?post=3295"}],"version-history":[{"count":0,"href":"https:\/\/verkeer.site\/hu\/wp-json\/wp\/v2\/pages\/3295\/revisions"}],"wp:attachment":[{"href":"https:\/\/verkeer.site\/hu\/wp-json\/wp\/v2\/media?parent=3295"}],"curies":[{"name":"wp","href":"https:\/\/api.w.org\/{rel}","templated":true}]}}