{"id":3475,"date":"2022-06-01T14:14:58","date_gmt":"2022-06-01T13:14:58","guid":{"rendered":"https:\/\/verkeer.site\/?page_id=3475"},"modified":"2022-06-01T15:06:17","modified_gmt":"2022-06-01T14:06:17","slug":"verplichtingen-meewerken-2","status":"publish","type":"page","link":"https:\/\/verkeer.site\/fr\/verplichtingen-meewerken-2\/","title":{"rendered":"Obligations \/ Coop\u00e9ration"},"content":{"rendered":"<div data-elementor-type=\"wp-page\" data-elementor-id=\"3475\" class=\"elementor elementor-3475\" data-elementor-post-type=\"page\">\n\t\t\t\t\t\t<div class=\"elementor-section elementor-top-section elementor-element elementor-element-ce48caf elementor-section-boxed elementor-section-height-default elementor-section-height-default\" data-id=\"ce48caf\" data-element_type=\"section\" data-settings=\"{&quot;background_background&quot;:&quot;classic&quot;,&quot;background_motion_fx_motion_fx_scrolling&quot;:&quot;yes&quot;,&quot;background_motion_fx_translateY_effect&quot;:&quot;yes&quot;,&quot;background_motion_fx_translateY_speed&quot;:{&quot;unit&quot;:&quot;px&quot;,&quot;size&quot;:4,&quot;sizes&quot;:[]},&quot;background_motion_fx_translateY_affectedRange&quot;:{&quot;unit&quot;:&quot;%&quot;,&quot;size&quot;:&quot;&quot;,&quot;sizes&quot;:{&quot;start&quot;:0,&quot;end&quot;:100}},&quot;background_motion_fx_devices&quot;:[&quot;desktop&quot;,&quot;laptop&quot;,&quot;tablet&quot;,&quot;mobile_extra&quot;,&quot;mobile&quot;]}\">\n\t\t\t\t\t\t\t<div class=\"elementor-background-overlay\"><\/div>\n\t\t\t\t\t\t\t<div class=\"elementor-container elementor-column-gap-default\">\n\t\t\t\t\t<div class=\"elementor-column elementor-col-100 elementor-top-column elementor-element elementor-element-c2bcda1\" data-id=\"c2bcda1\" data-element_type=\"column\">\n\t\t\t<div class=\"elementor-widget-wrap elementor-element-populated\">\n\t\t\t\t\t\t<div class=\"elementor-element elementor-element-7b5354e elementor-widget elementor-widget-heading\" data-id=\"7b5354e\" data-element_type=\"widget\" data-widget_type=\"heading.default\">\n\t\t\t\t<div class=\"elementor-widget-container\">\n\t\t\t\t\t<h2 class=\"elementor-heading-title elementor-size-default\">Obligations \/ Coop\u00e9ration<\/h2>\t\t\t\t<\/div>\n\t\t\t\t<\/div>\n\t\t\t\t\t<\/div>\n\t\t<\/div>\n\t\t\t\t\t<\/div>\n\t\t<\/div>\n\t\t\t\t<div class=\"elementor-section elementor-top-section elementor-element elementor-element-c023ed4 elementor-section-boxed elementor-section-height-default elementor-section-height-default\" data-id=\"c023ed4\" data-element_type=\"section\">\n\t\t\t\t\t\t<div class=\"elementor-container elementor-column-gap-default\">\n\t\t\t\t\t<div class=\"elementor-column elementor-col-100 elementor-top-column elementor-element elementor-element-a4eee03\" data-id=\"a4eee03\" data-element_type=\"column\">\n\t\t\t<div class=\"elementor-widget-wrap elementor-element-populated\">\n\t\t\t\t\t\t<div class=\"elementor-element elementor-element-96b682d elementor-invisible elementor-widget elementor-widget-text-editor\" data-id=\"96b682d\" data-element_type=\"widget\" data-settings=\"{&quot;_animation&quot;:&quot;fadeInUp&quot;}\" data-widget_type=\"text-editor.default\">\n\t\t\t\t<div class=\"elementor-widget-container\">\n\t\t\t\t\t\t\t\t\t<p>Dans le cadre de l'application de la loi sur la circulation routi\u00e8re et de la d\u00e9tection des infractions \u00e0 la loi sur la circulation routi\u00e8re, l'agent enqu\u00eateur peut vous ordonner, en tant que conducteur d'un v\u00e9hicule, de coop\u00e9rer \u00e0 un contr\u00f4le d'alcool\u00e9mie. Vous \u00eates oblig\u00e9 de coop\u00e9rer. S'il s'agit d'une analyse de l'haleine, celle-ci ne peut \u00eatre ordonn\u00e9e qu'en cas de suspicion. Par cons\u00e9quent, si vous n'avez pas bu d'alcool, mais que votre comportement au volant est si anormal que vous \u00eates soup\u00e7onn\u00e9 de conduire sous l'influence de l'alcool, vous \u00eates quand m\u00eame oblig\u00e9 de coop\u00e9rer \u00e0 l'analyse de l'haleine.<\/p><p>S'il n'y a pas encore de soup\u00e7on, le conducteur de chaque v\u00e9hicule, la personne qui est sur le point de conduire un v\u00e9hicule \u00e0 moteur et l'escorte sont tenus de coop\u00e9rer \u00e0 un alcootest pr\u00e9liminaire. Il s'agit des \u00e9thylotests, par exemple lors des contr\u00f4les \u00e0 grande \u00e9chelle. Contrairement \u00e0 l'analyse de l'haleine fond\u00e9e sur la suspicion, celle-ci n'a g\u00e9n\u00e9ralement pas lieu au poste de police. Si vous n'avez pas bu d'alcool et n'avez pas fait preuve d'un comportement anormal au volant, il se peut que l'on vous demande quand m\u00eame de respirer. (Article 160 paragraphe 5 sous b WVW).<\/p><p>Si vous \u00eates soup\u00e7onn\u00e9 de conduire (tout v\u00e9hicule) sous l'influence d'une quantit\u00e9 d'alcool sup\u00e9rieure \u00e0 celle autoris\u00e9e, vous pouvez \u00eatre arr\u00eat\u00e9 avec votre v\u00e9hicule. Si l'agent charg\u00e9 de l'enqu\u00eate vous ordonne, en tant que conducteur d'un v\u00e9hicule, de coop\u00e9rer \u00e0 un contr\u00f4le d'alcool\u00e9mie sur la base de soup\u00e7ons, vous \u00eates tenu de le faire. Ce soup\u00e7on peut d\u00e9couler, par exemple, des r\u00e9sultats de l'alcootest pr\u00e9liminaire. Comment fonctionne un contr\u00f4le d'alcool\u00e9mie bas\u00e9 sur la suspicion ?<\/p>\t\t\t\t\t\t\t\t<\/div>\n\t\t\t\t<\/div>\n\t\t\t\t<div class=\"elementor-element elementor-element-1eeebe7 elementor-invisible elementor-widget elementor-widget-text-editor\" data-id=\"1eeebe7\" data-element_type=\"widget\" data-settings=\"{&quot;_animation&quot;:&quot;fadeInUp&quot;}\" data-widget_type=\"text-editor.default\">\n\t\t\t\t<div class=\"elementor-widget-container\">\n\t\t\t\t\t\t\t\t\t<ul><li>Les certificats d'immatriculation du v\u00e9hicule et \u00e9ventuellement de la remorque ;<\/li><li>Permis de conduire ;<\/li><li>Si obligatoire : certificat d'aptitude professionnelle pour les conducteurs ;<\/li><li>Le cas \u00e9ch\u00e9ant : D\u00e9cision d'octroi de l'exemption ;<\/li><li>Si n\u00e9cessaire : carte de personne handicap\u00e9e.<\/li><\/ul><p>(Article 160 paragraphe 1 de la WVW)<\/p>\t\t\t\t\t\t\t\t<\/div>\n\t\t\t\t<\/div>\n\t\t\t\t<div class=\"elementor-element elementor-element-c687e5d elementor-widget elementor-widget-image\" data-id=\"c687e5d\" data-element_type=\"widget\" data-widget_type=\"image.default\">\n\t\t\t\t<div class=\"elementor-widget-container\">\n\t\t\t\t\t\t\t\t\t\t\t\t\t\t\t<img fetchpriority=\"high\" decoding=\"async\" width=\"1600\" height=\"651\" src=\"https:\/\/verkeer.site\/wp-content\/uploads\/2022\/06\/header_page_004.2.jpg\" class=\"attachment-full size-full wp-image-3483\" alt=\"verplichtingen meewerken\" srcset=\"https:\/\/verkeer.site\/wp-content\/uploads\/2022\/06\/header_page_004.2.jpg 1600w, https:\/\/verkeer.site\/wp-content\/uploads\/2022\/06\/header_page_004.2-1536x625.jpg 1536w, https:\/\/verkeer.site\/wp-content\/uploads\/2022\/06\/header_page_004.2-18x7.jpg 18w\" sizes=\"(max-width: 1600px) 100vw, 1600px\" \/>\t\t\t\t\t\t\t\t\t\t\t\t\t\t\t<\/div>\n\t\t\t\t<\/div>\n\t\t\t\t<div class=\"elementor-element elementor-element-c4fe150 elementor-invisible elementor-widget elementor-widget-text-editor\" data-id=\"c4fe150\" data-element_type=\"widget\" data-settings=\"{&quot;_animation&quot;:&quot;fadeInUp&quot;}\" data-widget_type=\"text-editor.default\">\n\t\t\t\t<div class=\"elementor-widget-container\">\n\t\t\t\t\t\t\t\t\t<p><strong><span style=\"color: #333333;\">1.<\/span><\/strong> Dans un premier temps, l'agent charg\u00e9 de l'enqu\u00eate peut seulement vous ordonner de coop\u00e9rer \u00e0 une analyse de l'haleine. Vous \u00eates alors oblig\u00e9 de souffler dans l'appareil.<\/p><p><span style=\"color: #333333;\"><strong>2.<\/strong><\/span> Si, pour des raisons m\u00e9dicales, il n'est pas possible d'exiger un alcootest, ou si la coop\u00e9ration du suspect n'aboutit pas \u00e0 un alcootest complet, ou encore s'il existe un soup\u00e7on que le suspect est sous l'influence de certaines drogues ou d'une combinaison de drogues et d'alcool, l'agent charg\u00e9 de l'enqu\u00eate peut demander l'autorisation de proc\u00e9der \u00e0 une prise de sang.<\/p><p><strong><span style=\"color: #333333;\">3.<\/span><\/strong> Si le consentement n'est pas donn\u00e9, une personne autoris\u00e9e, souvent le procureur (adjoint), peut ordonner au suspect de coop\u00e9rer \u00e0 la prise de sang. Vous \u00eates alors tenu de vous conformer \u00e0 cet ordre.<\/p><p><strong><span style=\"color: #333333;\">4.<\/span><\/strong> Si vous n'\u00eates pas en mesure d'exprimer votre volont\u00e9, la quantit\u00e9 de sang vis\u00e9e au sixi\u00e8me alin\u00e9a peut vous \u00eatre pr\u00e9lev\u00e9e par un m\u00e9decin ou un infirmier avec l'autorisation du procureur g\u00e9n\u00e9ral, d'un procureur auxiliaire ou d'un des agents de police d\u00e9sign\u00e9s \u00e0 cet effet par arr\u00eat\u00e9 de Notre Ministre de la S\u00e9curit\u00e9 et de la Justice, sauf s'il est plausible que cela ne soit pas souhaitable pour des raisons m\u00e9dicales particuli\u00e8res. Le suspect doit toujours avoir eu la possibilit\u00e9 de donner son autorisation au pr\u00e9alable. Si n\u00e9cessaire, il peut vous \u00eatre ordonn\u00e9 de coop\u00e9rer et vous \u00eates alors oblig\u00e9 de le faire. Si vous refusez de coop\u00e9rer, l'\u00e9chantillon de sang sera d\u00e9truit.<\/p><p>S'il s'av\u00e8re ou s'il y a de s\u00e9rieux soup\u00e7ons que vous avez bu au point de commettre une infraction p\u00e9nale, un proc\u00e8s-verbal sera dress\u00e9 et vous serez oblig\u00e9 de remettre votre permis de conduire \u00e0 l'agent charg\u00e9 de l'enqu\u00eate (article 164, paragraphe 1, WVW ?).<\/p>\t\t\t\t\t\t\t\t<\/div>\n\t\t\t\t<\/div>\n\t\t\t\t\t<\/div>\n\t\t<\/div>\n\t\t\t\t\t<\/div>\n\t\t<\/div>\n\t\t\t\t<div class=\"elementor-section elementor-top-section elementor-element elementor-element-af547d3 elementor-section-boxed elementor-section-height-default elementor-section-height-default\" data-id=\"af547d3\" data-element_type=\"section\" data-settings=\"{&quot;background_background&quot;:&quot;classic&quot;}\">\n\t\t\t\t\t\t<div class=\"elementor-container elementor-column-gap-default\">\n\t\t\t\t\t<div class=\"elementor-column elementor-col-66 elementor-top-column elementor-element elementor-element-ddfcaa7\" data-id=\"ddfcaa7\" data-element_type=\"column\">\n\t\t\t<div class=\"elementor-widget-wrap elementor-element-populated\">\n\t\t\t\t\t\t<div class=\"elementor-element elementor-element-5f82a45 elementor-widget elementor-widget-text-editor\" data-id=\"5f82a45\" data-element_type=\"widget\" data-widget_type=\"text-editor.default\">\n\t\t\t\t<div class=\"elementor-widget-container\">\n\t\t\t\t\t\t\t\t\t<p>Vous avez besoin d'un avocat pour le droit p\u00e9nal routier ?<br \/>Veuillez nous contacter par t\u00e9l\u00e9phone au +31 40 369 06 80 ou envoyer un e-mail \u00e0 :<br \/>Tom Meevis, avocat \u00e0 Law &amp; More - tom.meevis@lawandmore.nl<br \/>M. Maxim Hodak, avocat \u00e0 Law &amp; More - maxim.hodak@lawandmore.nl<\/p>\t\t\t\t\t\t\t\t<\/div>\n\t\t\t\t<\/div>\n\t\t\t\t\t<\/div>\n\t\t<\/div>\n\t\t\t\t<div class=\"elementor-column elementor-col-33 elementor-top-column elementor-element elementor-element-11ccdb2\" data-id=\"11ccdb2\" data-element_type=\"column\">\n\t\t\t<div class=\"elementor-widget-wrap elementor-element-populated\">\n\t\t\t\t\t\t<div class=\"elementor-element elementor-element-330a0af elementor-align-center elementor-mobile-align-left elementor-invisible elementor-widget elementor-widget-button\" data-id=\"330a0af\" data-element_type=\"widget\" data-settings=\"{&quot;_animation&quot;:&quot;fadeInUp&quot;,&quot;_animation_delay&quot;:500}\" data-widget_type=\"button.default\">\n\t\t\t\t<div class=\"elementor-widget-container\">\n\t\t\t\t\t\t\t\t\t<div class=\"elementor-button-wrapper\">\n\t\t\t\t\t<a class=\"elementor-button elementor-button-link elementor-size-md\" href=\"https:\/\/verkeer.site\/fr\/contact\/\">\n\t\t\t\t\t\t<span class=\"elementor-button-content-wrapper\">\n\t\t\t\t\t\t\t\t\t<span class=\"elementor-button-text\">CONTACTEZ-NOUS<\/span>\n\t\t\t\t\t<\/span>\n\t\t\t\t\t<\/a>\n\t\t\t\t<\/div>\n\t\t\t\t\t\t\t\t<\/div>\n\t\t\t\t<\/div>\n\t\t\t\t\t<\/div>\n\t\t<\/div>\n\t\t\t\t\t<\/div>\n\t\t<\/div>\n\t\t\t\t<\/div>","protected":false},"excerpt":{"rendered":"<p>Dans le cadre de l'application de la loi sur la circulation routi\u00e8re et de la d\u00e9tection des infractions \u00e0 la loi sur la circulation routi\u00e8re, l'agent enqu\u00eateur peut vous ordonner, en tant que conducteur d'un v\u00e9hicule, de coop\u00e9rer \u00e0 l'enqu\u00eate.<\/p>","protected":false},"author":1,"featured_media":3467,"parent":0,"menu_order":0,"comment_status":"closed","ping_status":"closed","template":"","meta":{"footnotes":""},"class_list":["post-3475","page","type-page","status-publish","has-post-thumbnail","hentry"],"yoast_head":"<!-- This site is optimized with the Yoast SEO plugin v25.6 - https:\/\/yoast.com\/wordpress\/plugins\/seo\/ -->\n<title>Verplichtingen \/ Meewerken - Verkeer.site<\/title>\n<meta name=\"description\" content=\"De personen die met de opsporing van de feiten die strafbaar zijn gesteld in de Wegenverkeerswet belast zijn, kunnen in dit kader aan...\" \/>\n<meta name=\"robots\" content=\"index, follow, max-snippet:-1, max-image-preview:large, max-video-preview:-1\" \/>\n<link rel=\"canonical\" href=\"https:\/\/verkeer.site\/fr\/verplichtingen-meewerken-2\/\" \/>\n<meta property=\"og:locale\" content=\"fr_FR\" \/>\n<meta property=\"og:type\" content=\"article\" \/>\n<meta property=\"og:title\" content=\"Verplichtingen \/ Meewerken - Verkeer.site\" \/>\n<meta property=\"og:description\" content=\"De personen die met de opsporing van de feiten die strafbaar zijn gesteld in de Wegenverkeerswet belast zijn, kunnen in dit kader aan...\" \/>\n<meta property=\"og:url\" content=\"https:\/\/verkeer.site\/fr\/verplichtingen-meewerken-2\/\" \/>\n<meta property=\"og:site_name\" content=\"Verkeer.site\" \/>\n<meta property=\"article:publisher\" content=\"https:\/\/www.facebook.com\/LawAndMoreNl\" \/>\n<meta property=\"article:modified_time\" content=\"2022-06-01T14:06:17+00:00\" \/>\n<meta property=\"og:image\" content=\"https:\/\/verkeer.site\/wp-content\/uploads\/2022\/06\/header_page_008.2.jpg\" \/>\n\t<meta property=\"og:image:width\" content=\"1600\" \/>\n\t<meta property=\"og:image:height\" content=\"676\" \/>\n\t<meta property=\"og:image:type\" content=\"image\/jpeg\" \/>\n<meta name=\"twitter:card\" content=\"summary_large_image\" \/>\n<meta name=\"twitter:site\" content=\"@LawandMorenl\" \/>\n<meta name=\"twitter:label1\" content=\"Est. reading time\" \/>\n\t<meta name=\"twitter:data1\" content=\"4 minutes\" \/>\n<script type=\"application\/ld+json\" class=\"yoast-schema-graph\">{\"@context\":\"https:\/\/schema.org\",\"@graph\":[{\"@type\":\"WebPage\",\"@id\":\"https:\/\/verkeer.site\/verplichtingen-meewerken-2\/\",\"url\":\"https:\/\/verkeer.site\/verplichtingen-meewerken-2\/\",\"name\":\"Verplichtingen \/ Meewerken - Verkeer.site\",\"isPartOf\":{\"@id\":\"https:\/\/verkeer.site\/#website\"},\"primaryImageOfPage\":{\"@id\":\"https:\/\/verkeer.site\/verplichtingen-meewerken-2\/#primaryimage\"},\"image\":{\"@id\":\"https:\/\/verkeer.site\/verplichtingen-meewerken-2\/#primaryimage\"},\"thumbnailUrl\":\"https:\/\/verkeer.site\/wp-content\/uploads\/2022\/06\/header_page_008.2.jpg\",\"datePublished\":\"2022-06-01T13:14:58+00:00\",\"dateModified\":\"2022-06-01T14:06:17+00:00\",\"description\":\"De personen die met de opsporing van de feiten die strafbaar zijn gesteld in de Wegenverkeerswet belast zijn, kunnen in dit kader aan...\",\"breadcrumb\":{\"@id\":\"https:\/\/verkeer.site\/verplichtingen-meewerken-2\/#breadcrumb\"},\"inLanguage\":\"fr-FR\",\"potentialAction\":[{\"@type\":\"ReadAction\",\"target\":[\"https:\/\/verkeer.site\/verplichtingen-meewerken-2\/\"]}]},{\"@type\":\"ImageObject\",\"inLanguage\":\"fr-FR\",\"@id\":\"https:\/\/verkeer.site\/verplichtingen-meewerken-2\/#primaryimage\",\"url\":\"https:\/\/verkeer.site\/wp-content\/uploads\/2022\/06\/header_page_008.2.jpg\",\"contentUrl\":\"https:\/\/verkeer.site\/wp-content\/uploads\/2022\/06\/header_page_008.2.jpg\",\"width\":1600,\"height\":676,\"caption\":\"Toezicht en opsporing\"},{\"@type\":\"BreadcrumbList\",\"@id\":\"https:\/\/verkeer.site\/verplichtingen-meewerken-2\/#breadcrumb\",\"itemListElement\":[{\"@type\":\"ListItem\",\"position\":1,\"name\":\"Home\",\"item\":\"https:\/\/verkeer.site\/\"},{\"@type\":\"ListItem\",\"position\":2,\"name\":\"Verplichtingen \/ Meewerken\"}]},{\"@type\":\"WebSite\",\"@id\":\"https:\/\/verkeer.site\/#website\",\"url\":\"https:\/\/verkeer.site\/\",\"name\":\"Verkeer.site\",\"description\":\"Advocaten Verkeersstrafrecht\",\"publisher\":{\"@id\":\"https:\/\/verkeer.site\/#organization\"},\"potentialAction\":[{\"@type\":\"SearchAction\",\"target\":{\"@type\":\"EntryPoint\",\"urlTemplate\":\"https:\/\/verkeer.site\/?s={search_term_string}\"},\"query-input\":{\"@type\":\"PropertyValueSpecification\",\"valueRequired\":true,\"valueName\":\"search_term_string\"}}],\"inLanguage\":\"fr-FR\"},{\"@type\":\"Organization\",\"@id\":\"https:\/\/verkeer.site\/#organization\",\"name\":\"Law & More B.V.\",\"url\":\"https:\/\/verkeer.site\/\",\"logo\":{\"@type\":\"ImageObject\",\"inLanguage\":\"fr-FR\",\"@id\":\"https:\/\/verkeer.site\/#\/schema\/logo\/image\/\",\"url\":\"https:\/\/verkeer.site\/wp-content\/uploads\/2019\/04\/lawmore_logo_LM_only_copy.jpg\",\"contentUrl\":\"https:\/\/verkeer.site\/wp-content\/uploads\/2019\/04\/lawmore_logo_LM_only_copy.jpg\",\"width\":665,\"height\":665,\"caption\":\"Law & More B.V.\"},\"image\":{\"@id\":\"https:\/\/verkeer.site\/#\/schema\/logo\/image\/\"},\"sameAs\":[\"https:\/\/www.facebook.com\/LawAndMoreNl\",\"https:\/\/x.com\/LawandMorenl\",\"https:\/\/www.instagram.com\/lawandmore\/\",\"https:\/\/nl.linkedin.com\/company\/5339401\"]}]}<\/script>\n<!-- \/ Yoast SEO plugin. -->","yoast_head_json":{"title":"Obligations \/ Coop\u00e9ration - Traffic.site","description":"Les personnes charg\u00e9es d'enqu\u00eater sur les infractions sanctionn\u00e9es par la loi sur la circulation routi\u00e8re peuvent, dans ce cadre, soumettre...","robots":{"index":"index","follow":"follow","max-snippet":"max-snippet:-1","max-image-preview":"max-image-preview:large","max-video-preview":"max-video-preview:-1"},"canonical":"https:\/\/verkeer.site\/fr\/verplichtingen-meewerken-2\/","og_locale":"fr_FR","og_type":"article","og_title":"Verplichtingen \/ Meewerken - Verkeer.site","og_description":"De personen die met de opsporing van de feiten die strafbaar zijn gesteld in de Wegenverkeerswet belast zijn, kunnen in dit kader aan...","og_url":"https:\/\/verkeer.site\/fr\/verplichtingen-meewerken-2\/","og_site_name":"Verkeer.site","article_publisher":"https:\/\/www.facebook.com\/LawAndMoreNl","article_modified_time":"2022-06-01T14:06:17+00:00","og_image":[{"width":1600,"height":676,"url":"https:\/\/verkeer.site\/wp-content\/uploads\/2022\/06\/header_page_008.2.jpg","type":"image\/jpeg"}],"twitter_card":"summary_large_image","twitter_site":"@LawandMorenl","twitter_misc":{"Est. reading time":"4 minutes"},"schema":{"@context":"https:\/\/schema.org","@graph":[{"@type":"WebPage","@id":"https:\/\/verkeer.site\/verplichtingen-meewerken-2\/","url":"https:\/\/verkeer.site\/verplichtingen-meewerken-2\/","name":"Obligations \/ Coop\u00e9ration - Traffic.site","isPartOf":{"@id":"https:\/\/verkeer.site\/#website"},"primaryImageOfPage":{"@id":"https:\/\/verkeer.site\/verplichtingen-meewerken-2\/#primaryimage"},"image":{"@id":"https:\/\/verkeer.site\/verplichtingen-meewerken-2\/#primaryimage"},"thumbnailUrl":"https:\/\/verkeer.site\/wp-content\/uploads\/2022\/06\/header_page_008.2.jpg","datePublished":"2022-06-01T13:14:58+00:00","dateModified":"2022-06-01T14:06:17+00:00","description":"Les personnes charg\u00e9es d'enqu\u00eater sur les infractions sanctionn\u00e9es par la loi sur la circulation routi\u00e8re peuvent, dans ce cadre, soumettre...","breadcrumb":{"@id":"https:\/\/verkeer.site\/verplichtingen-meewerken-2\/#breadcrumb"},"inLanguage":"fr-FR","potentialAction":[{"@type":"ReadAction","target":["https:\/\/verkeer.site\/verplichtingen-meewerken-2\/"]}]},{"@type":"ImageObject","inLanguage":"fr-FR","@id":"https:\/\/verkeer.site\/verplichtingen-meewerken-2\/#primaryimage","url":"https:\/\/verkeer.site\/wp-content\/uploads\/2022\/06\/header_page_008.2.jpg","contentUrl":"https:\/\/verkeer.site\/wp-content\/uploads\/2022\/06\/header_page_008.2.jpg","width":1600,"height":676,"caption":"Toezicht en opsporing"},{"@type":"BreadcrumbList","@id":"https:\/\/verkeer.site\/verplichtingen-meewerken-2\/#breadcrumb","itemListElement":[{"@type":"ListItem","position":1,"name":"Home","item":"https:\/\/verkeer.site\/"},{"@type":"ListItem","position":2,"name":"Verplichtingen \/ Meewerken"}]},{"@type":"WebSite","@id":"https:\/\/verkeer.site\/#website","url":"https:\/\/verkeer.site\/","name":"Trafic.site","description":"Avocats sp\u00e9cialis\u00e9s dans les affaires criminelles et la circulation routi\u00e8re","publisher":{"@id":"https:\/\/verkeer.site\/#organization"},"potentialAction":[{"@type":"SearchAction","target":{"@type":"EntryPoint","urlTemplate":"https:\/\/verkeer.site\/?s={search_term_string}"},"query-input":{"@type":"PropertyValueSpecification","valueRequired":true,"valueName":"search_term_string"}}],"inLanguage":"fr-FR"},{"@type":"Organization","@id":"https:\/\/verkeer.site\/#organization","name":"Law &amp; More B.V.","url":"https:\/\/verkeer.site\/","logo":{"@type":"ImageObject","inLanguage":"fr-FR","@id":"https:\/\/verkeer.site\/#\/schema\/logo\/image\/","url":"https:\/\/verkeer.site\/wp-content\/uploads\/2019\/04\/lawmore_logo_LM_only_copy.jpg","contentUrl":"https:\/\/verkeer.site\/wp-content\/uploads\/2019\/04\/lawmore_logo_LM_only_copy.jpg","width":665,"height":665,"caption":"Law & More B.V."},"image":{"@id":"https:\/\/verkeer.site\/#\/schema\/logo\/image\/"},"sameAs":["https:\/\/www.facebook.com\/LawAndMoreNl","https:\/\/x.com\/LawandMorenl","https:\/\/www.instagram.com\/lawandmore\/","https:\/\/nl.linkedin.com\/company\/5339401"]}]}},"_links":{"self":[{"href":"https:\/\/verkeer.site\/fr\/wp-json\/wp\/v2\/pages\/3475","targetHints":{"allow":["GET"]}}],"collection":[{"href":"https:\/\/verkeer.site\/fr\/wp-json\/wp\/v2\/pages"}],"about":[{"href":"https:\/\/verkeer.site\/fr\/wp-json\/wp\/v2\/types\/page"}],"author":[{"embeddable":true,"href":"https:\/\/verkeer.site\/fr\/wp-json\/wp\/v2\/users\/1"}],"replies":[{"embeddable":true,"href":"https:\/\/verkeer.site\/fr\/wp-json\/wp\/v2\/comments?post=3475"}],"version-history":[{"count":0,"href":"https:\/\/verkeer.site\/fr\/wp-json\/wp\/v2\/pages\/3475\/revisions"}],"wp:featuredmedia":[{"embeddable":true,"href":"https:\/\/verkeer.site\/fr\/wp-json\/wp\/v2\/media\/3467"}],"wp:attachment":[{"href":"https:\/\/verkeer.site\/fr\/wp-json\/wp\/v2\/media?parent=3475"}],"curies":[{"name":"wp","href":"https:\/\/api.w.org\/{rel}","templated":true}]}}