{"id":3435,"date":"2022-06-01T13:48:31","date_gmt":"2022-06-01T12:48:31","guid":{"rendered":"https:\/\/verkeer.site\/?page_id=3435"},"modified":"2022-06-01T15:06:38","modified_gmt":"2022-06-01T14:06:38","slug":"fietsers-voetgangers-alcohol","status":"publish","type":"page","link":"https:\/\/verkeer.site\/fr\/fietsers-voetgangers-alcohol\/","title":{"rendered":"Cyclistes, pi\u00e9tons et alcool"},"content":{"rendered":"<div data-elementor-type=\"wp-page\" data-elementor-id=\"3435\" class=\"elementor elementor-3435\" data-elementor-post-type=\"page\">\n\t\t\t\t\t\t<div class=\"elementor-section elementor-top-section elementor-element elementor-element-ce48caf elementor-section-boxed elementor-section-height-default elementor-section-height-default\" data-id=\"ce48caf\" data-element_type=\"section\" data-settings=\"{&quot;background_background&quot;:&quot;classic&quot;,&quot;background_motion_fx_motion_fx_scrolling&quot;:&quot;yes&quot;,&quot;background_motion_fx_translateY_effect&quot;:&quot;yes&quot;,&quot;background_motion_fx_translateY_speed&quot;:{&quot;unit&quot;:&quot;px&quot;,&quot;size&quot;:4,&quot;sizes&quot;:[]},&quot;background_motion_fx_translateY_affectedRange&quot;:{&quot;unit&quot;:&quot;%&quot;,&quot;size&quot;:&quot;&quot;,&quot;sizes&quot;:{&quot;start&quot;:0,&quot;end&quot;:100}},&quot;background_motion_fx_devices&quot;:[&quot;desktop&quot;,&quot;laptop&quot;,&quot;tablet&quot;,&quot;mobile_extra&quot;,&quot;mobile&quot;]}\">\n\t\t\t\t\t\t\t<div class=\"elementor-background-overlay\"><\/div>\n\t\t\t\t\t\t\t<div class=\"elementor-container elementor-column-gap-default\">\n\t\t\t\t\t<div class=\"elementor-column elementor-col-100 elementor-top-column elementor-element elementor-element-c2bcda1\" data-id=\"c2bcda1\" data-element_type=\"column\">\n\t\t\t<div class=\"elementor-widget-wrap elementor-element-populated\">\n\t\t\t\t\t\t<div class=\"elementor-element elementor-element-7b5354e elementor-widget elementor-widget-heading\" data-id=\"7b5354e\" data-element_type=\"widget\" data-widget_type=\"heading.default\">\n\t\t\t\t<div class=\"elementor-widget-container\">\n\t\t\t\t\t<h2 class=\"elementor-heading-title elementor-size-default\">Cyclistes, pi\u00e9tons et alcool<\/h2>\t\t\t\t<\/div>\n\t\t\t\t<\/div>\n\t\t\t\t\t<\/div>\n\t\t<\/div>\n\t\t\t\t\t<\/div>\n\t\t<\/div>\n\t\t\t\t<div class=\"elementor-section elementor-top-section elementor-element elementor-element-c023ed4 elementor-section-boxed elementor-section-height-default elementor-section-height-default\" data-id=\"c023ed4\" data-element_type=\"section\">\n\t\t\t\t\t\t<div class=\"elementor-container elementor-column-gap-default\">\n\t\t\t\t\t<div class=\"elementor-column elementor-col-100 elementor-top-column elementor-element elementor-element-a4eee03\" data-id=\"a4eee03\" data-element_type=\"column\">\n\t\t\t<div class=\"elementor-widget-wrap elementor-element-populated\">\n\t\t\t\t\t\t<div class=\"elementor-element elementor-element-1eeebe7 elementor-invisible elementor-widget elementor-widget-text-editor\" data-id=\"1eeebe7\" data-element_type=\"widget\" data-settings=\"{&quot;_animation&quot;:&quot;fadeInUp&quot;}\" data-widget_type=\"text-editor.default\">\n\t\t\t\t<div class=\"elementor-widget-container\">\n\t\t\t\t\t\t\t\t\tLes pourcentages d'alcool\u00e9mie font donc une distinction entre les conducteurs novices de v\u00e9hicules \u00e0 moteur et les (autres) conducteurs de v\u00e9hicules. La loi n'explique pas ce que l'on entend par v\u00e9hicule, mais il ressort de l'explication de la loi que le sens peut \u00eatre d\u00e9duit de la parole. Un v\u00e9hicule pourrait alors \u00eatre tout ce qui se d\u00e9place. Ainsi, m\u00eame si vous conduisez votre v\u00e9lo en \u00e9tat d'\u00e9bri\u00e9t\u00e9, vous pouvez \u00eatre sanctionn\u00e9. En tant que cycliste, vous \u00eates donc punissable avec plus de 220 microgrammes d'alcool par souffle expir\u00e9 ou avec plus de 0,5 millilitre d'alcool par millilitre de sang.\t\t\t\t\t\t\t\t<\/div>\n\t\t\t\t<\/div>\n\t\t\t\t<div class=\"elementor-element elementor-element-c687e5d elementor-widget elementor-widget-image\" data-id=\"c687e5d\" data-element_type=\"widget\" data-widget_type=\"image.default\">\n\t\t\t\t<div class=\"elementor-widget-container\">\n\t\t\t\t\t\t\t\t\t\t\t\t\t\t\t<img fetchpriority=\"high\" decoding=\"async\" width=\"1920\" height=\"682\" src=\"https:\/\/verkeer.site\/wp-content\/uploads\/2018\/05\/Crossroad.jpg\" class=\"attachment-full size-full wp-image-1988\" alt=\"Fietsers, voetgangers &amp; alcohol\" srcset=\"https:\/\/verkeer.site\/wp-content\/uploads\/2018\/05\/Crossroad.jpg 1920w, https:\/\/verkeer.site\/wp-content\/uploads\/2018\/05\/Crossroad-300x107.jpg 300w, https:\/\/verkeer.site\/wp-content\/uploads\/2018\/05\/Crossroad-768x273.jpg 768w, https:\/\/verkeer.site\/wp-content\/uploads\/2018\/05\/Crossroad-1024x364.jpg 1024w, https:\/\/verkeer.site\/wp-content\/uploads\/2018\/05\/Crossroad-1670x593.jpg 1670w, https:\/\/verkeer.site\/wp-content\/uploads\/2018\/05\/Crossroad-880x313.jpg 880w, https:\/\/verkeer.site\/wp-content\/uploads\/2018\/05\/Crossroad-450x160.jpg 450w\" sizes=\"(max-width: 1920px) 100vw, 1920px\" \/>\t\t\t\t\t\t\t\t\t\t\t\t\t\t\t<\/div>\n\t\t\t\t<\/div>\n\t\t\t\t<div class=\"elementor-element elementor-element-c4fe150 elementor-invisible elementor-widget elementor-widget-text-editor\" data-id=\"c4fe150\" data-element_type=\"widget\" data-settings=\"{&quot;_animation&quot;:&quot;fadeInUp&quot;}\" data-widget_type=\"text-editor.default\">\n\t\t\t\t<div class=\"elementor-widget-container\">\n\t\t\t\t\t\t\t\t\tTous les usagers de la route, y compris les cyclistes et les pi\u00e9tons, doivent bien s\u00fbr se comporter de mani\u00e8re \u00e0 ne pas constituer un danger pour autrui ou \u00e0 ne pas g\u00eaner (ou \u00eatre susceptible de g\u00eaner) la circulation sur la route. S'ils se comportent de mani\u00e8re dangereuse ou si la circulation peut \u00eatre entrav\u00e9e par leur comportement, alors la loi est enfreinte et cette personne est punissable. En outre, toute personne qui provoque des accidents de la circulation entra\u00eenant des blessures physiques ou la mort d'une autre personne est punissable. M\u00eame \u00e0 v\u00e9lo ou \u00e0 pied, vous pouvez bien s\u00fbr \u00eatre un danger pour les autres usagers de la route et certainement avec quelques lunettes. Ainsi, en tant que cycliste ou pi\u00e9ton, vous pouvez \u00e9galement \u00eatre sanctionn\u00e9 si vous constituez un danger pour autrui ou si vous provoquez un accident qui entra\u00eene des dommages corporels ou la mort d'une autre personne.\t\t\t\t\t\t\t\t<\/div>\n\t\t\t\t<\/div>\n\t\t\t\t\t<\/div>\n\t\t<\/div>\n\t\t\t\t\t<\/div>\n\t\t<\/div>\n\t\t\t\t<div class=\"elementor-section elementor-top-section elementor-element elementor-element-af547d3 elementor-section-boxed elementor-section-height-default elementor-section-height-default\" data-id=\"af547d3\" data-element_type=\"section\" data-settings=\"{&quot;background_background&quot;:&quot;classic&quot;}\">\n\t\t\t\t\t\t<div class=\"elementor-container elementor-column-gap-default\">\n\t\t\t\t\t<div class=\"elementor-column elementor-col-66 elementor-top-column elementor-element elementor-element-ddfcaa7\" data-id=\"ddfcaa7\" data-element_type=\"column\">\n\t\t\t<div class=\"elementor-widget-wrap elementor-element-populated\">\n\t\t\t\t\t\t<div class=\"elementor-element elementor-element-5f82a45 elementor-widget elementor-widget-text-editor\" data-id=\"5f82a45\" data-element_type=\"widget\" data-widget_type=\"text-editor.default\">\n\t\t\t\t<div class=\"elementor-widget-container\">\n\t\t\t\t\t\t\t\t\t<p>Vous avez besoin d'un avocat pour le droit p\u00e9nal routier ?<br \/>Veuillez nous contacter par t\u00e9l\u00e9phone au +31 40 369 06 80 ou envoyer un e-mail \u00e0 :<br \/>Tom Meevis, avocat \u00e0 Law &amp; More - tom.meevis@lawandmore.nl<br \/>M. Maxim Hodak, avocat \u00e0 Law &amp; More - maxim.hodak@lawandmore.nl<\/p>\t\t\t\t\t\t\t\t<\/div>\n\t\t\t\t<\/div>\n\t\t\t\t\t<\/div>\n\t\t<\/div>\n\t\t\t\t<div class=\"elementor-column elementor-col-33 elementor-top-column elementor-element elementor-element-11ccdb2\" data-id=\"11ccdb2\" data-element_type=\"column\">\n\t\t\t<div class=\"elementor-widget-wrap elementor-element-populated\">\n\t\t\t\t\t\t<div class=\"elementor-element elementor-element-330a0af elementor-align-center elementor-mobile-align-left elementor-invisible elementor-widget elementor-widget-button\" data-id=\"330a0af\" data-element_type=\"widget\" data-settings=\"{&quot;_animation&quot;:&quot;fadeInUp&quot;,&quot;_animation_delay&quot;:500}\" data-widget_type=\"button.default\">\n\t\t\t\t<div class=\"elementor-widget-container\">\n\t\t\t\t\t\t\t\t\t<div class=\"elementor-button-wrapper\">\n\t\t\t\t\t<a class=\"elementor-button elementor-button-link elementor-size-md\" href=\"https:\/\/verkeer.site\/fr\/contact\/\">\n\t\t\t\t\t\t<span class=\"elementor-button-content-wrapper\">\n\t\t\t\t\t\t\t\t\t<span class=\"elementor-button-text\">CONTACTEZ-NOUS<\/span>\n\t\t\t\t\t<\/span>\n\t\t\t\t\t<\/a>\n\t\t\t\t<\/div>\n\t\t\t\t\t\t\t\t<\/div>\n\t\t\t\t<\/div>\n\t\t\t\t\t<\/div>\n\t\t<\/div>\n\t\t\t\t\t<\/div>\n\t\t<\/div>\n\t\t\t\t<\/div>","protected":false},"excerpt":{"rendered":"<p>Cyclistes, pi\u00e9tons et alcool Ainsi, les taux d'alcool\u00e9mie font la distinction entre les conducteurs novices de v\u00e9hicules \u00e0 moteur et les (autres) conducteurs de v\u00e9hicules. Ce que l'on entend par v\u00e9hicule n'est pas expliqu\u00e9 dans la loi, mais \u00e0 partir de l'explication [...]<\/p>","protected":false},"author":1,"featured_media":3105,"parent":0,"menu_order":0,"comment_status":"closed","ping_status":"closed","template":"","meta":{"footnotes":""},"class_list":["post-3435","page","type-page","status-publish","has-post-thumbnail","hentry"],"yoast_head":"<!-- This site is optimized with the Yoast SEO plugin v25.6 - https:\/\/yoast.com\/wordpress\/plugins\/seo\/ -->\n<title>Fietsers, voetgangers &amp; alcohol - Verkeer.site<\/title>\n<meta name=\"description\" content=\"Bij de alcoholpercentages wordt dus een onderscheid gemaakt tussen beginnende bestuurders van motorrijtuigen en (andere) bestuurders...\" \/>\n<meta name=\"robots\" content=\"index, follow, max-snippet:-1, max-image-preview:large, max-video-preview:-1\" \/>\n<link rel=\"canonical\" href=\"https:\/\/verkeer.site\/fr\/fietsers-voetgangers-alcohol\/\" \/>\n<meta property=\"og:locale\" content=\"fr_FR\" \/>\n<meta property=\"og:type\" content=\"article\" \/>\n<meta property=\"og:title\" content=\"Fietsers, voetgangers &amp; alcohol - Verkeer.site\" \/>\n<meta property=\"og:description\" content=\"Bij de alcoholpercentages wordt dus een onderscheid gemaakt tussen beginnende bestuurders van motorrijtuigen en (andere) bestuurders...\" \/>\n<meta property=\"og:url\" content=\"https:\/\/verkeer.site\/fr\/fietsers-voetgangers-alcohol\/\" \/>\n<meta property=\"og:site_name\" content=\"Verkeer.site\" \/>\n<meta property=\"article:publisher\" content=\"https:\/\/www.facebook.com\/LawAndMoreNl\" \/>\n<meta property=\"article:modified_time\" content=\"2022-06-01T14:06:38+00:00\" \/>\n<meta property=\"og:image\" content=\"https:\/\/verkeer.site\/wp-content\/uploads\/2022\/06\/police-1.jpg\" \/>\n\t<meta property=\"og:image:width\" content=\"960\" \/>\n\t<meta property=\"og:image:height\" content=\"720\" \/>\n\t<meta property=\"og:image:type\" content=\"image\/jpeg\" \/>\n<meta name=\"twitter:card\" content=\"summary_large_image\" \/>\n<meta name=\"twitter:site\" content=\"@LawandMorenl\" \/>\n<meta name=\"twitter:label1\" content=\"Est. reading time\" \/>\n\t<meta name=\"twitter:data1\" content=\"2 minutes\" \/>\n<script type=\"application\/ld+json\" class=\"yoast-schema-graph\">{\"@context\":\"https:\/\/schema.org\",\"@graph\":[{\"@type\":\"WebPage\",\"@id\":\"https:\/\/verkeer.site\/fietsers-voetgangers-alcohol\/\",\"url\":\"https:\/\/verkeer.site\/fietsers-voetgangers-alcohol\/\",\"name\":\"Fietsers, voetgangers & alcohol - Verkeer.site\",\"isPartOf\":{\"@id\":\"https:\/\/verkeer.site\/#website\"},\"primaryImageOfPage\":{\"@id\":\"https:\/\/verkeer.site\/fietsers-voetgangers-alcohol\/#primaryimage\"},\"image\":{\"@id\":\"https:\/\/verkeer.site\/fietsers-voetgangers-alcohol\/#primaryimage\"},\"thumbnailUrl\":\"https:\/\/verkeer.site\/wp-content\/uploads\/2022\/06\/police-1.jpg\",\"datePublished\":\"2022-06-01T12:48:31+00:00\",\"dateModified\":\"2022-06-01T14:06:38+00:00\",\"description\":\"Bij de alcoholpercentages wordt dus een onderscheid gemaakt tussen beginnende bestuurders van motorrijtuigen en (andere) bestuurders...\",\"breadcrumb\":{\"@id\":\"https:\/\/verkeer.site\/fietsers-voetgangers-alcohol\/#breadcrumb\"},\"inLanguage\":\"fr-FR\",\"potentialAction\":[{\"@type\":\"ReadAction\",\"target\":[\"https:\/\/verkeer.site\/fietsers-voetgangers-alcohol\/\"]}]},{\"@type\":\"ImageObject\",\"inLanguage\":\"fr-FR\",\"@id\":\"https:\/\/verkeer.site\/fietsers-voetgangers-alcohol\/#primaryimage\",\"url\":\"https:\/\/verkeer.site\/wp-content\/uploads\/2022\/06\/police-1.jpg\",\"contentUrl\":\"https:\/\/verkeer.site\/wp-content\/uploads\/2022\/06\/police-1.jpg\",\"width\":960,\"height\":720,\"caption\":\"police-1\"},{\"@type\":\"BreadcrumbList\",\"@id\":\"https:\/\/verkeer.site\/fietsers-voetgangers-alcohol\/#breadcrumb\",\"itemListElement\":[{\"@type\":\"ListItem\",\"position\":1,\"name\":\"Home\",\"item\":\"https:\/\/verkeer.site\/\"},{\"@type\":\"ListItem\",\"position\":2,\"name\":\"Fietsers, voetgangers &#038; alcohol\"}]},{\"@type\":\"WebSite\",\"@id\":\"https:\/\/verkeer.site\/#website\",\"url\":\"https:\/\/verkeer.site\/\",\"name\":\"Verkeer.site\",\"description\":\"Advocaten Verkeersstrafrecht\",\"publisher\":{\"@id\":\"https:\/\/verkeer.site\/#organization\"},\"potentialAction\":[{\"@type\":\"SearchAction\",\"target\":{\"@type\":\"EntryPoint\",\"urlTemplate\":\"https:\/\/verkeer.site\/?s={search_term_string}\"},\"query-input\":{\"@type\":\"PropertyValueSpecification\",\"valueRequired\":true,\"valueName\":\"search_term_string\"}}],\"inLanguage\":\"fr-FR\"},{\"@type\":\"Organization\",\"@id\":\"https:\/\/verkeer.site\/#organization\",\"name\":\"Law & More B.V.\",\"url\":\"https:\/\/verkeer.site\/\",\"logo\":{\"@type\":\"ImageObject\",\"inLanguage\":\"fr-FR\",\"@id\":\"https:\/\/verkeer.site\/#\/schema\/logo\/image\/\",\"url\":\"https:\/\/verkeer.site\/wp-content\/uploads\/2019\/04\/lawmore_logo_LM_only_copy.jpg\",\"contentUrl\":\"https:\/\/verkeer.site\/wp-content\/uploads\/2019\/04\/lawmore_logo_LM_only_copy.jpg\",\"width\":665,\"height\":665,\"caption\":\"Law & More B.V.\"},\"image\":{\"@id\":\"https:\/\/verkeer.site\/#\/schema\/logo\/image\/\"},\"sameAs\":[\"https:\/\/www.facebook.com\/LawAndMoreNl\",\"https:\/\/x.com\/LawandMorenl\",\"https:\/\/www.instagram.com\/lawandmore\/\",\"https:\/\/nl.linkedin.com\/company\/5339401\"]}]}<\/script>\n<!-- \/ Yoast SEO plugin. -->","yoast_head_json":{"title":"Cyclistes, pi\u00e9tons et alcool - Verkeer.site","description":"Dans les pourcentages d'alcool, une distinction est ainsi faite entre les conducteurs novices de v\u00e9hicules \u00e0 moteur et les (autres) conducteurs...","robots":{"index":"index","follow":"follow","max-snippet":"max-snippet:-1","max-image-preview":"max-image-preview:large","max-video-preview":"max-video-preview:-1"},"canonical":"https:\/\/verkeer.site\/fr\/fietsers-voetgangers-alcohol\/","og_locale":"fr_FR","og_type":"article","og_title":"Fietsers, voetgangers & alcohol - Verkeer.site","og_description":"Bij de alcoholpercentages wordt dus een onderscheid gemaakt tussen beginnende bestuurders van motorrijtuigen en (andere) bestuurders...","og_url":"https:\/\/verkeer.site\/fr\/fietsers-voetgangers-alcohol\/","og_site_name":"Verkeer.site","article_publisher":"https:\/\/www.facebook.com\/LawAndMoreNl","article_modified_time":"2022-06-01T14:06:38+00:00","og_image":[{"width":960,"height":720,"url":"https:\/\/verkeer.site\/wp-content\/uploads\/2022\/06\/police-1.jpg","type":"image\/jpeg"}],"twitter_card":"summary_large_image","twitter_site":"@LawandMorenl","twitter_misc":{"Est. reading time":"2 minutes"},"schema":{"@context":"https:\/\/schema.org","@graph":[{"@type":"WebPage","@id":"https:\/\/verkeer.site\/fietsers-voetgangers-alcohol\/","url":"https:\/\/verkeer.site\/fietsers-voetgangers-alcohol\/","name":"Cyclistes, pi\u00e9tons et alcool - Verkeer.site","isPartOf":{"@id":"https:\/\/verkeer.site\/#website"},"primaryImageOfPage":{"@id":"https:\/\/verkeer.site\/fietsers-voetgangers-alcohol\/#primaryimage"},"image":{"@id":"https:\/\/verkeer.site\/fietsers-voetgangers-alcohol\/#primaryimage"},"thumbnailUrl":"https:\/\/verkeer.site\/wp-content\/uploads\/2022\/06\/police-1.jpg","datePublished":"2022-06-01T12:48:31+00:00","dateModified":"2022-06-01T14:06:38+00:00","description":"Dans les pourcentages d'alcool, une distinction est ainsi faite entre les conducteurs novices de v\u00e9hicules \u00e0 moteur et les (autres) conducteurs...","breadcrumb":{"@id":"https:\/\/verkeer.site\/fietsers-voetgangers-alcohol\/#breadcrumb"},"inLanguage":"fr-FR","potentialAction":[{"@type":"ReadAction","target":["https:\/\/verkeer.site\/fietsers-voetgangers-alcohol\/"]}]},{"@type":"ImageObject","inLanguage":"fr-FR","@id":"https:\/\/verkeer.site\/fietsers-voetgangers-alcohol\/#primaryimage","url":"https:\/\/verkeer.site\/wp-content\/uploads\/2022\/06\/police-1.jpg","contentUrl":"https:\/\/verkeer.site\/wp-content\/uploads\/2022\/06\/police-1.jpg","width":960,"height":720,"caption":"police-1"},{"@type":"BreadcrumbList","@id":"https:\/\/verkeer.site\/fietsers-voetgangers-alcohol\/#breadcrumb","itemListElement":[{"@type":"ListItem","position":1,"name":"Home","item":"https:\/\/verkeer.site\/"},{"@type":"ListItem","position":2,"name":"Fietsers, voetgangers &#038; alcohol"}]},{"@type":"WebSite","@id":"https:\/\/verkeer.site\/#website","url":"https:\/\/verkeer.site\/","name":"Trafic.site","description":"Avocats sp\u00e9cialis\u00e9s dans les affaires criminelles et la circulation routi\u00e8re","publisher":{"@id":"https:\/\/verkeer.site\/#organization"},"potentialAction":[{"@type":"SearchAction","target":{"@type":"EntryPoint","urlTemplate":"https:\/\/verkeer.site\/?s={search_term_string}"},"query-input":{"@type":"PropertyValueSpecification","valueRequired":true,"valueName":"search_term_string"}}],"inLanguage":"fr-FR"},{"@type":"Organization","@id":"https:\/\/verkeer.site\/#organization","name":"Law &amp; More B.V.","url":"https:\/\/verkeer.site\/","logo":{"@type":"ImageObject","inLanguage":"fr-FR","@id":"https:\/\/verkeer.site\/#\/schema\/logo\/image\/","url":"https:\/\/verkeer.site\/wp-content\/uploads\/2019\/04\/lawmore_logo_LM_only_copy.jpg","contentUrl":"https:\/\/verkeer.site\/wp-content\/uploads\/2019\/04\/lawmore_logo_LM_only_copy.jpg","width":665,"height":665,"caption":"Law & More B.V."},"image":{"@id":"https:\/\/verkeer.site\/#\/schema\/logo\/image\/"},"sameAs":["https:\/\/www.facebook.com\/LawAndMoreNl","https:\/\/x.com\/LawandMorenl","https:\/\/www.instagram.com\/lawandmore\/","https:\/\/nl.linkedin.com\/company\/5339401"]}]}},"_links":{"self":[{"href":"https:\/\/verkeer.site\/fr\/wp-json\/wp\/v2\/pages\/3435","targetHints":{"allow":["GET"]}}],"collection":[{"href":"https:\/\/verkeer.site\/fr\/wp-json\/wp\/v2\/pages"}],"about":[{"href":"https:\/\/verkeer.site\/fr\/wp-json\/wp\/v2\/types\/page"}],"author":[{"embeddable":true,"href":"https:\/\/verkeer.site\/fr\/wp-json\/wp\/v2\/users\/1"}],"replies":[{"embeddable":true,"href":"https:\/\/verkeer.site\/fr\/wp-json\/wp\/v2\/comments?post=3435"}],"version-history":[{"count":0,"href":"https:\/\/verkeer.site\/fr\/wp-json\/wp\/v2\/pages\/3435\/revisions"}],"wp:featuredmedia":[{"embeddable":true,"href":"https:\/\/verkeer.site\/fr\/wp-json\/wp\/v2\/media\/3105"}],"wp:attachment":[{"href":"https:\/\/verkeer.site\/fr\/wp-json\/wp\/v2\/media?parent=3435"}],"curies":[{"name":"wp","href":"https:\/\/api.w.org\/{rel}","templated":true}]}}