{"id":3420,"date":"2022-06-01T13:42:05","date_gmt":"2022-06-01T12:42:05","guid":{"rendered":"https:\/\/verkeer.site\/?page_id=3420"},"modified":"2022-06-01T15:05:25","modified_gmt":"2022-06-01T14:05:25","slug":"ansprakelijkheid-in-het-verkeer-185-wvw","status":"publish","type":"page","link":"https:\/\/verkeer.site\/fr\/ansprakelijkheid-in-het-verkeer-185-wvw\/","title":{"rendered":"Responsabilit\u00e9 dans la circulation (185 WVW)"},"content":{"rendered":"<div data-elementor-type=\"wp-page\" data-elementor-id=\"3420\" class=\"elementor elementor-3420\" data-elementor-post-type=\"page\">\n\t\t\t\t\t\t<div class=\"elementor-section elementor-top-section elementor-element elementor-element-ce48caf elementor-section-boxed elementor-section-height-default elementor-section-height-default\" data-id=\"ce48caf\" data-element_type=\"section\" data-settings=\"{&quot;background_background&quot;:&quot;classic&quot;,&quot;background_motion_fx_motion_fx_scrolling&quot;:&quot;yes&quot;,&quot;background_motion_fx_translateY_effect&quot;:&quot;yes&quot;,&quot;background_motion_fx_translateY_speed&quot;:{&quot;unit&quot;:&quot;px&quot;,&quot;size&quot;:4,&quot;sizes&quot;:[]},&quot;background_motion_fx_translateY_affectedRange&quot;:{&quot;unit&quot;:&quot;%&quot;,&quot;size&quot;:&quot;&quot;,&quot;sizes&quot;:{&quot;start&quot;:0,&quot;end&quot;:100}},&quot;background_motion_fx_devices&quot;:[&quot;desktop&quot;,&quot;laptop&quot;,&quot;tablet&quot;,&quot;mobile_extra&quot;,&quot;mobile&quot;]}\">\n\t\t\t\t\t\t\t<div class=\"elementor-background-overlay\"><\/div>\n\t\t\t\t\t\t\t<div class=\"elementor-container elementor-column-gap-default\">\n\t\t\t\t\t<div class=\"elementor-column elementor-col-100 elementor-top-column elementor-element elementor-element-c2bcda1\" data-id=\"c2bcda1\" data-element_type=\"column\">\n\t\t\t<div class=\"elementor-widget-wrap elementor-element-populated\">\n\t\t\t\t\t\t<div class=\"elementor-element elementor-element-7b5354e elementor-widget elementor-widget-heading\" data-id=\"7b5354e\" data-element_type=\"widget\" data-widget_type=\"heading.default\">\n\t\t\t\t<div class=\"elementor-widget-container\">\n\t\t\t\t\t<h2 class=\"elementor-heading-title elementor-size-default\">Responsabilit\u00e9 dans la circulation <br>(185 WVW)<\/h2>\t\t\t\t<\/div>\n\t\t\t\t<\/div>\n\t\t\t\t\t<\/div>\n\t\t<\/div>\n\t\t\t\t\t<\/div>\n\t\t<\/div>\n\t\t\t\t<div class=\"elementor-section elementor-top-section elementor-element elementor-element-c023ed4 elementor-section-boxed elementor-section-height-default elementor-section-height-default\" data-id=\"c023ed4\" data-element_type=\"section\">\n\t\t\t\t\t\t<div class=\"elementor-container elementor-column-gap-default\">\n\t\t\t\t\t<div class=\"elementor-column elementor-col-100 elementor-top-column elementor-element elementor-element-a4eee03\" data-id=\"a4eee03\" data-element_type=\"column\">\n\t\t\t<div class=\"elementor-widget-wrap elementor-element-populated\">\n\t\t\t\t\t\t<div class=\"elementor-element elementor-element-1eeebe7 elementor-invisible elementor-widget elementor-widget-text-editor\" data-id=\"1eeebe7\" data-element_type=\"widget\" data-settings=\"{&quot;_animation&quot;:&quot;fadeInUp&quot;}\" data-widget_type=\"text-editor.default\">\n\t\t\t\t<div class=\"elementor-widget-container\">\n\t\t\t\t\t\t\t\t\t<p>Si vous provoquez un accident dans la circulation, vous pouvez \u00eatre responsable non seulement au p\u00e9nal, mais aussi au civil, des dommages qu'il cause. Le propri\u00e9taire d'un v\u00e9hicule \u00e0 moteur impliqu\u00e9 dans un accident au cours duquel des dommages sont caus\u00e9s \u00e0 la circulation non motoris\u00e9e est responsable de ces dommages (article 185, paragraphe 1, WVW). Sauf en cas de force majeure. Des r\u00e8gles sp\u00e9ciales s'appliquent \u00e0 la r\u00e9partition de la charge des dommages. Si vous, en tant que conducteur d'un v\u00e9hicule \u00e0 moteur, \u00eates impliqu\u00e9 dans un accident dans lequel l'autre personne n'est pas le conducteur d'un v\u00e9hicule \u00e0 moteur et que vous \u00eates responsable, vous \u00eates toujours responsable d'au moins 50% des dommages, sauf s'il existe des preuves d'intention ou d'imprudence. Si la personne qui subit le dommage est \u00e2g\u00e9e de moins de 14 ans, vous serez toujours responsable de 100%. Les enfants de moins de 14 ans ne sont donc jamais tenus pour responsables.<\/p><p>L'article 185 de la loi sur la circulation routi\u00e8re a \u00e9galement un effet r\u00e9flexe : si vous, en tant qu'usager motoris\u00e9, avez un accident avec un autre usager non motoris\u00e9 et que vous subissez des dommages, vous \u00eates responsable de vos propres dommages. Ce n'est que s'il y a un cas de force majeure que vous, en tant qu'usager de la route motoris\u00e9, serez indemnis\u00e9 pour votre pr\u00e9judice. La r\u00e8gle 50% et la r\u00e8gle 100% ne sont pas soumises \u00e0 un effet r\u00e9flexe. Par cons\u00e9quent, si vous, en tant qu'utilisateur non motoris\u00e9 de la route, provoquez un accident qui cause des dommages \u00e0 un utilisateur motoris\u00e9 de la route, vous ne devrez pas indemniser les dommages subis par l'autre partie.<\/p><p>De nombreuses personnes ne sont pas au courant de ces r\u00e8gles sp\u00e9ciales de responsabilit\u00e9 qui s'appliquent aux dommages caus\u00e9s par la circulation. Vous avez \u00e9t\u00e9 victime d'un accident de la route et avez subi des dommages, ou vous avez \u00e9t\u00e9 reconnu responsable ? Si c'est le cas, laissez un avocat du Law &amp; More vous aider.<\/p>\t\t\t\t\t\t\t\t<\/div>\n\t\t\t\t<\/div>\n\t\t\t\t<div class=\"elementor-element elementor-element-c687e5d elementor-widget elementor-widget-image\" data-id=\"c687e5d\" data-element_type=\"widget\" data-widget_type=\"image.default\">\n\t\t\t\t<div class=\"elementor-widget-container\">\n\t\t\t\t\t\t\t\t\t\t\t\t\t\t\t<img fetchpriority=\"high\" decoding=\"async\" width=\"1920\" height=\"704\" src=\"https:\/\/verkeer.site\/wp-content\/uploads\/2018\/05\/Aansprakelijkheid-in-het-verkeer-185-WVW-.jpg\" class=\"attachment-full size-full wp-image-2053\" alt=\"Aansprakelijkheid in het verkeer (185 WVW)\" srcset=\"https:\/\/verkeer.site\/wp-content\/uploads\/2018\/05\/Aansprakelijkheid-in-het-verkeer-185-WVW-.jpg 1920w, https:\/\/verkeer.site\/wp-content\/uploads\/2018\/05\/Aansprakelijkheid-in-het-verkeer-185-WVW--300x110.jpg 300w, https:\/\/verkeer.site\/wp-content\/uploads\/2018\/05\/Aansprakelijkheid-in-het-verkeer-185-WVW--768x282.jpg 768w, https:\/\/verkeer.site\/wp-content\/uploads\/2018\/05\/Aansprakelijkheid-in-het-verkeer-185-WVW--1024x375.jpg 1024w, https:\/\/verkeer.site\/wp-content\/uploads\/2018\/05\/Aansprakelijkheid-in-het-verkeer-185-WVW--1670x612.jpg 1670w, https:\/\/verkeer.site\/wp-content\/uploads\/2018\/05\/Aansprakelijkheid-in-het-verkeer-185-WVW--880x323.jpg 880w, https:\/\/verkeer.site\/wp-content\/uploads\/2018\/05\/Aansprakelijkheid-in-het-verkeer-185-WVW--450x165.jpg 450w\" sizes=\"(max-width: 1920px) 100vw, 1920px\" \/>\t\t\t\t\t\t\t\t\t\t\t\t\t\t\t<\/div>\n\t\t\t\t<\/div>\n\t\t\t\t<div class=\"elementor-element elementor-element-c4fe150 elementor-invisible elementor-widget elementor-widget-text-editor\" data-id=\"c4fe150\" data-element_type=\"widget\" data-settings=\"{&quot;_animation&quot;:&quot;fadeInUp&quot;}\" data-widget_type=\"text-editor.default\">\n\t\t\t\t<div class=\"elementor-widget-container\">\n\t\t\t\t\t\t\t\t\t<h2>Comment nous pouvons vous aider<\/h2><p>Law &amp; More peut vous aider si vous avez eu des d\u00e9m\u00eal\u00e9s avec la justice en rapport avec la conduite en \u00e9tat d'ivresse.<\/p><p>Des erreurs ont pu \u00eatre commises lors du contr\u00f4le d'alcool\u00e9mie, m\u00eame si la plupart des gens, une fois le taux d'alcool constat\u00e9, s'en tiennent l\u00e0 et acceptent l'amende ou la d\u00e9ch\u00e9ance du droit de conduire. Mais si certaines erreurs ont \u00e9t\u00e9 commises, le r\u00e9sultat peut m\u00eame ne pas \u00eatre utilis\u00e9 comme preuve et conduire \u00e0 un acquittement.<\/p><p>Tant en cas d'imposition d'une peine qu'en cas de condamnation par le tribunal, vous recevrez une inscription dans la documentation judiciaire (commun\u00e9ment appel\u00e9e : casier judiciaire). Bien s\u00fbr, vous voulez \u00e9viter cela.<\/p><p>En outre, nous pouvons vous aider \u00e0 conclure une transaction avec le minist\u00e8re public.<\/p>\t\t\t\t\t\t\t\t<\/div>\n\t\t\t\t<\/div>\n\t\t\t\t\t<\/div>\n\t\t<\/div>\n\t\t\t\t\t<\/div>\n\t\t<\/div>\n\t\t\t\t<div class=\"elementor-section elementor-top-section elementor-element elementor-element-af547d3 elementor-section-boxed elementor-section-height-default elementor-section-height-default\" data-id=\"af547d3\" data-element_type=\"section\" data-settings=\"{&quot;background_background&quot;:&quot;classic&quot;}\">\n\t\t\t\t\t\t<div class=\"elementor-container elementor-column-gap-default\">\n\t\t\t\t\t<div class=\"elementor-column elementor-col-66 elementor-top-column elementor-element elementor-element-ddfcaa7\" data-id=\"ddfcaa7\" data-element_type=\"column\">\n\t\t\t<div class=\"elementor-widget-wrap elementor-element-populated\">\n\t\t\t\t\t\t<div class=\"elementor-element elementor-element-5f82a45 elementor-widget elementor-widget-text-editor\" data-id=\"5f82a45\" data-element_type=\"widget\" data-widget_type=\"text-editor.default\">\n\t\t\t\t<div class=\"elementor-widget-container\">\n\t\t\t\t\t\t\t\t\t<p>Vous avez besoin d'un avocat pour le droit p\u00e9nal routier ?<br \/>Veuillez nous contacter par t\u00e9l\u00e9phone au +31 40 369 06 80 ou envoyer un e-mail \u00e0 :<br \/>Tom Meevis, avocat \u00e0 Law &amp; More - tom.meevis@lawandmore.nl<br \/>M. Maxim Hodak, avocat \u00e0 Law &amp; More - maxim.hodak@lawandmore.nl<\/p>\t\t\t\t\t\t\t\t<\/div>\n\t\t\t\t<\/div>\n\t\t\t\t\t<\/div>\n\t\t<\/div>\n\t\t\t\t<div class=\"elementor-column elementor-col-33 elementor-top-column elementor-element elementor-element-11ccdb2\" data-id=\"11ccdb2\" data-element_type=\"column\">\n\t\t\t<div class=\"elementor-widget-wrap elementor-element-populated\">\n\t\t\t\t\t\t<div class=\"elementor-element elementor-element-330a0af elementor-align-center elementor-mobile-align-left elementor-invisible elementor-widget elementor-widget-button\" data-id=\"330a0af\" data-element_type=\"widget\" data-settings=\"{&quot;_animation&quot;:&quot;fadeInUp&quot;,&quot;_animation_delay&quot;:500}\" data-widget_type=\"button.default\">\n\t\t\t\t<div class=\"elementor-widget-container\">\n\t\t\t\t\t\t\t\t\t<div class=\"elementor-button-wrapper\">\n\t\t\t\t\t<a class=\"elementor-button elementor-button-link elementor-size-md\" href=\"https:\/\/verkeer.site\/fr\/contact\/\">\n\t\t\t\t\t\t<span class=\"elementor-button-content-wrapper\">\n\t\t\t\t\t\t\t\t\t<span class=\"elementor-button-text\">CONTACTEZ-NOUS<\/span>\n\t\t\t\t\t<\/span>\n\t\t\t\t\t<\/a>\n\t\t\t\t<\/div>\n\t\t\t\t\t\t\t\t<\/div>\n\t\t\t\t<\/div>\n\t\t\t\t\t<\/div>\n\t\t<\/div>\n\t\t\t\t\t<\/div>\n\t\t<\/div>\n\t\t\t\t<\/div>","protected":false},"excerpt":{"rendered":"<p>Responsabilit\u00e9 dans la circulation (185 WVW) Si vous provoquez un accident dans la circulation, vous pouvez \u00eatre responsable non seulement sur le plan p\u00e9nal mais aussi sur le plan civil des dommages qu'il cause. Le propri\u00e9taire d'un [...]<\/p>","protected":false},"author":1,"featured_media":3105,"parent":0,"menu_order":0,"comment_status":"closed","ping_status":"closed","template":"","meta":{"footnotes":""},"class_list":["post-3420","page","type-page","status-publish","has-post-thumbnail","hentry"],"yoast_head":"<!-- This site is optimized with the Yoast SEO plugin v25.6 - https:\/\/yoast.com\/wordpress\/plugins\/seo\/ -->\n<title>Aansprakelijkheid in het verkeer (185 WVW) - Verkeer.site<\/title>\n<meta name=\"description\" content=\"Als u een ongeluk veroorzaakt in het verkeer dan kunt naast strafbaar zijn ook nog civielrechtelijk aansprakelijk zijn voor de schade...\" \/>\n<meta name=\"robots\" content=\"index, follow, max-snippet:-1, max-image-preview:large, max-video-preview:-1\" \/>\n<link rel=\"canonical\" href=\"https:\/\/verkeer.site\/fr\/ansprakelijkheid-in-het-verkeer-185-wvw\/\" \/>\n<meta property=\"og:locale\" content=\"fr_FR\" \/>\n<meta property=\"og:type\" content=\"article\" \/>\n<meta property=\"og:title\" content=\"Aansprakelijkheid in het verkeer (185 WVW) - Verkeer.site\" \/>\n<meta property=\"og:description\" content=\"Als u een ongeluk veroorzaakt in het verkeer dan kunt naast strafbaar zijn ook nog civielrechtelijk aansprakelijk zijn voor de schade...\" \/>\n<meta property=\"og:url\" content=\"https:\/\/verkeer.site\/fr\/ansprakelijkheid-in-het-verkeer-185-wvw\/\" \/>\n<meta property=\"og:site_name\" content=\"Verkeer.site\" \/>\n<meta property=\"article:publisher\" content=\"https:\/\/www.facebook.com\/LawAndMoreNl\" \/>\n<meta property=\"article:modified_time\" content=\"2022-06-01T14:05:25+00:00\" \/>\n<meta property=\"og:image\" content=\"https:\/\/verkeer.site\/wp-content\/uploads\/2022\/06\/police-1.jpg\" \/>\n\t<meta property=\"og:image:width\" content=\"960\" \/>\n\t<meta property=\"og:image:height\" content=\"720\" \/>\n\t<meta property=\"og:image:type\" content=\"image\/jpeg\" \/>\n<meta name=\"twitter:card\" content=\"summary_large_image\" \/>\n<meta name=\"twitter:site\" content=\"@LawandMorenl\" \/>\n<meta name=\"twitter:label1\" content=\"Est. reading time\" \/>\n\t<meta name=\"twitter:data1\" content=\"3 minutes\" \/>\n<script type=\"application\/ld+json\" class=\"yoast-schema-graph\">{\"@context\":\"https:\/\/schema.org\",\"@graph\":[{\"@type\":\"WebPage\",\"@id\":\"https:\/\/verkeer.site\/ansprakelijkheid-in-het-verkeer-185-wvw\/\",\"url\":\"https:\/\/verkeer.site\/ansprakelijkheid-in-het-verkeer-185-wvw\/\",\"name\":\"Aansprakelijkheid in het verkeer (185 WVW) - Verkeer.site\",\"isPartOf\":{\"@id\":\"https:\/\/verkeer.site\/#website\"},\"primaryImageOfPage\":{\"@id\":\"https:\/\/verkeer.site\/ansprakelijkheid-in-het-verkeer-185-wvw\/#primaryimage\"},\"image\":{\"@id\":\"https:\/\/verkeer.site\/ansprakelijkheid-in-het-verkeer-185-wvw\/#primaryimage\"},\"thumbnailUrl\":\"https:\/\/verkeer.site\/wp-content\/uploads\/2022\/06\/police-1.jpg\",\"datePublished\":\"2022-06-01T12:42:05+00:00\",\"dateModified\":\"2022-06-01T14:05:25+00:00\",\"description\":\"Als u een ongeluk veroorzaakt in het verkeer dan kunt naast strafbaar zijn ook nog civielrechtelijk aansprakelijk zijn voor de schade...\",\"breadcrumb\":{\"@id\":\"https:\/\/verkeer.site\/ansprakelijkheid-in-het-verkeer-185-wvw\/#breadcrumb\"},\"inLanguage\":\"fr-FR\",\"potentialAction\":[{\"@type\":\"ReadAction\",\"target\":[\"https:\/\/verkeer.site\/ansprakelijkheid-in-het-verkeer-185-wvw\/\"]}]},{\"@type\":\"ImageObject\",\"inLanguage\":\"fr-FR\",\"@id\":\"https:\/\/verkeer.site\/ansprakelijkheid-in-het-verkeer-185-wvw\/#primaryimage\",\"url\":\"https:\/\/verkeer.site\/wp-content\/uploads\/2022\/06\/police-1.jpg\",\"contentUrl\":\"https:\/\/verkeer.site\/wp-content\/uploads\/2022\/06\/police-1.jpg\",\"width\":960,\"height\":720,\"caption\":\"police-1\"},{\"@type\":\"BreadcrumbList\",\"@id\":\"https:\/\/verkeer.site\/ansprakelijkheid-in-het-verkeer-185-wvw\/#breadcrumb\",\"itemListElement\":[{\"@type\":\"ListItem\",\"position\":1,\"name\":\"Home\",\"item\":\"https:\/\/verkeer.site\/\"},{\"@type\":\"ListItem\",\"position\":2,\"name\":\"Aansprakelijkheid in het verkeer (185 WVW)\"}]},{\"@type\":\"WebSite\",\"@id\":\"https:\/\/verkeer.site\/#website\",\"url\":\"https:\/\/verkeer.site\/\",\"name\":\"Verkeer.site\",\"description\":\"Advocaten Verkeersstrafrecht\",\"publisher\":{\"@id\":\"https:\/\/verkeer.site\/#organization\"},\"potentialAction\":[{\"@type\":\"SearchAction\",\"target\":{\"@type\":\"EntryPoint\",\"urlTemplate\":\"https:\/\/verkeer.site\/?s={search_term_string}\"},\"query-input\":{\"@type\":\"PropertyValueSpecification\",\"valueRequired\":true,\"valueName\":\"search_term_string\"}}],\"inLanguage\":\"fr-FR\"},{\"@type\":\"Organization\",\"@id\":\"https:\/\/verkeer.site\/#organization\",\"name\":\"Law & More B.V.\",\"url\":\"https:\/\/verkeer.site\/\",\"logo\":{\"@type\":\"ImageObject\",\"inLanguage\":\"fr-FR\",\"@id\":\"https:\/\/verkeer.site\/#\/schema\/logo\/image\/\",\"url\":\"https:\/\/verkeer.site\/wp-content\/uploads\/2019\/04\/lawmore_logo_LM_only_copy.jpg\",\"contentUrl\":\"https:\/\/verkeer.site\/wp-content\/uploads\/2019\/04\/lawmore_logo_LM_only_copy.jpg\",\"width\":665,\"height\":665,\"caption\":\"Law & More B.V.\"},\"image\":{\"@id\":\"https:\/\/verkeer.site\/#\/schema\/logo\/image\/\"},\"sameAs\":[\"https:\/\/www.facebook.com\/LawAndMoreNl\",\"https:\/\/x.com\/LawandMorenl\",\"https:\/\/www.instagram.com\/lawandmore\/\",\"https:\/\/nl.linkedin.com\/company\/5339401\"]}]}<\/script>\n<!-- \/ Yoast SEO plugin. -->","yoast_head_json":{"title":"La responsabilit\u00e9 dans le trafic (185 WVW) - Verkeer.site","description":"Si vous provoquez un accident de la circulation, en plus d'\u00eatre puni par la loi, vous pouvez \u00e9galement \u00eatre responsable des dommages en vertu du droit civil.","robots":{"index":"index","follow":"follow","max-snippet":"max-snippet:-1","max-image-preview":"max-image-preview:large","max-video-preview":"max-video-preview:-1"},"canonical":"https:\/\/verkeer.site\/fr\/ansprakelijkheid-in-het-verkeer-185-wvw\/","og_locale":"fr_FR","og_type":"article","og_title":"Aansprakelijkheid in het verkeer (185 WVW) - Verkeer.site","og_description":"Als u een ongeluk veroorzaakt in het verkeer dan kunt naast strafbaar zijn ook nog civielrechtelijk aansprakelijk zijn voor de schade...","og_url":"https:\/\/verkeer.site\/fr\/ansprakelijkheid-in-het-verkeer-185-wvw\/","og_site_name":"Verkeer.site","article_publisher":"https:\/\/www.facebook.com\/LawAndMoreNl","article_modified_time":"2022-06-01T14:05:25+00:00","og_image":[{"width":960,"height":720,"url":"https:\/\/verkeer.site\/wp-content\/uploads\/2022\/06\/police-1.jpg","type":"image\/jpeg"}],"twitter_card":"summary_large_image","twitter_site":"@LawandMorenl","twitter_misc":{"Est. reading time":"3 minutes"},"schema":{"@context":"https:\/\/schema.org","@graph":[{"@type":"WebPage","@id":"https:\/\/verkeer.site\/ansprakelijkheid-in-het-verkeer-185-wvw\/","url":"https:\/\/verkeer.site\/ansprakelijkheid-in-het-verkeer-185-wvw\/","name":"La responsabilit\u00e9 dans le trafic (185 WVW) - Verkeer.site","isPartOf":{"@id":"https:\/\/verkeer.site\/#website"},"primaryImageOfPage":{"@id":"https:\/\/verkeer.site\/ansprakelijkheid-in-het-verkeer-185-wvw\/#primaryimage"},"image":{"@id":"https:\/\/verkeer.site\/ansprakelijkheid-in-het-verkeer-185-wvw\/#primaryimage"},"thumbnailUrl":"https:\/\/verkeer.site\/wp-content\/uploads\/2022\/06\/police-1.jpg","datePublished":"2022-06-01T12:42:05+00:00","dateModified":"2022-06-01T14:05:25+00:00","description":"Si vous provoquez un accident de la circulation, en plus d'\u00eatre puni par la loi, vous pouvez \u00e9galement \u00eatre responsable des dommages en vertu du droit civil.","breadcrumb":{"@id":"https:\/\/verkeer.site\/ansprakelijkheid-in-het-verkeer-185-wvw\/#breadcrumb"},"inLanguage":"fr-FR","potentialAction":[{"@type":"ReadAction","target":["https:\/\/verkeer.site\/ansprakelijkheid-in-het-verkeer-185-wvw\/"]}]},{"@type":"ImageObject","inLanguage":"fr-FR","@id":"https:\/\/verkeer.site\/ansprakelijkheid-in-het-verkeer-185-wvw\/#primaryimage","url":"https:\/\/verkeer.site\/wp-content\/uploads\/2022\/06\/police-1.jpg","contentUrl":"https:\/\/verkeer.site\/wp-content\/uploads\/2022\/06\/police-1.jpg","width":960,"height":720,"caption":"police-1"},{"@type":"BreadcrumbList","@id":"https:\/\/verkeer.site\/ansprakelijkheid-in-het-verkeer-185-wvw\/#breadcrumb","itemListElement":[{"@type":"ListItem","position":1,"name":"Home","item":"https:\/\/verkeer.site\/"},{"@type":"ListItem","position":2,"name":"Aansprakelijkheid in het verkeer (185 WVW)"}]},{"@type":"WebSite","@id":"https:\/\/verkeer.site\/#website","url":"https:\/\/verkeer.site\/","name":"Trafic.site","description":"Avocats sp\u00e9cialis\u00e9s dans les affaires criminelles et la circulation routi\u00e8re","publisher":{"@id":"https:\/\/verkeer.site\/#organization"},"potentialAction":[{"@type":"SearchAction","target":{"@type":"EntryPoint","urlTemplate":"https:\/\/verkeer.site\/?s={search_term_string}"},"query-input":{"@type":"PropertyValueSpecification","valueRequired":true,"valueName":"search_term_string"}}],"inLanguage":"fr-FR"},{"@type":"Organization","@id":"https:\/\/verkeer.site\/#organization","name":"Law &amp; More B.V.","url":"https:\/\/verkeer.site\/","logo":{"@type":"ImageObject","inLanguage":"fr-FR","@id":"https:\/\/verkeer.site\/#\/schema\/logo\/image\/","url":"https:\/\/verkeer.site\/wp-content\/uploads\/2019\/04\/lawmore_logo_LM_only_copy.jpg","contentUrl":"https:\/\/verkeer.site\/wp-content\/uploads\/2019\/04\/lawmore_logo_LM_only_copy.jpg","width":665,"height":665,"caption":"Law & More B.V."},"image":{"@id":"https:\/\/verkeer.site\/#\/schema\/logo\/image\/"},"sameAs":["https:\/\/www.facebook.com\/LawAndMoreNl","https:\/\/x.com\/LawandMorenl","https:\/\/www.instagram.com\/lawandmore\/","https:\/\/nl.linkedin.com\/company\/5339401"]}]}},"_links":{"self":[{"href":"https:\/\/verkeer.site\/fr\/wp-json\/wp\/v2\/pages\/3420","targetHints":{"allow":["GET"]}}],"collection":[{"href":"https:\/\/verkeer.site\/fr\/wp-json\/wp\/v2\/pages"}],"about":[{"href":"https:\/\/verkeer.site\/fr\/wp-json\/wp\/v2\/types\/page"}],"author":[{"embeddable":true,"href":"https:\/\/verkeer.site\/fr\/wp-json\/wp\/v2\/users\/1"}],"replies":[{"embeddable":true,"href":"https:\/\/verkeer.site\/fr\/wp-json\/wp\/v2\/comments?post=3420"}],"version-history":[{"count":0,"href":"https:\/\/verkeer.site\/fr\/wp-json\/wp\/v2\/pages\/3420\/revisions"}],"wp:featuredmedia":[{"embeddable":true,"href":"https:\/\/verkeer.site\/fr\/wp-json\/wp\/v2\/media\/3105"}],"wp:attachment":[{"href":"https:\/\/verkeer.site\/fr\/wp-json\/wp\/v2\/media?parent=3420"}],"curies":[{"name":"wp","href":"https:\/\/api.w.org\/{rel}","templated":true}]}}