{"id":3345,"date":"2022-06-01T13:02:05","date_gmt":"2022-06-01T12:02:05","guid":{"rendered":"https:\/\/verkeer.site\/?page_id=3345"},"modified":"2022-06-01T13:29:28","modified_gmt":"2022-06-01T12:29:28","slug":"cookie-statement","status":"publish","type":"page","link":"https:\/\/verkeer.site\/fr\/cookie-statement\/","title":{"rendered":"D\u00e9claration sur les cookies"},"content":{"rendered":"<div data-elementor-type=\"wp-page\" data-elementor-id=\"3345\" class=\"elementor elementor-3345\" data-elementor-post-type=\"page\">\n\t\t\t\t\t\t<div class=\"elementor-section elementor-top-section elementor-element elementor-element-ce48caf elementor-section-boxed elementor-section-height-default elementor-section-height-default\" data-id=\"ce48caf\" data-element_type=\"section\" data-settings=\"{&quot;background_background&quot;:&quot;classic&quot;,&quot;background_motion_fx_motion_fx_scrolling&quot;:&quot;yes&quot;,&quot;background_motion_fx_translateY_effect&quot;:&quot;yes&quot;,&quot;background_motion_fx_translateY_speed&quot;:{&quot;unit&quot;:&quot;px&quot;,&quot;size&quot;:4,&quot;sizes&quot;:[]},&quot;background_motion_fx_translateY_affectedRange&quot;:{&quot;unit&quot;:&quot;%&quot;,&quot;size&quot;:&quot;&quot;,&quot;sizes&quot;:{&quot;start&quot;:0,&quot;end&quot;:100}},&quot;background_motion_fx_devices&quot;:[&quot;desktop&quot;,&quot;laptop&quot;,&quot;tablet&quot;,&quot;mobile_extra&quot;,&quot;mobile&quot;]}\">\n\t\t\t\t\t\t\t<div class=\"elementor-background-overlay\"><\/div>\n\t\t\t\t\t\t\t<div class=\"elementor-container elementor-column-gap-default\">\n\t\t\t\t\t<div class=\"elementor-column elementor-col-100 elementor-top-column elementor-element elementor-element-c2bcda1\" data-id=\"c2bcda1\" data-element_type=\"column\">\n\t\t\t<div class=\"elementor-widget-wrap elementor-element-populated\">\n\t\t\t\t\t\t<div class=\"elementor-element elementor-element-7b5354e elementor-widget elementor-widget-heading\" data-id=\"7b5354e\" data-element_type=\"widget\" data-widget_type=\"heading.default\">\n\t\t\t\t<div class=\"elementor-widget-container\">\n\t\t\t\t\t<h2 class=\"elementor-heading-title elementor-size-default\">D\u00e9claration sur les cookies<\/h2>\t\t\t\t<\/div>\n\t\t\t\t<\/div>\n\t\t\t\t\t<\/div>\n\t\t<\/div>\n\t\t\t\t\t<\/div>\n\t\t<\/div>\n\t\t\t\t<div class=\"elementor-section elementor-top-section elementor-element elementor-element-c023ed4 elementor-section-boxed elementor-section-height-default elementor-section-height-default\" data-id=\"c023ed4\" data-element_type=\"section\">\n\t\t\t\t\t\t<div class=\"elementor-container elementor-column-gap-default\">\n\t\t\t\t\t<div class=\"elementor-column elementor-col-100 elementor-top-column elementor-element elementor-element-a4eee03\" data-id=\"a4eee03\" data-element_type=\"column\">\n\t\t\t<div class=\"elementor-widget-wrap elementor-element-populated\">\n\t\t\t\t\t\t<div class=\"elementor-element elementor-element-c4fe150 elementor-invisible elementor-widget elementor-widget-text-editor\" data-id=\"c4fe150\" data-element_type=\"widget\" data-settings=\"{&quot;_animation&quot;:&quot;fadeInUp&quot;}\" data-widget_type=\"text-editor.default\">\n\t\t\t\t<div class=\"elementor-widget-container\">\n\t\t\t\t\t\t\t\t\t<h2>Que sont les cookies ?<\/h2><p>Un cookie est un simple petit fichier texte qui est plac\u00e9 sur votre ordinateur, votre t\u00e9l\u00e9phone ou votre tablette lors de votre visite sur les sites web de Law &amp; More. Les cookies sont envoy\u00e9s avec les pages des sites web de Law &amp; More. Les informations qui y sont stock\u00e9es peuvent \u00eatre renvoy\u00e9es aux serveurs lors de votre prochaine visite sur le site web. Cela permet au site web de vous reconna\u00eetre, en quelque sorte, lors de votre prochaine visite. La principale fonction des cookies est de distinguer un utilisateur d'un autre. C'est pourquoi les cookies sont souvent utilis\u00e9s sur les sites web o\u00f9 vous devez vous connecter. Un cookie, par exemple, garantit que vous restez connect\u00e9 lorsque vous utilisez le site web. Vous pouvez refuser l'utilisation de ces cookies \u00e0 tout moment, bien que cela puisse limiter la fonctionnalit\u00e9 et la facilit\u00e9 d'utilisation des sites web.<\/p><h2>Cookies fonctionnels<\/h2><p>Law &amp; More utilise des cookies fonctionnels. Il s'agit de cookies que le site web lui-m\u00eame installe et adresse. Les cookies fonctionnels sont n\u00e9cessaires pour que le site web fonctionne correctement. Ces cookies sont plac\u00e9s par d\u00e9faut et ne sont pas supprim\u00e9s lorsque vous ne les acceptez pas. Les cookies fonctionnels ne stockent pas de donn\u00e9es personnelles et ne contiennent pas de donn\u00e9es pouvant \u00eatre utilis\u00e9es pour vous localiser. Les cookies fonctionnels sont utilis\u00e9s, par exemple, pour placer la carte g\u00e9ographique de Google Maps sur le site web. Ces informations sont rendues anonymes dans la mesure du possible. Votre adresse IP ne sera pas transmise \u00e0 Google. En outre, Law &amp; More a indiqu\u00e9 qu'elle ne partagerait pas ces donn\u00e9es avec Google et que cette derni\u00e8re ne pourrait donc pas utiliser les donn\u00e9es obtenues par le biais du site Web \u00e0 ses propres fins.<\/p><h2>Google Analytics<\/h2><p>Law &amp; More utilise des cookies de Google Analytics afin de suivre le comportement des utilisateurs et les tendances g\u00e9n\u00e9rales et de produire des rapports. Les cookies analytiques sont utilis\u00e9s pour traiter les donn\u00e9es personnelles des visiteurs du site web. Les cookies analytiques permettent \u00e0 Law &amp; More de mesurer le nombre de visiteurs de son site web. Ces statistiques permettent \u00e0 Law &amp; More de comprendre la fr\u00e9quence d'utilisation du site web, les informations que les visiteurs recherchent et les pages du site web les plus visit\u00e9es. Cela permet \u00e0 Law &amp; More de d\u00e9terminer les parties du site Web qui sont populaires et celles qui peuvent \u00eatre am\u00e9lior\u00e9es. Le trafic sur le site web est analys\u00e9 afin d'am\u00e9liorer le site et de rendre l'exp\u00e9rience des visiteurs aussi agr\u00e9able que possible. Les statistiques collect\u00e9es ne peuvent \u00eatre rattach\u00e9es \u00e0 des personnes et sont rendues anonymes autant que possible. En utilisant les sites Web de Law &amp; More, vous acceptez que les donn\u00e9es vous concernant soient trait\u00e9es par Google de la mani\u00e8re et aux fins d\u00e9crites ci-dessus. Google est susceptible de communiquer ces informations \u00e0 des tiers dans la mesure o\u00f9 la loi l'y oblige ou dans la mesure o\u00f9 des tiers traitent ces informations pour le compte de Google.<\/p><h2>Cookies pour l'int\u00e9gration des m\u00e9dias sociaux<\/h2><p>Law &amp; More utilise \u00e9galement des cookies pour permettre l'int\u00e9gration des m\u00e9dias sociaux. Le site web contient des liens vers les r\u00e9seaux sociaux Facebook, Instagram, Twitter et LinkedIn. Ces liens permettent de partager ou de promouvoir des pages sur ces r\u00e9seaux. Le code permettant de r\u00e9aliser ces liens est fourni par Facebook, Instagram, Twitter et LinkedIn eux-m\u00eames. Ces codes placent \u00e9galement un cookie. Cela permet aux r\u00e9seaux sociaux de vous reconna\u00eetre lorsque vous \u00eates connect\u00e9 \u00e0 ce r\u00e9seau social. Ils recueillent \u00e9galement des donn\u00e9es sur les pages que vous partagez. Law &amp; More n'a aucune influence sur le placement et l'utilisation des cookies par ces tiers. Pour plus d'informations sur les donn\u00e9es collect\u00e9es par les r\u00e9seaux sociaux, Law &amp; More renvoie aux d\u00e9clarations de confidentialit\u00e9 de Facebook, Instagram, Twitter et LinkedIn.<\/p><h2>Suppression des cookies<\/h2><p>Si vous ne souhaitez pas que Law &amp; More enregistre des cookies via le site web, vous pouvez d\u00e9sactiver l'acceptation des cookies dans les param\u00e8tres de votre navigateur. Cela permettra de s'assurer que les cookies ne sont plus stock\u00e9s. Toutefois, sans cookies, certaines fonctions du site web peuvent ne pas fonctionner correctement ou ne pas fonctionner du tout. Les cookies \u00e9tant stock\u00e9s sur votre propre ordinateur, vous ne pouvez les supprimer que vous-m\u00eame. Veuillez consulter les instructions de votre navigateur pour ce faire.<\/p>\t\t\t\t\t\t\t\t<\/div>\n\t\t\t\t<\/div>\n\t\t\t\t\t<\/div>\n\t\t<\/div>\n\t\t\t\t\t<\/div>\n\t\t<\/div>\n\t\t\t\t<div class=\"elementor-section elementor-top-section elementor-element elementor-element-af547d3 elementor-section-boxed elementor-section-height-default elementor-section-height-default\" data-id=\"af547d3\" data-element_type=\"section\" data-settings=\"{&quot;background_background&quot;:&quot;classic&quot;}\">\n\t\t\t\t\t\t<div class=\"elementor-container elementor-column-gap-default\">\n\t\t\t\t\t<div class=\"elementor-column elementor-col-66 elementor-top-column elementor-element elementor-element-ddfcaa7\" data-id=\"ddfcaa7\" data-element_type=\"column\">\n\t\t\t<div class=\"elementor-widget-wrap elementor-element-populated\">\n\t\t\t\t\t\t<div class=\"elementor-element elementor-element-5f82a45 elementor-widget elementor-widget-text-editor\" data-id=\"5f82a45\" data-element_type=\"widget\" data-widget_type=\"text-editor.default\">\n\t\t\t\t<div class=\"elementor-widget-container\">\n\t\t\t\t\t\t\t\t\t<p>Vous avez besoin d'un avocat pour le droit p\u00e9nal routier ?<br \/>Veuillez nous contacter par t\u00e9l\u00e9phone au +31 40 369 06 80 ou envoyer un e-mail \u00e0 :<br \/>Tom Meevis, avocat \u00e0 Law &amp; More - tom.meevis@lawandmore.nl<br \/>M. Maxim Hodak, avocat \u00e0 Law &amp; More - maxim.hodak@lawandmore.nl<\/p>\t\t\t\t\t\t\t\t<\/div>\n\t\t\t\t<\/div>\n\t\t\t\t\t<\/div>\n\t\t<\/div>\n\t\t\t\t<div class=\"elementor-column elementor-col-33 elementor-top-column elementor-element elementor-element-11ccdb2\" data-id=\"11ccdb2\" data-element_type=\"column\">\n\t\t\t<div class=\"elementor-widget-wrap elementor-element-populated\">\n\t\t\t\t\t\t<div class=\"elementor-element elementor-element-330a0af elementor-align-center elementor-mobile-align-left elementor-invisible elementor-widget elementor-widget-button\" data-id=\"330a0af\" data-element_type=\"widget\" data-settings=\"{&quot;_animation&quot;:&quot;fadeInUp&quot;,&quot;_animation_delay&quot;:500}\" data-widget_type=\"button.default\">\n\t\t\t\t<div class=\"elementor-widget-container\">\n\t\t\t\t\t\t\t\t\t<div class=\"elementor-button-wrapper\">\n\t\t\t\t\t<a class=\"elementor-button elementor-button-link elementor-size-md\" href=\"https:\/\/verkeer.site\/fr\/contact\/\">\n\t\t\t\t\t\t<span class=\"elementor-button-content-wrapper\">\n\t\t\t\t\t\t\t\t\t<span class=\"elementor-button-text\">CONTACTEZ-NOUS<\/span>\n\t\t\t\t\t<\/span>\n\t\t\t\t\t<\/a>\n\t\t\t\t<\/div>\n\t\t\t\t\t\t\t\t<\/div>\n\t\t\t\t<\/div>\n\t\t\t\t\t<\/div>\n\t\t<\/div>\n\t\t\t\t\t<\/div>\n\t\t<\/div>\n\t\t\t\t<\/div>","protected":false},"excerpt":{"rendered":"<p>D\u00e9claration relative aux cookies Qu'est-ce qu'un cookie ? Un cookie est un simple petit fichier texte qui est plac\u00e9 sur votre ordinateur, votre t\u00e9l\u00e9phone ou votre tablette lors de votre visite sur les sites internet de Law &amp; More. Les cookies sont envoy\u00e9s avec les pages sur [...]<\/p>","protected":false},"author":1,"featured_media":3105,"parent":0,"menu_order":0,"comment_status":"closed","ping_status":"closed","template":"","meta":{"footnotes":""},"class_list":["post-3345","page","type-page","status-publish","has-post-thumbnail","hentry"],"yoast_head":"<!-- This site is optimized with the Yoast SEO plugin v25.6 - https:\/\/yoast.com\/wordpress\/plugins\/seo\/ -->\n<title>Cookie statement - Verkeer.site<\/title>\n<meta name=\"description\" content=\"Cookies worden met de pagina\u2019s op de websites van Law &amp; More meegestuurd. De daarin opgeslagen informatie kan bij een volgend bezoek aan...\" \/>\n<meta name=\"robots\" content=\"index, follow, max-snippet:-1, max-image-preview:large, max-video-preview:-1\" \/>\n<link rel=\"canonical\" href=\"https:\/\/verkeer.site\/fr\/cookie-statement\/\" \/>\n<meta property=\"og:locale\" content=\"fr_FR\" \/>\n<meta property=\"og:type\" content=\"article\" \/>\n<meta property=\"og:title\" content=\"Cookie statement - Verkeer.site\" \/>\n<meta property=\"og:description\" content=\"Cookies worden met de pagina\u2019s op de websites van Law &amp; More meegestuurd. De daarin opgeslagen informatie kan bij een volgend bezoek aan...\" \/>\n<meta property=\"og:url\" content=\"https:\/\/verkeer.site\/fr\/cookie-statement\/\" \/>\n<meta property=\"og:site_name\" content=\"Verkeer.site\" \/>\n<meta property=\"article:publisher\" content=\"https:\/\/www.facebook.com\/LawAndMoreNl\" \/>\n<meta property=\"article:modified_time\" content=\"2022-06-01T12:29:28+00:00\" \/>\n<meta property=\"og:image\" content=\"https:\/\/verkeer.site\/wp-content\/uploads\/2022\/06\/police-1.jpg\" \/>\n\t<meta property=\"og:image:width\" content=\"960\" \/>\n\t<meta property=\"og:image:height\" content=\"720\" \/>\n\t<meta property=\"og:image:type\" content=\"image\/jpeg\" \/>\n<meta name=\"twitter:card\" content=\"summary_large_image\" \/>\n<meta name=\"twitter:site\" content=\"@LawandMorenl\" \/>\n<meta name=\"twitter:label1\" content=\"Est. reading time\" \/>\n\t<meta name=\"twitter:data1\" content=\"4 minutes\" \/>\n<script type=\"application\/ld+json\" class=\"yoast-schema-graph\">{\"@context\":\"https:\/\/schema.org\",\"@graph\":[{\"@type\":\"WebPage\",\"@id\":\"https:\/\/verkeer.site\/cookie-statement\/\",\"url\":\"https:\/\/verkeer.site\/cookie-statement\/\",\"name\":\"Cookie statement - Verkeer.site\",\"isPartOf\":{\"@id\":\"https:\/\/verkeer.site\/#website\"},\"primaryImageOfPage\":{\"@id\":\"https:\/\/verkeer.site\/cookie-statement\/#primaryimage\"},\"image\":{\"@id\":\"https:\/\/verkeer.site\/cookie-statement\/#primaryimage\"},\"thumbnailUrl\":\"https:\/\/verkeer.site\/wp-content\/uploads\/2022\/06\/police-1.jpg\",\"datePublished\":\"2022-06-01T12:02:05+00:00\",\"dateModified\":\"2022-06-01T12:29:28+00:00\",\"description\":\"Cookies worden met de pagina\u2019s op de websites van Law & More meegestuurd. De daarin opgeslagen informatie kan bij een volgend bezoek aan...\",\"breadcrumb\":{\"@id\":\"https:\/\/verkeer.site\/cookie-statement\/#breadcrumb\"},\"inLanguage\":\"fr-FR\",\"potentialAction\":[{\"@type\":\"ReadAction\",\"target\":[\"https:\/\/verkeer.site\/cookie-statement\/\"]}]},{\"@type\":\"ImageObject\",\"inLanguage\":\"fr-FR\",\"@id\":\"https:\/\/verkeer.site\/cookie-statement\/#primaryimage\",\"url\":\"https:\/\/verkeer.site\/wp-content\/uploads\/2022\/06\/police-1.jpg\",\"contentUrl\":\"https:\/\/verkeer.site\/wp-content\/uploads\/2022\/06\/police-1.jpg\",\"width\":960,\"height\":720,\"caption\":\"police-1\"},{\"@type\":\"BreadcrumbList\",\"@id\":\"https:\/\/verkeer.site\/cookie-statement\/#breadcrumb\",\"itemListElement\":[{\"@type\":\"ListItem\",\"position\":1,\"name\":\"Home\",\"item\":\"https:\/\/verkeer.site\/\"},{\"@type\":\"ListItem\",\"position\":2,\"name\":\"Cookie statement\"}]},{\"@type\":\"WebSite\",\"@id\":\"https:\/\/verkeer.site\/#website\",\"url\":\"https:\/\/verkeer.site\/\",\"name\":\"Verkeer.site\",\"description\":\"Advocaten Verkeersstrafrecht\",\"publisher\":{\"@id\":\"https:\/\/verkeer.site\/#organization\"},\"potentialAction\":[{\"@type\":\"SearchAction\",\"target\":{\"@type\":\"EntryPoint\",\"urlTemplate\":\"https:\/\/verkeer.site\/?s={search_term_string}\"},\"query-input\":{\"@type\":\"PropertyValueSpecification\",\"valueRequired\":true,\"valueName\":\"search_term_string\"}}],\"inLanguage\":\"fr-FR\"},{\"@type\":\"Organization\",\"@id\":\"https:\/\/verkeer.site\/#organization\",\"name\":\"Law & More B.V.\",\"url\":\"https:\/\/verkeer.site\/\",\"logo\":{\"@type\":\"ImageObject\",\"inLanguage\":\"fr-FR\",\"@id\":\"https:\/\/verkeer.site\/#\/schema\/logo\/image\/\",\"url\":\"https:\/\/verkeer.site\/wp-content\/uploads\/2019\/04\/lawmore_logo_LM_only_copy.jpg\",\"contentUrl\":\"https:\/\/verkeer.site\/wp-content\/uploads\/2019\/04\/lawmore_logo_LM_only_copy.jpg\",\"width\":665,\"height\":665,\"caption\":\"Law & More B.V.\"},\"image\":{\"@id\":\"https:\/\/verkeer.site\/#\/schema\/logo\/image\/\"},\"sameAs\":[\"https:\/\/www.facebook.com\/LawAndMoreNl\",\"https:\/\/x.com\/LawandMorenl\",\"https:\/\/www.instagram.com\/lawandmore\/\",\"https:\/\/nl.linkedin.com\/company\/5339401\"]}]}<\/script>\n<!-- \/ Yoast SEO plugin. -->","yoast_head_json":{"title":"D\u00e9claration sur les cookies - Traffic.site","description":"Les cookies sont envoy\u00e9s avec les pages des sites web de Law &amp; More. Les informations stock\u00e9es dans ces cookies peuvent \u00eatre utilis\u00e9es lors d'une prochaine visite sur...","robots":{"index":"index","follow":"follow","max-snippet":"max-snippet:-1","max-image-preview":"max-image-preview:large","max-video-preview":"max-video-preview:-1"},"canonical":"https:\/\/verkeer.site\/fr\/cookie-statement\/","og_locale":"fr_FR","og_type":"article","og_title":"Cookie statement - Verkeer.site","og_description":"Cookies worden met de pagina\u2019s op de websites van Law & More meegestuurd. De daarin opgeslagen informatie kan bij een volgend bezoek aan...","og_url":"https:\/\/verkeer.site\/fr\/cookie-statement\/","og_site_name":"Verkeer.site","article_publisher":"https:\/\/www.facebook.com\/LawAndMoreNl","article_modified_time":"2022-06-01T12:29:28+00:00","og_image":[{"width":960,"height":720,"url":"https:\/\/verkeer.site\/wp-content\/uploads\/2022\/06\/police-1.jpg","type":"image\/jpeg"}],"twitter_card":"summary_large_image","twitter_site":"@LawandMorenl","twitter_misc":{"Est. reading time":"4 minutes"},"schema":{"@context":"https:\/\/schema.org","@graph":[{"@type":"WebPage","@id":"https:\/\/verkeer.site\/cookie-statement\/","url":"https:\/\/verkeer.site\/cookie-statement\/","name":"D\u00e9claration sur les cookies - Traffic.site","isPartOf":{"@id":"https:\/\/verkeer.site\/#website"},"primaryImageOfPage":{"@id":"https:\/\/verkeer.site\/cookie-statement\/#primaryimage"},"image":{"@id":"https:\/\/verkeer.site\/cookie-statement\/#primaryimage"},"thumbnailUrl":"https:\/\/verkeer.site\/wp-content\/uploads\/2022\/06\/police-1.jpg","datePublished":"2022-06-01T12:02:05+00:00","dateModified":"2022-06-01T12:29:28+00:00","description":"Les cookies sont envoy\u00e9s avec les pages des sites web de Law &amp; More. Les informations stock\u00e9es dans ces cookies peuvent \u00eatre utilis\u00e9es lors d'une prochaine visite sur...","breadcrumb":{"@id":"https:\/\/verkeer.site\/cookie-statement\/#breadcrumb"},"inLanguage":"fr-FR","potentialAction":[{"@type":"ReadAction","target":["https:\/\/verkeer.site\/cookie-statement\/"]}]},{"@type":"ImageObject","inLanguage":"fr-FR","@id":"https:\/\/verkeer.site\/cookie-statement\/#primaryimage","url":"https:\/\/verkeer.site\/wp-content\/uploads\/2022\/06\/police-1.jpg","contentUrl":"https:\/\/verkeer.site\/wp-content\/uploads\/2022\/06\/police-1.jpg","width":960,"height":720,"caption":"police-1"},{"@type":"BreadcrumbList","@id":"https:\/\/verkeer.site\/cookie-statement\/#breadcrumb","itemListElement":[{"@type":"ListItem","position":1,"name":"Home","item":"https:\/\/verkeer.site\/"},{"@type":"ListItem","position":2,"name":"Cookie statement"}]},{"@type":"WebSite","@id":"https:\/\/verkeer.site\/#website","url":"https:\/\/verkeer.site\/","name":"Trafic.site","description":"Avocats sp\u00e9cialis\u00e9s dans les affaires criminelles et la circulation routi\u00e8re","publisher":{"@id":"https:\/\/verkeer.site\/#organization"},"potentialAction":[{"@type":"SearchAction","target":{"@type":"EntryPoint","urlTemplate":"https:\/\/verkeer.site\/?s={search_term_string}"},"query-input":{"@type":"PropertyValueSpecification","valueRequired":true,"valueName":"search_term_string"}}],"inLanguage":"fr-FR"},{"@type":"Organization","@id":"https:\/\/verkeer.site\/#organization","name":"Law &amp; More B.V.","url":"https:\/\/verkeer.site\/","logo":{"@type":"ImageObject","inLanguage":"fr-FR","@id":"https:\/\/verkeer.site\/#\/schema\/logo\/image\/","url":"https:\/\/verkeer.site\/wp-content\/uploads\/2019\/04\/lawmore_logo_LM_only_copy.jpg","contentUrl":"https:\/\/verkeer.site\/wp-content\/uploads\/2019\/04\/lawmore_logo_LM_only_copy.jpg","width":665,"height":665,"caption":"Law & More B.V."},"image":{"@id":"https:\/\/verkeer.site\/#\/schema\/logo\/image\/"},"sameAs":["https:\/\/www.facebook.com\/LawAndMoreNl","https:\/\/x.com\/LawandMorenl","https:\/\/www.instagram.com\/lawandmore\/","https:\/\/nl.linkedin.com\/company\/5339401"]}]}},"_links":{"self":[{"href":"https:\/\/verkeer.site\/fr\/wp-json\/wp\/v2\/pages\/3345","targetHints":{"allow":["GET"]}}],"collection":[{"href":"https:\/\/verkeer.site\/fr\/wp-json\/wp\/v2\/pages"}],"about":[{"href":"https:\/\/verkeer.site\/fr\/wp-json\/wp\/v2\/types\/page"}],"author":[{"embeddable":true,"href":"https:\/\/verkeer.site\/fr\/wp-json\/wp\/v2\/users\/1"}],"replies":[{"embeddable":true,"href":"https:\/\/verkeer.site\/fr\/wp-json\/wp\/v2\/comments?post=3345"}],"version-history":[{"count":0,"href":"https:\/\/verkeer.site\/fr\/wp-json\/wp\/v2\/pages\/3345\/revisions"}],"wp:featuredmedia":[{"embeddable":true,"href":"https:\/\/verkeer.site\/fr\/wp-json\/wp\/v2\/media\/3105"}],"wp:attachment":[{"href":"https:\/\/verkeer.site\/fr\/wp-json\/wp\/v2\/media?parent=3345"}],"curies":[{"name":"wp","href":"https:\/\/api.w.org\/{rel}","templated":true}]}}