{"id":3420,"date":"2022-06-01T13:42:05","date_gmt":"2022-06-01T12:42:05","guid":{"rendered":"https:\/\/verkeer.site\/?page_id=3420"},"modified":"2022-06-01T15:05:25","modified_gmt":"2022-06-01T14:05:25","slug":"ansprakelijkheid-in-het-verkeer-185-wvw","status":"publish","type":"page","link":"https:\/\/verkeer.site\/es\/ansprakelijkheid-in-het-verkeer-185-wvw\/","title":{"rendered":"Responsabilidad en el tr\u00e1fico (185 WVW)"},"content":{"rendered":"<div data-elementor-type=\"wp-page\" data-elementor-id=\"3420\" class=\"elementor elementor-3420\" data-elementor-post-type=\"page\">\n\t\t\t\t\t\t<div class=\"elementor-section elementor-top-section elementor-element elementor-element-ce48caf elementor-section-boxed elementor-section-height-default elementor-section-height-default\" data-id=\"ce48caf\" data-element_type=\"section\" data-settings=\"{&quot;background_background&quot;:&quot;classic&quot;,&quot;background_motion_fx_motion_fx_scrolling&quot;:&quot;yes&quot;,&quot;background_motion_fx_translateY_effect&quot;:&quot;yes&quot;,&quot;background_motion_fx_translateY_speed&quot;:{&quot;unit&quot;:&quot;px&quot;,&quot;size&quot;:4,&quot;sizes&quot;:[]},&quot;background_motion_fx_translateY_affectedRange&quot;:{&quot;unit&quot;:&quot;%&quot;,&quot;size&quot;:&quot;&quot;,&quot;sizes&quot;:{&quot;start&quot;:0,&quot;end&quot;:100}},&quot;background_motion_fx_devices&quot;:[&quot;desktop&quot;,&quot;laptop&quot;,&quot;tablet&quot;,&quot;mobile_extra&quot;,&quot;mobile&quot;]}\">\n\t\t\t\t\t\t\t<div class=\"elementor-background-overlay\"><\/div>\n\t\t\t\t\t\t\t<div class=\"elementor-container elementor-column-gap-default\">\n\t\t\t\t\t<div class=\"elementor-column elementor-col-100 elementor-top-column elementor-element elementor-element-c2bcda1\" data-id=\"c2bcda1\" data-element_type=\"column\">\n\t\t\t<div class=\"elementor-widget-wrap elementor-element-populated\">\n\t\t\t\t\t\t<div class=\"elementor-element elementor-element-7b5354e elementor-widget elementor-widget-heading\" data-id=\"7b5354e\" data-element_type=\"widget\" data-widget_type=\"heading.default\">\n\t\t\t\t<div class=\"elementor-widget-container\">\n\t\t\t\t\t<h2 class=\"elementor-heading-title elementor-size-default\">Responsabilidad en el tr\u00e1fico <br>(185 WVW)<\/h2>\t\t\t\t<\/div>\n\t\t\t\t<\/div>\n\t\t\t\t\t<\/div>\n\t\t<\/div>\n\t\t\t\t\t<\/div>\n\t\t<\/div>\n\t\t\t\t<div class=\"elementor-section elementor-top-section elementor-element elementor-element-c023ed4 elementor-section-boxed elementor-section-height-default elementor-section-height-default\" data-id=\"c023ed4\" data-element_type=\"section\">\n\t\t\t\t\t\t<div class=\"elementor-container elementor-column-gap-default\">\n\t\t\t\t\t<div class=\"elementor-column elementor-col-100 elementor-top-column elementor-element elementor-element-a4eee03\" data-id=\"a4eee03\" data-element_type=\"column\">\n\t\t\t<div class=\"elementor-widget-wrap elementor-element-populated\">\n\t\t\t\t\t\t<div class=\"elementor-element elementor-element-1eeebe7 elementor-invisible elementor-widget elementor-widget-text-editor\" data-id=\"1eeebe7\" data-element_type=\"widget\" data-settings=\"{&quot;_animation&quot;:&quot;fadeInUp&quot;}\" data-widget_type=\"text-editor.default\">\n\t\t\t\t<div class=\"elementor-widget-container\">\n\t\t\t\t\t\t\t\t\t<p>Si provocas un accidente de tr\u00e1fico, puedes ser responsable no s\u00f3lo en el \u00e1mbito penal, sino tambi\u00e9n en el civil por los da\u00f1os que cause. El propietario de un veh\u00edculo de motor implicado en un accidente en el que se causan da\u00f1os al tr\u00e1fico no motorizado es responsable de dichos da\u00f1os (art\u00edculo 185, apartado 1, de la WVW). Salvo en casos de fuerza mayor. Se aplican normas especiales para la distribuci\u00f3n de la carga de los da\u00f1os. Si usted, como conductor de un veh\u00edculo de motor, se ve implicado en un accidente en el que la otra persona no es el conductor de un veh\u00edculo de motor y usted es el culpable, siempre ser\u00e1 responsable de al menos 50% de los da\u00f1os, a menos que haya pruebas de intenci\u00f3n o imprudencia. Si la persona que sufre el da\u00f1o es menor de 14 a\u00f1os, usted ser\u00e1 siempre responsable del 100%. Por lo tanto, los ni\u00f1os menores de 14 a\u00f1os nunca son responsables.<\/p><p>El art\u00edculo 185 de la Ley de Tr\u00e1fico tambi\u00e9n tiene un efecto reflejo: si usted, como usuario de la v\u00eda p\u00fablica motorizado, tiene un accidente con otro usuario de la v\u00eda p\u00fablica no motorizado y sufre da\u00f1os, es responsable de sus propios da\u00f1os. S\u00f3lo si se da un caso de fuerza mayor, usted, como usuario de la carretera, ser\u00e1 indemnizado por su p\u00e9rdida. La regla 50% y la regla 100% no est\u00e1n sujetas a un efecto reflejo. Por lo tanto, si usted, como usuario no motorizado de las carreteras, provoca un accidente que causa da\u00f1os a un usuario motorizado de las carreteras, no tendr\u00e1 que indemnizar los da\u00f1os sufridos por la otra parte.<\/p><p>Muchas personas desconocen estas normas especiales de responsabilidad que se aplican a los da\u00f1os causados por el tr\u00e1fico. \u00bfHa tenido un accidente de tr\u00e1fico y ha sufrido da\u00f1os como consecuencia del mismo, o ha sido declarado responsable? Si es as\u00ed, deje que un abogado de Law &amp; More le ayude.<\/p>\t\t\t\t\t\t\t\t<\/div>\n\t\t\t\t<\/div>\n\t\t\t\t<div class=\"elementor-element elementor-element-c687e5d elementor-widget elementor-widget-image\" data-id=\"c687e5d\" data-element_type=\"widget\" data-widget_type=\"image.default\">\n\t\t\t\t<div class=\"elementor-widget-container\">\n\t\t\t\t\t\t\t\t\t\t\t\t\t\t\t<img fetchpriority=\"high\" decoding=\"async\" width=\"1920\" height=\"704\" src=\"https:\/\/verkeer.site\/wp-content\/uploads\/2018\/05\/Aansprakelijkheid-in-het-verkeer-185-WVW-.jpg\" class=\"attachment-full size-full wp-image-2053\" alt=\"Aansprakelijkheid in het verkeer (185 WVW)\" srcset=\"https:\/\/verkeer.site\/wp-content\/uploads\/2018\/05\/Aansprakelijkheid-in-het-verkeer-185-WVW-.jpg 1920w, https:\/\/verkeer.site\/wp-content\/uploads\/2018\/05\/Aansprakelijkheid-in-het-verkeer-185-WVW--300x110.jpg 300w, https:\/\/verkeer.site\/wp-content\/uploads\/2018\/05\/Aansprakelijkheid-in-het-verkeer-185-WVW--768x282.jpg 768w, https:\/\/verkeer.site\/wp-content\/uploads\/2018\/05\/Aansprakelijkheid-in-het-verkeer-185-WVW--1024x375.jpg 1024w, https:\/\/verkeer.site\/wp-content\/uploads\/2018\/05\/Aansprakelijkheid-in-het-verkeer-185-WVW--1670x612.jpg 1670w, https:\/\/verkeer.site\/wp-content\/uploads\/2018\/05\/Aansprakelijkheid-in-het-verkeer-185-WVW--880x323.jpg 880w, https:\/\/verkeer.site\/wp-content\/uploads\/2018\/05\/Aansprakelijkheid-in-het-verkeer-185-WVW--450x165.jpg 450w\" sizes=\"(max-width: 1920px) 100vw, 1920px\" \/>\t\t\t\t\t\t\t\t\t\t\t\t\t\t\t<\/div>\n\t\t\t\t<\/div>\n\t\t\t\t<div class=\"elementor-element elementor-element-c4fe150 elementor-invisible elementor-widget elementor-widget-text-editor\" data-id=\"c4fe150\" data-element_type=\"widget\" data-settings=\"{&quot;_animation&quot;:&quot;fadeInUp&quot;}\" data-widget_type=\"text-editor.default\">\n\t\t\t\t<div class=\"elementor-widget-container\">\n\t\t\t\t\t\t\t\t\t<h2>C\u00f3mo podemos ayudar<\/h2><p>Law &amp; More puede ayudarle si ha entrado en conflicto con la ley en relaci\u00f3n con la conducci\u00f3n bajo los efectos del alcohol.<\/p><p>Es posible que se hayan cometido errores en el control de alcoholemia, aunque la mayor\u00eda de la gente, una vez que se ha detectado la tasa de alcohol, lo deja as\u00ed y acepta la multa o la privaci\u00f3n del derecho a conducir. Pero si se cometieron ciertos errores, el resultado puede no servir como prueba y podr\u00eda llevar a la absoluci\u00f3n.<\/p><p>Tanto en caso de imposici\u00f3n de una pena como en caso de condena por parte del tribunal, recibir\u00e1 una anotaci\u00f3n en la documentaci\u00f3n judicial (popularmente denominada: antecedentes penales). Por supuesto que quieres evitar esto.<\/p><p>Adem\u00e1s, podemos ayudarle a concluir una transacci\u00f3n con el Ministerio P\u00fablico.<\/p>\t\t\t\t\t\t\t\t<\/div>\n\t\t\t\t<\/div>\n\t\t\t\t\t<\/div>\n\t\t<\/div>\n\t\t\t\t\t<\/div>\n\t\t<\/div>\n\t\t\t\t<div class=\"elementor-section elementor-top-section elementor-element elementor-element-af547d3 elementor-section-boxed elementor-section-height-default elementor-section-height-default\" data-id=\"af547d3\" data-element_type=\"section\" data-settings=\"{&quot;background_background&quot;:&quot;classic&quot;}\">\n\t\t\t\t\t\t<div class=\"elementor-container elementor-column-gap-default\">\n\t\t\t\t\t<div class=\"elementor-column elementor-col-66 elementor-top-column elementor-element elementor-element-ddfcaa7\" data-id=\"ddfcaa7\" data-element_type=\"column\">\n\t\t\t<div class=\"elementor-widget-wrap elementor-element-populated\">\n\t\t\t\t\t\t<div class=\"elementor-element elementor-element-5f82a45 elementor-widget elementor-widget-text-editor\" data-id=\"5f82a45\" data-element_type=\"widget\" data-widget_type=\"text-editor.default\">\n\t\t\t\t<div class=\"elementor-widget-container\">\n\t\t\t\t\t\t\t\t\t<p>\u00bfNecesita un abogado de derecho penal de tr\u00e1fico?<br \/>P\u00f3ngase en contacto con nosotros por tel\u00e9fono en el n\u00famero +31 40 369 06 80 o env\u00ede un correo electr\u00f3nico a<br \/>Tom Meevis, abogado de Law &amp; More - tom.meevis@lawandmore.nl<br \/>Sr. Maxim Hodak, abogado de Law &amp; More - maxim.hodak@lawandmore.nl<\/p>\t\t\t\t\t\t\t\t<\/div>\n\t\t\t\t<\/div>\n\t\t\t\t\t<\/div>\n\t\t<\/div>\n\t\t\t\t<div class=\"elementor-column elementor-col-33 elementor-top-column elementor-element elementor-element-11ccdb2\" data-id=\"11ccdb2\" data-element_type=\"column\">\n\t\t\t<div class=\"elementor-widget-wrap elementor-element-populated\">\n\t\t\t\t\t\t<div class=\"elementor-element elementor-element-330a0af elementor-align-center elementor-mobile-align-left elementor-invisible elementor-widget elementor-widget-button\" data-id=\"330a0af\" data-element_type=\"widget\" data-settings=\"{&quot;_animation&quot;:&quot;fadeInUp&quot;,&quot;_animation_delay&quot;:500}\" data-widget_type=\"button.default\">\n\t\t\t\t<div class=\"elementor-widget-container\">\n\t\t\t\t\t\t\t\t\t<div class=\"elementor-button-wrapper\">\n\t\t\t\t\t<a class=\"elementor-button elementor-button-link elementor-size-md\" href=\"https:\/\/verkeer.site\/es\/contact\/\">\n\t\t\t\t\t\t<span class=\"elementor-button-content-wrapper\">\n\t\t\t\t\t\t\t\t\t<span class=\"elementor-button-text\">CONTACTAR CON NOSOTROS<\/span>\n\t\t\t\t\t<\/span>\n\t\t\t\t\t<\/a>\n\t\t\t\t<\/div>\n\t\t\t\t\t\t\t\t<\/div>\n\t\t\t\t<\/div>\n\t\t\t\t\t<\/div>\n\t\t<\/div>\n\t\t\t\t\t<\/div>\n\t\t<\/div>\n\t\t\t\t<\/div>","protected":false},"excerpt":{"rendered":"<p>Responsabilidad civil en materia de tr\u00e1fico (185 WVW) Si provoca un accidente de tr\u00e1fico, adem\u00e1s de ser sancionable, tambi\u00e9n puede ser responsable civil de los da\u00f1os que ocasione. El propietario de un [...]<\/p>","protected":false},"author":1,"featured_media":3105,"parent":0,"menu_order":0,"comment_status":"closed","ping_status":"closed","template":"","meta":{"footnotes":""},"class_list":["post-3420","page","type-page","status-publish","has-post-thumbnail","hentry"],"yoast_head":"<!-- This site is optimized with the Yoast SEO plugin v25.6 - https:\/\/yoast.com\/wordpress\/plugins\/seo\/ -->\n<title>Aansprakelijkheid in het verkeer (185 WVW) - Verkeer.site<\/title>\n<meta name=\"description\" content=\"Als u een ongeluk veroorzaakt in het verkeer dan kunt naast strafbaar zijn ook nog civielrechtelijk aansprakelijk zijn voor de schade...\" \/>\n<meta name=\"robots\" content=\"index, follow, max-snippet:-1, max-image-preview:large, max-video-preview:-1\" \/>\n<link rel=\"canonical\" href=\"https:\/\/verkeer.site\/es\/ansprakelijkheid-in-het-verkeer-185-wvw\/\" \/>\n<meta property=\"og:locale\" content=\"es_ES\" \/>\n<meta property=\"og:type\" content=\"article\" \/>\n<meta property=\"og:title\" content=\"Aansprakelijkheid in het verkeer (185 WVW) - Verkeer.site\" \/>\n<meta property=\"og:description\" content=\"Als u een ongeluk veroorzaakt in het verkeer dan kunt naast strafbaar zijn ook nog civielrechtelijk aansprakelijk zijn voor de schade...\" \/>\n<meta property=\"og:url\" content=\"https:\/\/verkeer.site\/es\/ansprakelijkheid-in-het-verkeer-185-wvw\/\" \/>\n<meta property=\"og:site_name\" content=\"Verkeer.site\" \/>\n<meta property=\"article:publisher\" content=\"https:\/\/www.facebook.com\/LawAndMoreNl\" \/>\n<meta property=\"article:modified_time\" content=\"2022-06-01T14:05:25+00:00\" \/>\n<meta property=\"og:image\" content=\"https:\/\/verkeer.site\/wp-content\/uploads\/2022\/06\/police-1.jpg\" \/>\n\t<meta property=\"og:image:width\" content=\"960\" \/>\n\t<meta property=\"og:image:height\" content=\"720\" \/>\n\t<meta property=\"og:image:type\" content=\"image\/jpeg\" \/>\n<meta name=\"twitter:card\" content=\"summary_large_image\" \/>\n<meta name=\"twitter:site\" content=\"@LawandMorenl\" \/>\n<meta name=\"twitter:label1\" content=\"Est. reading time\" \/>\n\t<meta name=\"twitter:data1\" content=\"3 minutes\" \/>\n<script type=\"application\/ld+json\" class=\"yoast-schema-graph\">{\"@context\":\"https:\/\/schema.org\",\"@graph\":[{\"@type\":\"WebPage\",\"@id\":\"https:\/\/verkeer.site\/ansprakelijkheid-in-het-verkeer-185-wvw\/\",\"url\":\"https:\/\/verkeer.site\/ansprakelijkheid-in-het-verkeer-185-wvw\/\",\"name\":\"Aansprakelijkheid in het verkeer (185 WVW) - Verkeer.site\",\"isPartOf\":{\"@id\":\"https:\/\/verkeer.site\/#website\"},\"primaryImageOfPage\":{\"@id\":\"https:\/\/verkeer.site\/ansprakelijkheid-in-het-verkeer-185-wvw\/#primaryimage\"},\"image\":{\"@id\":\"https:\/\/verkeer.site\/ansprakelijkheid-in-het-verkeer-185-wvw\/#primaryimage\"},\"thumbnailUrl\":\"https:\/\/verkeer.site\/wp-content\/uploads\/2022\/06\/police-1.jpg\",\"datePublished\":\"2022-06-01T12:42:05+00:00\",\"dateModified\":\"2022-06-01T14:05:25+00:00\",\"description\":\"Als u een ongeluk veroorzaakt in het verkeer dan kunt naast strafbaar zijn ook nog civielrechtelijk aansprakelijk zijn voor de schade...\",\"breadcrumb\":{\"@id\":\"https:\/\/verkeer.site\/ansprakelijkheid-in-het-verkeer-185-wvw\/#breadcrumb\"},\"inLanguage\":\"es-ES\",\"potentialAction\":[{\"@type\":\"ReadAction\",\"target\":[\"https:\/\/verkeer.site\/ansprakelijkheid-in-het-verkeer-185-wvw\/\"]}]},{\"@type\":\"ImageObject\",\"inLanguage\":\"es-ES\",\"@id\":\"https:\/\/verkeer.site\/ansprakelijkheid-in-het-verkeer-185-wvw\/#primaryimage\",\"url\":\"https:\/\/verkeer.site\/wp-content\/uploads\/2022\/06\/police-1.jpg\",\"contentUrl\":\"https:\/\/verkeer.site\/wp-content\/uploads\/2022\/06\/police-1.jpg\",\"width\":960,\"height\":720,\"caption\":\"police-1\"},{\"@type\":\"BreadcrumbList\",\"@id\":\"https:\/\/verkeer.site\/ansprakelijkheid-in-het-verkeer-185-wvw\/#breadcrumb\",\"itemListElement\":[{\"@type\":\"ListItem\",\"position\":1,\"name\":\"Home\",\"item\":\"https:\/\/verkeer.site\/\"},{\"@type\":\"ListItem\",\"position\":2,\"name\":\"Aansprakelijkheid in het verkeer (185 WVW)\"}]},{\"@type\":\"WebSite\",\"@id\":\"https:\/\/verkeer.site\/#website\",\"url\":\"https:\/\/verkeer.site\/\",\"name\":\"Verkeer.site\",\"description\":\"Advocaten Verkeersstrafrecht\",\"publisher\":{\"@id\":\"https:\/\/verkeer.site\/#organization\"},\"potentialAction\":[{\"@type\":\"SearchAction\",\"target\":{\"@type\":\"EntryPoint\",\"urlTemplate\":\"https:\/\/verkeer.site\/?s={search_term_string}\"},\"query-input\":{\"@type\":\"PropertyValueSpecification\",\"valueRequired\":true,\"valueName\":\"search_term_string\"}}],\"inLanguage\":\"es-ES\"},{\"@type\":\"Organization\",\"@id\":\"https:\/\/verkeer.site\/#organization\",\"name\":\"Law & More B.V.\",\"url\":\"https:\/\/verkeer.site\/\",\"logo\":{\"@type\":\"ImageObject\",\"inLanguage\":\"es-ES\",\"@id\":\"https:\/\/verkeer.site\/#\/schema\/logo\/image\/\",\"url\":\"https:\/\/verkeer.site\/wp-content\/uploads\/2019\/04\/lawmore_logo_LM_only_copy.jpg\",\"contentUrl\":\"https:\/\/verkeer.site\/wp-content\/uploads\/2019\/04\/lawmore_logo_LM_only_copy.jpg\",\"width\":665,\"height\":665,\"caption\":\"Law & More B.V.\"},\"image\":{\"@id\":\"https:\/\/verkeer.site\/#\/schema\/logo\/image\/\"},\"sameAs\":[\"https:\/\/www.facebook.com\/LawAndMoreNl\",\"https:\/\/x.com\/LawandMorenl\",\"https:\/\/www.instagram.com\/lawandmore\/\",\"https:\/\/nl.linkedin.com\/company\/5339401\"]}]}<\/script>\n<!-- \/ Yoast SEO plugin. -->","yoast_head_json":{"title":"Responsabilidad en el tr\u00e1fico (185 WVW) - Verkeer.site","description":"Si provocas un accidente de tr\u00e1fico, adem\u00e1s de ser sancionado por la ley tambi\u00e9n puedes ser responsable de los da\u00f1os y perjuicios seg\u00fan el derecho civil.","robots":{"index":"index","follow":"follow","max-snippet":"max-snippet:-1","max-image-preview":"max-image-preview:large","max-video-preview":"max-video-preview:-1"},"canonical":"https:\/\/verkeer.site\/es\/ansprakelijkheid-in-het-verkeer-185-wvw\/","og_locale":"es_ES","og_type":"article","og_title":"Aansprakelijkheid in het verkeer (185 WVW) - Verkeer.site","og_description":"Als u een ongeluk veroorzaakt in het verkeer dan kunt naast strafbaar zijn ook nog civielrechtelijk aansprakelijk zijn voor de schade...","og_url":"https:\/\/verkeer.site\/es\/ansprakelijkheid-in-het-verkeer-185-wvw\/","og_site_name":"Verkeer.site","article_publisher":"https:\/\/www.facebook.com\/LawAndMoreNl","article_modified_time":"2022-06-01T14:05:25+00:00","og_image":[{"width":960,"height":720,"url":"https:\/\/verkeer.site\/wp-content\/uploads\/2022\/06\/police-1.jpg","type":"image\/jpeg"}],"twitter_card":"summary_large_image","twitter_site":"@LawandMorenl","twitter_misc":{"Est. reading time":"3 minutes"},"schema":{"@context":"https:\/\/schema.org","@graph":[{"@type":"WebPage","@id":"https:\/\/verkeer.site\/ansprakelijkheid-in-het-verkeer-185-wvw\/","url":"https:\/\/verkeer.site\/ansprakelijkheid-in-het-verkeer-185-wvw\/","name":"Responsabilidad en el tr\u00e1fico (185 WVW) - Verkeer.site","isPartOf":{"@id":"https:\/\/verkeer.site\/#website"},"primaryImageOfPage":{"@id":"https:\/\/verkeer.site\/ansprakelijkheid-in-het-verkeer-185-wvw\/#primaryimage"},"image":{"@id":"https:\/\/verkeer.site\/ansprakelijkheid-in-het-verkeer-185-wvw\/#primaryimage"},"thumbnailUrl":"https:\/\/verkeer.site\/wp-content\/uploads\/2022\/06\/police-1.jpg","datePublished":"2022-06-01T12:42:05+00:00","dateModified":"2022-06-01T14:05:25+00:00","description":"Si provocas un accidente de tr\u00e1fico, adem\u00e1s de ser sancionado por la ley tambi\u00e9n puedes ser responsable de los da\u00f1os y perjuicios seg\u00fan el derecho civil.","breadcrumb":{"@id":"https:\/\/verkeer.site\/ansprakelijkheid-in-het-verkeer-185-wvw\/#breadcrumb"},"inLanguage":"es-ES","potentialAction":[{"@type":"ReadAction","target":["https:\/\/verkeer.site\/ansprakelijkheid-in-het-verkeer-185-wvw\/"]}]},{"@type":"ImageObject","inLanguage":"es-ES","@id":"https:\/\/verkeer.site\/ansprakelijkheid-in-het-verkeer-185-wvw\/#primaryimage","url":"https:\/\/verkeer.site\/wp-content\/uploads\/2022\/06\/police-1.jpg","contentUrl":"https:\/\/verkeer.site\/wp-content\/uploads\/2022\/06\/police-1.jpg","width":960,"height":720,"caption":"police-1"},{"@type":"BreadcrumbList","@id":"https:\/\/verkeer.site\/ansprakelijkheid-in-het-verkeer-185-wvw\/#breadcrumb","itemListElement":[{"@type":"ListItem","position":1,"name":"Home","item":"https:\/\/verkeer.site\/"},{"@type":"ListItem","position":2,"name":"Aansprakelijkheid in het verkeer (185 WVW)"}]},{"@type":"WebSite","@id":"https:\/\/verkeer.site\/#website","url":"https:\/\/verkeer.site\/","name":"Tr\u00e1fico.site","description":"Abogados Penalistas de Tr\u00e1fico","publisher":{"@id":"https:\/\/verkeer.site\/#organization"},"potentialAction":[{"@type":"SearchAction","target":{"@type":"EntryPoint","urlTemplate":"https:\/\/verkeer.site\/?s={search_term_string}"},"query-input":{"@type":"PropertyValueSpecification","valueRequired":true,"valueName":"search_term_string"}}],"inLanguage":"es-ES"},{"@type":"Organization","@id":"https:\/\/verkeer.site\/#organization","name":"Law &amp; More B.V.","url":"https:\/\/verkeer.site\/","logo":{"@type":"ImageObject","inLanguage":"es-ES","@id":"https:\/\/verkeer.site\/#\/schema\/logo\/image\/","url":"https:\/\/verkeer.site\/wp-content\/uploads\/2019\/04\/lawmore_logo_LM_only_copy.jpg","contentUrl":"https:\/\/verkeer.site\/wp-content\/uploads\/2019\/04\/lawmore_logo_LM_only_copy.jpg","width":665,"height":665,"caption":"Law & More B.V."},"image":{"@id":"https:\/\/verkeer.site\/#\/schema\/logo\/image\/"},"sameAs":["https:\/\/www.facebook.com\/LawAndMoreNl","https:\/\/x.com\/LawandMorenl","https:\/\/www.instagram.com\/lawandmore\/","https:\/\/nl.linkedin.com\/company\/5339401"]}]}},"_links":{"self":[{"href":"https:\/\/verkeer.site\/es\/wp-json\/wp\/v2\/pages\/3420","targetHints":{"allow":["GET"]}}],"collection":[{"href":"https:\/\/verkeer.site\/es\/wp-json\/wp\/v2\/pages"}],"about":[{"href":"https:\/\/verkeer.site\/es\/wp-json\/wp\/v2\/types\/page"}],"author":[{"embeddable":true,"href":"https:\/\/verkeer.site\/es\/wp-json\/wp\/v2\/users\/1"}],"replies":[{"embeddable":true,"href":"https:\/\/verkeer.site\/es\/wp-json\/wp\/v2\/comments?post=3420"}],"version-history":[{"count":0,"href":"https:\/\/verkeer.site\/es\/wp-json\/wp\/v2\/pages\/3420\/revisions"}],"wp:featuredmedia":[{"embeddable":true,"href":"https:\/\/verkeer.site\/es\/wp-json\/wp\/v2\/media\/3105"}],"wp:attachment":[{"href":"https:\/\/verkeer.site\/es\/wp-json\/wp\/v2\/media?parent=3420"}],"curies":[{"name":"wp","href":"https:\/\/api.w.org\/{rel}","templated":true}]}}