{"id":3345,"date":"2022-06-01T13:02:05","date_gmt":"2022-06-01T12:02:05","guid":{"rendered":"https:\/\/verkeer.site\/?page_id=3345"},"modified":"2022-06-01T13:29:28","modified_gmt":"2022-06-01T12:29:28","slug":"cookie-statement","status":"publish","type":"page","link":"https:\/\/verkeer.site\/es\/cookie-statement\/","title":{"rendered":"Declaraci\u00f3n sobre las cookies"},"content":{"rendered":"<div data-elementor-type=\"wp-page\" data-elementor-id=\"3345\" class=\"elementor elementor-3345\" data-elementor-post-type=\"page\">\n\t\t\t\t\t\t<div class=\"elementor-section elementor-top-section elementor-element elementor-element-ce48caf elementor-section-boxed elementor-section-height-default elementor-section-height-default\" data-id=\"ce48caf\" data-element_type=\"section\" data-settings=\"{&quot;background_background&quot;:&quot;classic&quot;,&quot;background_motion_fx_motion_fx_scrolling&quot;:&quot;yes&quot;,&quot;background_motion_fx_translateY_effect&quot;:&quot;yes&quot;,&quot;background_motion_fx_translateY_speed&quot;:{&quot;unit&quot;:&quot;px&quot;,&quot;size&quot;:4,&quot;sizes&quot;:[]},&quot;background_motion_fx_translateY_affectedRange&quot;:{&quot;unit&quot;:&quot;%&quot;,&quot;size&quot;:&quot;&quot;,&quot;sizes&quot;:{&quot;start&quot;:0,&quot;end&quot;:100}},&quot;background_motion_fx_devices&quot;:[&quot;desktop&quot;,&quot;laptop&quot;,&quot;tablet&quot;,&quot;mobile_extra&quot;,&quot;mobile&quot;]}\">\n\t\t\t\t\t\t\t<div class=\"elementor-background-overlay\"><\/div>\n\t\t\t\t\t\t\t<div class=\"elementor-container elementor-column-gap-default\">\n\t\t\t\t\t<div class=\"elementor-column elementor-col-100 elementor-top-column elementor-element elementor-element-c2bcda1\" data-id=\"c2bcda1\" data-element_type=\"column\">\n\t\t\t<div class=\"elementor-widget-wrap elementor-element-populated\">\n\t\t\t\t\t\t<div class=\"elementor-element elementor-element-7b5354e elementor-widget elementor-widget-heading\" data-id=\"7b5354e\" data-element_type=\"widget\" data-widget_type=\"heading.default\">\n\t\t\t\t<div class=\"elementor-widget-container\">\n\t\t\t\t\t<h2 class=\"elementor-heading-title elementor-size-default\">Declaraci\u00f3n sobre las cookies<\/h2>\t\t\t\t<\/div>\n\t\t\t\t<\/div>\n\t\t\t\t\t<\/div>\n\t\t<\/div>\n\t\t\t\t\t<\/div>\n\t\t<\/div>\n\t\t\t\t<div class=\"elementor-section elementor-top-section elementor-element elementor-element-c023ed4 elementor-section-boxed elementor-section-height-default elementor-section-height-default\" data-id=\"c023ed4\" data-element_type=\"section\">\n\t\t\t\t\t\t<div class=\"elementor-container elementor-column-gap-default\">\n\t\t\t\t\t<div class=\"elementor-column elementor-col-100 elementor-top-column elementor-element elementor-element-a4eee03\" data-id=\"a4eee03\" data-element_type=\"column\">\n\t\t\t<div class=\"elementor-widget-wrap elementor-element-populated\">\n\t\t\t\t\t\t<div class=\"elementor-element elementor-element-c4fe150 elementor-invisible elementor-widget elementor-widget-text-editor\" data-id=\"c4fe150\" data-element_type=\"widget\" data-settings=\"{&quot;_animation&quot;:&quot;fadeInUp&quot;}\" data-widget_type=\"text-editor.default\">\n\t\t\t\t<div class=\"elementor-widget-container\">\n\t\t\t\t\t\t\t\t\t<h2>\u00bfQu\u00e9 son las cookies?<\/h2><p>Una cookie es un simple y peque\u00f1o archivo de texto que se coloca en su ordenador, tel\u00e9fono o tableta durante su visita a los sitios web de Law &amp; More. Las cookies se env\u00edan junto con las p\u00e1ginas de los sitios web de Law &amp; More. La informaci\u00f3n almacenada en ella puede ser enviada a los servidores durante su pr\u00f3xima visita al sitio web. Esto permite que el sitio web le reconozca, por as\u00ed decirlo, la pr\u00f3xima vez que lo visite. La funci\u00f3n principal de las cookies es distinguir a un usuario de otro. Por ello, las cookies se utilizan a menudo en los sitios web en los que hay que iniciar sesi\u00f3n. Una cookie, por ejemplo, garantiza que usted siga conectado cuando utiliza el sitio web. Usted puede rechazar el uso de estas cookies en cualquier momento, aunque esto puede limitar la funcionalidad y la facilidad de uso de los sitios web.<\/p><h2>Cookies funcionales<\/h2><p>Law &amp; More hace uso de cookies funcionales. Son cookies que el propio sitio web instala y dirige. Las cookies funcionales son necesarias para que el sitio web funcione correctamente. Estas cookies se colocan por defecto y no se eliminan cuando usted no las acepta. Las cookies funcionales no almacenan ning\u00fan dato personal y no contienen ning\u00fan dato que pueda ser utilizado para rastrearlo. Las cookies funcionales se utilizan, por ejemplo, para colocar el mapa geogr\u00e1fico de Google Maps en el sitio web. Esta informaci\u00f3n se hace an\u00f3nima en la medida de lo posible. Su direcci\u00f3n IP no se transmitir\u00e1 a Google. Adem\u00e1s, Law &amp; More ha indicado que no compartir\u00e1 los datos con Google y que, por lo tanto, Google no podr\u00e1 utilizar los datos obtenidos a trav\u00e9s del sitio web para sus propios fines.<\/p><h2>Google Analytics<\/h2><p>Law &amp; More hace uso de cookies de Google Analytics para rastrear el comportamiento de los usuarios y las tendencias generales y elaborar informes. Las cookies anal\u00edticas se utilizan para procesar los datos personales de los visitantes del sitio web. Las cookies anal\u00edticas permiten a Law &amp; More medir el n\u00famero de visitantes de su sitio web. Estas estad\u00edsticas permiten a Law &amp; More conocer la frecuencia de uso del sitio web, la informaci\u00f3n que buscan los visitantes y las p\u00e1ginas del sitio web m\u00e1s visitadas. Esto permite a Law &amp; More determinar qu\u00e9 partes del sitio web son populares y qu\u00e9 puntos pueden mejorarse. El tr\u00e1fico del sitio web se analiza para mejorar el sitio web y hacer que la experiencia sea lo m\u00e1s agradable posible para los visitantes. Las estad\u00edsticas que se recogen no pueden ser rastreadas hasta los individuos y son an\u00f3nimas en la medida de lo posible. Al utilizar los sitios web de Law &amp; More, usted consiente el tratamiento de sus datos por parte de Google en la forma y para los fines arriba indicados. Google puede proporcionar esta informaci\u00f3n a terceros si Google est\u00e1 legalmente obligado a hacerlo o en la medida en que los terceros procesen la informaci\u00f3n en nombre de Google.<\/p><h2>Cookies para la integraci\u00f3n de las redes sociales<\/h2><p>Law &amp; More tambi\u00e9n utiliza cookies para permitir la integraci\u00f3n de las redes sociales. El sitio web contiene enlaces a las redes sociales Facebook, Instagram, Twitter y LinkedIn. Estos enlaces permiten compartir o promocionar p\u00e1ginas en estas redes. El c\u00f3digo para realizar estos enlaces lo proporcionan las propias Facebook, Instagram, Twitter y LinkedIn. Estos c\u00f3digos tambi\u00e9n colocan una cookie. Esto permite a las redes sociales reconocerle cuando est\u00e1 conectado a esa red social. Tambi\u00e9n recogen datos sobre las p\u00e1ginas que compartes. Law &amp; More no tiene ninguna influencia sobre la colocaci\u00f3n y el uso de cookies por parte de estos terceros. Para m\u00e1s informaci\u00f3n sobre los datos recogidos por las redes sociales, Law &amp; More remite a las declaraciones de privacidad de Facebook, Instagram, Twitter y LinkedIn.<\/p><h2>Eliminaci\u00f3n de cookies<\/h2><p>Si no desea que Law &amp; More almacene cookies a trav\u00e9s del sitio web, puede desactivar la aceptaci\u00f3n de cookies en la configuraci\u00f3n de su navegador. Esto asegurar\u00e1 que las cookies no se almacenen m\u00e1s. Sin embargo, sin las cookies, algunas funciones del sitio web pueden no funcionar correctamente o no funcionar en absoluto. Dado que las cookies se almacenan en su propio ordenador, s\u00f3lo puede eliminarlas usted mismo. Para ello, consulte las instrucciones de su navegador.<\/p>\t\t\t\t\t\t\t\t<\/div>\n\t\t\t\t<\/div>\n\t\t\t\t\t<\/div>\n\t\t<\/div>\n\t\t\t\t\t<\/div>\n\t\t<\/div>\n\t\t\t\t<div class=\"elementor-section elementor-top-section elementor-element elementor-element-af547d3 elementor-section-boxed elementor-section-height-default elementor-section-height-default\" data-id=\"af547d3\" data-element_type=\"section\" data-settings=\"{&quot;background_background&quot;:&quot;classic&quot;}\">\n\t\t\t\t\t\t<div class=\"elementor-container elementor-column-gap-default\">\n\t\t\t\t\t<div class=\"elementor-column elementor-col-66 elementor-top-column elementor-element elementor-element-ddfcaa7\" data-id=\"ddfcaa7\" data-element_type=\"column\">\n\t\t\t<div class=\"elementor-widget-wrap elementor-element-populated\">\n\t\t\t\t\t\t<div class=\"elementor-element elementor-element-5f82a45 elementor-widget elementor-widget-text-editor\" data-id=\"5f82a45\" data-element_type=\"widget\" data-widget_type=\"text-editor.default\">\n\t\t\t\t<div class=\"elementor-widget-container\">\n\t\t\t\t\t\t\t\t\t<p>\u00bfNecesita un abogado de derecho penal de tr\u00e1fico?<br \/>P\u00f3ngase en contacto con nosotros por tel\u00e9fono en el n\u00famero +31 40 369 06 80 o env\u00ede un correo electr\u00f3nico a<br \/>Tom Meevis, abogado de Law &amp; More - tom.meevis@lawandmore.nl<br \/>Sr. Maxim Hodak, abogado de Law &amp; More - maxim.hodak@lawandmore.nl<\/p>\t\t\t\t\t\t\t\t<\/div>\n\t\t\t\t<\/div>\n\t\t\t\t\t<\/div>\n\t\t<\/div>\n\t\t\t\t<div class=\"elementor-column elementor-col-33 elementor-top-column elementor-element elementor-element-11ccdb2\" data-id=\"11ccdb2\" data-element_type=\"column\">\n\t\t\t<div class=\"elementor-widget-wrap elementor-element-populated\">\n\t\t\t\t\t\t<div class=\"elementor-element elementor-element-330a0af elementor-align-center elementor-mobile-align-left elementor-invisible elementor-widget elementor-widget-button\" data-id=\"330a0af\" data-element_type=\"widget\" data-settings=\"{&quot;_animation&quot;:&quot;fadeInUp&quot;,&quot;_animation_delay&quot;:500}\" data-widget_type=\"button.default\">\n\t\t\t\t<div class=\"elementor-widget-container\">\n\t\t\t\t\t\t\t\t\t<div class=\"elementor-button-wrapper\">\n\t\t\t\t\t<a class=\"elementor-button elementor-button-link elementor-size-md\" href=\"https:\/\/verkeer.site\/es\/contact\/\">\n\t\t\t\t\t\t<span class=\"elementor-button-content-wrapper\">\n\t\t\t\t\t\t\t\t\t<span class=\"elementor-button-text\">CONTACTAR CON NOSOTROS<\/span>\n\t\t\t\t\t<\/span>\n\t\t\t\t\t<\/a>\n\t\t\t\t<\/div>\n\t\t\t\t\t\t\t\t<\/div>\n\t\t\t\t<\/div>\n\t\t\t\t\t<\/div>\n\t\t<\/div>\n\t\t\t\t\t<\/div>\n\t\t<\/div>\n\t\t\t\t<\/div>","protected":false},"excerpt":{"rendered":"<p>Declaraci\u00f3n sobre cookies \u00bfQu\u00e9 son las cookies? Una cookie es un simple archivo de texto peque\u00f1o que se coloca en su ordenador, tel\u00e9fono o tableta durante su visita a los sitios web de Law &amp; More. Las cookies se env\u00edan con las p\u00e1ginas en [...]<\/p>","protected":false},"author":1,"featured_media":3105,"parent":0,"menu_order":0,"comment_status":"closed","ping_status":"closed","template":"","meta":{"footnotes":""},"class_list":["post-3345","page","type-page","status-publish","has-post-thumbnail","hentry"],"yoast_head":"<!-- This site is optimized with the Yoast SEO plugin v25.6 - https:\/\/yoast.com\/wordpress\/plugins\/seo\/ -->\n<title>Cookie statement - Verkeer.site<\/title>\n<meta name=\"description\" content=\"Cookies worden met de pagina\u2019s op de websites van Law &amp; More meegestuurd. De daarin opgeslagen informatie kan bij een volgend bezoek aan...\" \/>\n<meta name=\"robots\" content=\"index, follow, max-snippet:-1, max-image-preview:large, max-video-preview:-1\" \/>\n<link rel=\"canonical\" href=\"https:\/\/verkeer.site\/es\/cookie-statement\/\" \/>\n<meta property=\"og:locale\" content=\"es_ES\" \/>\n<meta property=\"og:type\" content=\"article\" \/>\n<meta property=\"og:title\" content=\"Cookie statement - Verkeer.site\" \/>\n<meta property=\"og:description\" content=\"Cookies worden met de pagina\u2019s op de websites van Law &amp; More meegestuurd. De daarin opgeslagen informatie kan bij een volgend bezoek aan...\" \/>\n<meta property=\"og:url\" content=\"https:\/\/verkeer.site\/es\/cookie-statement\/\" \/>\n<meta property=\"og:site_name\" content=\"Verkeer.site\" \/>\n<meta property=\"article:publisher\" content=\"https:\/\/www.facebook.com\/LawAndMoreNl\" \/>\n<meta property=\"article:modified_time\" content=\"2022-06-01T12:29:28+00:00\" \/>\n<meta property=\"og:image\" content=\"https:\/\/verkeer.site\/wp-content\/uploads\/2022\/06\/police-1.jpg\" \/>\n\t<meta property=\"og:image:width\" content=\"960\" \/>\n\t<meta property=\"og:image:height\" content=\"720\" \/>\n\t<meta property=\"og:image:type\" content=\"image\/jpeg\" \/>\n<meta name=\"twitter:card\" content=\"summary_large_image\" \/>\n<meta name=\"twitter:site\" content=\"@LawandMorenl\" \/>\n<meta name=\"twitter:label1\" content=\"Est. reading time\" \/>\n\t<meta name=\"twitter:data1\" content=\"4 minutes\" \/>\n<script type=\"application\/ld+json\" class=\"yoast-schema-graph\">{\"@context\":\"https:\/\/schema.org\",\"@graph\":[{\"@type\":\"WebPage\",\"@id\":\"https:\/\/verkeer.site\/cookie-statement\/\",\"url\":\"https:\/\/verkeer.site\/cookie-statement\/\",\"name\":\"Cookie statement - Verkeer.site\",\"isPartOf\":{\"@id\":\"https:\/\/verkeer.site\/#website\"},\"primaryImageOfPage\":{\"@id\":\"https:\/\/verkeer.site\/cookie-statement\/#primaryimage\"},\"image\":{\"@id\":\"https:\/\/verkeer.site\/cookie-statement\/#primaryimage\"},\"thumbnailUrl\":\"https:\/\/verkeer.site\/wp-content\/uploads\/2022\/06\/police-1.jpg\",\"datePublished\":\"2022-06-01T12:02:05+00:00\",\"dateModified\":\"2022-06-01T12:29:28+00:00\",\"description\":\"Cookies worden met de pagina\u2019s op de websites van Law & More meegestuurd. De daarin opgeslagen informatie kan bij een volgend bezoek aan...\",\"breadcrumb\":{\"@id\":\"https:\/\/verkeer.site\/cookie-statement\/#breadcrumb\"},\"inLanguage\":\"es-ES\",\"potentialAction\":[{\"@type\":\"ReadAction\",\"target\":[\"https:\/\/verkeer.site\/cookie-statement\/\"]}]},{\"@type\":\"ImageObject\",\"inLanguage\":\"es-ES\",\"@id\":\"https:\/\/verkeer.site\/cookie-statement\/#primaryimage\",\"url\":\"https:\/\/verkeer.site\/wp-content\/uploads\/2022\/06\/police-1.jpg\",\"contentUrl\":\"https:\/\/verkeer.site\/wp-content\/uploads\/2022\/06\/police-1.jpg\",\"width\":960,\"height\":720,\"caption\":\"police-1\"},{\"@type\":\"BreadcrumbList\",\"@id\":\"https:\/\/verkeer.site\/cookie-statement\/#breadcrumb\",\"itemListElement\":[{\"@type\":\"ListItem\",\"position\":1,\"name\":\"Home\",\"item\":\"https:\/\/verkeer.site\/\"},{\"@type\":\"ListItem\",\"position\":2,\"name\":\"Cookie statement\"}]},{\"@type\":\"WebSite\",\"@id\":\"https:\/\/verkeer.site\/#website\",\"url\":\"https:\/\/verkeer.site\/\",\"name\":\"Verkeer.site\",\"description\":\"Advocaten Verkeersstrafrecht\",\"publisher\":{\"@id\":\"https:\/\/verkeer.site\/#organization\"},\"potentialAction\":[{\"@type\":\"SearchAction\",\"target\":{\"@type\":\"EntryPoint\",\"urlTemplate\":\"https:\/\/verkeer.site\/?s={search_term_string}\"},\"query-input\":{\"@type\":\"PropertyValueSpecification\",\"valueRequired\":true,\"valueName\":\"search_term_string\"}}],\"inLanguage\":\"es-ES\"},{\"@type\":\"Organization\",\"@id\":\"https:\/\/verkeer.site\/#organization\",\"name\":\"Law & More B.V.\",\"url\":\"https:\/\/verkeer.site\/\",\"logo\":{\"@type\":\"ImageObject\",\"inLanguage\":\"es-ES\",\"@id\":\"https:\/\/verkeer.site\/#\/schema\/logo\/image\/\",\"url\":\"https:\/\/verkeer.site\/wp-content\/uploads\/2019\/04\/lawmore_logo_LM_only_copy.jpg\",\"contentUrl\":\"https:\/\/verkeer.site\/wp-content\/uploads\/2019\/04\/lawmore_logo_LM_only_copy.jpg\",\"width\":665,\"height\":665,\"caption\":\"Law & More B.V.\"},\"image\":{\"@id\":\"https:\/\/verkeer.site\/#\/schema\/logo\/image\/\"},\"sameAs\":[\"https:\/\/www.facebook.com\/LawAndMoreNl\",\"https:\/\/x.com\/LawandMorenl\",\"https:\/\/www.instagram.com\/lawandmore\/\",\"https:\/\/nl.linkedin.com\/company\/5339401\"]}]}<\/script>\n<!-- \/ Yoast SEO plugin. -->","yoast_head_json":{"title":"Declaraci\u00f3n de cookies - Traffic.site","description":"Las cookies se env\u00edan junto con las p\u00e1ginas de los sitios web de Law &amp; More. La informaci\u00f3n almacenada en estas cookies puede ser utilizada durante una futura visita a...","robots":{"index":"index","follow":"follow","max-snippet":"max-snippet:-1","max-image-preview":"max-image-preview:large","max-video-preview":"max-video-preview:-1"},"canonical":"https:\/\/verkeer.site\/es\/cookie-statement\/","og_locale":"es_ES","og_type":"article","og_title":"Cookie statement - Verkeer.site","og_description":"Cookies worden met de pagina\u2019s op de websites van Law & More meegestuurd. De daarin opgeslagen informatie kan bij een volgend bezoek aan...","og_url":"https:\/\/verkeer.site\/es\/cookie-statement\/","og_site_name":"Verkeer.site","article_publisher":"https:\/\/www.facebook.com\/LawAndMoreNl","article_modified_time":"2022-06-01T12:29:28+00:00","og_image":[{"width":960,"height":720,"url":"https:\/\/verkeer.site\/wp-content\/uploads\/2022\/06\/police-1.jpg","type":"image\/jpeg"}],"twitter_card":"summary_large_image","twitter_site":"@LawandMorenl","twitter_misc":{"Est. reading time":"4 minutes"},"schema":{"@context":"https:\/\/schema.org","@graph":[{"@type":"WebPage","@id":"https:\/\/verkeer.site\/cookie-statement\/","url":"https:\/\/verkeer.site\/cookie-statement\/","name":"Declaraci\u00f3n de cookies - Traffic.site","isPartOf":{"@id":"https:\/\/verkeer.site\/#website"},"primaryImageOfPage":{"@id":"https:\/\/verkeer.site\/cookie-statement\/#primaryimage"},"image":{"@id":"https:\/\/verkeer.site\/cookie-statement\/#primaryimage"},"thumbnailUrl":"https:\/\/verkeer.site\/wp-content\/uploads\/2022\/06\/police-1.jpg","datePublished":"2022-06-01T12:02:05+00:00","dateModified":"2022-06-01T12:29:28+00:00","description":"Las cookies se env\u00edan junto con las p\u00e1ginas de los sitios web de Law &amp; More. La informaci\u00f3n almacenada en estas cookies puede ser utilizada durante una futura visita a...","breadcrumb":{"@id":"https:\/\/verkeer.site\/cookie-statement\/#breadcrumb"},"inLanguage":"es-ES","potentialAction":[{"@type":"ReadAction","target":["https:\/\/verkeer.site\/cookie-statement\/"]}]},{"@type":"ImageObject","inLanguage":"es-ES","@id":"https:\/\/verkeer.site\/cookie-statement\/#primaryimage","url":"https:\/\/verkeer.site\/wp-content\/uploads\/2022\/06\/police-1.jpg","contentUrl":"https:\/\/verkeer.site\/wp-content\/uploads\/2022\/06\/police-1.jpg","width":960,"height":720,"caption":"police-1"},{"@type":"BreadcrumbList","@id":"https:\/\/verkeer.site\/cookie-statement\/#breadcrumb","itemListElement":[{"@type":"ListItem","position":1,"name":"Home","item":"https:\/\/verkeer.site\/"},{"@type":"ListItem","position":2,"name":"Cookie statement"}]},{"@type":"WebSite","@id":"https:\/\/verkeer.site\/#website","url":"https:\/\/verkeer.site\/","name":"Tr\u00e1fico.site","description":"Abogados Penalistas de Tr\u00e1fico","publisher":{"@id":"https:\/\/verkeer.site\/#organization"},"potentialAction":[{"@type":"SearchAction","target":{"@type":"EntryPoint","urlTemplate":"https:\/\/verkeer.site\/?s={search_term_string}"},"query-input":{"@type":"PropertyValueSpecification","valueRequired":true,"valueName":"search_term_string"}}],"inLanguage":"es-ES"},{"@type":"Organization","@id":"https:\/\/verkeer.site\/#organization","name":"Law &amp; More B.V.","url":"https:\/\/verkeer.site\/","logo":{"@type":"ImageObject","inLanguage":"es-ES","@id":"https:\/\/verkeer.site\/#\/schema\/logo\/image\/","url":"https:\/\/verkeer.site\/wp-content\/uploads\/2019\/04\/lawmore_logo_LM_only_copy.jpg","contentUrl":"https:\/\/verkeer.site\/wp-content\/uploads\/2019\/04\/lawmore_logo_LM_only_copy.jpg","width":665,"height":665,"caption":"Law & More B.V."},"image":{"@id":"https:\/\/verkeer.site\/#\/schema\/logo\/image\/"},"sameAs":["https:\/\/www.facebook.com\/LawAndMoreNl","https:\/\/x.com\/LawandMorenl","https:\/\/www.instagram.com\/lawandmore\/","https:\/\/nl.linkedin.com\/company\/5339401"]}]}},"_links":{"self":[{"href":"https:\/\/verkeer.site\/es\/wp-json\/wp\/v2\/pages\/3345","targetHints":{"allow":["GET"]}}],"collection":[{"href":"https:\/\/verkeer.site\/es\/wp-json\/wp\/v2\/pages"}],"about":[{"href":"https:\/\/verkeer.site\/es\/wp-json\/wp\/v2\/types\/page"}],"author":[{"embeddable":true,"href":"https:\/\/verkeer.site\/es\/wp-json\/wp\/v2\/users\/1"}],"replies":[{"embeddable":true,"href":"https:\/\/verkeer.site\/es\/wp-json\/wp\/v2\/comments?post=3345"}],"version-history":[{"count":0,"href":"https:\/\/verkeer.site\/es\/wp-json\/wp\/v2\/pages\/3345\/revisions"}],"wp:featuredmedia":[{"embeddable":true,"href":"https:\/\/verkeer.site\/es\/wp-json\/wp\/v2\/media\/3105"}],"wp:attachment":[{"href":"https:\/\/verkeer.site\/es\/wp-json\/wp\/v2\/media?parent=3345"}],"curies":[{"name":"wp","href":"https:\/\/api.w.org\/{rel}","templated":true}]}}