{"id":3329,"date":"2022-06-01T12:56:28","date_gmt":"2022-06-01T11:56:28","guid":{"rendered":"https:\/\/verkeer.site\/?page_id=3329"},"modified":"2022-06-01T13:26:15","modified_gmt":"2022-06-01T12:26:15","slug":"privacy-statement","status":"publish","type":"page","link":"https:\/\/verkeer.site\/es\/privacy-statement\/","title":{"rendered":"Declaraci\u00f3n de privacidad"},"content":{"rendered":"<div data-elementor-type=\"wp-page\" data-elementor-id=\"3329\" class=\"elementor elementor-3329\" data-elementor-post-type=\"page\">\n\t\t\t\t\t\t<div class=\"elementor-section elementor-top-section elementor-element elementor-element-ce48caf elementor-section-boxed elementor-section-height-default elementor-section-height-default\" data-id=\"ce48caf\" data-element_type=\"section\" data-settings=\"{&quot;background_background&quot;:&quot;classic&quot;,&quot;background_motion_fx_motion_fx_scrolling&quot;:&quot;yes&quot;,&quot;background_motion_fx_translateY_effect&quot;:&quot;yes&quot;,&quot;background_motion_fx_translateY_speed&quot;:{&quot;unit&quot;:&quot;px&quot;,&quot;size&quot;:4,&quot;sizes&quot;:[]},&quot;background_motion_fx_translateY_affectedRange&quot;:{&quot;unit&quot;:&quot;%&quot;,&quot;size&quot;:&quot;&quot;,&quot;sizes&quot;:{&quot;start&quot;:0,&quot;end&quot;:100}},&quot;background_motion_fx_devices&quot;:[&quot;desktop&quot;,&quot;laptop&quot;,&quot;tablet&quot;,&quot;mobile_extra&quot;,&quot;mobile&quot;]}\">\n\t\t\t\t\t\t\t<div class=\"elementor-background-overlay\"><\/div>\n\t\t\t\t\t\t\t<div class=\"elementor-container elementor-column-gap-default\">\n\t\t\t\t\t<div class=\"elementor-column elementor-col-100 elementor-top-column elementor-element elementor-element-c2bcda1\" data-id=\"c2bcda1\" data-element_type=\"column\">\n\t\t\t<div class=\"elementor-widget-wrap elementor-element-populated\">\n\t\t\t\t\t\t<div class=\"elementor-element elementor-element-7b5354e elementor-widget elementor-widget-heading\" data-id=\"7b5354e\" data-element_type=\"widget\" data-widget_type=\"heading.default\">\n\t\t\t\t<div class=\"elementor-widget-container\">\n\t\t\t\t\t<h2 class=\"elementor-heading-title elementor-size-default\">Declaraci\u00f3n de privacidad<\/h2>\t\t\t\t<\/div>\n\t\t\t\t<\/div>\n\t\t\t\t\t<\/div>\n\t\t<\/div>\n\t\t\t\t\t<\/div>\n\t\t<\/div>\n\t\t\t\t<div class=\"elementor-section elementor-top-section elementor-element elementor-element-c023ed4 elementor-section-boxed elementor-section-height-default elementor-section-height-default\" data-id=\"c023ed4\" data-element_type=\"section\">\n\t\t\t\t\t\t<div class=\"elementor-container elementor-column-gap-default\">\n\t\t\t\t\t<div class=\"elementor-column elementor-col-100 elementor-top-column elementor-element elementor-element-a4eee03\" data-id=\"a4eee03\" data-element_type=\"column\">\n\t\t\t<div class=\"elementor-widget-wrap elementor-element-populated\">\n\t\t\t\t\t\t<div class=\"elementor-element elementor-element-c4fe150 elementor-invisible elementor-widget elementor-widget-text-editor\" data-id=\"c4fe150\" data-element_type=\"widget\" data-settings=\"{&quot;_animation&quot;:&quot;fadeInUp&quot;}\" data-widget_type=\"text-editor.default\">\n\t\t\t\t<div class=\"elementor-widget-container\">\n\t\t\t\t\t\t\t\t\t<p>Law &amp; More trata datos personales. Esta declaraci\u00f3n de privacidad se ha redactado para ofrecerle una informaci\u00f3n clara y transparente sobre este tema. Law &amp; More respeta sus datos personales y se asegurar\u00e1 de que la informaci\u00f3n personal que nos proporcione sea tratada de forma confidencial. La siguiente declaraci\u00f3n da cumplimiento a la obligaci\u00f3n, establecida en el Reglamento General de Protecci\u00f3n de Datos (RGPD), de informar a los interesados sobre el tratamiento de sus datos personales por parte de Law &amp; More. Esta declaraci\u00f3n de privacidad responde a las preguntas m\u00e1s importantes sobre el tratamiento de datos personales por parte de Law &amp; More.<\/p><h2>Datos de contacto<\/h2><p>Law &amp; More es el responsable del tratamiento de sus datos personales. Law &amp; More se encuentra en De Zaale 11 en (5612 AJ) Eindhoven. Si tiene alguna pregunta sobre esta declaraci\u00f3n de privacidad, p\u00f3ngase en contacto con nosotros. Puede ponerse en contacto con nosotros por tel\u00e9fono en el n\u00famero +31 (0) 40 369 06 80 o por correo electr\u00f3nico en info@lawandmore.nl.<strong>\u00a0<\/strong><\/p><h2>Datos personales<\/h2><p>Los datos personales son datos que dicen algo sobre una persona o que pueden asociarse a una persona. Los datos personales que revelan indirectamente algo sobre alguien tambi\u00e9n son datos personales. En esta declaraci\u00f3n de privacidad, se entiende por datos personales todos los datos que Law &amp; More trata para identificarle.<\/p><p>Law &amp; More trata los datos personales a efectos de la prestaci\u00f3n de sus servicios o los datos personales facilitados por el interesado por iniciativa propia. Esto incluye, por ejemplo, los datos de contacto y otros datos personales que son necesarios para la tramitaci\u00f3n de su caso, los datos personales que ha rellenado en formularios de contacto o formularios web, los datos que proporciona durante las conversaciones (introductorias), los datos personales disponibles en sitios web p\u00fablicos o los datos personales que pueden obtenerse de registros p\u00fablicos, como el Registro de la Propiedad y el Registro Mercantil de la C\u00e1mara de Comercio. Law &amp; More trata los datos personales para prestar servicios, mejorarlos y comunicarse con usted personalmente como interesado.<\/p><h2>\u00bfDe qui\u00e9n trata Law &amp; More los datos personales?<\/h2><p>Esta declaraci\u00f3n de privacidad es aplicable a todas las personas de las que Law &amp; More procesa datos personales. Law &amp; More trata los datos personales de las personas con las que tiene, va a tener o ha tenido una relaci\u00f3n, ya sea directa o indirectamente. Esto incluye a las siguientes personas:<\/p><ul><li>clientes (potenciales) de Law &amp; More;<\/li><li>los solicitantes;<\/li><li>personas que muestren inter\u00e9s por los servicios de Law &amp; More;<\/li><li>Personas asociadas a una empresa u organizaci\u00f3n con la que Law &amp; More tiene, tendr\u00e1 o ha tenido relaci\u00f3n;<\/li><li>visitantes de los sitios web de Law &amp; More;<\/li><li>todas las dem\u00e1s personas que se pongan en contacto con Law &amp; More.<\/li><\/ul><h2 style=\"text-align: left;\">Finalidad del tratamiento de los datos personales<\/h2><p>Law &amp; More trata sus datos personales para los siguientes fines:<\/p><ul><li><u>Prestaci\u00f3n de servicios jur\u00eddicos<\/u><\/li><\/ul><p>Si nos ha encargado la prestaci\u00f3n de servicios jur\u00eddicos, le pediremos que nos comunique sus datos de contacto. Tambi\u00e9n pueden ser necesarios otros datos personales para la tramitaci\u00f3n de su caso, en funci\u00f3n de la naturaleza del asunto. Sus datos personales tambi\u00e9n se utilizar\u00e1n con fines de facturaci\u00f3n en relaci\u00f3n con los servicios prestados. En la medida en que sea necesario para prestar nuestros servicios, proporcionaremos sus datos personales a terceros.<\/p><ul><li><u>Suministro de informaci\u00f3n<\/u><\/li><\/ul><p>Law &amp; More registra sus datos en su sistema y los conserva para poder proporcionarle informaci\u00f3n. Puede ser informaci\u00f3n relacionada con su relaci\u00f3n con Law &amp; More. Si no tiene (todav\u00eda) relaci\u00f3n con Law &amp; More, puede solicitar informaci\u00f3n a trav\u00e9s del formulario de contacto del sitio web. Para ello, Law &amp; More trata los datos personales para poder ponerse en contacto con usted y proporcionarle la informaci\u00f3n solicitada.<\/p><ul><li><u>Cumplimiento de las obligaciones legales<\/u><\/li><\/ul><p>Law &amp; More trata sus datos personales para cumplir con las obligaciones legales. En virtud de la ley y de las normas de conducta que se aplican a los abogados, estamos obligados a verificar su identidad mediante una forma de identificaci\u00f3n v\u00e1lida.<\/p><ul><li><u>Reclutamiento y selecci\u00f3n<\/u><\/li><\/ul><p>Law &amp; More recoge sus datos personales con fines de reclutamiento y selecci\u00f3n. Cuando usted solicita un puesto de trabajo en Law &amp; More, sus datos se almacenan para determinar si se le invitar\u00e1 a una entrevista de trabajo y para poder contactar con usted en relaci\u00f3n con su solicitud.<\/p><ul><li><u>Medios de comunicaci\u00f3n social<\/u><\/li><\/ul><p>Law &amp; More utiliza varias redes sociales, concretamente Facebook, Instagram, Twitter y LinkedIn. Si utiliza las funciones de nuestros sitios web relacionadas con las redes sociales, podemos obtener sus datos personales de los canales de las redes sociales correspondientes.<\/p><h2 style=\"text-align: left;\">Base del tratamiento de datos personales<\/h2><p>Law &amp; More trata sus datos personales sobre la base de uno o varios de los siguientes motivos:<\/p><ul><li><u>Permiso<\/u><\/li><\/ul><p>Law &amp; More puede tratar los datos personales que le conciernen porque usted ha dado su consentimiento a dicho tratamiento. Tiene derecho a retirar su consentimiento en cualquier momento.<\/p><ul><li><u>Sobre la base de un acuerdo (a celebrar)<\/u><\/li><\/ul><p>Cuando usted encargue a Law &amp; More la prestaci\u00f3n de servicios jur\u00eddicos, trataremos los datos personales en la medida en que dicho tratamiento sea necesario para la ejecuci\u00f3n del encargo.<\/p><ul><li><u>Obligaciones legales<\/u><\/li><\/ul><p>Sus datos personales tambi\u00e9n se procesan para cumplir con las obligaciones legales. En virtud de la Ley de Prevenci\u00f3n del Blanqueo de Capitales y de la Financiaci\u00f3n del Terrorismo, los abogados est\u00e1n obligados a recoger y registrar determinada informaci\u00f3n. Entre otras cosas, hay que verificar la identidad de los clientes.<\/p><ul><li><u>Inter\u00e9s leg\u00edtimo<\/u><\/li><\/ul><p>Law &amp; More trata sus datos personales si tiene un inter\u00e9s leg\u00edtimo en hacerlo y el tratamiento no constituye una violaci\u00f3n desproporcionada de su privacidad.<\/p><h2 style=\"text-align: left;\">Compartir datos personales con terceros<\/h2><p>Law &amp; More s\u00f3lo compartir\u00e1 sus datos personales con terceros en la medida en que sea necesario para prestar servicios de acuerdo con los fines mencionados. Esto incluye, por ejemplo, la celebraci\u00f3n de un contrato, el suministro de sus datos personales en relaci\u00f3n con procedimientos (legales), la correspondencia con la otra parte o la contrataci\u00f3n de otro tercero en nombre y bajo las instrucciones de Law &amp; More, como un proveedor de TI. Adem\u00e1s, Law &amp; More puede proporcionar datos personales a un tercero, como un organismo regulador o cualquier otro organismo al que se le haya otorgado autoridad p\u00fablica, en la medida en que exista una obligaci\u00f3n legal de hacerlo.<\/p><p>Se celebrar\u00e1 un acuerdo de procesamiento con el tercero que procese sus datos personales en nombre y bajo las instrucciones de Law &amp; More. Este acuerdo tambi\u00e9n obligar\u00e1 al tercero a cumplir con las disposiciones de la AVG. Los terceros contratados por Law &amp; More y que ofrecen servicios como controladores de datos son a su vez responsables del tratamiento (posterior) de sus datos personales para garantizar el cumplimiento de la AVG. Un ejemplo de estos terceros ser\u00eda un contable o un notario.<\/p><h2>Seguridad de los datos personales<\/h2><p>Law &amp; More concede gran importancia a la seguridad y la protecci\u00f3n de sus datos personales y, teniendo en cuenta el estado de la t\u00e9cnica, aplicar\u00e1 las medidas t\u00e9cnicas y organizativas apropiadas para garantizar un nivel de seguridad adecuado al riesgo. En el caso de que Law &amp; More recurra a los servicios de terceros, Law &amp; More, en el marco de la protecci\u00f3n de los datos personales, establecer\u00e1 en un contrato el tratamiento de los datos para garantizar que se tomen las medidas de seguridad adecuadas.<\/p><h2>Per\u00edodo de almacenamiento<\/h2><p>Law &amp; More no conserva los datos personales durante m\u00e1s tiempo del necesario para los fines del tratamiento de datos mencionados anteriormente o del requerido por la ley y la normativa.<strong>\u00a0<\/strong><\/p><h2>Derechos de privacidad de los interesados<\/h2><p>De acuerdo con la nueva legislaci\u00f3n sobre privacidad, usted tiene ciertos derechos cuando se procesan sus datos personales:<\/p><ul><li><u>Acceda a<\/u><\/li><\/ul><p>Tiene derecho a preguntar qu\u00e9 datos personales trata Law &amp; More y a verlos.<\/p><ul><li><u>Correcci\u00f3n o adici\u00f3n<\/u><\/li><\/ul><p>Tiene derecho a solicitar que se corrijan o completen los datos personales incorrectos o incompletos.<\/p><ul><li><u>Borrado de datos<\/u><\/li><\/ul><p>Tiene derecho a solicitar que Law &amp; More elimine los datos personales que se procesan sobre usted. Law &amp; More eliminar\u00e1 estos datos personales en los siguientes casos:<\/p><ul><li>si ya no son necesarios para la finalidad para la que se obtuvieron los datos;<\/li><li>si retira su consentimiento para el tratamiento de los datos y no existe ninguna otra base legal para el tratamiento de los mismos;<\/li><li>si se opone al tratamiento de los datos y no hay motivos imperiosos para continuar el tratamiento;<\/li><li>si los datos han sido tratados ilegalmente;<\/li><li>si los datos deben ser suprimidos en virtud de un requisito legal.<\/li><li><u>Restricci\u00f3n del tratamiento<\/u><\/li><\/ul><p>Tiene derecho a solicitar a Law &amp; More que restrinja el tratamiento de sus datos personales si cree que es innecesario que Law &amp; More trate determinados datos relacionados con usted.<\/p><ul><li><u>Transferencia de datos<\/u><\/li><\/ul><p>Tiene derecho a obtener una visi\u00f3n general de los datos que Law &amp; More procesa sobre usted y a transferir estos datos a otra parte.<\/p><ul><li><u>Objeci\u00f3n<\/u><\/li><\/ul><p>En cualquier momento, tiene derecho a oponerse al tratamiento de sus datos personales por parte de Law &amp; More.<\/p><p>La solicitud de acceso, rectificaci\u00f3n o adici\u00f3n, supresi\u00f3n, restricci\u00f3n, transferibilidad de los datos o revocaci\u00f3n del consentimiento previamente otorgado puede presentarse a Law &amp; More en la siguiente direcci\u00f3n de correo electr\u00f3nico\u00a0<a href=\"mailto:info@lawandmore.nl\">info@lawandmore.nl<\/a>. Recibir\u00e1 m\u00e1s informaci\u00f3n de nuestra parte en un plazo de cuatro semanas a partir de la recepci\u00f3n de su solicitud. Puede haber circunstancias en las que Law &amp; More no pueda satisfacer plenamente su solicitud como interesado. Entre ellas se encuentran, por ejemplo, el deber de confidencialidad de los abogados y los plazos de conservaci\u00f3n legales.<\/p>\t\t\t\t\t\t\t\t<\/div>\n\t\t\t\t<\/div>\n\t\t\t\t\t<\/div>\n\t\t<\/div>\n\t\t\t\t\t<\/div>\n\t\t<\/div>\n\t\t\t\t<div class=\"elementor-section elementor-top-section elementor-element elementor-element-af547d3 elementor-section-boxed elementor-section-height-default elementor-section-height-default\" data-id=\"af547d3\" data-element_type=\"section\" data-settings=\"{&quot;background_background&quot;:&quot;classic&quot;}\">\n\t\t\t\t\t\t<div class=\"elementor-container elementor-column-gap-default\">\n\t\t\t\t\t<div class=\"elementor-column elementor-col-66 elementor-top-column elementor-element elementor-element-ddfcaa7\" data-id=\"ddfcaa7\" data-element_type=\"column\">\n\t\t\t<div class=\"elementor-widget-wrap elementor-element-populated\">\n\t\t\t\t\t\t<div class=\"elementor-element elementor-element-5f82a45 elementor-widget elementor-widget-text-editor\" data-id=\"5f82a45\" data-element_type=\"widget\" data-widget_type=\"text-editor.default\">\n\t\t\t\t<div class=\"elementor-widget-container\">\n\t\t\t\t\t\t\t\t\t<p>\u00bfNecesita un abogado de derecho penal de tr\u00e1fico?<br \/>P\u00f3ngase en contacto con nosotros por tel\u00e9fono en el n\u00famero +31 40 369 06 80 o env\u00ede un correo electr\u00f3nico a<br \/>Tom Meevis, abogado de Law &amp; More - tom.meevis@lawandmore.nl<br \/>Sr. Maxim Hodak, abogado de Law &amp; More - maxim.hodak@lawandmore.nl<\/p>\t\t\t\t\t\t\t\t<\/div>\n\t\t\t\t<\/div>\n\t\t\t\t\t<\/div>\n\t\t<\/div>\n\t\t\t\t<div class=\"elementor-column elementor-col-33 elementor-top-column elementor-element elementor-element-11ccdb2\" data-id=\"11ccdb2\" data-element_type=\"column\">\n\t\t\t<div class=\"elementor-widget-wrap elementor-element-populated\">\n\t\t\t\t\t\t<div class=\"elementor-element elementor-element-330a0af elementor-align-center elementor-mobile-align-left elementor-invisible elementor-widget elementor-widget-button\" data-id=\"330a0af\" data-element_type=\"widget\" data-settings=\"{&quot;_animation&quot;:&quot;fadeInUp&quot;,&quot;_animation_delay&quot;:500}\" data-widget_type=\"button.default\">\n\t\t\t\t<div class=\"elementor-widget-container\">\n\t\t\t\t\t\t\t\t\t<div class=\"elementor-button-wrapper\">\n\t\t\t\t\t<a class=\"elementor-button elementor-button-link elementor-size-md\" href=\"https:\/\/verkeer.site\/es\/contact\/\">\n\t\t\t\t\t\t<span class=\"elementor-button-content-wrapper\">\n\t\t\t\t\t\t\t\t\t<span class=\"elementor-button-text\">CONTACTAR CON NOSOTROS<\/span>\n\t\t\t\t\t<\/span>\n\t\t\t\t\t<\/a>\n\t\t\t\t<\/div>\n\t\t\t\t\t\t\t\t<\/div>\n\t\t\t\t<\/div>\n\t\t\t\t\t<\/div>\n\t\t<\/div>\n\t\t\t\t\t<\/div>\n\t\t<\/div>\n\t\t\t\t<\/div>","protected":false},"excerpt":{"rendered":"<p>Declaraci\u00f3n de privacidad Law &amp; More procesa datos personales. Con el fin de proporcionarle una informaci\u00f3n clara y transparente al respecto, se ha elaborado la presente declaraci\u00f3n de privacidad. Law &amp; More respeta sus datos personales y garantiza que la informaci\u00f3n personal que nos facilite [...].<\/p>","protected":false},"author":1,"featured_media":3105,"parent":0,"menu_order":0,"comment_status":"closed","ping_status":"closed","template":"","meta":{"footnotes":""},"class_list":["post-3329","page","type-page","status-publish","has-post-thumbnail","hentry"],"yoast_head":"<!-- This site is optimized with the Yoast SEO plugin v25.6 - https:\/\/yoast.com\/wordpress\/plugins\/seo\/ -->\n<title>Privacy statement - Verkeer.site<\/title>\n<meta name=\"description\" content=\"Om u hierover duidelijk en transparant te informeren, is deze privacyverklaring opgesteld. Law &amp; More respecteert uw persoonsgegevens en...\" \/>\n<meta name=\"robots\" content=\"index, follow, max-snippet:-1, max-image-preview:large, max-video-preview:-1\" \/>\n<link rel=\"canonical\" href=\"https:\/\/verkeer.site\/es\/privacy-statement\/\" \/>\n<meta property=\"og:locale\" content=\"es_ES\" \/>\n<meta property=\"og:type\" content=\"article\" \/>\n<meta property=\"og:title\" content=\"Privacy statement - Verkeer.site\" \/>\n<meta property=\"og:description\" content=\"Om u hierover duidelijk en transparant te informeren, is deze privacyverklaring opgesteld. Law &amp; More respecteert uw persoonsgegevens en...\" \/>\n<meta property=\"og:url\" content=\"https:\/\/verkeer.site\/es\/privacy-statement\/\" \/>\n<meta property=\"og:site_name\" content=\"Verkeer.site\" \/>\n<meta property=\"article:publisher\" content=\"https:\/\/www.facebook.com\/LawAndMoreNl\" \/>\n<meta property=\"article:modified_time\" content=\"2022-06-01T12:26:15+00:00\" \/>\n<meta property=\"og:image\" content=\"https:\/\/verkeer.site\/wp-content\/uploads\/2022\/06\/police-1.jpg\" \/>\n\t<meta property=\"og:image:width\" content=\"960\" \/>\n\t<meta property=\"og:image:height\" content=\"720\" \/>\n\t<meta property=\"og:image:type\" content=\"image\/jpeg\" \/>\n<meta name=\"twitter:card\" content=\"summary_large_image\" \/>\n<meta name=\"twitter:site\" content=\"@LawandMorenl\" \/>\n<meta name=\"twitter:label1\" content=\"Est. reading time\" \/>\n\t<meta name=\"twitter:data1\" content=\"8 minutes\" \/>\n<script type=\"application\/ld+json\" class=\"yoast-schema-graph\">{\"@context\":\"https:\/\/schema.org\",\"@graph\":[{\"@type\":\"WebPage\",\"@id\":\"https:\/\/verkeer.site\/privacy-statement\/\",\"url\":\"https:\/\/verkeer.site\/privacy-statement\/\",\"name\":\"Privacy statement - Verkeer.site\",\"isPartOf\":{\"@id\":\"https:\/\/verkeer.site\/#website\"},\"primaryImageOfPage\":{\"@id\":\"https:\/\/verkeer.site\/privacy-statement\/#primaryimage\"},\"image\":{\"@id\":\"https:\/\/verkeer.site\/privacy-statement\/#primaryimage\"},\"thumbnailUrl\":\"https:\/\/verkeer.site\/wp-content\/uploads\/2022\/06\/police-1.jpg\",\"datePublished\":\"2022-06-01T11:56:28+00:00\",\"dateModified\":\"2022-06-01T12:26:15+00:00\",\"description\":\"Om u hierover duidelijk en transparant te informeren, is deze privacyverklaring opgesteld. Law & More respecteert uw persoonsgegevens en...\",\"breadcrumb\":{\"@id\":\"https:\/\/verkeer.site\/privacy-statement\/#breadcrumb\"},\"inLanguage\":\"es-ES\",\"potentialAction\":[{\"@type\":\"ReadAction\",\"target\":[\"https:\/\/verkeer.site\/privacy-statement\/\"]}]},{\"@type\":\"ImageObject\",\"inLanguage\":\"es-ES\",\"@id\":\"https:\/\/verkeer.site\/privacy-statement\/#primaryimage\",\"url\":\"https:\/\/verkeer.site\/wp-content\/uploads\/2022\/06\/police-1.jpg\",\"contentUrl\":\"https:\/\/verkeer.site\/wp-content\/uploads\/2022\/06\/police-1.jpg\",\"width\":960,\"height\":720,\"caption\":\"police-1\"},{\"@type\":\"BreadcrumbList\",\"@id\":\"https:\/\/verkeer.site\/privacy-statement\/#breadcrumb\",\"itemListElement\":[{\"@type\":\"ListItem\",\"position\":1,\"name\":\"Home\",\"item\":\"https:\/\/verkeer.site\/\"},{\"@type\":\"ListItem\",\"position\":2,\"name\":\"Privacy statement\"}]},{\"@type\":\"WebSite\",\"@id\":\"https:\/\/verkeer.site\/#website\",\"url\":\"https:\/\/verkeer.site\/\",\"name\":\"Verkeer.site\",\"description\":\"Advocaten Verkeersstrafrecht\",\"publisher\":{\"@id\":\"https:\/\/verkeer.site\/#organization\"},\"potentialAction\":[{\"@type\":\"SearchAction\",\"target\":{\"@type\":\"EntryPoint\",\"urlTemplate\":\"https:\/\/verkeer.site\/?s={search_term_string}\"},\"query-input\":{\"@type\":\"PropertyValueSpecification\",\"valueRequired\":true,\"valueName\":\"search_term_string\"}}],\"inLanguage\":\"es-ES\"},{\"@type\":\"Organization\",\"@id\":\"https:\/\/verkeer.site\/#organization\",\"name\":\"Law & More B.V.\",\"url\":\"https:\/\/verkeer.site\/\",\"logo\":{\"@type\":\"ImageObject\",\"inLanguage\":\"es-ES\",\"@id\":\"https:\/\/verkeer.site\/#\/schema\/logo\/image\/\",\"url\":\"https:\/\/verkeer.site\/wp-content\/uploads\/2019\/04\/lawmore_logo_LM_only_copy.jpg\",\"contentUrl\":\"https:\/\/verkeer.site\/wp-content\/uploads\/2019\/04\/lawmore_logo_LM_only_copy.jpg\",\"width\":665,\"height\":665,\"caption\":\"Law & More B.V.\"},\"image\":{\"@id\":\"https:\/\/verkeer.site\/#\/schema\/logo\/image\/\"},\"sameAs\":[\"https:\/\/www.facebook.com\/LawAndMoreNl\",\"https:\/\/x.com\/LawandMorenl\",\"https:\/\/www.instagram.com\/lawandmore\/\",\"https:\/\/nl.linkedin.com\/company\/5339401\"]}]}<\/script>\n<!-- \/ Yoast SEO plugin. -->","yoast_head_json":{"title":"Declaraci\u00f3n de privacidad - Verkeer.site","description":"Para ofrecerle una informaci\u00f3n clara y transparente, se ha redactado esta declaraci\u00f3n de privacidad. Law &amp; More respeta sus datos personales y...","robots":{"index":"index","follow":"follow","max-snippet":"max-snippet:-1","max-image-preview":"max-image-preview:large","max-video-preview":"max-video-preview:-1"},"canonical":"https:\/\/verkeer.site\/es\/privacy-statement\/","og_locale":"es_ES","og_type":"article","og_title":"Privacy statement - Verkeer.site","og_description":"Om u hierover duidelijk en transparant te informeren, is deze privacyverklaring opgesteld. Law & More respecteert uw persoonsgegevens en...","og_url":"https:\/\/verkeer.site\/es\/privacy-statement\/","og_site_name":"Verkeer.site","article_publisher":"https:\/\/www.facebook.com\/LawAndMoreNl","article_modified_time":"2022-06-01T12:26:15+00:00","og_image":[{"width":960,"height":720,"url":"https:\/\/verkeer.site\/wp-content\/uploads\/2022\/06\/police-1.jpg","type":"image\/jpeg"}],"twitter_card":"summary_large_image","twitter_site":"@LawandMorenl","twitter_misc":{"Est. reading time":"8 minutes"},"schema":{"@context":"https:\/\/schema.org","@graph":[{"@type":"WebPage","@id":"https:\/\/verkeer.site\/privacy-statement\/","url":"https:\/\/verkeer.site\/privacy-statement\/","name":"Declaraci\u00f3n de privacidad - Verkeer.site","isPartOf":{"@id":"https:\/\/verkeer.site\/#website"},"primaryImageOfPage":{"@id":"https:\/\/verkeer.site\/privacy-statement\/#primaryimage"},"image":{"@id":"https:\/\/verkeer.site\/privacy-statement\/#primaryimage"},"thumbnailUrl":"https:\/\/verkeer.site\/wp-content\/uploads\/2022\/06\/police-1.jpg","datePublished":"2022-06-01T11:56:28+00:00","dateModified":"2022-06-01T12:26:15+00:00","description":"Para ofrecerle una informaci\u00f3n clara y transparente, se ha redactado esta declaraci\u00f3n de privacidad. Law &amp; More respeta sus datos personales y...","breadcrumb":{"@id":"https:\/\/verkeer.site\/privacy-statement\/#breadcrumb"},"inLanguage":"es-ES","potentialAction":[{"@type":"ReadAction","target":["https:\/\/verkeer.site\/privacy-statement\/"]}]},{"@type":"ImageObject","inLanguage":"es-ES","@id":"https:\/\/verkeer.site\/privacy-statement\/#primaryimage","url":"https:\/\/verkeer.site\/wp-content\/uploads\/2022\/06\/police-1.jpg","contentUrl":"https:\/\/verkeer.site\/wp-content\/uploads\/2022\/06\/police-1.jpg","width":960,"height":720,"caption":"police-1"},{"@type":"BreadcrumbList","@id":"https:\/\/verkeer.site\/privacy-statement\/#breadcrumb","itemListElement":[{"@type":"ListItem","position":1,"name":"Home","item":"https:\/\/verkeer.site\/"},{"@type":"ListItem","position":2,"name":"Privacy statement"}]},{"@type":"WebSite","@id":"https:\/\/verkeer.site\/#website","url":"https:\/\/verkeer.site\/","name":"Tr\u00e1fico.site","description":"Abogados Penalistas de Tr\u00e1fico","publisher":{"@id":"https:\/\/verkeer.site\/#organization"},"potentialAction":[{"@type":"SearchAction","target":{"@type":"EntryPoint","urlTemplate":"https:\/\/verkeer.site\/?s={search_term_string}"},"query-input":{"@type":"PropertyValueSpecification","valueRequired":true,"valueName":"search_term_string"}}],"inLanguage":"es-ES"},{"@type":"Organization","@id":"https:\/\/verkeer.site\/#organization","name":"Law &amp; More B.V.","url":"https:\/\/verkeer.site\/","logo":{"@type":"ImageObject","inLanguage":"es-ES","@id":"https:\/\/verkeer.site\/#\/schema\/logo\/image\/","url":"https:\/\/verkeer.site\/wp-content\/uploads\/2019\/04\/lawmore_logo_LM_only_copy.jpg","contentUrl":"https:\/\/verkeer.site\/wp-content\/uploads\/2019\/04\/lawmore_logo_LM_only_copy.jpg","width":665,"height":665,"caption":"Law & More B.V."},"image":{"@id":"https:\/\/verkeer.site\/#\/schema\/logo\/image\/"},"sameAs":["https:\/\/www.facebook.com\/LawAndMoreNl","https:\/\/x.com\/LawandMorenl","https:\/\/www.instagram.com\/lawandmore\/","https:\/\/nl.linkedin.com\/company\/5339401"]}]}},"_links":{"self":[{"href":"https:\/\/verkeer.site\/es\/wp-json\/wp\/v2\/pages\/3329","targetHints":{"allow":["GET"]}}],"collection":[{"href":"https:\/\/verkeer.site\/es\/wp-json\/wp\/v2\/pages"}],"about":[{"href":"https:\/\/verkeer.site\/es\/wp-json\/wp\/v2\/types\/page"}],"author":[{"embeddable":true,"href":"https:\/\/verkeer.site\/es\/wp-json\/wp\/v2\/users\/1"}],"replies":[{"embeddable":true,"href":"https:\/\/verkeer.site\/es\/wp-json\/wp\/v2\/comments?post=3329"}],"version-history":[{"count":0,"href":"https:\/\/verkeer.site\/es\/wp-json\/wp\/v2\/pages\/3329\/revisions"}],"wp:featuredmedia":[{"embeddable":true,"href":"https:\/\/verkeer.site\/es\/wp-json\/wp\/v2\/media\/3105"}],"wp:attachment":[{"href":"https:\/\/verkeer.site\/es\/wp-json\/wp\/v2\/media?parent=3329"}],"curies":[{"name":"wp","href":"https:\/\/api.w.org\/{rel}","templated":true}]}}