{"id":3475,"date":"2022-06-01T14:14:58","date_gmt":"2022-06-01T13:14:58","guid":{"rendered":"https:\/\/verkeer.site\/?page_id=3475"},"modified":"2022-06-01T15:06:17","modified_gmt":"2022-06-01T14:06:17","slug":"verplichtingen-meewerken-2","status":"publish","type":"page","link":"https:\/\/verkeer.site\/de\/verplichtingen-meewerken-2\/","title":{"rendered":"Verpflichtungen\/Kooperation"},"content":{"rendered":"<div data-elementor-type=\"wp-page\" data-elementor-id=\"3475\" class=\"elementor elementor-3475\" data-elementor-post-type=\"page\">\n\t\t\t\t\t\t<div class=\"elementor-section elementor-top-section elementor-element elementor-element-ce48caf elementor-section-boxed elementor-section-height-default elementor-section-height-default\" data-id=\"ce48caf\" data-element_type=\"section\" data-settings=\"{&quot;background_background&quot;:&quot;classic&quot;,&quot;background_motion_fx_motion_fx_scrolling&quot;:&quot;yes&quot;,&quot;background_motion_fx_translateY_effect&quot;:&quot;yes&quot;,&quot;background_motion_fx_translateY_speed&quot;:{&quot;unit&quot;:&quot;px&quot;,&quot;size&quot;:4,&quot;sizes&quot;:[]},&quot;background_motion_fx_translateY_affectedRange&quot;:{&quot;unit&quot;:&quot;%&quot;,&quot;size&quot;:&quot;&quot;,&quot;sizes&quot;:{&quot;start&quot;:0,&quot;end&quot;:100}},&quot;background_motion_fx_devices&quot;:[&quot;desktop&quot;,&quot;laptop&quot;,&quot;tablet&quot;,&quot;mobile_extra&quot;,&quot;mobile&quot;]}\">\n\t\t\t\t\t\t\t<div class=\"elementor-background-overlay\"><\/div>\n\t\t\t\t\t\t\t<div class=\"elementor-container elementor-column-gap-default\">\n\t\t\t\t\t<div class=\"elementor-column elementor-col-100 elementor-top-column elementor-element elementor-element-c2bcda1\" data-id=\"c2bcda1\" data-element_type=\"column\">\n\t\t\t<div class=\"elementor-widget-wrap elementor-element-populated\">\n\t\t\t\t\t\t<div class=\"elementor-element elementor-element-7b5354e elementor-widget elementor-widget-heading\" data-id=\"7b5354e\" data-element_type=\"widget\" data-widget_type=\"heading.default\">\n\t\t\t\t<div class=\"elementor-widget-container\">\n\t\t\t\t\t<h2 class=\"elementor-heading-title elementor-size-default\">Verpflichtungen\/Kooperation<\/h2>\t\t\t\t<\/div>\n\t\t\t\t<\/div>\n\t\t\t\t\t<\/div>\n\t\t<\/div>\n\t\t\t\t\t<\/div>\n\t\t<\/div>\n\t\t\t\t<div class=\"elementor-section elementor-top-section elementor-element elementor-element-c023ed4 elementor-section-boxed elementor-section-height-default elementor-section-height-default\" data-id=\"c023ed4\" data-element_type=\"section\">\n\t\t\t\t\t\t<div class=\"elementor-container elementor-column-gap-default\">\n\t\t\t\t\t<div class=\"elementor-column elementor-col-100 elementor-top-column elementor-element elementor-element-a4eee03\" data-id=\"a4eee03\" data-element_type=\"column\">\n\t\t\t<div class=\"elementor-widget-wrap elementor-element-populated\">\n\t\t\t\t\t\t<div class=\"elementor-element elementor-element-96b682d elementor-invisible elementor-widget elementor-widget-text-editor\" data-id=\"96b682d\" data-element_type=\"widget\" data-settings=\"{&quot;_animation&quot;:&quot;fadeInUp&quot;}\" data-widget_type=\"text-editor.default\">\n\t\t\t\t<div class=\"elementor-widget-container\">\n\t\t\t\t\t\t\t\t\t<p>Im Rahmen der Durchsetzung der Stra\u00dfenverkehrsordnung und der Aufdeckung von Verst\u00f6\u00dfen gegen die Stra\u00dfenverkehrsordnung kann der ermittelnde Beamte anordnen, dass Sie als Fahrer eines Fahrzeugs bei einer Alkoholkontrolle mitwirken. Sie sind zur Zusammenarbeit verpflichtet. Wenn es sich um eine Atemalkoholanalyse handelt, darf diese nur bei einem Verdacht angeordnet werden. Wenn Sie also keinen Alkohol getrunken haben, aber ein so auff\u00e4lliges Fahrverhalten an den Tag gelegt haben, dass der Verdacht besteht, dass Sie unter Alkoholeinfluss gefahren sind, sind Sie dennoch verpflichtet, bei der Atemalkoholkontrolle mitzuwirken.<\/p><p>Wenn noch kein Verdacht besteht, sind der Fahrer jedes Fahrzeugs, die Person, die ein Kraftfahrzeug f\u00fchren will, und die Begleitperson verpflichtet, bei einem vorl\u00e4ufigen Atemalkoholtest mitzuwirken. Das sind die Alkoholtests, zum Beispiel bei Gro\u00dfkontrollen. Im Gegensatz zur Atemalkoholanalyse auf Verdacht findet diese in der Regel nicht auf der Polizeiwache statt. Wenn Sie keinen Alkohol getrunken haben und kein auff\u00e4lliges Fahrverhalten gezeigt haben, k\u00f6nnen Sie trotzdem zum Atmen aufgefordert werden. (Artikel 160 Absatz 5 Buchstabe b WVW).<\/p><p>Wenn Sie verd\u00e4chtigt werden, ein Fahrzeug unter dem Einfluss von mehr Alkohol als erlaubt zu f\u00fchren, k\u00f6nnen Sie mit Ihrem Fahrzeug angehalten werden. Wenn der ermittelnde Beamte Sie als Fahrer eines Fahrzeugs aufgrund eines Verdachts anweist, bei einer Alkoholkontrolle mitzuwirken, sind Sie verpflichtet, dies zu tun. Dieser Verdacht kann sich zum Beispiel aus den Ergebnissen des vorl\u00e4ufigen Atemalkoholtests ergeben. Wie funktioniert eine Alkoholkontrolle auf Verdacht?<\/p>\t\t\t\t\t\t\t\t<\/div>\n\t\t\t\t<\/div>\n\t\t\t\t<div class=\"elementor-element elementor-element-1eeebe7 elementor-invisible elementor-widget elementor-widget-text-editor\" data-id=\"1eeebe7\" data-element_type=\"widget\" data-settings=\"{&quot;_animation&quot;:&quot;fadeInUp&quot;}\" data-widget_type=\"text-editor.default\">\n\t\t\t\t<div class=\"elementor-widget-container\">\n\t\t\t\t\t\t\t\t\t<ul><li>Zulassungsbescheinigungen f\u00fcr das Fahrzeug und eventuell den Anh\u00e4nger;<\/li><li>F\u00fchrerschein;<\/li><li>Falls vorgeschrieben: Bescheinigung der beruflichen Bef\u00e4higung f\u00fcr Fahrer;<\/li><li>Falls zutreffend: Entscheidung \u00fcber die Gew\u00e4hrung der Befreiung;<\/li><li>Falls erforderlich: Schwerbehindertenausweis.<\/li><\/ul><p>(Artikel 160 Absatz 1 des WVW)<\/p>\t\t\t\t\t\t\t\t<\/div>\n\t\t\t\t<\/div>\n\t\t\t\t<div class=\"elementor-element elementor-element-c687e5d elementor-widget elementor-widget-image\" data-id=\"c687e5d\" data-element_type=\"widget\" data-widget_type=\"image.default\">\n\t\t\t\t<div class=\"elementor-widget-container\">\n\t\t\t\t\t\t\t\t\t\t\t\t\t\t\t<img fetchpriority=\"high\" decoding=\"async\" width=\"1600\" height=\"651\" src=\"https:\/\/verkeer.site\/wp-content\/uploads\/2022\/06\/header_page_004.2.jpg\" class=\"attachment-full size-full wp-image-3483\" alt=\"verplichtingen meewerken\" srcset=\"https:\/\/verkeer.site\/wp-content\/uploads\/2022\/06\/header_page_004.2.jpg 1600w, https:\/\/verkeer.site\/wp-content\/uploads\/2022\/06\/header_page_004.2-1536x625.jpg 1536w, https:\/\/verkeer.site\/wp-content\/uploads\/2022\/06\/header_page_004.2-18x7.jpg 18w\" sizes=\"(max-width: 1600px) 100vw, 1600px\" \/>\t\t\t\t\t\t\t\t\t\t\t\t\t\t\t<\/div>\n\t\t\t\t<\/div>\n\t\t\t\t<div class=\"elementor-element elementor-element-c4fe150 elementor-invisible elementor-widget elementor-widget-text-editor\" data-id=\"c4fe150\" data-element_type=\"widget\" data-settings=\"{&quot;_animation&quot;:&quot;fadeInUp&quot;}\" data-widget_type=\"text-editor.default\">\n\t\t\t\t<div class=\"elementor-widget-container\">\n\t\t\t\t\t\t\t\t\t<p><strong><span style=\"color: #333333;\">1.<\/span><\/strong> Der ermittelnde Beamte kann zun\u00e4chst nur anordnen, dass Sie bei einer Atemalkoholkontrolle kooperieren. Sie m\u00fcssen dann in das Ger\u00e4t pusten.<\/p><p><span style=\"color: #333333;\"><strong>2.<\/strong><\/span> Wenn aus medizinischen Gr\u00fcnden kein Atemalkoholtest verlangt werden kann oder wenn die Kooperation des Verd\u00e4chtigen nicht zu einem vollst\u00e4ndigen Atemalkoholtest f\u00fchrt oder wenn der Verdacht besteht, dass der Verd\u00e4chtige unter dem Einfluss bestimmter Drogen oder einer Kombination aus Drogen und Alkohol steht, kann der ermittelnde Beamte die Erlaubnis zur Entnahme einer Blutprobe beantragen.<\/p><p><strong><span style=\"color: #333333;\">3.<\/span><\/strong> Wird die Zustimmung nicht erteilt, kann eine befugte Person, h\u00e4ufig der (stellvertretende) Staatsanwalt, anordnen, dass der Verd\u00e4chtige bei der Blutuntersuchung mitwirkt. Sie sind dann verpflichtet, dieser Anordnung Folge zu leisten.<\/p><p><strong><span style=\"color: #333333;\">4.<\/span><\/strong> Wenn Sie nicht in der Lage sind, Ihren Willen zu \u00e4u\u00dfern, kann Ihnen die in Absatz 6 genannte Blutmenge von einem Arzt oder einer Krankenschwester mit Genehmigung des Staatsanwalts, eines Hilfsstaatsanwalts oder eines der auf Anordnung unseres Ministers f\u00fcr Sicherheit und Justiz zu diesem Zweck bestellten Polizeibeamten entnommen werden, es sei denn, es ist glaubhaft, dass dies aus besonderen medizinischen Gr\u00fcnden unerw\u00fcnscht ist. Der Verd\u00e4chtige muss immer die M\u00f6glichkeit haben, vorher seine Zustimmung zu geben. Gegebenenfalls k\u00f6nnen Sie zur Mitwirkung aufgefordert werden, wozu Sie dann auch verpflichtet sind. Wenn Sie die Zusammenarbeit verweigern, wird die Blutprobe vernichtet.<\/p><p>Stellt sich heraus oder besteht der dringende Verdacht, dass Sie so viel getrunken haben, dass Sie eine Straftat begangen haben, wird ein amtliches Gutachten erstellt und Sie sind verpflichtet, Ihren F\u00fchrerschein an den Ermittlungsbeamten abzugeben (\u00a7 164 Abs. 1 WVW?).<\/p>\t\t\t\t\t\t\t\t<\/div>\n\t\t\t\t<\/div>\n\t\t\t\t\t<\/div>\n\t\t<\/div>\n\t\t\t\t\t<\/div>\n\t\t<\/div>\n\t\t\t\t<div class=\"elementor-section elementor-top-section elementor-element elementor-element-af547d3 elementor-section-boxed elementor-section-height-default elementor-section-height-default\" data-id=\"af547d3\" data-element_type=\"section\" data-settings=\"{&quot;background_background&quot;:&quot;classic&quot;}\">\n\t\t\t\t\t\t<div class=\"elementor-container elementor-column-gap-default\">\n\t\t\t\t\t<div class=\"elementor-column elementor-col-66 elementor-top-column elementor-element elementor-element-ddfcaa7\" data-id=\"ddfcaa7\" data-element_type=\"column\">\n\t\t\t<div class=\"elementor-widget-wrap elementor-element-populated\">\n\t\t\t\t\t\t<div class=\"elementor-element elementor-element-5f82a45 elementor-widget elementor-widget-text-editor\" data-id=\"5f82a45\" data-element_type=\"widget\" data-widget_type=\"text-editor.default\">\n\t\t\t\t<div class=\"elementor-widget-container\">\n\t\t\t\t\t\t\t\t\t<p>Brauchen Sie einen Anwalt f\u00fcr Verkehrsstrafrecht?<br \/>Bitte kontaktieren Sie uns telefonisch unter +31 40 369 06 80 oder senden Sie eine E-Mail an:<br \/>Tom Meevis, Rechtsanwalt bei Law &amp; More - tom.meevis@lawandmore.nl<br \/>Herr Maxim Hodak, Rechtsanwalt bei Law &amp; More - maxim.hodak@lawandmore.nl<\/p>\t\t\t\t\t\t\t\t<\/div>\n\t\t\t\t<\/div>\n\t\t\t\t\t<\/div>\n\t\t<\/div>\n\t\t\t\t<div class=\"elementor-column elementor-col-33 elementor-top-column elementor-element elementor-element-11ccdb2\" data-id=\"11ccdb2\" data-element_type=\"column\">\n\t\t\t<div class=\"elementor-widget-wrap elementor-element-populated\">\n\t\t\t\t\t\t<div class=\"elementor-element elementor-element-330a0af elementor-align-center elementor-mobile-align-left elementor-invisible elementor-widget elementor-widget-button\" data-id=\"330a0af\" data-element_type=\"widget\" data-settings=\"{&quot;_animation&quot;:&quot;fadeInUp&quot;,&quot;_animation_delay&quot;:500}\" data-widget_type=\"button.default\">\n\t\t\t\t<div class=\"elementor-widget-container\">\n\t\t\t\t\t\t\t\t\t<div class=\"elementor-button-wrapper\">\n\t\t\t\t\t<a class=\"elementor-button elementor-button-link elementor-size-md\" href=\"https:\/\/verkeer.site\/de\/contact\/\">\n\t\t\t\t\t\t<span class=\"elementor-button-content-wrapper\">\n\t\t\t\t\t\t\t\t\t<span class=\"elementor-button-text\">KONTAKT US<\/span>\n\t\t\t\t\t<\/span>\n\t\t\t\t\t<\/a>\n\t\t\t\t<\/div>\n\t\t\t\t\t\t\t\t<\/div>\n\t\t\t\t<\/div>\n\t\t\t\t\t<\/div>\n\t\t<\/div>\n\t\t\t\t\t<\/div>\n\t\t<\/div>\n\t\t\t\t<\/div>","protected":false},"excerpt":{"rendered":"<p>Im Rahmen der Durchsetzung der Stra\u00dfenverkehrsordnung und der Aufdeckung von Verst\u00f6\u00dfen gegen die Stra\u00dfenverkehrsordnung kann der ermittelnde Beamte Sie als Fahrer eines Fahrzeugs anweisen, bei den Ermittlungen mitzuwirken.<\/p>","protected":false},"author":1,"featured_media":3467,"parent":0,"menu_order":0,"comment_status":"closed","ping_status":"closed","template":"","meta":{"footnotes":""},"class_list":["post-3475","page","type-page","status-publish","has-post-thumbnail","hentry"],"yoast_head":"<!-- This site is optimized with the Yoast SEO plugin v25.6 - https:\/\/yoast.com\/wordpress\/plugins\/seo\/ -->\n<title>Verplichtingen \/ Meewerken - Verkeer.site<\/title>\n<meta name=\"description\" content=\"De personen die met de opsporing van de feiten die strafbaar zijn gesteld in de Wegenverkeerswet belast zijn, kunnen in dit kader aan...\" \/>\n<meta name=\"robots\" content=\"index, follow, max-snippet:-1, max-image-preview:large, max-video-preview:-1\" \/>\n<link rel=\"canonical\" href=\"https:\/\/verkeer.site\/de\/verplichtingen-meewerken-2\/\" \/>\n<meta property=\"og:locale\" content=\"de_DE\" \/>\n<meta property=\"og:type\" content=\"article\" \/>\n<meta property=\"og:title\" content=\"Verplichtingen \/ Meewerken - Verkeer.site\" \/>\n<meta property=\"og:description\" content=\"De personen die met de opsporing van de feiten die strafbaar zijn gesteld in de Wegenverkeerswet belast zijn, kunnen in dit kader aan...\" \/>\n<meta property=\"og:url\" content=\"https:\/\/verkeer.site\/de\/verplichtingen-meewerken-2\/\" \/>\n<meta property=\"og:site_name\" content=\"Verkeer.site\" \/>\n<meta property=\"article:publisher\" content=\"https:\/\/www.facebook.com\/LawAndMoreNl\" \/>\n<meta property=\"article:modified_time\" content=\"2022-06-01T14:06:17+00:00\" \/>\n<meta property=\"og:image\" content=\"https:\/\/verkeer.site\/wp-content\/uploads\/2022\/06\/header_page_008.2.jpg\" \/>\n\t<meta property=\"og:image:width\" content=\"1600\" \/>\n\t<meta property=\"og:image:height\" content=\"676\" \/>\n\t<meta property=\"og:image:type\" content=\"image\/jpeg\" \/>\n<meta name=\"twitter:card\" content=\"summary_large_image\" \/>\n<meta name=\"twitter:site\" content=\"@LawandMorenl\" \/>\n<meta name=\"twitter:label1\" content=\"Est. reading time\" \/>\n\t<meta name=\"twitter:data1\" content=\"4 minutes\" \/>\n<script type=\"application\/ld+json\" class=\"yoast-schema-graph\">{\"@context\":\"https:\/\/schema.org\",\"@graph\":[{\"@type\":\"WebPage\",\"@id\":\"https:\/\/verkeer.site\/verplichtingen-meewerken-2\/\",\"url\":\"https:\/\/verkeer.site\/verplichtingen-meewerken-2\/\",\"name\":\"Verplichtingen \/ Meewerken - Verkeer.site\",\"isPartOf\":{\"@id\":\"https:\/\/verkeer.site\/#website\"},\"primaryImageOfPage\":{\"@id\":\"https:\/\/verkeer.site\/verplichtingen-meewerken-2\/#primaryimage\"},\"image\":{\"@id\":\"https:\/\/verkeer.site\/verplichtingen-meewerken-2\/#primaryimage\"},\"thumbnailUrl\":\"https:\/\/verkeer.site\/wp-content\/uploads\/2022\/06\/header_page_008.2.jpg\",\"datePublished\":\"2022-06-01T13:14:58+00:00\",\"dateModified\":\"2022-06-01T14:06:17+00:00\",\"description\":\"De personen die met de opsporing van de feiten die strafbaar zijn gesteld in de Wegenverkeerswet belast zijn, kunnen in dit kader aan...\",\"breadcrumb\":{\"@id\":\"https:\/\/verkeer.site\/verplichtingen-meewerken-2\/#breadcrumb\"},\"inLanguage\":\"de-DE\",\"potentialAction\":[{\"@type\":\"ReadAction\",\"target\":[\"https:\/\/verkeer.site\/verplichtingen-meewerken-2\/\"]}]},{\"@type\":\"ImageObject\",\"inLanguage\":\"de-DE\",\"@id\":\"https:\/\/verkeer.site\/verplichtingen-meewerken-2\/#primaryimage\",\"url\":\"https:\/\/verkeer.site\/wp-content\/uploads\/2022\/06\/header_page_008.2.jpg\",\"contentUrl\":\"https:\/\/verkeer.site\/wp-content\/uploads\/2022\/06\/header_page_008.2.jpg\",\"width\":1600,\"height\":676,\"caption\":\"Toezicht en opsporing\"},{\"@type\":\"BreadcrumbList\",\"@id\":\"https:\/\/verkeer.site\/verplichtingen-meewerken-2\/#breadcrumb\",\"itemListElement\":[{\"@type\":\"ListItem\",\"position\":1,\"name\":\"Home\",\"item\":\"https:\/\/verkeer.site\/\"},{\"@type\":\"ListItem\",\"position\":2,\"name\":\"Verplichtingen \/ Meewerken\"}]},{\"@type\":\"WebSite\",\"@id\":\"https:\/\/verkeer.site\/#website\",\"url\":\"https:\/\/verkeer.site\/\",\"name\":\"Verkeer.site\",\"description\":\"Advocaten Verkeersstrafrecht\",\"publisher\":{\"@id\":\"https:\/\/verkeer.site\/#organization\"},\"potentialAction\":[{\"@type\":\"SearchAction\",\"target\":{\"@type\":\"EntryPoint\",\"urlTemplate\":\"https:\/\/verkeer.site\/?s={search_term_string}\"},\"query-input\":{\"@type\":\"PropertyValueSpecification\",\"valueRequired\":true,\"valueName\":\"search_term_string\"}}],\"inLanguage\":\"de-DE\"},{\"@type\":\"Organization\",\"@id\":\"https:\/\/verkeer.site\/#organization\",\"name\":\"Law & More B.V.\",\"url\":\"https:\/\/verkeer.site\/\",\"logo\":{\"@type\":\"ImageObject\",\"inLanguage\":\"de-DE\",\"@id\":\"https:\/\/verkeer.site\/#\/schema\/logo\/image\/\",\"url\":\"https:\/\/verkeer.site\/wp-content\/uploads\/2019\/04\/lawmore_logo_LM_only_copy.jpg\",\"contentUrl\":\"https:\/\/verkeer.site\/wp-content\/uploads\/2019\/04\/lawmore_logo_LM_only_copy.jpg\",\"width\":665,\"height\":665,\"caption\":\"Law & More B.V.\"},\"image\":{\"@id\":\"https:\/\/verkeer.site\/#\/schema\/logo\/image\/\"},\"sameAs\":[\"https:\/\/www.facebook.com\/LawAndMoreNl\",\"https:\/\/x.com\/LawandMorenl\",\"https:\/\/www.instagram.com\/lawandmore\/\",\"https:\/\/nl.linkedin.com\/company\/5339401\"]}]}<\/script>\n<!-- \/ Yoast SEO plugin. -->","yoast_head_json":{"title":"Verpflichtungen \/ Zusammenarbeit - Traffic.site","description":"Die mit der Ermittlung der nach dem Stra\u00dfenverkehrsgesetz strafbaren Handlungen beauftragten Personen k\u00f6nnen in diesem Zusammenhang...","robots":{"index":"index","follow":"follow","max-snippet":"max-snippet:-1","max-image-preview":"max-image-preview:large","max-video-preview":"max-video-preview:-1"},"canonical":"https:\/\/verkeer.site\/de\/verplichtingen-meewerken-2\/","og_locale":"de_DE","og_type":"article","og_title":"Verplichtingen \/ Meewerken - Verkeer.site","og_description":"De personen die met de opsporing van de feiten die strafbaar zijn gesteld in de Wegenverkeerswet belast zijn, kunnen in dit kader aan...","og_url":"https:\/\/verkeer.site\/de\/verplichtingen-meewerken-2\/","og_site_name":"Verkeer.site","article_publisher":"https:\/\/www.facebook.com\/LawAndMoreNl","article_modified_time":"2022-06-01T14:06:17+00:00","og_image":[{"width":1600,"height":676,"url":"https:\/\/verkeer.site\/wp-content\/uploads\/2022\/06\/header_page_008.2.jpg","type":"image\/jpeg"}],"twitter_card":"summary_large_image","twitter_site":"@LawandMorenl","twitter_misc":{"Est. reading time":"4 minutes"},"schema":{"@context":"https:\/\/schema.org","@graph":[{"@type":"WebPage","@id":"https:\/\/verkeer.site\/verplichtingen-meewerken-2\/","url":"https:\/\/verkeer.site\/verplichtingen-meewerken-2\/","name":"Verpflichtungen \/ Zusammenarbeit - Traffic.site","isPartOf":{"@id":"https:\/\/verkeer.site\/#website"},"primaryImageOfPage":{"@id":"https:\/\/verkeer.site\/verplichtingen-meewerken-2\/#primaryimage"},"image":{"@id":"https:\/\/verkeer.site\/verplichtingen-meewerken-2\/#primaryimage"},"thumbnailUrl":"https:\/\/verkeer.site\/wp-content\/uploads\/2022\/06\/header_page_008.2.jpg","datePublished":"2022-06-01T13:14:58+00:00","dateModified":"2022-06-01T14:06:17+00:00","description":"Die mit der Ermittlung der nach dem Stra\u00dfenverkehrsgesetz strafbaren Handlungen beauftragten Personen k\u00f6nnen in diesem Zusammenhang...","breadcrumb":{"@id":"https:\/\/verkeer.site\/verplichtingen-meewerken-2\/#breadcrumb"},"inLanguage":"de-DE","potentialAction":[{"@type":"ReadAction","target":["https:\/\/verkeer.site\/verplichtingen-meewerken-2\/"]}]},{"@type":"ImageObject","inLanguage":"de-DE","@id":"https:\/\/verkeer.site\/verplichtingen-meewerken-2\/#primaryimage","url":"https:\/\/verkeer.site\/wp-content\/uploads\/2022\/06\/header_page_008.2.jpg","contentUrl":"https:\/\/verkeer.site\/wp-content\/uploads\/2022\/06\/header_page_008.2.jpg","width":1600,"height":676,"caption":"Toezicht en opsporing"},{"@type":"BreadcrumbList","@id":"https:\/\/verkeer.site\/verplichtingen-meewerken-2\/#breadcrumb","itemListElement":[{"@type":"ListItem","position":1,"name":"Home","item":"https:\/\/verkeer.site\/"},{"@type":"ListItem","position":2,"name":"Verplichtingen \/ Meewerken"}]},{"@type":"WebSite","@id":"https:\/\/verkeer.site\/#website","url":"https:\/\/verkeer.site\/","name":"Verkehr.site","description":"Verkehrsstrafrecht Anw\u00e4lte","publisher":{"@id":"https:\/\/verkeer.site\/#organization"},"potentialAction":[{"@type":"SearchAction","target":{"@type":"EntryPoint","urlTemplate":"https:\/\/verkeer.site\/?s={search_term_string}"},"query-input":{"@type":"PropertyValueSpecification","valueRequired":true,"valueName":"search_term_string"}}],"inLanguage":"de-DE"},{"@type":"Organization","@id":"https:\/\/verkeer.site\/#organization","name":"Law &amp; More B.V.","url":"https:\/\/verkeer.site\/","logo":{"@type":"ImageObject","inLanguage":"de-DE","@id":"https:\/\/verkeer.site\/#\/schema\/logo\/image\/","url":"https:\/\/verkeer.site\/wp-content\/uploads\/2019\/04\/lawmore_logo_LM_only_copy.jpg","contentUrl":"https:\/\/verkeer.site\/wp-content\/uploads\/2019\/04\/lawmore_logo_LM_only_copy.jpg","width":665,"height":665,"caption":"Law & More B.V."},"image":{"@id":"https:\/\/verkeer.site\/#\/schema\/logo\/image\/"},"sameAs":["https:\/\/www.facebook.com\/LawAndMoreNl","https:\/\/x.com\/LawandMorenl","https:\/\/www.instagram.com\/lawandmore\/","https:\/\/nl.linkedin.com\/company\/5339401"]}]}},"_links":{"self":[{"href":"https:\/\/verkeer.site\/de\/wp-json\/wp\/v2\/pages\/3475","targetHints":{"allow":["GET"]}}],"collection":[{"href":"https:\/\/verkeer.site\/de\/wp-json\/wp\/v2\/pages"}],"about":[{"href":"https:\/\/verkeer.site\/de\/wp-json\/wp\/v2\/types\/page"}],"author":[{"embeddable":true,"href":"https:\/\/verkeer.site\/de\/wp-json\/wp\/v2\/users\/1"}],"replies":[{"embeddable":true,"href":"https:\/\/verkeer.site\/de\/wp-json\/wp\/v2\/comments?post=3475"}],"version-history":[{"count":0,"href":"https:\/\/verkeer.site\/de\/wp-json\/wp\/v2\/pages\/3475\/revisions"}],"wp:featuredmedia":[{"embeddable":true,"href":"https:\/\/verkeer.site\/de\/wp-json\/wp\/v2\/media\/3467"}],"wp:attachment":[{"href":"https:\/\/verkeer.site\/de\/wp-json\/wp\/v2\/media?parent=3475"}],"curies":[{"name":"wp","href":"https:\/\/api.w.org\/{rel}","templated":true}]}}