{"id":3420,"date":"2022-06-01T13:42:05","date_gmt":"2022-06-01T12:42:05","guid":{"rendered":"https:\/\/verkeer.site\/?page_id=3420"},"modified":"2022-06-01T15:05:25","modified_gmt":"2022-06-01T14:05:25","slug":"ansprakelijkheid-in-het-verkeer-185-wvw","status":"publish","type":"page","link":"https:\/\/verkeer.site\/de\/ansprakelijkheid-in-het-verkeer-185-wvw\/","title":{"rendered":"Haftung im Stra\u00dfenverkehr (185 WVW)"},"content":{"rendered":"<div data-elementor-type=\"wp-page\" data-elementor-id=\"3420\" class=\"elementor elementor-3420\" data-elementor-post-type=\"page\">\n\t\t\t\t\t\t<div class=\"elementor-section elementor-top-section elementor-element elementor-element-ce48caf elementor-section-boxed elementor-section-height-default elementor-section-height-default\" data-id=\"ce48caf\" data-element_type=\"section\" data-settings=\"{&quot;background_background&quot;:&quot;classic&quot;,&quot;background_motion_fx_motion_fx_scrolling&quot;:&quot;yes&quot;,&quot;background_motion_fx_translateY_effect&quot;:&quot;yes&quot;,&quot;background_motion_fx_translateY_speed&quot;:{&quot;unit&quot;:&quot;px&quot;,&quot;size&quot;:4,&quot;sizes&quot;:[]},&quot;background_motion_fx_translateY_affectedRange&quot;:{&quot;unit&quot;:&quot;%&quot;,&quot;size&quot;:&quot;&quot;,&quot;sizes&quot;:{&quot;start&quot;:0,&quot;end&quot;:100}},&quot;background_motion_fx_devices&quot;:[&quot;desktop&quot;,&quot;laptop&quot;,&quot;tablet&quot;,&quot;mobile_extra&quot;,&quot;mobile&quot;]}\">\n\t\t\t\t\t\t\t<div class=\"elementor-background-overlay\"><\/div>\n\t\t\t\t\t\t\t<div class=\"elementor-container elementor-column-gap-default\">\n\t\t\t\t\t<div class=\"elementor-column elementor-col-100 elementor-top-column elementor-element elementor-element-c2bcda1\" data-id=\"c2bcda1\" data-element_type=\"column\">\n\t\t\t<div class=\"elementor-widget-wrap elementor-element-populated\">\n\t\t\t\t\t\t<div class=\"elementor-element elementor-element-7b5354e elementor-widget elementor-widget-heading\" data-id=\"7b5354e\" data-element_type=\"widget\" data-widget_type=\"heading.default\">\n\t\t\t\t<div class=\"elementor-widget-container\">\n\t\t\t\t\t<h2 class=\"elementor-heading-title elementor-size-default\">Haftung im Stra\u00dfenverkehr <br>(185 WVW)<\/h2>\t\t\t\t<\/div>\n\t\t\t\t<\/div>\n\t\t\t\t\t<\/div>\n\t\t<\/div>\n\t\t\t\t\t<\/div>\n\t\t<\/div>\n\t\t\t\t<div class=\"elementor-section elementor-top-section elementor-element elementor-element-c023ed4 elementor-section-boxed elementor-section-height-default elementor-section-height-default\" data-id=\"c023ed4\" data-element_type=\"section\">\n\t\t\t\t\t\t<div class=\"elementor-container elementor-column-gap-default\">\n\t\t\t\t\t<div class=\"elementor-column elementor-col-100 elementor-top-column elementor-element elementor-element-a4eee03\" data-id=\"a4eee03\" data-element_type=\"column\">\n\t\t\t<div class=\"elementor-widget-wrap elementor-element-populated\">\n\t\t\t\t\t\t<div class=\"elementor-element elementor-element-1eeebe7 elementor-invisible elementor-widget elementor-widget-text-editor\" data-id=\"1eeebe7\" data-element_type=\"widget\" data-settings=\"{&quot;_animation&quot;:&quot;fadeInUp&quot;}\" data-widget_type=\"text-editor.default\">\n\t\t\t\t<div class=\"elementor-widget-container\">\n\t\t\t\t\t\t\t\t\t<p>Wenn Sie einen Unfall im Stra\u00dfenverkehr verursachen, k\u00f6nnen Sie nicht nur strafrechtlich, sondern auch zivilrechtlich f\u00fcr den entstandenen Schaden haften. Der Halter eines Kraftfahrzeugs, das in einen Unfall verwickelt ist, bei dem ein Schaden am nicht motorisierten Verkehr entsteht, haftet f\u00fcr diesen Schaden (Artikel 185 Absatz 1 WVW). Au\u00dfer in F\u00e4llen h\u00f6herer Gewalt. F\u00fcr die Verteilung der Schadensersatzlast gelten besondere Regeln. Wenn Sie als Fahrer eines Kraftfahrzeugs in einen Unfall verwickelt werden, bei dem der Unfallgegner nicht der Fahrer eines Kraftfahrzeugs ist und Sie die Schuld tragen, haften Sie immer f\u00fcr mindestens 50% des Schadens, es sei denn, es gibt Beweise f\u00fcr Vorsatz oder R\u00fccksichtslosigkeit. Wenn die gesch\u00e4digte Person unter 14 Jahre alt ist, sind Sie immer f\u00fcr 100% haftbar. Kinder unter 14 Jahren k\u00f6nnen daher nicht haftbar gemacht werden.<\/p><p>Artikel 185 der Stra\u00dfenverkehrsordnung hat auch eine Reflexwirkung: Wenn Sie als motorisierter Verkehrsteilnehmer einen Unfall mit einem nicht motorisierten anderen Verkehrsteilnehmer haben und einen Schaden erleiden, haften Sie f\u00fcr Ihren eigenen Schaden. Nur im Falle h\u00f6herer Gewalt werden Sie als motorisierter Verkehrsteilnehmer f\u00fcr Ihren Schaden entsch\u00e4digt. Die 50%-Regel und die 100%-Regel unterliegen nicht der Reflexwirkung. Wenn Sie also als nicht motorisierter Verkehrsteilnehmer einen Unfall verursachen, bei dem ein motorisierter Verkehrsteilnehmer zu Schaden kommt, m\u00fcssen Sie den Schaden der anderen Partei nicht ersetzen.<\/p><p>Viele Menschen sind sich dieser besonderen Haftungsregeln f\u00fcr Sch\u00e4den, die im Stra\u00dfenverkehr verursacht werden, nicht bewusst. Waren Sie in einen Verkehrsunfall verwickelt und haben dadurch einen Schaden erlitten oder sind Sie haftbar gemacht worden? Wenn ja, lassen Sie sich von einem Anwalt von Law &amp; More helfen.<\/p>\t\t\t\t\t\t\t\t<\/div>\n\t\t\t\t<\/div>\n\t\t\t\t<div class=\"elementor-element elementor-element-c687e5d elementor-widget elementor-widget-image\" data-id=\"c687e5d\" data-element_type=\"widget\" data-widget_type=\"image.default\">\n\t\t\t\t<div class=\"elementor-widget-container\">\n\t\t\t\t\t\t\t\t\t\t\t\t\t\t\t<img fetchpriority=\"high\" decoding=\"async\" width=\"1920\" height=\"704\" src=\"https:\/\/verkeer.site\/wp-content\/uploads\/2018\/05\/Aansprakelijkheid-in-het-verkeer-185-WVW-.jpg\" class=\"attachment-full size-full wp-image-2053\" alt=\"Aansprakelijkheid in het verkeer (185 WVW)\" srcset=\"https:\/\/verkeer.site\/wp-content\/uploads\/2018\/05\/Aansprakelijkheid-in-het-verkeer-185-WVW-.jpg 1920w, https:\/\/verkeer.site\/wp-content\/uploads\/2018\/05\/Aansprakelijkheid-in-het-verkeer-185-WVW--300x110.jpg 300w, https:\/\/verkeer.site\/wp-content\/uploads\/2018\/05\/Aansprakelijkheid-in-het-verkeer-185-WVW--768x282.jpg 768w, https:\/\/verkeer.site\/wp-content\/uploads\/2018\/05\/Aansprakelijkheid-in-het-verkeer-185-WVW--1024x375.jpg 1024w, https:\/\/verkeer.site\/wp-content\/uploads\/2018\/05\/Aansprakelijkheid-in-het-verkeer-185-WVW--1670x612.jpg 1670w, https:\/\/verkeer.site\/wp-content\/uploads\/2018\/05\/Aansprakelijkheid-in-het-verkeer-185-WVW--880x323.jpg 880w, https:\/\/verkeer.site\/wp-content\/uploads\/2018\/05\/Aansprakelijkheid-in-het-verkeer-185-WVW--450x165.jpg 450w\" sizes=\"(max-width: 1920px) 100vw, 1920px\" \/>\t\t\t\t\t\t\t\t\t\t\t\t\t\t\t<\/div>\n\t\t\t\t<\/div>\n\t\t\t\t<div class=\"elementor-element elementor-element-c4fe150 elementor-invisible elementor-widget elementor-widget-text-editor\" data-id=\"c4fe150\" data-element_type=\"widget\" data-settings=\"{&quot;_animation&quot;:&quot;fadeInUp&quot;}\" data-widget_type=\"text-editor.default\">\n\t\t\t\t<div class=\"elementor-widget-container\">\n\t\t\t\t\t\t\t\t\t<h2>Wie wir helfen k\u00f6nnen<\/h2><p>Law &amp; More kann Ihnen helfen, wenn Sie im Zusammenhang mit Alkohol am Steuer mit dem Gesetz in Konflikt geraten sind.<\/p><p>M\u00f6glicherweise wurden bei der Alkoholkontrolle Fehler gemacht, auch wenn die meisten Menschen, sobald der Alkoholspiegel festgestellt wurde, es dabei belassen und die Geldstrafe oder den Entzug der Fahrerlaubnis akzeptieren. Wenn jedoch bestimmte Fehler gemacht wurden, kann das Ergebnis nicht einmal als Beweismittel verwendet werden und k\u00f6nnte zu einem Freispruch f\u00fchren.<\/p><p>Sowohl im Falle einer Verh\u00e4ngung einer Strafe als auch im Falle einer Verurteilung durch das Gericht erhalten Sie einen Eintrag in die Gerichtsakte (im Volksmund: Strafregister). Das wollen Sie nat\u00fcrlich vermeiden.<\/p><p>Au\u00dferdem k\u00f6nnen wir Ihnen helfen, eine Transaktion mit der Staatsanwaltschaft abzuschlie\u00dfen.<\/p>\t\t\t\t\t\t\t\t<\/div>\n\t\t\t\t<\/div>\n\t\t\t\t\t<\/div>\n\t\t<\/div>\n\t\t\t\t\t<\/div>\n\t\t<\/div>\n\t\t\t\t<div class=\"elementor-section elementor-top-section elementor-element elementor-element-af547d3 elementor-section-boxed elementor-section-height-default elementor-section-height-default\" data-id=\"af547d3\" data-element_type=\"section\" data-settings=\"{&quot;background_background&quot;:&quot;classic&quot;}\">\n\t\t\t\t\t\t<div class=\"elementor-container elementor-column-gap-default\">\n\t\t\t\t\t<div class=\"elementor-column elementor-col-66 elementor-top-column elementor-element elementor-element-ddfcaa7\" data-id=\"ddfcaa7\" data-element_type=\"column\">\n\t\t\t<div class=\"elementor-widget-wrap elementor-element-populated\">\n\t\t\t\t\t\t<div class=\"elementor-element elementor-element-5f82a45 elementor-widget elementor-widget-text-editor\" data-id=\"5f82a45\" data-element_type=\"widget\" data-widget_type=\"text-editor.default\">\n\t\t\t\t<div class=\"elementor-widget-container\">\n\t\t\t\t\t\t\t\t\t<p>Brauchen Sie einen Anwalt f\u00fcr Verkehrsstrafrecht?<br \/>Bitte kontaktieren Sie uns telefonisch unter +31 40 369 06 80 oder senden Sie eine E-Mail an:<br \/>Tom Meevis, Rechtsanwalt bei Law &amp; More - tom.meevis@lawandmore.nl<br \/>Herr Maxim Hodak, Rechtsanwalt bei Law &amp; More - maxim.hodak@lawandmore.nl<\/p>\t\t\t\t\t\t\t\t<\/div>\n\t\t\t\t<\/div>\n\t\t\t\t\t<\/div>\n\t\t<\/div>\n\t\t\t\t<div class=\"elementor-column elementor-col-33 elementor-top-column elementor-element elementor-element-11ccdb2\" data-id=\"11ccdb2\" data-element_type=\"column\">\n\t\t\t<div class=\"elementor-widget-wrap elementor-element-populated\">\n\t\t\t\t\t\t<div class=\"elementor-element elementor-element-330a0af elementor-align-center elementor-mobile-align-left elementor-invisible elementor-widget elementor-widget-button\" data-id=\"330a0af\" data-element_type=\"widget\" data-settings=\"{&quot;_animation&quot;:&quot;fadeInUp&quot;,&quot;_animation_delay&quot;:500}\" data-widget_type=\"button.default\">\n\t\t\t\t<div class=\"elementor-widget-container\">\n\t\t\t\t\t\t\t\t\t<div class=\"elementor-button-wrapper\">\n\t\t\t\t\t<a class=\"elementor-button elementor-button-link elementor-size-md\" href=\"https:\/\/verkeer.site\/de\/contact\/\">\n\t\t\t\t\t\t<span class=\"elementor-button-content-wrapper\">\n\t\t\t\t\t\t\t\t\t<span class=\"elementor-button-text\">KONTAKT US<\/span>\n\t\t\t\t\t<\/span>\n\t\t\t\t\t<\/a>\n\t\t\t\t<\/div>\n\t\t\t\t\t\t\t\t<\/div>\n\t\t\t\t<\/div>\n\t\t\t\t\t<\/div>\n\t\t<\/div>\n\t\t\t\t\t<\/div>\n\t\t<\/div>\n\t\t\t\t<\/div>","protected":false},"excerpt":{"rendered":"<p>Haftung im Stra\u00dfenverkehr (185 WVW) Wer im Stra\u00dfenverkehr einen Unfall verursacht, macht sich nicht nur strafbar, sondern kann auch zivilrechtlich f\u00fcr den entstandenen Schaden haften. Der Halter eines [...]<\/p>","protected":false},"author":1,"featured_media":3105,"parent":0,"menu_order":0,"comment_status":"closed","ping_status":"closed","template":"","meta":{"footnotes":""},"class_list":["post-3420","page","type-page","status-publish","has-post-thumbnail","hentry"],"yoast_head":"<!-- This site is optimized with the Yoast SEO plugin v25.6 - https:\/\/yoast.com\/wordpress\/plugins\/seo\/ -->\n<title>Aansprakelijkheid in het verkeer (185 WVW) - Verkeer.site<\/title>\n<meta name=\"description\" content=\"Als u een ongeluk veroorzaakt in het verkeer dan kunt naast strafbaar zijn ook nog civielrechtelijk aansprakelijk zijn voor de schade...\" \/>\n<meta name=\"robots\" content=\"index, follow, max-snippet:-1, max-image-preview:large, max-video-preview:-1\" \/>\n<link rel=\"canonical\" href=\"https:\/\/verkeer.site\/de\/ansprakelijkheid-in-het-verkeer-185-wvw\/\" \/>\n<meta property=\"og:locale\" content=\"de_DE\" \/>\n<meta property=\"og:type\" content=\"article\" \/>\n<meta property=\"og:title\" content=\"Aansprakelijkheid in het verkeer (185 WVW) - Verkeer.site\" \/>\n<meta property=\"og:description\" content=\"Als u een ongeluk veroorzaakt in het verkeer dan kunt naast strafbaar zijn ook nog civielrechtelijk aansprakelijk zijn voor de schade...\" \/>\n<meta property=\"og:url\" content=\"https:\/\/verkeer.site\/de\/ansprakelijkheid-in-het-verkeer-185-wvw\/\" \/>\n<meta property=\"og:site_name\" content=\"Verkeer.site\" \/>\n<meta property=\"article:publisher\" content=\"https:\/\/www.facebook.com\/LawAndMoreNl\" \/>\n<meta property=\"article:modified_time\" content=\"2022-06-01T14:05:25+00:00\" \/>\n<meta property=\"og:image\" content=\"https:\/\/verkeer.site\/wp-content\/uploads\/2022\/06\/police-1.jpg\" \/>\n\t<meta property=\"og:image:width\" content=\"960\" \/>\n\t<meta property=\"og:image:height\" content=\"720\" \/>\n\t<meta property=\"og:image:type\" content=\"image\/jpeg\" \/>\n<meta name=\"twitter:card\" content=\"summary_large_image\" \/>\n<meta name=\"twitter:site\" content=\"@LawandMorenl\" \/>\n<meta name=\"twitter:label1\" content=\"Est. reading time\" \/>\n\t<meta name=\"twitter:data1\" content=\"3 minutes\" \/>\n<script type=\"application\/ld+json\" class=\"yoast-schema-graph\">{\"@context\":\"https:\/\/schema.org\",\"@graph\":[{\"@type\":\"WebPage\",\"@id\":\"https:\/\/verkeer.site\/ansprakelijkheid-in-het-verkeer-185-wvw\/\",\"url\":\"https:\/\/verkeer.site\/ansprakelijkheid-in-het-verkeer-185-wvw\/\",\"name\":\"Aansprakelijkheid in het verkeer (185 WVW) - Verkeer.site\",\"isPartOf\":{\"@id\":\"https:\/\/verkeer.site\/#website\"},\"primaryImageOfPage\":{\"@id\":\"https:\/\/verkeer.site\/ansprakelijkheid-in-het-verkeer-185-wvw\/#primaryimage\"},\"image\":{\"@id\":\"https:\/\/verkeer.site\/ansprakelijkheid-in-het-verkeer-185-wvw\/#primaryimage\"},\"thumbnailUrl\":\"https:\/\/verkeer.site\/wp-content\/uploads\/2022\/06\/police-1.jpg\",\"datePublished\":\"2022-06-01T12:42:05+00:00\",\"dateModified\":\"2022-06-01T14:05:25+00:00\",\"description\":\"Als u een ongeluk veroorzaakt in het verkeer dan kunt naast strafbaar zijn ook nog civielrechtelijk aansprakelijk zijn voor de schade...\",\"breadcrumb\":{\"@id\":\"https:\/\/verkeer.site\/ansprakelijkheid-in-het-verkeer-185-wvw\/#breadcrumb\"},\"inLanguage\":\"de-DE\",\"potentialAction\":[{\"@type\":\"ReadAction\",\"target\":[\"https:\/\/verkeer.site\/ansprakelijkheid-in-het-verkeer-185-wvw\/\"]}]},{\"@type\":\"ImageObject\",\"inLanguage\":\"de-DE\",\"@id\":\"https:\/\/verkeer.site\/ansprakelijkheid-in-het-verkeer-185-wvw\/#primaryimage\",\"url\":\"https:\/\/verkeer.site\/wp-content\/uploads\/2022\/06\/police-1.jpg\",\"contentUrl\":\"https:\/\/verkeer.site\/wp-content\/uploads\/2022\/06\/police-1.jpg\",\"width\":960,\"height\":720,\"caption\":\"police-1\"},{\"@type\":\"BreadcrumbList\",\"@id\":\"https:\/\/verkeer.site\/ansprakelijkheid-in-het-verkeer-185-wvw\/#breadcrumb\",\"itemListElement\":[{\"@type\":\"ListItem\",\"position\":1,\"name\":\"Home\",\"item\":\"https:\/\/verkeer.site\/\"},{\"@type\":\"ListItem\",\"position\":2,\"name\":\"Aansprakelijkheid in het verkeer (185 WVW)\"}]},{\"@type\":\"WebSite\",\"@id\":\"https:\/\/verkeer.site\/#website\",\"url\":\"https:\/\/verkeer.site\/\",\"name\":\"Verkeer.site\",\"description\":\"Advocaten Verkeersstrafrecht\",\"publisher\":{\"@id\":\"https:\/\/verkeer.site\/#organization\"},\"potentialAction\":[{\"@type\":\"SearchAction\",\"target\":{\"@type\":\"EntryPoint\",\"urlTemplate\":\"https:\/\/verkeer.site\/?s={search_term_string}\"},\"query-input\":{\"@type\":\"PropertyValueSpecification\",\"valueRequired\":true,\"valueName\":\"search_term_string\"}}],\"inLanguage\":\"de-DE\"},{\"@type\":\"Organization\",\"@id\":\"https:\/\/verkeer.site\/#organization\",\"name\":\"Law & More B.V.\",\"url\":\"https:\/\/verkeer.site\/\",\"logo\":{\"@type\":\"ImageObject\",\"inLanguage\":\"de-DE\",\"@id\":\"https:\/\/verkeer.site\/#\/schema\/logo\/image\/\",\"url\":\"https:\/\/verkeer.site\/wp-content\/uploads\/2019\/04\/lawmore_logo_LM_only_copy.jpg\",\"contentUrl\":\"https:\/\/verkeer.site\/wp-content\/uploads\/2019\/04\/lawmore_logo_LM_only_copy.jpg\",\"width\":665,\"height\":665,\"caption\":\"Law & More B.V.\"},\"image\":{\"@id\":\"https:\/\/verkeer.site\/#\/schema\/logo\/image\/\"},\"sameAs\":[\"https:\/\/www.facebook.com\/LawAndMoreNl\",\"https:\/\/x.com\/LawandMorenl\",\"https:\/\/www.instagram.com\/lawandmore\/\",\"https:\/\/nl.linkedin.com\/company\/5339401\"]}]}<\/script>\n<!-- \/ Yoast SEO plugin. -->","yoast_head_json":{"title":"Haftung im Verkehr (185 WVW) - Verkeer.site","description":"Wenn Sie im Stra\u00dfenverkehr einen Unfall verursachen, k\u00f6nnen Sie nicht nur strafrechtlich, sondern auch zivilrechtlich schadenersatzpflichtig sein.","robots":{"index":"index","follow":"follow","max-snippet":"max-snippet:-1","max-image-preview":"max-image-preview:large","max-video-preview":"max-video-preview:-1"},"canonical":"https:\/\/verkeer.site\/de\/ansprakelijkheid-in-het-verkeer-185-wvw\/","og_locale":"de_DE","og_type":"article","og_title":"Aansprakelijkheid in het verkeer (185 WVW) - Verkeer.site","og_description":"Als u een ongeluk veroorzaakt in het verkeer dan kunt naast strafbaar zijn ook nog civielrechtelijk aansprakelijk zijn voor de schade...","og_url":"https:\/\/verkeer.site\/de\/ansprakelijkheid-in-het-verkeer-185-wvw\/","og_site_name":"Verkeer.site","article_publisher":"https:\/\/www.facebook.com\/LawAndMoreNl","article_modified_time":"2022-06-01T14:05:25+00:00","og_image":[{"width":960,"height":720,"url":"https:\/\/verkeer.site\/wp-content\/uploads\/2022\/06\/police-1.jpg","type":"image\/jpeg"}],"twitter_card":"summary_large_image","twitter_site":"@LawandMorenl","twitter_misc":{"Est. reading time":"3 minutes"},"schema":{"@context":"https:\/\/schema.org","@graph":[{"@type":"WebPage","@id":"https:\/\/verkeer.site\/ansprakelijkheid-in-het-verkeer-185-wvw\/","url":"https:\/\/verkeer.site\/ansprakelijkheid-in-het-verkeer-185-wvw\/","name":"Haftung im Verkehr (185 WVW) - Verkeer.site","isPartOf":{"@id":"https:\/\/verkeer.site\/#website"},"primaryImageOfPage":{"@id":"https:\/\/verkeer.site\/ansprakelijkheid-in-het-verkeer-185-wvw\/#primaryimage"},"image":{"@id":"https:\/\/verkeer.site\/ansprakelijkheid-in-het-verkeer-185-wvw\/#primaryimage"},"thumbnailUrl":"https:\/\/verkeer.site\/wp-content\/uploads\/2022\/06\/police-1.jpg","datePublished":"2022-06-01T12:42:05+00:00","dateModified":"2022-06-01T14:05:25+00:00","description":"Wenn Sie im Stra\u00dfenverkehr einen Unfall verursachen, k\u00f6nnen Sie nicht nur strafrechtlich, sondern auch zivilrechtlich schadenersatzpflichtig sein.","breadcrumb":{"@id":"https:\/\/verkeer.site\/ansprakelijkheid-in-het-verkeer-185-wvw\/#breadcrumb"},"inLanguage":"de-DE","potentialAction":[{"@type":"ReadAction","target":["https:\/\/verkeer.site\/ansprakelijkheid-in-het-verkeer-185-wvw\/"]}]},{"@type":"ImageObject","inLanguage":"de-DE","@id":"https:\/\/verkeer.site\/ansprakelijkheid-in-het-verkeer-185-wvw\/#primaryimage","url":"https:\/\/verkeer.site\/wp-content\/uploads\/2022\/06\/police-1.jpg","contentUrl":"https:\/\/verkeer.site\/wp-content\/uploads\/2022\/06\/police-1.jpg","width":960,"height":720,"caption":"police-1"},{"@type":"BreadcrumbList","@id":"https:\/\/verkeer.site\/ansprakelijkheid-in-het-verkeer-185-wvw\/#breadcrumb","itemListElement":[{"@type":"ListItem","position":1,"name":"Home","item":"https:\/\/verkeer.site\/"},{"@type":"ListItem","position":2,"name":"Aansprakelijkheid in het verkeer (185 WVW)"}]},{"@type":"WebSite","@id":"https:\/\/verkeer.site\/#website","url":"https:\/\/verkeer.site\/","name":"Verkehr.site","description":"Verkehrsstrafrecht Anw\u00e4lte","publisher":{"@id":"https:\/\/verkeer.site\/#organization"},"potentialAction":[{"@type":"SearchAction","target":{"@type":"EntryPoint","urlTemplate":"https:\/\/verkeer.site\/?s={search_term_string}"},"query-input":{"@type":"PropertyValueSpecification","valueRequired":true,"valueName":"search_term_string"}}],"inLanguage":"de-DE"},{"@type":"Organization","@id":"https:\/\/verkeer.site\/#organization","name":"Law &amp; More B.V.","url":"https:\/\/verkeer.site\/","logo":{"@type":"ImageObject","inLanguage":"de-DE","@id":"https:\/\/verkeer.site\/#\/schema\/logo\/image\/","url":"https:\/\/verkeer.site\/wp-content\/uploads\/2019\/04\/lawmore_logo_LM_only_copy.jpg","contentUrl":"https:\/\/verkeer.site\/wp-content\/uploads\/2019\/04\/lawmore_logo_LM_only_copy.jpg","width":665,"height":665,"caption":"Law & More B.V."},"image":{"@id":"https:\/\/verkeer.site\/#\/schema\/logo\/image\/"},"sameAs":["https:\/\/www.facebook.com\/LawAndMoreNl","https:\/\/x.com\/LawandMorenl","https:\/\/www.instagram.com\/lawandmore\/","https:\/\/nl.linkedin.com\/company\/5339401"]}]}},"_links":{"self":[{"href":"https:\/\/verkeer.site\/de\/wp-json\/wp\/v2\/pages\/3420","targetHints":{"allow":["GET"]}}],"collection":[{"href":"https:\/\/verkeer.site\/de\/wp-json\/wp\/v2\/pages"}],"about":[{"href":"https:\/\/verkeer.site\/de\/wp-json\/wp\/v2\/types\/page"}],"author":[{"embeddable":true,"href":"https:\/\/verkeer.site\/de\/wp-json\/wp\/v2\/users\/1"}],"replies":[{"embeddable":true,"href":"https:\/\/verkeer.site\/de\/wp-json\/wp\/v2\/comments?post=3420"}],"version-history":[{"count":0,"href":"https:\/\/verkeer.site\/de\/wp-json\/wp\/v2\/pages\/3420\/revisions"}],"wp:featuredmedia":[{"embeddable":true,"href":"https:\/\/verkeer.site\/de\/wp-json\/wp\/v2\/media\/3105"}],"wp:attachment":[{"href":"https:\/\/verkeer.site\/de\/wp-json\/wp\/v2\/media?parent=3420"}],"curies":[{"name":"wp","href":"https:\/\/api.w.org\/{rel}","templated":true}]}}