{"id":3345,"date":"2022-06-01T13:02:05","date_gmt":"2022-06-01T12:02:05","guid":{"rendered":"https:\/\/verkeer.site\/?page_id=3345"},"modified":"2022-06-01T13:29:28","modified_gmt":"2022-06-01T12:29:28","slug":"cookie-statement","status":"publish","type":"page","link":"https:\/\/verkeer.site\/de\/cookie-statement\/","title":{"rendered":"Cookie-Erkl\u00e4rung"},"content":{"rendered":"<div data-elementor-type=\"wp-page\" data-elementor-id=\"3345\" class=\"elementor elementor-3345\" data-elementor-post-type=\"page\">\n\t\t\t\t\t\t<div class=\"elementor-section elementor-top-section elementor-element elementor-element-ce48caf elementor-section-boxed elementor-section-height-default elementor-section-height-default\" data-id=\"ce48caf\" data-element_type=\"section\" data-settings=\"{&quot;background_background&quot;:&quot;classic&quot;,&quot;background_motion_fx_motion_fx_scrolling&quot;:&quot;yes&quot;,&quot;background_motion_fx_translateY_effect&quot;:&quot;yes&quot;,&quot;background_motion_fx_translateY_speed&quot;:{&quot;unit&quot;:&quot;px&quot;,&quot;size&quot;:4,&quot;sizes&quot;:[]},&quot;background_motion_fx_translateY_affectedRange&quot;:{&quot;unit&quot;:&quot;%&quot;,&quot;size&quot;:&quot;&quot;,&quot;sizes&quot;:{&quot;start&quot;:0,&quot;end&quot;:100}},&quot;background_motion_fx_devices&quot;:[&quot;desktop&quot;,&quot;laptop&quot;,&quot;tablet&quot;,&quot;mobile_extra&quot;,&quot;mobile&quot;]}\">\n\t\t\t\t\t\t\t<div class=\"elementor-background-overlay\"><\/div>\n\t\t\t\t\t\t\t<div class=\"elementor-container elementor-column-gap-default\">\n\t\t\t\t\t<div class=\"elementor-column elementor-col-100 elementor-top-column elementor-element elementor-element-c2bcda1\" data-id=\"c2bcda1\" data-element_type=\"column\">\n\t\t\t<div class=\"elementor-widget-wrap elementor-element-populated\">\n\t\t\t\t\t\t<div class=\"elementor-element elementor-element-7b5354e elementor-widget elementor-widget-heading\" data-id=\"7b5354e\" data-element_type=\"widget\" data-widget_type=\"heading.default\">\n\t\t\t\t<div class=\"elementor-widget-container\">\n\t\t\t\t\t<h2 class=\"elementor-heading-title elementor-size-default\">Cookie-Erkl\u00e4rung<\/h2>\t\t\t\t<\/div>\n\t\t\t\t<\/div>\n\t\t\t\t\t<\/div>\n\t\t<\/div>\n\t\t\t\t\t<\/div>\n\t\t<\/div>\n\t\t\t\t<div class=\"elementor-section elementor-top-section elementor-element elementor-element-c023ed4 elementor-section-boxed elementor-section-height-default elementor-section-height-default\" data-id=\"c023ed4\" data-element_type=\"section\">\n\t\t\t\t\t\t<div class=\"elementor-container elementor-column-gap-default\">\n\t\t\t\t\t<div class=\"elementor-column elementor-col-100 elementor-top-column elementor-element elementor-element-a4eee03\" data-id=\"a4eee03\" data-element_type=\"column\">\n\t\t\t<div class=\"elementor-widget-wrap elementor-element-populated\">\n\t\t\t\t\t\t<div class=\"elementor-element elementor-element-c4fe150 elementor-invisible elementor-widget elementor-widget-text-editor\" data-id=\"c4fe150\" data-element_type=\"widget\" data-settings=\"{&quot;_animation&quot;:&quot;fadeInUp&quot;}\" data-widget_type=\"text-editor.default\">\n\t\t\t\t<div class=\"elementor-widget-container\">\n\t\t\t\t\t\t\t\t\t<h2>Was sind Cookies?<\/h2><p>Ein Cookie ist eine einfache kleine Textdatei, die w\u00e4hrend Ihres Besuchs der Law &amp; More-Websites auf Ihrem Computer, Telefon oder Tablet gespeichert wird. Cookies werden zusammen mit den Seiten der Law &amp; More-Websites verschickt. Die darin gespeicherten Informationen k\u00f6nnen bei Ihrem n\u00e4chsten Besuch der Website an die Server zur\u00fcckgesendet werden. Dies erm\u00f6glicht es der Website, Sie bei Ihrem n\u00e4chsten Besuch sozusagen wiederzuerkennen. Die Hauptfunktion von Cookies besteht darin, einen Benutzer von einem anderen zu unterscheiden. Deshalb werden Cookies h\u00e4ufig auf Websites verwendet, auf denen man sich anmelden muss. Ein Cookie sorgt z. B. daf\u00fcr, dass Sie bei der Nutzung der Website angemeldet bleiben. Sie k\u00f6nnen die Verwendung dieser Cookies jederzeit ablehnen, obwohl dies die Funktionalit\u00e4t und Benutzerfreundlichkeit der Websites einschr\u00e4nken kann.<\/p><h2>Funktionale Cookies<\/h2><p>Law &amp; More verwendet funktionale Cookies. Dies sind Cookies, die von der Website selbst installiert und angesprochen werden. Funktionale Cookies sind notwendig, damit die Website ordnungsgem\u00e4\u00df funktioniert. Diese Cookies werden standardm\u00e4\u00dfig gesetzt und werden nicht gel\u00f6scht, wenn Sie sie nicht akzeptieren. Funktionale Cookies speichern keine personenbezogenen Daten und enthalten keine Daten, die zu Ihrer R\u00fcckverfolgung verwendet werden k\u00f6nnen. Funktionale Cookies werden z. B. verwendet, um die geografische Karte von Google Maps auf der Website zu platzieren. Diese Informationen werden so weit wie m\u00f6glich anonymisiert. Ihre IP-Adresse wird nicht an Google weitergegeben. Dar\u00fcber hinaus hat Law &amp; More darauf hingewiesen, dass die Daten nicht an Google weitergegeben werden und dass Google die \u00fcber die Website erhaltenen Daten daher nicht f\u00fcr eigene Zwecke verwenden darf.<\/p><h2>Google Analytics<\/h2><p>Law &amp; More verwendet Cookies von Google Analytics, um das Nutzerverhalten und allgemeine Trends zu verfolgen und Berichte zu erstellen. Analytische Cookies werden verwendet, um personenbezogene Daten von Website-Besuchern zu verarbeiten. Analytische Cookies erm\u00f6glichen es Law &amp; More, die Anzahl der Besucher auf seiner Website zu messen. Anhand dieser Statistiken kann Law &amp; More nachvollziehen, wie oft die Website genutzt wird, nach welchen Informationen die Besucher suchen und welche Seiten der Website am h\u00e4ufigsten besucht werden. So kann Law &amp; More feststellen, welche Teile der Website beliebt sind und welche Punkte verbessert werden k\u00f6nnen. Der Verkehr auf der Website wird analysiert, um die Website zu verbessern und die Erfahrung f\u00fcr die Besucher so angenehm wie m\u00f6glich zu gestalten. Die gesammelten Statistiken k\u00f6nnen nicht auf Einzelpersonen zur\u00fcckgef\u00fchrt werden und sind so weit wie m\u00f6glich anonymisiert. Durch die Nutzung der Law &amp; More-Webseiten erkl\u00e4ren Sie sich mit der Bearbeitung der \u00fcber Sie erhobenen Daten durch Google in der zuvor beschriebenen Art und Weise und zu dem zuvor benannten Zweck einverstanden. Auch wird Google diese Informationen gegebenenfalls an Dritte \u00fcbertragen, sofern dies gesetzlich vorgeschrieben ist oder soweit Dritte diese Daten im Auftrag von Google verarbeiten.<\/p><h2>Cookies f\u00fcr die Integration sozialer Medien<\/h2><p>Law &amp; More verwendet auch Cookies, um die Integration sozialer Medien zu erm\u00f6glichen. Die Website enth\u00e4lt Links zu den sozialen Netzwerken Facebook, Instagram, Twitter und LinkedIn. Diese Links erm\u00f6glichen es, Seiten in diesen Netzwerken zu teilen oder zu bewerben. Der Code zur Realisierung dieser Links wird von Facebook, Instagram, Twitter und LinkedIn selbst bereitgestellt. Diese Codes setzen ebenfalls einen Cookie. Dies erm\u00f6glicht es den sozialen Netzwerken, Sie zu erkennen, wenn Sie bei diesem sozialen Netzwerk eingeloggt sind. Sie sammeln auch Daten \u00fcber die von Ihnen freigegebenen Seiten. Law &amp; More hat keinen Einfluss auf die Platzierung und Verwendung von Cookies durch diese Dritten. F\u00fcr weitere Informationen \u00fcber die von sozialen Netzwerken erhobenen Daten verweist Law &amp; More auf die Datenschutzerkl\u00e4rungen von Facebook, Instagram, Twitter und LinkedIn.<\/p><h2>L\u00f6schen von Cookies<\/h2><p>Wenn Sie nicht m\u00f6chten, dass Law &amp; More Cookies \u00fcber die Website speichert, k\u00f6nnen Sie die Annahme von Cookies in Ihren Browsereinstellungen deaktivieren. Dadurch wird sichergestellt, dass keine Cookies mehr gespeichert werden. Ohne Cookies k\u00f6nnen jedoch einige Funktionen der Website nicht richtig oder gar nicht funktionieren. Da Cookies auf Ihrem eigenen Computer gespeichert werden, k\u00f6nnen Sie sie nur selbst l\u00f6schen. Bitte konsultieren Sie dazu die Anleitung Ihres Browsers.<\/p>\t\t\t\t\t\t\t\t<\/div>\n\t\t\t\t<\/div>\n\t\t\t\t\t<\/div>\n\t\t<\/div>\n\t\t\t\t\t<\/div>\n\t\t<\/div>\n\t\t\t\t<div class=\"elementor-section elementor-top-section elementor-element elementor-element-af547d3 elementor-section-boxed elementor-section-height-default elementor-section-height-default\" data-id=\"af547d3\" data-element_type=\"section\" data-settings=\"{&quot;background_background&quot;:&quot;classic&quot;}\">\n\t\t\t\t\t\t<div class=\"elementor-container elementor-column-gap-default\">\n\t\t\t\t\t<div class=\"elementor-column elementor-col-66 elementor-top-column elementor-element elementor-element-ddfcaa7\" data-id=\"ddfcaa7\" data-element_type=\"column\">\n\t\t\t<div class=\"elementor-widget-wrap elementor-element-populated\">\n\t\t\t\t\t\t<div class=\"elementor-element elementor-element-5f82a45 elementor-widget elementor-widget-text-editor\" data-id=\"5f82a45\" data-element_type=\"widget\" data-widget_type=\"text-editor.default\">\n\t\t\t\t<div class=\"elementor-widget-container\">\n\t\t\t\t\t\t\t\t\t<p>Brauchen Sie einen Anwalt f\u00fcr Verkehrsstrafrecht?<br \/>Bitte kontaktieren Sie uns telefonisch unter +31 40 369 06 80 oder senden Sie eine E-Mail an:<br \/>Tom Meevis, Rechtsanwalt bei Law &amp; More - tom.meevis@lawandmore.nl<br \/>Herr Maxim Hodak, Rechtsanwalt bei Law &amp; More - maxim.hodak@lawandmore.nl<\/p>\t\t\t\t\t\t\t\t<\/div>\n\t\t\t\t<\/div>\n\t\t\t\t\t<\/div>\n\t\t<\/div>\n\t\t\t\t<div class=\"elementor-column elementor-col-33 elementor-top-column elementor-element elementor-element-11ccdb2\" data-id=\"11ccdb2\" data-element_type=\"column\">\n\t\t\t<div class=\"elementor-widget-wrap elementor-element-populated\">\n\t\t\t\t\t\t<div class=\"elementor-element elementor-element-330a0af elementor-align-center elementor-mobile-align-left elementor-invisible elementor-widget elementor-widget-button\" data-id=\"330a0af\" data-element_type=\"widget\" data-settings=\"{&quot;_animation&quot;:&quot;fadeInUp&quot;,&quot;_animation_delay&quot;:500}\" data-widget_type=\"button.default\">\n\t\t\t\t<div class=\"elementor-widget-container\">\n\t\t\t\t\t\t\t\t\t<div class=\"elementor-button-wrapper\">\n\t\t\t\t\t<a class=\"elementor-button elementor-button-link elementor-size-md\" href=\"https:\/\/verkeer.site\/de\/contact\/\">\n\t\t\t\t\t\t<span class=\"elementor-button-content-wrapper\">\n\t\t\t\t\t\t\t\t\t<span class=\"elementor-button-text\">KONTAKT US<\/span>\n\t\t\t\t\t<\/span>\n\t\t\t\t\t<\/a>\n\t\t\t\t<\/div>\n\t\t\t\t\t\t\t\t<\/div>\n\t\t\t\t<\/div>\n\t\t\t\t\t<\/div>\n\t\t<\/div>\n\t\t\t\t\t<\/div>\n\t\t<\/div>\n\t\t\t\t<\/div>","protected":false},"excerpt":{"rendered":"<p>Cookie-Erkl\u00e4rung Was sind Cookies? Ein Cookie ist eine einfache kleine Textdatei, die w\u00e4hrend Ihres Besuchs auf den Websites von Law &amp; More auf Ihrem Computer, Telefon oder Tablet gespeichert wird. Cookies werden mit den Seiten auf [...]<\/p>","protected":false},"author":1,"featured_media":3105,"parent":0,"menu_order":0,"comment_status":"closed","ping_status":"closed","template":"","meta":{"footnotes":""},"class_list":["post-3345","page","type-page","status-publish","has-post-thumbnail","hentry"],"yoast_head":"<!-- This site is optimized with the Yoast SEO plugin v25.6 - https:\/\/yoast.com\/wordpress\/plugins\/seo\/ -->\n<title>Cookie statement - Verkeer.site<\/title>\n<meta name=\"description\" content=\"Cookies worden met de pagina\u2019s op de websites van Law &amp; More meegestuurd. De daarin opgeslagen informatie kan bij een volgend bezoek aan...\" \/>\n<meta name=\"robots\" content=\"index, follow, max-snippet:-1, max-image-preview:large, max-video-preview:-1\" \/>\n<link rel=\"canonical\" href=\"https:\/\/verkeer.site\/de\/cookie-statement\/\" \/>\n<meta property=\"og:locale\" content=\"de_DE\" \/>\n<meta property=\"og:type\" content=\"article\" \/>\n<meta property=\"og:title\" content=\"Cookie statement - Verkeer.site\" \/>\n<meta property=\"og:description\" content=\"Cookies worden met de pagina\u2019s op de websites van Law &amp; More meegestuurd. De daarin opgeslagen informatie kan bij een volgend bezoek aan...\" \/>\n<meta property=\"og:url\" content=\"https:\/\/verkeer.site\/de\/cookie-statement\/\" \/>\n<meta property=\"og:site_name\" content=\"Verkeer.site\" \/>\n<meta property=\"article:publisher\" content=\"https:\/\/www.facebook.com\/LawAndMoreNl\" \/>\n<meta property=\"article:modified_time\" content=\"2022-06-01T12:29:28+00:00\" \/>\n<meta property=\"og:image\" content=\"https:\/\/verkeer.site\/wp-content\/uploads\/2022\/06\/police-1.jpg\" \/>\n\t<meta property=\"og:image:width\" content=\"960\" \/>\n\t<meta property=\"og:image:height\" content=\"720\" \/>\n\t<meta property=\"og:image:type\" content=\"image\/jpeg\" \/>\n<meta name=\"twitter:card\" content=\"summary_large_image\" \/>\n<meta name=\"twitter:site\" content=\"@LawandMorenl\" \/>\n<meta name=\"twitter:label1\" content=\"Est. reading time\" \/>\n\t<meta name=\"twitter:data1\" content=\"4 minutes\" \/>\n<script type=\"application\/ld+json\" class=\"yoast-schema-graph\">{\"@context\":\"https:\/\/schema.org\",\"@graph\":[{\"@type\":\"WebPage\",\"@id\":\"https:\/\/verkeer.site\/cookie-statement\/\",\"url\":\"https:\/\/verkeer.site\/cookie-statement\/\",\"name\":\"Cookie statement - Verkeer.site\",\"isPartOf\":{\"@id\":\"https:\/\/verkeer.site\/#website\"},\"primaryImageOfPage\":{\"@id\":\"https:\/\/verkeer.site\/cookie-statement\/#primaryimage\"},\"image\":{\"@id\":\"https:\/\/verkeer.site\/cookie-statement\/#primaryimage\"},\"thumbnailUrl\":\"https:\/\/verkeer.site\/wp-content\/uploads\/2022\/06\/police-1.jpg\",\"datePublished\":\"2022-06-01T12:02:05+00:00\",\"dateModified\":\"2022-06-01T12:29:28+00:00\",\"description\":\"Cookies worden met de pagina\u2019s op de websites van Law & More meegestuurd. De daarin opgeslagen informatie kan bij een volgend bezoek aan...\",\"breadcrumb\":{\"@id\":\"https:\/\/verkeer.site\/cookie-statement\/#breadcrumb\"},\"inLanguage\":\"de-DE\",\"potentialAction\":[{\"@type\":\"ReadAction\",\"target\":[\"https:\/\/verkeer.site\/cookie-statement\/\"]}]},{\"@type\":\"ImageObject\",\"inLanguage\":\"de-DE\",\"@id\":\"https:\/\/verkeer.site\/cookie-statement\/#primaryimage\",\"url\":\"https:\/\/verkeer.site\/wp-content\/uploads\/2022\/06\/police-1.jpg\",\"contentUrl\":\"https:\/\/verkeer.site\/wp-content\/uploads\/2022\/06\/police-1.jpg\",\"width\":960,\"height\":720,\"caption\":\"police-1\"},{\"@type\":\"BreadcrumbList\",\"@id\":\"https:\/\/verkeer.site\/cookie-statement\/#breadcrumb\",\"itemListElement\":[{\"@type\":\"ListItem\",\"position\":1,\"name\":\"Home\",\"item\":\"https:\/\/verkeer.site\/\"},{\"@type\":\"ListItem\",\"position\":2,\"name\":\"Cookie statement\"}]},{\"@type\":\"WebSite\",\"@id\":\"https:\/\/verkeer.site\/#website\",\"url\":\"https:\/\/verkeer.site\/\",\"name\":\"Verkeer.site\",\"description\":\"Advocaten Verkeersstrafrecht\",\"publisher\":{\"@id\":\"https:\/\/verkeer.site\/#organization\"},\"potentialAction\":[{\"@type\":\"SearchAction\",\"target\":{\"@type\":\"EntryPoint\",\"urlTemplate\":\"https:\/\/verkeer.site\/?s={search_term_string}\"},\"query-input\":{\"@type\":\"PropertyValueSpecification\",\"valueRequired\":true,\"valueName\":\"search_term_string\"}}],\"inLanguage\":\"de-DE\"},{\"@type\":\"Organization\",\"@id\":\"https:\/\/verkeer.site\/#organization\",\"name\":\"Law & More B.V.\",\"url\":\"https:\/\/verkeer.site\/\",\"logo\":{\"@type\":\"ImageObject\",\"inLanguage\":\"de-DE\",\"@id\":\"https:\/\/verkeer.site\/#\/schema\/logo\/image\/\",\"url\":\"https:\/\/verkeer.site\/wp-content\/uploads\/2019\/04\/lawmore_logo_LM_only_copy.jpg\",\"contentUrl\":\"https:\/\/verkeer.site\/wp-content\/uploads\/2019\/04\/lawmore_logo_LM_only_copy.jpg\",\"width\":665,\"height\":665,\"caption\":\"Law & More B.V.\"},\"image\":{\"@id\":\"https:\/\/verkeer.site\/#\/schema\/logo\/image\/\"},\"sameAs\":[\"https:\/\/www.facebook.com\/LawAndMoreNl\",\"https:\/\/x.com\/LawandMorenl\",\"https:\/\/www.instagram.com\/lawandmore\/\",\"https:\/\/nl.linkedin.com\/company\/5339401\"]}]}<\/script>\n<!-- \/ Yoast SEO plugin. -->","yoast_head_json":{"title":"Cookie-Erkl\u00e4rung - Traffic.site","description":"Cookies werden zusammen mit den Seiten der Law &amp; More-Websites verschickt. Die in diesen Cookies gespeicherten Informationen k\u00f6nnen bei einem zuk\u00fcnftigen Besuch der Website...","robots":{"index":"index","follow":"follow","max-snippet":"max-snippet:-1","max-image-preview":"max-image-preview:large","max-video-preview":"max-video-preview:-1"},"canonical":"https:\/\/verkeer.site\/de\/cookie-statement\/","og_locale":"de_DE","og_type":"article","og_title":"Cookie statement - Verkeer.site","og_description":"Cookies worden met de pagina\u2019s op de websites van Law & More meegestuurd. De daarin opgeslagen informatie kan bij een volgend bezoek aan...","og_url":"https:\/\/verkeer.site\/de\/cookie-statement\/","og_site_name":"Verkeer.site","article_publisher":"https:\/\/www.facebook.com\/LawAndMoreNl","article_modified_time":"2022-06-01T12:29:28+00:00","og_image":[{"width":960,"height":720,"url":"https:\/\/verkeer.site\/wp-content\/uploads\/2022\/06\/police-1.jpg","type":"image\/jpeg"}],"twitter_card":"summary_large_image","twitter_site":"@LawandMorenl","twitter_misc":{"Est. reading time":"4 minutes"},"schema":{"@context":"https:\/\/schema.org","@graph":[{"@type":"WebPage","@id":"https:\/\/verkeer.site\/cookie-statement\/","url":"https:\/\/verkeer.site\/cookie-statement\/","name":"Cookie-Erkl\u00e4rung - Traffic.site","isPartOf":{"@id":"https:\/\/verkeer.site\/#website"},"primaryImageOfPage":{"@id":"https:\/\/verkeer.site\/cookie-statement\/#primaryimage"},"image":{"@id":"https:\/\/verkeer.site\/cookie-statement\/#primaryimage"},"thumbnailUrl":"https:\/\/verkeer.site\/wp-content\/uploads\/2022\/06\/police-1.jpg","datePublished":"2022-06-01T12:02:05+00:00","dateModified":"2022-06-01T12:29:28+00:00","description":"Cookies werden zusammen mit den Seiten der Law &amp; More-Websites verschickt. Die in diesen Cookies gespeicherten Informationen k\u00f6nnen bei einem zuk\u00fcnftigen Besuch der Website...","breadcrumb":{"@id":"https:\/\/verkeer.site\/cookie-statement\/#breadcrumb"},"inLanguage":"de-DE","potentialAction":[{"@type":"ReadAction","target":["https:\/\/verkeer.site\/cookie-statement\/"]}]},{"@type":"ImageObject","inLanguage":"de-DE","@id":"https:\/\/verkeer.site\/cookie-statement\/#primaryimage","url":"https:\/\/verkeer.site\/wp-content\/uploads\/2022\/06\/police-1.jpg","contentUrl":"https:\/\/verkeer.site\/wp-content\/uploads\/2022\/06\/police-1.jpg","width":960,"height":720,"caption":"police-1"},{"@type":"BreadcrumbList","@id":"https:\/\/verkeer.site\/cookie-statement\/#breadcrumb","itemListElement":[{"@type":"ListItem","position":1,"name":"Home","item":"https:\/\/verkeer.site\/"},{"@type":"ListItem","position":2,"name":"Cookie statement"}]},{"@type":"WebSite","@id":"https:\/\/verkeer.site\/#website","url":"https:\/\/verkeer.site\/","name":"Verkehr.site","description":"Verkehrsstrafrecht Anw\u00e4lte","publisher":{"@id":"https:\/\/verkeer.site\/#organization"},"potentialAction":[{"@type":"SearchAction","target":{"@type":"EntryPoint","urlTemplate":"https:\/\/verkeer.site\/?s={search_term_string}"},"query-input":{"@type":"PropertyValueSpecification","valueRequired":true,"valueName":"search_term_string"}}],"inLanguage":"de-DE"},{"@type":"Organization","@id":"https:\/\/verkeer.site\/#organization","name":"Law &amp; More B.V.","url":"https:\/\/verkeer.site\/","logo":{"@type":"ImageObject","inLanguage":"de-DE","@id":"https:\/\/verkeer.site\/#\/schema\/logo\/image\/","url":"https:\/\/verkeer.site\/wp-content\/uploads\/2019\/04\/lawmore_logo_LM_only_copy.jpg","contentUrl":"https:\/\/verkeer.site\/wp-content\/uploads\/2019\/04\/lawmore_logo_LM_only_copy.jpg","width":665,"height":665,"caption":"Law & More B.V."},"image":{"@id":"https:\/\/verkeer.site\/#\/schema\/logo\/image\/"},"sameAs":["https:\/\/www.facebook.com\/LawAndMoreNl","https:\/\/x.com\/LawandMorenl","https:\/\/www.instagram.com\/lawandmore\/","https:\/\/nl.linkedin.com\/company\/5339401"]}]}},"_links":{"self":[{"href":"https:\/\/verkeer.site\/de\/wp-json\/wp\/v2\/pages\/3345","targetHints":{"allow":["GET"]}}],"collection":[{"href":"https:\/\/verkeer.site\/de\/wp-json\/wp\/v2\/pages"}],"about":[{"href":"https:\/\/verkeer.site\/de\/wp-json\/wp\/v2\/types\/page"}],"author":[{"embeddable":true,"href":"https:\/\/verkeer.site\/de\/wp-json\/wp\/v2\/users\/1"}],"replies":[{"embeddable":true,"href":"https:\/\/verkeer.site\/de\/wp-json\/wp\/v2\/comments?post=3345"}],"version-history":[{"count":0,"href":"https:\/\/verkeer.site\/de\/wp-json\/wp\/v2\/pages\/3345\/revisions"}],"wp:featuredmedia":[{"embeddable":true,"href":"https:\/\/verkeer.site\/de\/wp-json\/wp\/v2\/media\/3105"}],"wp:attachment":[{"href":"https:\/\/verkeer.site\/de\/wp-json\/wp\/v2\/media?parent=3345"}],"curies":[{"name":"wp","href":"https:\/\/api.w.org\/{rel}","templated":true}]}}