{"id":3295,"date":"2022-06-01T12:29:29","date_gmt":"2022-06-01T11:29:29","guid":{"rendered":"https:\/\/verkeer.site\/?page_id=3295"},"modified":"2022-06-01T15:04:49","modified_gmt":"2022-06-01T14:04:49","slug":"blog","status":"publish","type":"page","link":"https:\/\/verkeer.site\/de\/blog\/","title":{"rendered":"Blog"},"content":{"rendered":"<div data-elementor-type=\"wp-page\" data-elementor-id=\"3295\" class=\"elementor elementor-3295\" data-elementor-post-type=\"page\">\n\t\t\t\t\t\t<div class=\"elementor-section elementor-top-section elementor-element elementor-element-ce48caf elementor-section-boxed elementor-section-height-default elementor-section-height-default\" data-id=\"ce48caf\" data-element_type=\"section\" data-settings=\"{&quot;background_background&quot;:&quot;classic&quot;,&quot;background_motion_fx_motion_fx_scrolling&quot;:&quot;yes&quot;,&quot;background_motion_fx_translateY_effect&quot;:&quot;yes&quot;,&quot;background_motion_fx_translateY_speed&quot;:{&quot;unit&quot;:&quot;px&quot;,&quot;size&quot;:4,&quot;sizes&quot;:[]},&quot;background_motion_fx_translateY_affectedRange&quot;:{&quot;unit&quot;:&quot;%&quot;,&quot;size&quot;:&quot;&quot;,&quot;sizes&quot;:{&quot;start&quot;:0,&quot;end&quot;:100}},&quot;background_motion_fx_devices&quot;:[&quot;desktop&quot;,&quot;laptop&quot;,&quot;tablet&quot;,&quot;mobile_extra&quot;,&quot;mobile&quot;]}\">\n\t\t\t\t\t\t\t<div class=\"elementor-background-overlay\"><\/div>\n\t\t\t\t\t\t\t<div class=\"elementor-container elementor-column-gap-default\">\n\t\t\t\t\t<div class=\"elementor-column elementor-col-100 elementor-top-column elementor-element elementor-element-c2bcda1\" data-id=\"c2bcda1\" data-element_type=\"column\">\n\t\t\t<div class=\"elementor-widget-wrap elementor-element-populated\">\n\t\t\t\t\t\t<div class=\"elementor-element elementor-element-7b5354e elementor-widget elementor-widget-heading\" data-id=\"7b5354e\" data-element_type=\"widget\" data-widget_type=\"heading.default\">\n\t\t\t\t<div class=\"elementor-widget-container\">\n\t\t\t\t\t<h2 class=\"elementor-heading-title elementor-size-default\">Blog<\/h2>\t\t\t\t<\/div>\n\t\t\t\t<\/div>\n\t\t\t\t\t<\/div>\n\t\t<\/div>\n\t\t\t\t\t<\/div>\n\t\t<\/div>\n\t\t\t\t<div class=\"elementor-section elementor-top-section elementor-element elementor-element-c023ed4 elementor-section-boxed elementor-section-height-default elementor-section-height-default\" data-id=\"c023ed4\" data-element_type=\"section\">\n\t\t\t\t\t\t<div class=\"elementor-container elementor-column-gap-default\">\n\t\t\t\t\t<div class=\"elementor-column elementor-col-100 elementor-top-column elementor-element elementor-element-a4eee03\" data-id=\"a4eee03\" data-element_type=\"column\">\n\t\t\t<div class=\"elementor-widget-wrap elementor-element-populated\">\n\t\t\t\t\t\t<div class=\"elementor-element elementor-element-0ea49f5 elementor-widget elementor-widget-spacer\" data-id=\"0ea49f5\" data-element_type=\"widget\" data-widget_type=\"spacer.default\">\n\t\t\t\t<div class=\"elementor-widget-container\">\n\t\t\t\t\t\t\t<div class=\"elementor-spacer\">\n\t\t\t<div class=\"elementor-spacer-inner\"><\/div>\n\t\t<\/div>\n\t\t\t\t\t\t<\/div>\n\t\t\t\t<\/div>\n\t\t\t\t<div class=\"elementor-element elementor-element-6a559e8 elementor-widget elementor-widget-image\" data-id=\"6a559e8\" data-element_type=\"widget\" data-widget_type=\"image.default\">\n\t\t\t\t<div class=\"elementor-widget-container\">\n\t\t\t\t\t\t\t\t\t\t\t\t\t\t\t<img fetchpriority=\"high\" decoding=\"async\" width=\"1200\" height=\"469\" src=\"https:\/\/verkeer.site\/wp-content\/uploads\/2022\/05\/drive_05.jpg\" class=\"attachment-full size-full wp-image-3073\" alt=\"drive_05\" srcset=\"https:\/\/verkeer.site\/wp-content\/uploads\/2022\/05\/drive_05.jpg 1200w, https:\/\/verkeer.site\/wp-content\/uploads\/2022\/05\/drive_05-18x7.jpg 18w\" sizes=\"(max-width: 1200px) 100vw, 1200px\" \/>\t\t\t\t\t\t\t\t\t\t\t\t\t\t\t<\/div>\n\t\t\t\t<\/div>\n\t\t\t\t<div class=\"elementor-element elementor-element-6137534 elementor-invisible elementor-widget elementor-widget-heading\" data-id=\"6137534\" data-element_type=\"widget\" data-settings=\"{&quot;_animation&quot;:&quot;fadeInUp&quot;}\" data-widget_type=\"heading.default\">\n\t\t\t\t<div class=\"elementor-widget-container\">\n\t\t\t\t\t<h2 class=\"elementor-heading-title elementor-size-default\"><a href=\"https:\/\/verkeer.site\/de\/rijden-met-een-brandend-waarschuwingslampje\/\">Fahren mit eingeschalteter Warnleuchte<\/a><\/h2>\t\t\t\t<\/div>\n\t\t\t\t<\/div>\n\t\t\t\t<div class=\"elementor-element elementor-element-c4fe150 elementor-invisible elementor-widget elementor-widget-text-editor\" data-id=\"c4fe150\" data-element_type=\"widget\" data-settings=\"{&quot;_animation&quot;:&quot;fadeInUp&quot;}\" data-widget_type=\"text-editor.default\">\n\t\t\t\t<div class=\"elementor-widget-container\">\n\t\t\t\t\t\t\t\t\t<p>Autofahrer fahren oft eine Zeit lang mit einer leuchtenden Lampe auf dem Armaturenbrett weiter. Sie schauen es sich sp\u00e4ter an, weil sie unbedingt zur Arbeit oder zum Gesch\u00e4ft m\u00fcssen. Diese Denkweise kann schwerwiegende Folgen haben, wenn sp\u00e4ter ein Unfall durch ein Problem verursacht wird, das auf dem Armaturenbrett angezeigt wurde. Das Gericht hat \u00fcber eine solche Situation entschieden. [...]<\/p>\t\t\t\t\t\t\t\t<\/div>\n\t\t\t\t<\/div>\n\t\t\t\t<div class=\"elementor-element elementor-element-33826c1 elementor-invisible elementor-widget elementor-widget-button\" data-id=\"33826c1\" data-element_type=\"widget\" data-settings=\"{&quot;_animation&quot;:&quot;fadeInUp&quot;,&quot;_animation_delay&quot;:500}\" data-widget_type=\"button.default\">\n\t\t\t\t<div class=\"elementor-widget-container\">\n\t\t\t\t\t\t\t\t\t<div class=\"elementor-button-wrapper\">\n\t\t\t\t\t<a class=\"elementor-button elementor-button-link elementor-size-sm\" href=\"https:\/\/verkeer.site\/de\/rijden-met-een-brandend-waarschuwingslampje\/\">\n\t\t\t\t\t\t<span class=\"elementor-button-content-wrapper\">\n\t\t\t\t\t\t\t\t\t<span class=\"elementor-button-text\">Mehr lesen<\/span>\n\t\t\t\t\t<\/span>\n\t\t\t\t\t<\/a>\n\t\t\t\t<\/div>\n\t\t\t\t\t\t\t\t<\/div>\n\t\t\t\t<\/div>\n\t\t\t\t<div class=\"elementor-element elementor-element-b27abe7 elementor-widget elementor-widget-spacer\" data-id=\"b27abe7\" data-element_type=\"widget\" data-widget_type=\"spacer.default\">\n\t\t\t\t<div class=\"elementor-widget-container\">\n\t\t\t\t\t\t\t<div class=\"elementor-spacer\">\n\t\t\t<div class=\"elementor-spacer-inner\"><\/div>\n\t\t<\/div>\n\t\t\t\t\t\t<\/div>\n\t\t\t\t<\/div>\n\t\t\t\t<div class=\"elementor-element elementor-element-27c219e elementor-widget elementor-widget-image\" data-id=\"27c219e\" data-element_type=\"widget\" data-widget_type=\"image.default\">\n\t\t\t\t<div class=\"elementor-widget-container\">\n\t\t\t\t\t\t\t\t\t\t\t\t\t\t\t<img decoding=\"async\" width=\"1200\" height=\"469\" src=\"https:\/\/verkeer.site\/wp-content\/uploads\/2022\/05\/drive_06.jpg\" class=\"attachment-full size-full wp-image-3074\" alt=\"drive_06\" srcset=\"https:\/\/verkeer.site\/wp-content\/uploads\/2022\/05\/drive_06.jpg 1200w, https:\/\/verkeer.site\/wp-content\/uploads\/2022\/05\/drive_06-18x7.jpg 18w\" sizes=\"(max-width: 1200px) 100vw, 1200px\" \/>\t\t\t\t\t\t\t\t\t\t\t\t\t\t\t<\/div>\n\t\t\t\t<\/div>\n\t\t\t\t<div class=\"elementor-element elementor-element-02871e6 elementor-invisible elementor-widget elementor-widget-heading\" data-id=\"02871e6\" data-element_type=\"widget\" data-settings=\"{&quot;_animation&quot;:&quot;fadeInUp&quot;}\" data-widget_type=\"heading.default\">\n\t\t\t\t<div class=\"elementor-widget-container\">\n\t\t\t\t\t<h2 class=\"elementor-heading-title elementor-size-default\"><a href=\"https:\/\/verkeer.site\/de\/straftoemeting-bij-rijden-onder-invloed-van-drugs\/\">Strafe f\u00fcr das Fahren unter Drogeneinfluss<\/a><\/h2>\t\t\t\t<\/div>\n\t\t\t\t<\/div>\n\t\t\t\t<div class=\"elementor-element elementor-element-ca1d64f elementor-invisible elementor-widget elementor-widget-text-editor\" data-id=\"ca1d64f\" data-element_type=\"widget\" data-settings=\"{&quot;_animation&quot;:&quot;fadeInUp&quot;}\" data-widget_type=\"text-editor.default\">\n\t\t\t\t<div class=\"elementor-widget-container\">\n\t\t\t\t\t\t\t\t\t<p>Es kommt regelm\u00e4\u00dfig vor, dass sich Kraftfahrzeugf\u00fchrer wegen des Verdachts des Fahrens unter Alkoholeinfluss vor dem Polizeigericht verantworten m\u00fcssen. Aber wie sieht es mit der Verurteilung bei Verdacht auf Drogen am Steuer aus? Der Drogenkonsum hat in den letzten Jahrzehnten enorm zugenommen. Infolgedessen ist das Fahren unter dem Einfluss von Drogen [...]<\/p>\t\t\t\t\t\t\t\t<\/div>\n\t\t\t\t<\/div>\n\t\t\t\t<div class=\"elementor-element elementor-element-bf2266b elementor-invisible elementor-widget elementor-widget-button\" data-id=\"bf2266b\" data-element_type=\"widget\" data-settings=\"{&quot;_animation&quot;:&quot;fadeInUp&quot;,&quot;_animation_delay&quot;:500}\" data-widget_type=\"button.default\">\n\t\t\t\t<div class=\"elementor-widget-container\">\n\t\t\t\t\t\t\t\t\t<div class=\"elementor-button-wrapper\">\n\t\t\t\t\t<a class=\"elementor-button elementor-button-link elementor-size-sm\" href=\"https:\/\/verkeer.site\/de\/rijden-met-een-brandend-waarschuwingslampje\/\">\n\t\t\t\t\t\t<span class=\"elementor-button-content-wrapper\">\n\t\t\t\t\t\t\t\t\t<span class=\"elementor-button-text\">Mehr lesen<\/span>\n\t\t\t\t\t<\/span>\n\t\t\t\t\t<\/a>\n\t\t\t\t<\/div>\n\t\t\t\t\t\t\t\t<\/div>\n\t\t\t\t<\/div>\n\t\t\t\t\t<\/div>\n\t\t<\/div>\n\t\t\t\t\t<\/div>\n\t\t<\/div>\n\t\t\t\t<div class=\"elementor-section elementor-top-section elementor-element elementor-element-af547d3 elementor-section-boxed elementor-section-height-default elementor-section-height-default\" data-id=\"af547d3\" data-element_type=\"section\" data-settings=\"{&quot;background_background&quot;:&quot;classic&quot;}\">\n\t\t\t\t\t\t<div class=\"elementor-container elementor-column-gap-default\">\n\t\t\t\t\t<div class=\"elementor-column elementor-col-66 elementor-top-column elementor-element elementor-element-ddfcaa7\" data-id=\"ddfcaa7\" data-element_type=\"column\">\n\t\t\t<div class=\"elementor-widget-wrap elementor-element-populated\">\n\t\t\t\t\t\t<div class=\"elementor-element elementor-element-5f82a45 elementor-widget elementor-widget-text-editor\" data-id=\"5f82a45\" data-element_type=\"widget\" data-widget_type=\"text-editor.default\">\n\t\t\t\t<div class=\"elementor-widget-container\">\n\t\t\t\t\t\t\t\t\t<p>Brauchen Sie einen Anwalt f\u00fcr Verkehrsstrafrecht?<br \/>Bitte kontaktieren Sie uns telefonisch unter +31 40 369 06 80 oder senden Sie eine E-Mail an:<br \/>Tom Meevis, Rechtsanwalt bei Law &amp; More - tom.meevis@lawandmore.nl<br \/>Herr Maxim Hodak, Rechtsanwalt bei Law &amp; More - maxim.hodak@lawandmore.nl<\/p>\t\t\t\t\t\t\t\t<\/div>\n\t\t\t\t<\/div>\n\t\t\t\t\t<\/div>\n\t\t<\/div>\n\t\t\t\t<div class=\"elementor-column elementor-col-33 elementor-top-column elementor-element elementor-element-11ccdb2\" data-id=\"11ccdb2\" data-element_type=\"column\">\n\t\t\t<div class=\"elementor-widget-wrap elementor-element-populated\">\n\t\t\t\t\t\t<div class=\"elementor-element elementor-element-330a0af elementor-align-center elementor-mobile-align-left elementor-invisible elementor-widget elementor-widget-button\" data-id=\"330a0af\" data-element_type=\"widget\" data-settings=\"{&quot;_animation&quot;:&quot;fadeInUp&quot;,&quot;_animation_delay&quot;:500}\" data-widget_type=\"button.default\">\n\t\t\t\t<div class=\"elementor-widget-container\">\n\t\t\t\t\t\t\t\t\t<div class=\"elementor-button-wrapper\">\n\t\t\t\t\t<a class=\"elementor-button elementor-button-link elementor-size-md\" href=\"https:\/\/verkeer.site\/de\/contact\/\">\n\t\t\t\t\t\t<span class=\"elementor-button-content-wrapper\">\n\t\t\t\t\t\t\t\t\t<span class=\"elementor-button-text\">KONTAKT US<\/span>\n\t\t\t\t\t<\/span>\n\t\t\t\t\t<\/a>\n\t\t\t\t<\/div>\n\t\t\t\t\t\t\t\t<\/div>\n\t\t\t\t<\/div>\n\t\t\t\t\t<\/div>\n\t\t<\/div>\n\t\t\t\t\t<\/div>\n\t\t<\/div>\n\t\t\t\t<\/div>","protected":false},"excerpt":{"rendered":"<p>Blog Autofahren mit einer brennenden Warnleuchte Autofahrer fahren oft eine Zeit lang mit einer brennenden Leuchte auf dem Armaturenbrett weiter. Sie werden es sich sp\u00e4ter ansehen, weil sie wirklich zur Arbeit m\u00fcssen oder [...].<\/p>","protected":false},"author":1,"featured_media":0,"parent":0,"menu_order":0,"comment_status":"closed","ping_status":"closed","template":"","meta":{"footnotes":""},"class_list":["post-3295","page","type-page","status-publish","hentry"],"yoast_head":"<!-- This site is optimized with the Yoast SEO plugin v25.6 - https:\/\/yoast.com\/wordpress\/plugins\/seo\/ -->\n<title>Blog - Verkeer.site<\/title>\n<meta name=\"description\" content=\"Automobilisten rijden vaak nog enige tijd door met een brandend lampje op het dashboard. Ze kijken er later wel even naar, want ze moeten...\" \/>\n<meta name=\"robots\" content=\"index, follow, max-snippet:-1, max-image-preview:large, max-video-preview:-1\" \/>\n<link rel=\"canonical\" href=\"https:\/\/verkeer.site\/de\/blog\/\" \/>\n<meta property=\"og:locale\" content=\"de_DE\" \/>\n<meta property=\"og:type\" content=\"article\" \/>\n<meta property=\"og:title\" content=\"Blog - Verkeer.site\" \/>\n<meta property=\"og:description\" content=\"Automobilisten rijden vaak nog enige tijd door met een brandend lampje op het dashboard. Ze kijken er later wel even naar, want ze moeten...\" \/>\n<meta property=\"og:url\" content=\"https:\/\/verkeer.site\/de\/blog\/\" \/>\n<meta property=\"og:site_name\" content=\"Verkeer.site\" \/>\n<meta property=\"article:publisher\" content=\"https:\/\/www.facebook.com\/LawAndMoreNl\" \/>\n<meta property=\"article:modified_time\" content=\"2022-06-01T14:04:49+00:00\" \/>\n<meta property=\"og:image\" content=\"https:\/\/verkeer.site\/wp-content\/uploads\/2022\/05\/drive_05.jpg\" \/>\n<meta name=\"twitter:card\" content=\"summary_large_image\" \/>\n<meta name=\"twitter:site\" content=\"@LawandMorenl\" \/>\n<meta name=\"twitter:label1\" content=\"Est. reading time\" \/>\n\t<meta name=\"twitter:data1\" content=\"2 minutes\" \/>\n<script type=\"application\/ld+json\" class=\"yoast-schema-graph\">{\"@context\":\"https:\/\/schema.org\",\"@graph\":[{\"@type\":\"WebPage\",\"@id\":\"https:\/\/verkeer.site\/blog\/\",\"url\":\"https:\/\/verkeer.site\/blog\/\",\"name\":\"Blog - Verkeer.site\",\"isPartOf\":{\"@id\":\"https:\/\/verkeer.site\/#website\"},\"primaryImageOfPage\":{\"@id\":\"https:\/\/verkeer.site\/blog\/#primaryimage\"},\"image\":{\"@id\":\"https:\/\/verkeer.site\/blog\/#primaryimage\"},\"thumbnailUrl\":\"https:\/\/verkeer.site\/wp-content\/uploads\/2022\/05\/drive_05.jpg\",\"datePublished\":\"2022-06-01T11:29:29+00:00\",\"dateModified\":\"2022-06-01T14:04:49+00:00\",\"description\":\"Automobilisten rijden vaak nog enige tijd door met een brandend lampje op het dashboard. Ze kijken er later wel even naar, want ze moeten...\",\"breadcrumb\":{\"@id\":\"https:\/\/verkeer.site\/blog\/#breadcrumb\"},\"inLanguage\":\"de-DE\",\"potentialAction\":[{\"@type\":\"ReadAction\",\"target\":[\"https:\/\/verkeer.site\/blog\/\"]}]},{\"@type\":\"ImageObject\",\"inLanguage\":\"de-DE\",\"@id\":\"https:\/\/verkeer.site\/blog\/#primaryimage\",\"url\":\"https:\/\/verkeer.site\/wp-content\/uploads\/2022\/05\/drive_05.jpg\",\"contentUrl\":\"https:\/\/verkeer.site\/wp-content\/uploads\/2022\/05\/drive_05.jpg\"},{\"@type\":\"BreadcrumbList\",\"@id\":\"https:\/\/verkeer.site\/blog\/#breadcrumb\",\"itemListElement\":[{\"@type\":\"ListItem\",\"position\":1,\"name\":\"Home\",\"item\":\"https:\/\/verkeer.site\/\"},{\"@type\":\"ListItem\",\"position\":2,\"name\":\"Blog\"}]},{\"@type\":\"WebSite\",\"@id\":\"https:\/\/verkeer.site\/#website\",\"url\":\"https:\/\/verkeer.site\/\",\"name\":\"Verkeer.site\",\"description\":\"Advocaten Verkeersstrafrecht\",\"publisher\":{\"@id\":\"https:\/\/verkeer.site\/#organization\"},\"potentialAction\":[{\"@type\":\"SearchAction\",\"target\":{\"@type\":\"EntryPoint\",\"urlTemplate\":\"https:\/\/verkeer.site\/?s={search_term_string}\"},\"query-input\":{\"@type\":\"PropertyValueSpecification\",\"valueRequired\":true,\"valueName\":\"search_term_string\"}}],\"inLanguage\":\"de-DE\"},{\"@type\":\"Organization\",\"@id\":\"https:\/\/verkeer.site\/#organization\",\"name\":\"Law & More B.V.\",\"url\":\"https:\/\/verkeer.site\/\",\"logo\":{\"@type\":\"ImageObject\",\"inLanguage\":\"de-DE\",\"@id\":\"https:\/\/verkeer.site\/#\/schema\/logo\/image\/\",\"url\":\"https:\/\/verkeer.site\/wp-content\/uploads\/2019\/04\/lawmore_logo_LM_only_copy.jpg\",\"contentUrl\":\"https:\/\/verkeer.site\/wp-content\/uploads\/2019\/04\/lawmore_logo_LM_only_copy.jpg\",\"width\":665,\"height\":665,\"caption\":\"Law & More B.V.\"},\"image\":{\"@id\":\"https:\/\/verkeer.site\/#\/schema\/logo\/image\/\"},\"sameAs\":[\"https:\/\/www.facebook.com\/LawAndMoreNl\",\"https:\/\/x.com\/LawandMorenl\",\"https:\/\/www.instagram.com\/lawandmore\/\",\"https:\/\/nl.linkedin.com\/company\/5339401\"]}]}<\/script>\n<!-- \/ Yoast SEO plugin. -->","yoast_head_json":{"title":"Blog - Traffic.site","description":"Autofahrer fahren oft eine Zeit lang mit einer leuchtenden Lampe auf dem Armaturenbrett weiter. Sie werden es sich sp\u00e4ter ansehen, weil sie es m\u00fcssen...","robots":{"index":"index","follow":"follow","max-snippet":"max-snippet:-1","max-image-preview":"max-image-preview:large","max-video-preview":"max-video-preview:-1"},"canonical":"https:\/\/verkeer.site\/de\/blog\/","og_locale":"de_DE","og_type":"article","og_title":"Blog - Verkeer.site","og_description":"Automobilisten rijden vaak nog enige tijd door met een brandend lampje op het dashboard. Ze kijken er later wel even naar, want ze moeten...","og_url":"https:\/\/verkeer.site\/de\/blog\/","og_site_name":"Verkeer.site","article_publisher":"https:\/\/www.facebook.com\/LawAndMoreNl","article_modified_time":"2022-06-01T14:04:49+00:00","og_image":[{"url":"https:\/\/verkeer.site\/wp-content\/uploads\/2022\/05\/drive_05.jpg","type":"","width":"","height":""}],"twitter_card":"summary_large_image","twitter_site":"@LawandMorenl","twitter_misc":{"Est. reading time":"2 minutes"},"schema":{"@context":"https:\/\/schema.org","@graph":[{"@type":"WebPage","@id":"https:\/\/verkeer.site\/blog\/","url":"https:\/\/verkeer.site\/blog\/","name":"Blog - Traffic.site","isPartOf":{"@id":"https:\/\/verkeer.site\/#website"},"primaryImageOfPage":{"@id":"https:\/\/verkeer.site\/blog\/#primaryimage"},"image":{"@id":"https:\/\/verkeer.site\/blog\/#primaryimage"},"thumbnailUrl":"https:\/\/verkeer.site\/wp-content\/uploads\/2022\/05\/drive_05.jpg","datePublished":"2022-06-01T11:29:29+00:00","dateModified":"2022-06-01T14:04:49+00:00","description":"Autofahrer fahren oft eine Zeit lang mit einer leuchtenden Lampe auf dem Armaturenbrett weiter. Sie werden es sich sp\u00e4ter ansehen, weil sie es m\u00fcssen...","breadcrumb":{"@id":"https:\/\/verkeer.site\/blog\/#breadcrumb"},"inLanguage":"de-DE","potentialAction":[{"@type":"ReadAction","target":["https:\/\/verkeer.site\/blog\/"]}]},{"@type":"ImageObject","inLanguage":"de-DE","@id":"https:\/\/verkeer.site\/blog\/#primaryimage","url":"https:\/\/verkeer.site\/wp-content\/uploads\/2022\/05\/drive_05.jpg","contentUrl":"https:\/\/verkeer.site\/wp-content\/uploads\/2022\/05\/drive_05.jpg"},{"@type":"BreadcrumbList","@id":"https:\/\/verkeer.site\/blog\/#breadcrumb","itemListElement":[{"@type":"ListItem","position":1,"name":"Home","item":"https:\/\/verkeer.site\/"},{"@type":"ListItem","position":2,"name":"Blog"}]},{"@type":"WebSite","@id":"https:\/\/verkeer.site\/#website","url":"https:\/\/verkeer.site\/","name":"Verkehr.site","description":"Verkehrsstrafrecht Anw\u00e4lte","publisher":{"@id":"https:\/\/verkeer.site\/#organization"},"potentialAction":[{"@type":"SearchAction","target":{"@type":"EntryPoint","urlTemplate":"https:\/\/verkeer.site\/?s={search_term_string}"},"query-input":{"@type":"PropertyValueSpecification","valueRequired":true,"valueName":"search_term_string"}}],"inLanguage":"de-DE"},{"@type":"Organization","@id":"https:\/\/verkeer.site\/#organization","name":"Law &amp; More B.V.","url":"https:\/\/verkeer.site\/","logo":{"@type":"ImageObject","inLanguage":"de-DE","@id":"https:\/\/verkeer.site\/#\/schema\/logo\/image\/","url":"https:\/\/verkeer.site\/wp-content\/uploads\/2019\/04\/lawmore_logo_LM_only_copy.jpg","contentUrl":"https:\/\/verkeer.site\/wp-content\/uploads\/2019\/04\/lawmore_logo_LM_only_copy.jpg","width":665,"height":665,"caption":"Law & More B.V."},"image":{"@id":"https:\/\/verkeer.site\/#\/schema\/logo\/image\/"},"sameAs":["https:\/\/www.facebook.com\/LawAndMoreNl","https:\/\/x.com\/LawandMorenl","https:\/\/www.instagram.com\/lawandmore\/","https:\/\/nl.linkedin.com\/company\/5339401"]}]}},"_links":{"self":[{"href":"https:\/\/verkeer.site\/de\/wp-json\/wp\/v2\/pages\/3295","targetHints":{"allow":["GET"]}}],"collection":[{"href":"https:\/\/verkeer.site\/de\/wp-json\/wp\/v2\/pages"}],"about":[{"href":"https:\/\/verkeer.site\/de\/wp-json\/wp\/v2\/types\/page"}],"author":[{"embeddable":true,"href":"https:\/\/verkeer.site\/de\/wp-json\/wp\/v2\/users\/1"}],"replies":[{"embeddable":true,"href":"https:\/\/verkeer.site\/de\/wp-json\/wp\/v2\/comments?post=3295"}],"version-history":[{"count":0,"href":"https:\/\/verkeer.site\/de\/wp-json\/wp\/v2\/pages\/3295\/revisions"}],"wp:attachment":[{"href":"https:\/\/verkeer.site\/de\/wp-json\/wp\/v2\/media?parent=3295"}],"curies":[{"name":"wp","href":"https:\/\/api.w.org\/{rel}","templated":true}]}}